{"id":1364,"date":"2024-12-03T12:46:29","date_gmt":"2024-12-03T11:46:29","guid":{"rendered":"https:\/\/onewood.dkvare\/6114-one-wood-mobilreol-12-rum\/"},"modified":"2025-02-10T14:23:49","modified_gmt":"2025-02-10T13:23:49","slug":"6114-one-wood-mobilreol-12-rum","status":"publish","type":"product","link":"https:\/\/onewood.dk\/nl\/product\/6114-een-houten-mobiele-stellingkast-met-12-vakken\/","title":{"rendered":"6114 \u2013 One Wood mobiele stellingkast 12 compartimenten"},"content":{"rendered":"<p>Mobiele kast met 12 vakken in 18 mm wit gepigmenteerd berkenmultiplex met lichtgrijs laminaat op het bovenpaneel.<\/p>","protected":false},"excerpt":{"rendered":"<p class=\"bodytext\">De mobiele stelling van One Wood maakt deel uit van het uitgebreide assortiment hoogwaardige stellingen van One Wood. Wij bieden een ruime keuze aan stellingen voor verschillende doeleinden en met verschillende laminaatkleuren op de bovenplaat. Verkrijgbaar met 4, 6, 9 en 12 compartimenten.<\/p>\n<p class=\"bodytext\">\n<p>Het rek wordt standaard geleverd met wielen en excl. opbergdozen \u2013 zie accessoires.<\/p>\n<p>&nbsp;<\/p>\n<p><strong>Accessoires:<\/strong><\/p>\n<p><strong>6155<\/strong> Grote opbergdoos 380mm x 440mm x 261mm<br \/>\n<strong>6150<\/strong> Kleine opbergdoos 380mm x 440mm x 151mm<\/p>","protected":false},"featured_media":2371,"template":"","meta":[],"product_brand":[],"product_cat":[728,557,578],"product_tag":[],"class_list":{"0":"post-1364","1":"product","2":"type-product","3":"status-publish","4":"has-post-thumbnail","6":"product_cat-one-wood-mobilreol-one-wood-mobilreol","7":"product_cat-reoler","8":"product_cat-one-wood-mobilreol","10":"first","11":"instock","12":"product-type-simple"},"yoast_head":"<!-- This site is optimized with the Yoast SEO plugin v24.4 - https:\/\/yoast.com\/wordpress\/plugins\/seo\/ -->\n<title>6114 - One Wood mobilreol 12 rum | One Wood Furniture A\/S<\/title>\n<meta name=\"robots\" content=\"index, follow, max-snippet:-1, max-image-preview:large, max-video-preview:-1\" \/>\n<link rel=\"canonical\" href=\"https:\/\/onewood.dk\/nl\/product\/6114-een-houten-mobiele-stellingkast-met-12-vakken\/\" \/>\n<meta property=\"og:locale\" content=\"nl_NL\" \/>\n<meta property=\"og:type\" content=\"article\" \/>\n<meta property=\"og:title\" content=\"6114 - One Wood mobilreol 12 rum | One Wood Furniture A\/S\" \/>\n<meta property=\"og:description\" content=\"One Wood mobilreol er en del af One Woods store sortiment af reoler i god kvalitet - vi tilbyder et bredt udvalg af reoler til forskellige funktioner og med forskellige laminatfarver p\u00e5 toppladen. Kan f\u00e5s med 4, 6, 9 og 12 rum.  Reolen leveres som standard med hjul og ekskl. opbevaringskasser - se tilbeh\u00f8r.  &nbsp;  Tilbeh\u00f8r:  6155 Stor opbevaringskasse 380mm x 440mm x 261mm 6150 Lille opbevaringskasse 380mm x 440mm x 151mm\" \/>\n<meta property=\"og:url\" content=\"https:\/\/onewood.dk\/nl\/product\/6114-een-houten-mobiele-stellingkast-met-12-vakken\/\" \/>\n<meta property=\"og:site_name\" content=\"One Wood Furniture A\/S\" \/>\n<meta property=\"article:modified_time\" content=\"2025-02-10T13:23:49+00:00\" \/>\n<meta property=\"og:image\" content=\"https:\/\/onewood.dk\/wp-content\/uploads\/2024\/12\/4097.jpg\" \/>\n\t<meta property=\"og:image:width\" content=\"1600\" \/>\n\t<meta property=\"og:image:height\" content=\"1065\" \/>\n\t<meta property=\"og:image:type\" content=\"image\/jpeg\" \/>\n<meta name=\"twitter:card\" content=\"summary_large_image\" \/>\n<meta name=\"twitter:label1\" content=\"Geschatte leestijd\" \/>\n\t<meta name=\"twitter:data1\" content=\"1 minuut\" \/>\n<script type=\"application\/ld+json\" class=\"yoast-schema-graph\">{\"@context\":\"https:\/\/schema.org\",\"@graph\":[{\"@type\":\"WebPage\",\"@id\":\"https:\/\/onewood.dk\/vare\/6114-one-wood-mobilreol-12-rum\/\",\"url\":\"https:\/\/onewood.dk\/vare\/6114-one-wood-mobilreol-12-rum\/\",\"name\":\"6114 - One Wood mobilreol 12 rum | One Wood Furniture A\/S\",\"isPartOf\":{\"@id\":\"https:\/\/onewood.dk\/#website\"},\"primaryImageOfPage\":{\"@id\":\"https:\/\/onewood.dk\/vare\/6114-one-wood-mobilreol-12-rum\/#primaryimage\"},\"image\":{\"@id\":\"https:\/\/onewood.dk\/vare\/6114-one-wood-mobilreol-12-rum\/#primaryimage\"},\"thumbnailUrl\":\"https:\/\/onewood.dk\/wp-content\/uploads\/2024\/12\/4097.jpg\",\"datePublished\":\"2024-12-03T11:46:29+00:00\",\"dateModified\":\"2025-02-10T13:23:49+00:00\",\"breadcrumb\":{\"@id\":\"https:\/\/onewood.dk\/vare\/6114-one-wood-mobilreol-12-rum\/#breadcrumb\"},\"inLanguage\":\"nl-NL\",\"potentialAction\":[{\"@type\":\"ReadAction\",\"target\":[\"https:\/\/onewood.dk\/vare\/6114-one-wood-mobilreol-12-rum\/\"]}]},{\"@type\":\"ImageObject\",\"inLanguage\":\"nl-NL\",\"@id\":\"https:\/\/onewood.dk\/vare\/6114-one-wood-mobilreol-12-rum\/#primaryimage\",\"url\":\"https:\/\/onewood.dk\/wp-content\/uploads\/2024\/12\/4097.jpg\",\"contentUrl\":\"https:\/\/onewood.dk\/wp-content\/uploads\/2024\/12\/4097.jpg\",\"width\":1600,\"height\":1065},{\"@type\":\"BreadcrumbList\",\"@id\":\"https:\/\/onewood.dk\/vare\/6114-one-wood-mobilreol-12-rum\/#breadcrumb\",\"itemListElement\":[{\"@type\":\"ListItem\",\"position\":1,\"name\":\"Varer\",\"item\":\"https:\/\/onewood.dk\/shop\/\"},{\"@type\":\"ListItem\",\"position\":2,\"name\":\"Reoler\",\"item\":\"https:\/\/onewood.dk\/vare-kategori\/reoler\/\"},{\"@type\":\"ListItem\",\"position\":3,\"name\":\"One Wood mobilreol\",\"item\":\"https:\/\/onewood.dk\/vare-kategori\/reoler\/one-wood-mobilreol\/\"},{\"@type\":\"ListItem\",\"position\":4,\"name\":\"One Wood Mobilreol\",\"item\":\"https:\/\/onewood.dk\/vare-kategori\/reoler\/one-wood-mobilreol\/one-wood-mobilreol-one-wood-mobilreol\/\"},{\"@type\":\"ListItem\",\"position\":5,\"name\":\"6114 &#8211; One Wood mobilreol 12 rum\"}]},{\"@type\":\"WebSite\",\"@id\":\"https:\/\/onewood.dk\/#website\",\"url\":\"https:\/\/onewood.dk\/\",\"name\":\"One Wood Furniture A\/S\",\"description\":\"\",\"publisher\":{\"@id\":\"https:\/\/onewood.dk\/#organization\"},\"potentialAction\":[{\"@type\":\"SearchAction\",\"target\":{\"@type\":\"EntryPoint\",\"urlTemplate\":\"https:\/\/onewood.dk\/?s={search_term_string}\"},\"query-input\":{\"@type\":\"PropertyValueSpecification\",\"valueRequired\":true,\"valueName\":\"search_term_string\"}}],\"inLanguage\":\"nl-NL\"},{\"@type\":\"Organization\",\"@id\":\"https:\/\/onewood.dk\/#organization\",\"name\":\"One Wood Furniture A\/S\",\"url\":\"https:\/\/onewood.dk\/\",\"logo\":{\"@type\":\"ImageObject\",\"inLanguage\":\"nl-NL\",\"@id\":\"https:\/\/onewood.dk\/#\/schema\/logo\/image\/\",\"url\":\"https:\/\/onewood.dk\/wp-content\/uploads\/2024\/12\/Logo.png\",\"contentUrl\":\"https:\/\/onewood.dk\/wp-content\/uploads\/2024\/12\/Logo.png\",\"width\":180,\"height\":90,\"caption\":\"One Wood Furniture A\/S\"},\"image\":{\"@id\":\"https:\/\/onewood.dk\/#\/schema\/logo\/image\/\"}}]}<\/script>\n<!-- \/ Yoast SEO plugin. -->","yoast_head_json":{"title":"6114 - One Wood mobilreol 12 rum | One Wood Furniture A\/S","robots":{"index":"index","follow":"follow","max-snippet":"max-snippet:-1","max-image-preview":"max-image-preview:large","max-video-preview":"max-video-preview:-1"},"canonical":"https:\/\/onewood.dk\/nl\/product\/6114-een-houten-mobiele-stellingkast-met-12-vakken\/","og_locale":"nl_NL","og_type":"article","og_title":"6114 - One Wood mobilreol 12 rum | One Wood Furniture A\/S","og_description":"One Wood mobilreol er en del af One Woods store sortiment af reoler i god kvalitet - vi tilbyder et bredt udvalg af reoler til forskellige funktioner og med forskellige laminatfarver p\u00e5 toppladen. Kan f\u00e5s med 4, 6, 9 og 12 rum.  Reolen leveres som standard med hjul og ekskl. opbevaringskasser - se tilbeh\u00f8r.  &nbsp;  Tilbeh\u00f8r:  6155 Stor opbevaringskasse 380mm x 440mm x 261mm 6150 Lille opbevaringskasse 380mm x 440mm x 151mm","og_url":"https:\/\/onewood.dk\/nl\/product\/6114-een-houten-mobiele-stellingkast-met-12-vakken\/","og_site_name":"One Wood Furniture A\/S","article_modified_time":"2025-02-10T13:23:49+00:00","og_image":[{"width":1600,"height":1065,"url":"https:\/\/onewood.dk\/wp-content\/uploads\/2024\/12\/4097.jpg","type":"image\/jpeg"}],"twitter_card":"summary_large_image","twitter_misc":{"Geschatte leestijd":"1 minuut"},"schema":{"@context":"https:\/\/schema.org","@graph":[{"@type":"WebPage","@id":"https:\/\/onewood.dk\/vare\/6114-one-wood-mobilreol-12-rum\/","url":"https:\/\/onewood.dk\/vare\/6114-one-wood-mobilreol-12-rum\/","name":"6114 - One Wood mobilreol 12 rum | One Wood Furniture A\/S","isPartOf":{"@id":"https:\/\/onewood.dk\/#website"},"primaryImageOfPage":{"@id":"https:\/\/onewood.dk\/vare\/6114-one-wood-mobilreol-12-rum\/#primaryimage"},"image":{"@id":"https:\/\/onewood.dk\/vare\/6114-one-wood-mobilreol-12-rum\/#primaryimage"},"thumbnailUrl":"https:\/\/onewood.dk\/wp-content\/uploads\/2024\/12\/4097.jpg","datePublished":"2024-12-03T11:46:29+00:00","dateModified":"2025-02-10T13:23:49+00:00","breadcrumb":{"@id":"https:\/\/onewood.dk\/vare\/6114-one-wood-mobilreol-12-rum\/#breadcrumb"},"inLanguage":"nl-NL","potentialAction":[{"@type":"ReadAction","target":["https:\/\/onewood.dk\/vare\/6114-one-wood-mobilreol-12-rum\/"]}]},{"@type":"ImageObject","inLanguage":"nl-NL","@id":"https:\/\/onewood.dk\/vare\/6114-one-wood-mobilreol-12-rum\/#primaryimage","url":"https:\/\/onewood.dk\/wp-content\/uploads\/2024\/12\/4097.jpg","contentUrl":"https:\/\/onewood.dk\/wp-content\/uploads\/2024\/12\/4097.jpg","width":1600,"height":1065},{"@type":"BreadcrumbList","@id":"https:\/\/onewood.dk\/vare\/6114-one-wood-mobilreol-12-rum\/#breadcrumb","itemListElement":[{"@type":"ListItem","position":1,"name":"Varer","item":"https:\/\/onewood.dk\/shop\/"},{"@type":"ListItem","position":2,"name":"Reoler","item":"https:\/\/onewood.dk\/vare-kategori\/reoler\/"},{"@type":"ListItem","position":3,"name":"One Wood mobilreol","item":"https:\/\/onewood.dk\/vare-kategori\/reoler\/one-wood-mobilreol\/"},{"@type":"ListItem","position":4,"name":"One Wood Mobilreol","item":"https:\/\/onewood.dk\/vare-kategori\/reoler\/one-wood-mobilreol\/one-wood-mobilreol-one-wood-mobilreol\/"},{"@type":"ListItem","position":5,"name":"6114 &#8211; One Wood mobilreol 12 rum"}]},{"@type":"WebSite","@id":"https:\/\/onewood.dk\/#website","url":"https:\/\/onewood.dk\/","name":"One Wood Furniture A\/S","description":"","publisher":{"@id":"https:\/\/onewood.dk\/#organization"},"potentialAction":[{"@type":"SearchAction","target":{"@type":"EntryPoint","urlTemplate":"https:\/\/onewood.dk\/?s={search_term_string}"},"query-input":{"@type":"PropertyValueSpecification","valueRequired":true,"valueName":"search_term_string"}}],"inLanguage":"nl-NL"},{"@type":"Organization","@id":"https:\/\/onewood.dk\/#organization","name":"One Wood Furniture A\/S","url":"https:\/\/onewood.dk\/","logo":{"@type":"ImageObject","inLanguage":"nl-NL","@id":"https:\/\/onewood.dk\/#\/schema\/logo\/image\/","url":"https:\/\/onewood.dk\/wp-content\/uploads\/2024\/12\/Logo.png","contentUrl":"https:\/\/onewood.dk\/wp-content\/uploads\/2024\/12\/Logo.png","width":180,"height":90,"caption":"One Wood Furniture A\/S"},"image":{"@id":"https:\/\/onewood.dk\/#\/schema\/logo\/image\/"}}]}},"_links":{"self":[{"href":"https:\/\/onewood.dk\/nl\/wp-json\/wp\/v2\/product\/1364","targetHints":{"allow":["GET"]}}],"collection":[{"href":"https:\/\/onewood.dk\/nl\/wp-json\/wp\/v2\/product"}],"about":[{"href":"https:\/\/onewood.dk\/nl\/wp-json\/wp\/v2\/types\/product"}],"wp:featuredmedia":[{"embeddable":true,"href":"https:\/\/onewood.dk\/nl\/wp-json\/wp\/v2\/media\/2371"}],"wp:attachment":[{"href":"https:\/\/onewood.dk\/nl\/wp-json\/wp\/v2\/media?parent=1364"}],"wp:term":[{"taxonomy":"product_brand","embeddable":true,"href":"https:\/\/onewood.dk\/nl\/wp-json\/wp\/v2\/product_brand?post=1364"},{"taxonomy":"product_cat","embeddable":true,"href":"https:\/\/onewood.dk\/nl\/wp-json\/wp\/v2\/product_cat?post=1364"},{"taxonomy":"product_tag","embeddable":true,"href":"https:\/\/onewood.dk\/nl\/wp-json\/wp\/v2\/product_tag?post=1364"}],"curies":[{"name":"wp","href":"https:\/\/api.w.org\/{rel}","templated":true}]}}