{"id":1412,"date":"2024-12-03T12:46:40","date_gmt":"2024-12-03T11:46:40","guid":{"rendered":"https:\/\/onewood.dkvare\/8150l-legebord-med-kantliste\/"},"modified":"2025-07-02T11:20:17","modified_gmt":"2025-07-02T09:20:17","slug":"8150l-legebord-med-kantliste","status":"publish","type":"product","link":"https:\/\/onewood.dk\/nl\/product\/8150l-speeltafel-met-randstrip\/","title":{"rendered":"8150L \u2013 Speeltafel met randstrip"},"content":{"rendered":"<p>Mobiele speeltafel met rand, waardoor deze uitermate geschikt is om op te zitten en te bouwen met kralen, LEGO en andere kleine voorwerpen, omdat de rand voorkomt dat dingen omvallen.<\/p>\n<p>De speeltafel is gemaakt van 18mm. Gemaakt van wit gepigmenteerd berkenmultiplex met geluiddempend linoleum op de bovenplaat. Dit maakt het extra duurzaam, verlengt de levensduur en zorgt ervoor dat er minder geluid is tijdens het spelen.<\/p>\n<p>De speeltafel wordt standaard geleverd zonder accessoires, maar kan voordelig worden gecombineerd met boxen en\/of planken om de ruimte optimaal te benutten.<\/p>","protected":false},"excerpt":{"rendered":"<p>Mobilt legebord med kant, g\u00f8r det meget velegnet til at sidde og bygge med perler, LEGO og andre sm\u00e5ting, da det afsk\u00e6rmer for at tingene kan falde ned. Legebordet er udarbejdet i 18mm. hvidpigmenteret birkekrydsfiner med st\u00f8jd\u00e6mpende linoleum p\u00e5 toppladen, som g\u00f8r det ekstra slidst\u00e6rk og \u00f8ger levetiden, samt mindsker st\u00f8j ved leg. Legebordet leveres [&hellip;]<\/p>","protected":false},"featured_media":2581,"template":"","meta":[],"product_brand":[],"product_cat":[558,621],"product_tag":[],"class_list":{"0":"post-1412","1":"product","2":"type-product","3":"status-publish","4":"has-post-thumbnail","6":"product_cat-borde-baenke-taburetter","7":"product_cat-legeborde","9":"first","10":"instock","11":"product-type-simple"},"yoast_head":"<!-- This site is optimized with the Yoast SEO plugin v24.4 - https:\/\/yoast.com\/wordpress\/plugins\/seo\/ -->\n<title>8150L - Legebord med kantliste | One Wood Furniture A\/S<\/title>\n<meta name=\"robots\" content=\"index, follow, max-snippet:-1, max-image-preview:large, max-video-preview:-1\" \/>\n<link rel=\"canonical\" href=\"https:\/\/onewood.dk\/nl\/product\/8150l-speeltafel-met-randstrip\/\" \/>\n<meta property=\"og:locale\" content=\"nl_NL\" \/>\n<meta property=\"og:type\" content=\"article\" \/>\n<meta property=\"og:title\" content=\"8150L - Legebord med kantliste | One Wood Furniture A\/S\" \/>\n<meta property=\"og:description\" content=\"Mobilt legebord med kant, g\u00f8r det meget velegnet til at sidde og bygge med perler, LEGO og andre sm\u00e5ting, da det afsk\u00e6rmer for at tingene kan falde ned. Legebordet er udarbejdet i 18mm. hvidpigmenteret birkekrydsfiner med st\u00f8jd\u00e6mpende linoleum p\u00e5 toppladen, som g\u00f8r det ekstra slidst\u00e6rk og \u00f8ger levetiden, samt mindsker st\u00f8j ved leg. Legebordet leveres [&hellip;]\" \/>\n<meta property=\"og:url\" content=\"https:\/\/onewood.dk\/nl\/product\/8150l-speeltafel-met-randstrip\/\" \/>\n<meta property=\"og:site_name\" content=\"One Wood Furniture A\/S\" \/>\n<meta property=\"article:modified_time\" content=\"2025-07-02T09:20:17+00:00\" \/>\n<meta property=\"og:image\" content=\"https:\/\/onewood.dk\/wp-content\/uploads\/2024\/12\/3520-scaled.jpg\" \/>\n\t<meta property=\"og:image:width\" content=\"2560\" \/>\n\t<meta property=\"og:image:height\" content=\"1707\" \/>\n\t<meta property=\"og:image:type\" content=\"image\/jpeg\" \/>\n<meta name=\"twitter:card\" content=\"summary_large_image\" \/>\n<meta name=\"twitter:label1\" content=\"Geschatte leestijd\" \/>\n\t<meta name=\"twitter:data1\" content=\"1 minuut\" \/>\n<script type=\"application\/ld+json\" class=\"yoast-schema-graph\">{\"@context\":\"https:\/\/schema.org\",\"@graph\":[{\"@type\":\"WebPage\",\"@id\":\"https:\/\/onewood.dk\/vare\/8150l-legebord-med-kantliste\/\",\"url\":\"https:\/\/onewood.dk\/vare\/8150l-legebord-med-kantliste\/\",\"name\":\"8150L - Legebord med kantliste | One Wood Furniture A\/S\",\"isPartOf\":{\"@id\":\"https:\/\/onewood.dk\/#website\"},\"primaryImageOfPage\":{\"@id\":\"https:\/\/onewood.dk\/vare\/8150l-legebord-med-kantliste\/#primaryimage\"},\"image\":{\"@id\":\"https:\/\/onewood.dk\/vare\/8150l-legebord-med-kantliste\/#primaryimage\"},\"thumbnailUrl\":\"https:\/\/onewood.dk\/wp-content\/uploads\/2024\/12\/3520-scaled.jpg\",\"datePublished\":\"2024-12-03T11:46:40+00:00\",\"dateModified\":\"2025-07-02T09:20:17+00:00\",\"breadcrumb\":{\"@id\":\"https:\/\/onewood.dk\/vare\/8150l-legebord-med-kantliste\/#breadcrumb\"},\"inLanguage\":\"nl-NL\",\"potentialAction\":[{\"@type\":\"ReadAction\",\"target\":[\"https:\/\/onewood.dk\/vare\/8150l-legebord-med-kantliste\/\"]}]},{\"@type\":\"ImageObject\",\"inLanguage\":\"nl-NL\",\"@id\":\"https:\/\/onewood.dk\/vare\/8150l-legebord-med-kantliste\/#primaryimage\",\"url\":\"https:\/\/onewood.dk\/wp-content\/uploads\/2024\/12\/3520-scaled.jpg\",\"contentUrl\":\"https:\/\/onewood.dk\/wp-content\/uploads\/2024\/12\/3520-scaled.jpg\",\"width\":2560,\"height\":1707},{\"@type\":\"BreadcrumbList\",\"@id\":\"https:\/\/onewood.dk\/vare\/8150l-legebord-med-kantliste\/#breadcrumb\",\"itemListElement\":[{\"@type\":\"ListItem\",\"position\":1,\"name\":\"Varer\",\"item\":\"https:\/\/onewood.dk\/shop\/\"},{\"@type\":\"ListItem\",\"position\":2,\"name\":\"Borde, b\u00e6nke &amp; taburetter\",\"item\":\"https:\/\/onewood.dk\/vare-kategori\/borde-baenke-taburetter\/\"},{\"@type\":\"ListItem\",\"position\":3,\"name\":\"Legeborde\",\"item\":\"https:\/\/onewood.dk\/vare-kategori\/borde-baenke-taburetter\/legeborde\/\"},{\"@type\":\"ListItem\",\"position\":4,\"name\":\"8150L &#8211; Legebord med kantliste\"}]},{\"@type\":\"WebSite\",\"@id\":\"https:\/\/onewood.dk\/#website\",\"url\":\"https:\/\/onewood.dk\/\",\"name\":\"One Wood Furniture A\/S\",\"description\":\"\",\"publisher\":{\"@id\":\"https:\/\/onewood.dk\/#organization\"},\"potentialAction\":[{\"@type\":\"SearchAction\",\"target\":{\"@type\":\"EntryPoint\",\"urlTemplate\":\"https:\/\/onewood.dk\/?s={search_term_string}\"},\"query-input\":{\"@type\":\"PropertyValueSpecification\",\"valueRequired\":true,\"valueName\":\"search_term_string\"}}],\"inLanguage\":\"nl-NL\"},{\"@type\":\"Organization\",\"@id\":\"https:\/\/onewood.dk\/#organization\",\"name\":\"One Wood Furniture A\/S\",\"url\":\"https:\/\/onewood.dk\/\",\"logo\":{\"@type\":\"ImageObject\",\"inLanguage\":\"nl-NL\",\"@id\":\"https:\/\/onewood.dk\/#\/schema\/logo\/image\/\",\"url\":\"https:\/\/onewood.dk\/wp-content\/uploads\/2024\/12\/Logo.png\",\"contentUrl\":\"https:\/\/onewood.dk\/wp-content\/uploads\/2024\/12\/Logo.png\",\"width\":180,\"height\":90,\"caption\":\"One Wood Furniture A\/S\"},\"image\":{\"@id\":\"https:\/\/onewood.dk\/#\/schema\/logo\/image\/\"}}]}<\/script>\n<!-- \/ Yoast SEO plugin. -->","yoast_head_json":{"title":"8150L - Legebord med kantliste | One Wood Furniture A\/S","robots":{"index":"index","follow":"follow","max-snippet":"max-snippet:-1","max-image-preview":"max-image-preview:large","max-video-preview":"max-video-preview:-1"},"canonical":"https:\/\/onewood.dk\/nl\/product\/8150l-speeltafel-met-randstrip\/","og_locale":"nl_NL","og_type":"article","og_title":"8150L - Legebord med kantliste | One Wood Furniture A\/S","og_description":"Mobilt legebord med kant, g\u00f8r det meget velegnet til at sidde og bygge med perler, LEGO og andre sm\u00e5ting, da det afsk\u00e6rmer for at tingene kan falde ned. Legebordet er udarbejdet i 18mm. hvidpigmenteret birkekrydsfiner med st\u00f8jd\u00e6mpende linoleum p\u00e5 toppladen, som g\u00f8r det ekstra slidst\u00e6rk og \u00f8ger levetiden, samt mindsker st\u00f8j ved leg. Legebordet leveres [&hellip;]","og_url":"https:\/\/onewood.dk\/nl\/product\/8150l-speeltafel-met-randstrip\/","og_site_name":"One Wood Furniture A\/S","article_modified_time":"2025-07-02T09:20:17+00:00","og_image":[{"width":2560,"height":1707,"url":"https:\/\/onewood.dk\/wp-content\/uploads\/2024\/12\/3520-scaled.jpg","type":"image\/jpeg"}],"twitter_card":"summary_large_image","twitter_misc":{"Geschatte leestijd":"1 minuut"},"schema":{"@context":"https:\/\/schema.org","@graph":[{"@type":"WebPage","@id":"https:\/\/onewood.dk\/vare\/8150l-legebord-med-kantliste\/","url":"https:\/\/onewood.dk\/vare\/8150l-legebord-med-kantliste\/","name":"8150L - Legebord med kantliste | One Wood Furniture A\/S","isPartOf":{"@id":"https:\/\/onewood.dk\/#website"},"primaryImageOfPage":{"@id":"https:\/\/onewood.dk\/vare\/8150l-legebord-med-kantliste\/#primaryimage"},"image":{"@id":"https:\/\/onewood.dk\/vare\/8150l-legebord-med-kantliste\/#primaryimage"},"thumbnailUrl":"https:\/\/onewood.dk\/wp-content\/uploads\/2024\/12\/3520-scaled.jpg","datePublished":"2024-12-03T11:46:40+00:00","dateModified":"2025-07-02T09:20:17+00:00","breadcrumb":{"@id":"https:\/\/onewood.dk\/vare\/8150l-legebord-med-kantliste\/#breadcrumb"},"inLanguage":"nl-NL","potentialAction":[{"@type":"ReadAction","target":["https:\/\/onewood.dk\/vare\/8150l-legebord-med-kantliste\/"]}]},{"@type":"ImageObject","inLanguage":"nl-NL","@id":"https:\/\/onewood.dk\/vare\/8150l-legebord-med-kantliste\/#primaryimage","url":"https:\/\/onewood.dk\/wp-content\/uploads\/2024\/12\/3520-scaled.jpg","contentUrl":"https:\/\/onewood.dk\/wp-content\/uploads\/2024\/12\/3520-scaled.jpg","width":2560,"height":1707},{"@type":"BreadcrumbList","@id":"https:\/\/onewood.dk\/vare\/8150l-legebord-med-kantliste\/#breadcrumb","itemListElement":[{"@type":"ListItem","position":1,"name":"Varer","item":"https:\/\/onewood.dk\/shop\/"},{"@type":"ListItem","position":2,"name":"Borde, b\u00e6nke &amp; taburetter","item":"https:\/\/onewood.dk\/vare-kategori\/borde-baenke-taburetter\/"},{"@type":"ListItem","position":3,"name":"Legeborde","item":"https:\/\/onewood.dk\/vare-kategori\/borde-baenke-taburetter\/legeborde\/"},{"@type":"ListItem","position":4,"name":"8150L &#8211; Legebord med kantliste"}]},{"@type":"WebSite","@id":"https:\/\/onewood.dk\/#website","url":"https:\/\/onewood.dk\/","name":"One Wood Furniture A\/S","description":"","publisher":{"@id":"https:\/\/onewood.dk\/#organization"},"potentialAction":[{"@type":"SearchAction","target":{"@type":"EntryPoint","urlTemplate":"https:\/\/onewood.dk\/?s={search_term_string}"},"query-input":{"@type":"PropertyValueSpecification","valueRequired":true,"valueName":"search_term_string"}}],"inLanguage":"nl-NL"},{"@type":"Organization","@id":"https:\/\/onewood.dk\/#organization","name":"One Wood Furniture A\/S","url":"https:\/\/onewood.dk\/","logo":{"@type":"ImageObject","inLanguage":"nl-NL","@id":"https:\/\/onewood.dk\/#\/schema\/logo\/image\/","url":"https:\/\/onewood.dk\/wp-content\/uploads\/2024\/12\/Logo.png","contentUrl":"https:\/\/onewood.dk\/wp-content\/uploads\/2024\/12\/Logo.png","width":180,"height":90,"caption":"One Wood Furniture A\/S"},"image":{"@id":"https:\/\/onewood.dk\/#\/schema\/logo\/image\/"}}]}},"_links":{"self":[{"href":"https:\/\/onewood.dk\/nl\/wp-json\/wp\/v2\/product\/1412","targetHints":{"allow":["GET"]}}],"collection":[{"href":"https:\/\/onewood.dk\/nl\/wp-json\/wp\/v2\/product"}],"about":[{"href":"https:\/\/onewood.dk\/nl\/wp-json\/wp\/v2\/types\/product"}],"wp:featuredmedia":[{"embeddable":true,"href":"https:\/\/onewood.dk\/nl\/wp-json\/wp\/v2\/media\/2581"}],"wp:attachment":[{"href":"https:\/\/onewood.dk\/nl\/wp-json\/wp\/v2\/media?parent=1412"}],"wp:term":[{"taxonomy":"product_brand","embeddable":true,"href":"https:\/\/onewood.dk\/nl\/wp-json\/wp\/v2\/product_brand?post=1412"},{"taxonomy":"product_cat","embeddable":true,"href":"https:\/\/onewood.dk\/nl\/wp-json\/wp\/v2\/product_cat?post=1412"},{"taxonomy":"product_tag","embeddable":true,"href":"https:\/\/onewood.dk\/nl\/wp-json\/wp\/v2\/product_tag?post=1412"}],"curies":[{"name":"wp","href":"https:\/\/api.w.org\/{rel}","templated":true}]}}