{"id":1443,"date":"2024-12-03T12:46:44","date_gmt":"2024-12-03T11:46:44","guid":{"rendered":"https:\/\/onewood.dkvare\/8312-unik-reol-lille\/"},"modified":"2025-02-10T14:34:14","modified_gmt":"2025-02-10T13:34:14","slug":"8312-unik-reol-lille","status":"publish","type":"product","link":"https:\/\/onewood.dk\/nl\/product\/8312-unieke-kleine-boekenkast\/","title":{"rendered":"8312 \u2013 Uniek klein plankje"},"content":{"rendered":"<p>Met de multifunctionele opbergkast kunt u kleinere ruimtes cre\u00ebren die een gezellige en rustige sfeer cre\u00ebren. Dit kan helpen om het geluidsniveau in een grote ruimte te verlagen en het kind te helpen zich te concentreren op zijn eigen activiteit.<\/p>\n<p>Unieke wandkast met 1 legplank in 18 mm wit gepigmenteerd berkenfineer, kan tot vele spannende designs worden gecombineerd.<\/p>\n<p>De plank kan ook geleverd worden met een slim stoffen prikbord aan de achterkant.<\/p>\n<p><strong>Extra aankopen:<br \/>\n<\/strong><strong>Kan geleverd worden met al onze mooie laminaten op het blad en de planken. Zie accessoires.<\/strong><\/p>","protected":false},"excerpt":{"rendered":"<p>Met de multifunctionele boekenkast cre\u00ebert u kleinere ruimtes die een gezellige en rustige sfeer cre\u00ebren. Dit kan bijdragen aan een lager geluidsniveau in een grote kamer en het kind helpen zich te concentreren op zijn of haar eigen activiteit. Unieke boekenkast incl. 1 plank in 18 mm wit gepigmenteerd berkenfineer, kan worden gecombineerd tot vele spannende [\u2026]<\/p>","protected":false},"featured_media":2701,"template":"","meta":[],"product_brand":[],"product_cat":[557,579],"product_tag":[],"class_list":{"0":"post-1443","1":"product","2":"type-product","3":"status-publish","4":"has-post-thumbnail","6":"product_cat-reoler","7":"product_cat-unik","9":"first","10":"instock","11":"product-type-simple"},"yoast_head":"<!-- This site is optimized with the Yoast SEO plugin v24.4 - https:\/\/yoast.com\/wordpress\/plugins\/seo\/ -->\n<title>8312 - Unik reol lille | One Wood Furniture A\/S<\/title>\n<meta name=\"robots\" content=\"index, follow, max-snippet:-1, max-image-preview:large, max-video-preview:-1\" \/>\n<link rel=\"canonical\" href=\"https:\/\/onewood.dk\/nl\/product\/8312-unieke-kleine-boekenkast\/\" \/>\n<meta property=\"og:locale\" content=\"nl_NL\" \/>\n<meta property=\"og:type\" content=\"article\" \/>\n<meta property=\"og:title\" content=\"8312 - Unik reol lille | One Wood Furniture A\/S\" \/>\n<meta property=\"og:description\" content=\"Med den multifunktionelle reol er det muligt at skabe mindre milj\u00f8er, der giver hyggelige og rolige rammer. Dette kan medvirke til lavere st\u00f8jniveau i et stort rum, samt hj\u00e6lpe barnet til at holde fokus p\u00e5 sin egen aktivitet. Unik reolen inkl. 1 stk hylder i 18 mm hvidpigmenteret birkefiner, kan s\u00e6ttes sammen til mange sp\u00e6ndende [&hellip;]\" \/>\n<meta property=\"og:url\" content=\"https:\/\/onewood.dk\/nl\/product\/8312-unieke-kleine-boekenkast\/\" \/>\n<meta property=\"og:site_name\" content=\"One Wood Furniture A\/S\" \/>\n<meta property=\"article:modified_time\" content=\"2025-02-10T13:34:14+00:00\" \/>\n<meta property=\"og:image\" content=\"https:\/\/onewood.dk\/wp-content\/uploads\/2024\/12\/4112.jpg\" \/>\n\t<meta property=\"og:image:width\" content=\"1600\" \/>\n\t<meta property=\"og:image:height\" content=\"1065\" \/>\n\t<meta property=\"og:image:type\" content=\"image\/jpeg\" \/>\n<meta name=\"twitter:card\" content=\"summary_large_image\" \/>\n<meta name=\"twitter:label1\" content=\"Geschatte leestijd\" \/>\n\t<meta name=\"twitter:data1\" content=\"1 minuut\" \/>\n<script type=\"application\/ld+json\" class=\"yoast-schema-graph\">{\"@context\":\"https:\/\/schema.org\",\"@graph\":[{\"@type\":\"WebPage\",\"@id\":\"https:\/\/onewood.dk\/vare\/8312-unik-reol-lille\/\",\"url\":\"https:\/\/onewood.dk\/vare\/8312-unik-reol-lille\/\",\"name\":\"8312 - Unik reol lille | One Wood Furniture A\/S\",\"isPartOf\":{\"@id\":\"https:\/\/onewood.dk\/#website\"},\"primaryImageOfPage\":{\"@id\":\"https:\/\/onewood.dk\/vare\/8312-unik-reol-lille\/#primaryimage\"},\"image\":{\"@id\":\"https:\/\/onewood.dk\/vare\/8312-unik-reol-lille\/#primaryimage\"},\"thumbnailUrl\":\"https:\/\/onewood.dk\/wp-content\/uploads\/2024\/12\/4112.jpg\",\"datePublished\":\"2024-12-03T11:46:44+00:00\",\"dateModified\":\"2025-02-10T13:34:14+00:00\",\"breadcrumb\":{\"@id\":\"https:\/\/onewood.dk\/vare\/8312-unik-reol-lille\/#breadcrumb\"},\"inLanguage\":\"nl-NL\",\"potentialAction\":[{\"@type\":\"ReadAction\",\"target\":[\"https:\/\/onewood.dk\/vare\/8312-unik-reol-lille\/\"]}]},{\"@type\":\"ImageObject\",\"inLanguage\":\"nl-NL\",\"@id\":\"https:\/\/onewood.dk\/vare\/8312-unik-reol-lille\/#primaryimage\",\"url\":\"https:\/\/onewood.dk\/wp-content\/uploads\/2024\/12\/4112.jpg\",\"contentUrl\":\"https:\/\/onewood.dk\/wp-content\/uploads\/2024\/12\/4112.jpg\",\"width\":1600,\"height\":1065},{\"@type\":\"BreadcrumbList\",\"@id\":\"https:\/\/onewood.dk\/vare\/8312-unik-reol-lille\/#breadcrumb\",\"itemListElement\":[{\"@type\":\"ListItem\",\"position\":1,\"name\":\"Varer\",\"item\":\"https:\/\/onewood.dk\/shop\/\"},{\"@type\":\"ListItem\",\"position\":2,\"name\":\"Reoler\",\"item\":\"https:\/\/onewood.dk\/vare-kategori\/reoler\/\"},{\"@type\":\"ListItem\",\"position\":3,\"name\":\"Unik\",\"item\":\"https:\/\/onewood.dk\/vare-kategori\/reoler\/unik\/\"},{\"@type\":\"ListItem\",\"position\":4,\"name\":\"8312 &#8211; Unik reol lille\"}]},{\"@type\":\"WebSite\",\"@id\":\"https:\/\/onewood.dk\/#website\",\"url\":\"https:\/\/onewood.dk\/\",\"name\":\"One Wood Furniture A\/S\",\"description\":\"\",\"publisher\":{\"@id\":\"https:\/\/onewood.dk\/#organization\"},\"potentialAction\":[{\"@type\":\"SearchAction\",\"target\":{\"@type\":\"EntryPoint\",\"urlTemplate\":\"https:\/\/onewood.dk\/?s={search_term_string}\"},\"query-input\":{\"@type\":\"PropertyValueSpecification\",\"valueRequired\":true,\"valueName\":\"search_term_string\"}}],\"inLanguage\":\"nl-NL\"},{\"@type\":\"Organization\",\"@id\":\"https:\/\/onewood.dk\/#organization\",\"name\":\"One Wood Furniture A\/S\",\"url\":\"https:\/\/onewood.dk\/\",\"logo\":{\"@type\":\"ImageObject\",\"inLanguage\":\"nl-NL\",\"@id\":\"https:\/\/onewood.dk\/#\/schema\/logo\/image\/\",\"url\":\"https:\/\/onewood.dk\/wp-content\/uploads\/2024\/12\/Logo.png\",\"contentUrl\":\"https:\/\/onewood.dk\/wp-content\/uploads\/2024\/12\/Logo.png\",\"width\":180,\"height\":90,\"caption\":\"One Wood Furniture A\/S\"},\"image\":{\"@id\":\"https:\/\/onewood.dk\/#\/schema\/logo\/image\/\"}}]}<\/script>\n<!-- \/ Yoast SEO plugin. -->","yoast_head_json":{"title":"8312 - Unik reol lille | One Wood Furniture A\/S","robots":{"index":"index","follow":"follow","max-snippet":"max-snippet:-1","max-image-preview":"max-image-preview:large","max-video-preview":"max-video-preview:-1"},"canonical":"https:\/\/onewood.dk\/nl\/product\/8312-unieke-kleine-boekenkast\/","og_locale":"nl_NL","og_type":"article","og_title":"8312 - Unik reol lille | One Wood Furniture A\/S","og_description":"Med den multifunktionelle reol er det muligt at skabe mindre milj\u00f8er, der giver hyggelige og rolige rammer. Dette kan medvirke til lavere st\u00f8jniveau i et stort rum, samt hj\u00e6lpe barnet til at holde fokus p\u00e5 sin egen aktivitet. Unik reolen inkl. 1 stk hylder i 18 mm hvidpigmenteret birkefiner, kan s\u00e6ttes sammen til mange sp\u00e6ndende [&hellip;]","og_url":"https:\/\/onewood.dk\/nl\/product\/8312-unieke-kleine-boekenkast\/","og_site_name":"One Wood Furniture A\/S","article_modified_time":"2025-02-10T13:34:14+00:00","og_image":[{"width":1600,"height":1065,"url":"https:\/\/onewood.dk\/wp-content\/uploads\/2024\/12\/4112.jpg","type":"image\/jpeg"}],"twitter_card":"summary_large_image","twitter_misc":{"Geschatte leestijd":"1 minuut"},"schema":{"@context":"https:\/\/schema.org","@graph":[{"@type":"WebPage","@id":"https:\/\/onewood.dk\/vare\/8312-unik-reol-lille\/","url":"https:\/\/onewood.dk\/vare\/8312-unik-reol-lille\/","name":"8312 - Unik reol lille | One Wood Furniture A\/S","isPartOf":{"@id":"https:\/\/onewood.dk\/#website"},"primaryImageOfPage":{"@id":"https:\/\/onewood.dk\/vare\/8312-unik-reol-lille\/#primaryimage"},"image":{"@id":"https:\/\/onewood.dk\/vare\/8312-unik-reol-lille\/#primaryimage"},"thumbnailUrl":"https:\/\/onewood.dk\/wp-content\/uploads\/2024\/12\/4112.jpg","datePublished":"2024-12-03T11:46:44+00:00","dateModified":"2025-02-10T13:34:14+00:00","breadcrumb":{"@id":"https:\/\/onewood.dk\/vare\/8312-unik-reol-lille\/#breadcrumb"},"inLanguage":"nl-NL","potentialAction":[{"@type":"ReadAction","target":["https:\/\/onewood.dk\/vare\/8312-unik-reol-lille\/"]}]},{"@type":"ImageObject","inLanguage":"nl-NL","@id":"https:\/\/onewood.dk\/vare\/8312-unik-reol-lille\/#primaryimage","url":"https:\/\/onewood.dk\/wp-content\/uploads\/2024\/12\/4112.jpg","contentUrl":"https:\/\/onewood.dk\/wp-content\/uploads\/2024\/12\/4112.jpg","width":1600,"height":1065},{"@type":"BreadcrumbList","@id":"https:\/\/onewood.dk\/vare\/8312-unik-reol-lille\/#breadcrumb","itemListElement":[{"@type":"ListItem","position":1,"name":"Varer","item":"https:\/\/onewood.dk\/shop\/"},{"@type":"ListItem","position":2,"name":"Reoler","item":"https:\/\/onewood.dk\/vare-kategori\/reoler\/"},{"@type":"ListItem","position":3,"name":"Unik","item":"https:\/\/onewood.dk\/vare-kategori\/reoler\/unik\/"},{"@type":"ListItem","position":4,"name":"8312 &#8211; Unik reol lille"}]},{"@type":"WebSite","@id":"https:\/\/onewood.dk\/#website","url":"https:\/\/onewood.dk\/","name":"One Wood Furniture A\/S","description":"","publisher":{"@id":"https:\/\/onewood.dk\/#organization"},"potentialAction":[{"@type":"SearchAction","target":{"@type":"EntryPoint","urlTemplate":"https:\/\/onewood.dk\/?s={search_term_string}"},"query-input":{"@type":"PropertyValueSpecification","valueRequired":true,"valueName":"search_term_string"}}],"inLanguage":"nl-NL"},{"@type":"Organization","@id":"https:\/\/onewood.dk\/#organization","name":"One Wood Furniture A\/S","url":"https:\/\/onewood.dk\/","logo":{"@type":"ImageObject","inLanguage":"nl-NL","@id":"https:\/\/onewood.dk\/#\/schema\/logo\/image\/","url":"https:\/\/onewood.dk\/wp-content\/uploads\/2024\/12\/Logo.png","contentUrl":"https:\/\/onewood.dk\/wp-content\/uploads\/2024\/12\/Logo.png","width":180,"height":90,"caption":"One Wood Furniture A\/S"},"image":{"@id":"https:\/\/onewood.dk\/#\/schema\/logo\/image\/"}}]}},"_links":{"self":[{"href":"https:\/\/onewood.dk\/nl\/wp-json\/wp\/v2\/product\/1443","targetHints":{"allow":["GET"]}}],"collection":[{"href":"https:\/\/onewood.dk\/nl\/wp-json\/wp\/v2\/product"}],"about":[{"href":"https:\/\/onewood.dk\/nl\/wp-json\/wp\/v2\/types\/product"}],"wp:featuredmedia":[{"embeddable":true,"href":"https:\/\/onewood.dk\/nl\/wp-json\/wp\/v2\/media\/2701"}],"wp:attachment":[{"href":"https:\/\/onewood.dk\/nl\/wp-json\/wp\/v2\/media?parent=1443"}],"wp:term":[{"taxonomy":"product_brand","embeddable":true,"href":"https:\/\/onewood.dk\/nl\/wp-json\/wp\/v2\/product_brand?post=1443"},{"taxonomy":"product_cat","embeddable":true,"href":"https:\/\/onewood.dk\/nl\/wp-json\/wp\/v2\/product_cat?post=1443"},{"taxonomy":"product_tag","embeddable":true,"href":"https:\/\/onewood.dk\/nl\/wp-json\/wp\/v2\/product_tag?post=1443"}],"curies":[{"name":"wp","href":"https:\/\/api.w.org\/{rel}","templated":true}]}}