{"id":1551,"date":"2024-12-03T12:47:04","date_gmt":"2024-12-03T11:47:04","guid":{"rendered":"https:\/\/onewood.dkvare\/8150-legebord\/"},"modified":"2025-07-02T11:53:42","modified_gmt":"2025-07-02T09:53:42","slug":"8150-legebord","status":"publish","type":"product","link":"https:\/\/onewood.dk\/nl\/product\/8150-speeltafel\/","title":{"rendered":"8150 \u2013 Speeltafel"},"content":{"rendered":"<p>Mobiele speeltafel met 8 vakken is geschikt voor spelen, opbergen en creatieve activiteiten lager op de grond, waar kinderen er gemakkelijk bij kunnen.<\/p>\n<p>De speeltafel is gemaakt van 18mm. Wit gepigmenteerd berkenmultiplex met laminaat op de bovenplaat, waardoor het extra duurzaam is en de levensduur wordt verlengd.<\/p>\n<p>Standaard geleverd met 4 planken, maar kan worden gecombineerd met onze selectie aan dozen om het opruimen en opbergen voor de kinderen gemakkelijker te maken.<\/p>","protected":false},"excerpt":{"rendered":"<p>De mobiele speeltafel met 8 vakken is geschikt voor spelen, opbergen en creatieve activiteiten tot op de grond, waar kinderen er gemakkelijk bij kunnen. De speeltafel is gemaakt van 18 mm dik wit gepigmenteerd berkenmultiplex met laminaat op het bovenblad, wat hem extra duurzaam maakt en de levensduur verlengt. Standaard geleverd met 4 legplanken, maar te combineren met onze selectie [\u2026]<\/p>","protected":false},"featured_media":3119,"template":"","meta":[],"product_brand":[],"product_cat":[558,621],"product_tag":[],"class_list":{"0":"post-1551","1":"product","2":"type-product","3":"status-publish","4":"has-post-thumbnail","6":"product_cat-borde-baenke-taburetter","7":"product_cat-legeborde","9":"first","10":"instock","11":"product-type-simple"},"yoast_head":"<!-- This site is optimized with the Yoast SEO plugin v24.4 - https:\/\/yoast.com\/wordpress\/plugins\/seo\/ -->\n<title>8150 - Legebord | One Wood Furniture A\/S<\/title>\n<meta name=\"robots\" content=\"index, follow, max-snippet:-1, max-image-preview:large, max-video-preview:-1\" \/>\n<link rel=\"canonical\" href=\"https:\/\/onewood.dk\/nl\/product\/8150-speeltafel\/\" \/>\n<meta property=\"og:locale\" content=\"nl_NL\" \/>\n<meta property=\"og:type\" content=\"article\" \/>\n<meta property=\"og:title\" content=\"8150 - Legebord | One Wood Furniture A\/S\" \/>\n<meta property=\"og:description\" content=\"Mobilt legebord med 8 rum er velegnet til leg, opbevaring og kreative aktiviteter l\u00e6ngere nede ved jorden, hvor b\u00f8rnene let kan n\u00e5. Legebordet er udarbejdet i 18mm. hvidpigmenteret birkekrydsfiner med laminat p\u00e5 toppladen, som g\u00f8r det ekstra slidst\u00e6rk og \u00f8ger levetiden. Leveres som standard med 4 hylder, men kan med fordel kombineres med vores udvalg [&hellip;]\" \/>\n<meta property=\"og:url\" content=\"https:\/\/onewood.dk\/nl\/product\/8150-speeltafel\/\" \/>\n<meta property=\"og:site_name\" content=\"One Wood Furniture A\/S\" \/>\n<meta property=\"article:modified_time\" content=\"2025-07-02T09:53:42+00:00\" \/>\n<meta property=\"og:image\" content=\"https:\/\/onewood.dk\/wp-content\/uploads\/2024\/12\/3510-scaled.jpg\" \/>\n\t<meta property=\"og:image:width\" content=\"2560\" \/>\n\t<meta property=\"og:image:height\" content=\"1707\" \/>\n\t<meta property=\"og:image:type\" content=\"image\/jpeg\" \/>\n<meta name=\"twitter:card\" content=\"summary_large_image\" \/>\n<meta name=\"twitter:label1\" content=\"Geschatte leestijd\" \/>\n\t<meta name=\"twitter:data1\" content=\"1 minuut\" \/>\n<script type=\"application\/ld+json\" class=\"yoast-schema-graph\">{\"@context\":\"https:\/\/schema.org\",\"@graph\":[{\"@type\":\"WebPage\",\"@id\":\"https:\/\/onewood.dk\/vare\/8150-legebord\/\",\"url\":\"https:\/\/onewood.dk\/vare\/8150-legebord\/\",\"name\":\"8150 - Legebord | One Wood Furniture A\/S\",\"isPartOf\":{\"@id\":\"https:\/\/onewood.dk\/#website\"},\"primaryImageOfPage\":{\"@id\":\"https:\/\/onewood.dk\/vare\/8150-legebord\/#primaryimage\"},\"image\":{\"@id\":\"https:\/\/onewood.dk\/vare\/8150-legebord\/#primaryimage\"},\"thumbnailUrl\":\"https:\/\/onewood.dk\/wp-content\/uploads\/2024\/12\/3510-scaled.jpg\",\"datePublished\":\"2024-12-03T11:47:04+00:00\",\"dateModified\":\"2025-07-02T09:53:42+00:00\",\"breadcrumb\":{\"@id\":\"https:\/\/onewood.dk\/vare\/8150-legebord\/#breadcrumb\"},\"inLanguage\":\"nl-NL\",\"potentialAction\":[{\"@type\":\"ReadAction\",\"target\":[\"https:\/\/onewood.dk\/vare\/8150-legebord\/\"]}]},{\"@type\":\"ImageObject\",\"inLanguage\":\"nl-NL\",\"@id\":\"https:\/\/onewood.dk\/vare\/8150-legebord\/#primaryimage\",\"url\":\"https:\/\/onewood.dk\/wp-content\/uploads\/2024\/12\/3510-scaled.jpg\",\"contentUrl\":\"https:\/\/onewood.dk\/wp-content\/uploads\/2024\/12\/3510-scaled.jpg\",\"width\":2560,\"height\":1707},{\"@type\":\"BreadcrumbList\",\"@id\":\"https:\/\/onewood.dk\/vare\/8150-legebord\/#breadcrumb\",\"itemListElement\":[{\"@type\":\"ListItem\",\"position\":1,\"name\":\"Varer\",\"item\":\"https:\/\/onewood.dk\/shop\/\"},{\"@type\":\"ListItem\",\"position\":2,\"name\":\"Borde, b\u00e6nke &amp; taburetter\",\"item\":\"https:\/\/onewood.dk\/vare-kategori\/borde-baenke-taburetter\/\"},{\"@type\":\"ListItem\",\"position\":3,\"name\":\"Legeborde\",\"item\":\"https:\/\/onewood.dk\/vare-kategori\/borde-baenke-taburetter\/legeborde\/\"},{\"@type\":\"ListItem\",\"position\":4,\"name\":\"8150 &#8211; Legebord\"}]},{\"@type\":\"WebSite\",\"@id\":\"https:\/\/onewood.dk\/#website\",\"url\":\"https:\/\/onewood.dk\/\",\"name\":\"One Wood Furniture A\/S\",\"description\":\"\",\"publisher\":{\"@id\":\"https:\/\/onewood.dk\/#organization\"},\"potentialAction\":[{\"@type\":\"SearchAction\",\"target\":{\"@type\":\"EntryPoint\",\"urlTemplate\":\"https:\/\/onewood.dk\/?s={search_term_string}\"},\"query-input\":{\"@type\":\"PropertyValueSpecification\",\"valueRequired\":true,\"valueName\":\"search_term_string\"}}],\"inLanguage\":\"nl-NL\"},{\"@type\":\"Organization\",\"@id\":\"https:\/\/onewood.dk\/#organization\",\"name\":\"One Wood Furniture A\/S\",\"url\":\"https:\/\/onewood.dk\/\",\"logo\":{\"@type\":\"ImageObject\",\"inLanguage\":\"nl-NL\",\"@id\":\"https:\/\/onewood.dk\/#\/schema\/logo\/image\/\",\"url\":\"https:\/\/onewood.dk\/wp-content\/uploads\/2024\/12\/Logo.png\",\"contentUrl\":\"https:\/\/onewood.dk\/wp-content\/uploads\/2024\/12\/Logo.png\",\"width\":180,\"height\":90,\"caption\":\"One Wood Furniture A\/S\"},\"image\":{\"@id\":\"https:\/\/onewood.dk\/#\/schema\/logo\/image\/\"}}]}<\/script>\n<!-- \/ Yoast SEO plugin. -->","yoast_head_json":{"title":"8150 - Legebord | One Wood Furniture A\/S","robots":{"index":"index","follow":"follow","max-snippet":"max-snippet:-1","max-image-preview":"max-image-preview:large","max-video-preview":"max-video-preview:-1"},"canonical":"https:\/\/onewood.dk\/nl\/product\/8150-speeltafel\/","og_locale":"nl_NL","og_type":"article","og_title":"8150 - Legebord | One Wood Furniture A\/S","og_description":"Mobilt legebord med 8 rum er velegnet til leg, opbevaring og kreative aktiviteter l\u00e6ngere nede ved jorden, hvor b\u00f8rnene let kan n\u00e5. Legebordet er udarbejdet i 18mm. hvidpigmenteret birkekrydsfiner med laminat p\u00e5 toppladen, som g\u00f8r det ekstra slidst\u00e6rk og \u00f8ger levetiden. Leveres som standard med 4 hylder, men kan med fordel kombineres med vores udvalg [&hellip;]","og_url":"https:\/\/onewood.dk\/nl\/product\/8150-speeltafel\/","og_site_name":"One Wood Furniture A\/S","article_modified_time":"2025-07-02T09:53:42+00:00","og_image":[{"width":2560,"height":1707,"url":"https:\/\/onewood.dk\/wp-content\/uploads\/2024\/12\/3510-scaled.jpg","type":"image\/jpeg"}],"twitter_card":"summary_large_image","twitter_misc":{"Geschatte leestijd":"1 minuut"},"schema":{"@context":"https:\/\/schema.org","@graph":[{"@type":"WebPage","@id":"https:\/\/onewood.dk\/vare\/8150-legebord\/","url":"https:\/\/onewood.dk\/vare\/8150-legebord\/","name":"8150 - Legebord | One Wood Furniture A\/S","isPartOf":{"@id":"https:\/\/onewood.dk\/#website"},"primaryImageOfPage":{"@id":"https:\/\/onewood.dk\/vare\/8150-legebord\/#primaryimage"},"image":{"@id":"https:\/\/onewood.dk\/vare\/8150-legebord\/#primaryimage"},"thumbnailUrl":"https:\/\/onewood.dk\/wp-content\/uploads\/2024\/12\/3510-scaled.jpg","datePublished":"2024-12-03T11:47:04+00:00","dateModified":"2025-07-02T09:53:42+00:00","breadcrumb":{"@id":"https:\/\/onewood.dk\/vare\/8150-legebord\/#breadcrumb"},"inLanguage":"nl-NL","potentialAction":[{"@type":"ReadAction","target":["https:\/\/onewood.dk\/vare\/8150-legebord\/"]}]},{"@type":"ImageObject","inLanguage":"nl-NL","@id":"https:\/\/onewood.dk\/vare\/8150-legebord\/#primaryimage","url":"https:\/\/onewood.dk\/wp-content\/uploads\/2024\/12\/3510-scaled.jpg","contentUrl":"https:\/\/onewood.dk\/wp-content\/uploads\/2024\/12\/3510-scaled.jpg","width":2560,"height":1707},{"@type":"BreadcrumbList","@id":"https:\/\/onewood.dk\/vare\/8150-legebord\/#breadcrumb","itemListElement":[{"@type":"ListItem","position":1,"name":"Varer","item":"https:\/\/onewood.dk\/shop\/"},{"@type":"ListItem","position":2,"name":"Borde, b\u00e6nke &amp; taburetter","item":"https:\/\/onewood.dk\/vare-kategori\/borde-baenke-taburetter\/"},{"@type":"ListItem","position":3,"name":"Legeborde","item":"https:\/\/onewood.dk\/vare-kategori\/borde-baenke-taburetter\/legeborde\/"},{"@type":"ListItem","position":4,"name":"8150 &#8211; Legebord"}]},{"@type":"WebSite","@id":"https:\/\/onewood.dk\/#website","url":"https:\/\/onewood.dk\/","name":"One Wood Furniture A\/S","description":"","publisher":{"@id":"https:\/\/onewood.dk\/#organization"},"potentialAction":[{"@type":"SearchAction","target":{"@type":"EntryPoint","urlTemplate":"https:\/\/onewood.dk\/?s={search_term_string}"},"query-input":{"@type":"PropertyValueSpecification","valueRequired":true,"valueName":"search_term_string"}}],"inLanguage":"nl-NL"},{"@type":"Organization","@id":"https:\/\/onewood.dk\/#organization","name":"One Wood Furniture A\/S","url":"https:\/\/onewood.dk\/","logo":{"@type":"ImageObject","inLanguage":"nl-NL","@id":"https:\/\/onewood.dk\/#\/schema\/logo\/image\/","url":"https:\/\/onewood.dk\/wp-content\/uploads\/2024\/12\/Logo.png","contentUrl":"https:\/\/onewood.dk\/wp-content\/uploads\/2024\/12\/Logo.png","width":180,"height":90,"caption":"One Wood Furniture A\/S"},"image":{"@id":"https:\/\/onewood.dk\/#\/schema\/logo\/image\/"}}]}},"_links":{"self":[{"href":"https:\/\/onewood.dk\/nl\/wp-json\/wp\/v2\/product\/1551","targetHints":{"allow":["GET"]}}],"collection":[{"href":"https:\/\/onewood.dk\/nl\/wp-json\/wp\/v2\/product"}],"about":[{"href":"https:\/\/onewood.dk\/nl\/wp-json\/wp\/v2\/types\/product"}],"wp:featuredmedia":[{"embeddable":true,"href":"https:\/\/onewood.dk\/nl\/wp-json\/wp\/v2\/media\/3119"}],"wp:attachment":[{"href":"https:\/\/onewood.dk\/nl\/wp-json\/wp\/v2\/media?parent=1551"}],"wp:term":[{"taxonomy":"product_brand","embeddable":true,"href":"https:\/\/onewood.dk\/nl\/wp-json\/wp\/v2\/product_brand?post=1551"},{"taxonomy":"product_cat","embeddable":true,"href":"https:\/\/onewood.dk\/nl\/wp-json\/wp\/v2\/product_cat?post=1551"},{"taxonomy":"product_tag","embeddable":true,"href":"https:\/\/onewood.dk\/nl\/wp-json\/wp\/v2\/product_tag?post=1551"}],"curies":[{"name":"wp","href":"https:\/\/api.w.org\/{rel}","templated":true}]}}