{"id":1590,"date":"2024-12-03T12:47:11","date_gmt":"2024-12-03T11:47:11","guid":{"rendered":"https:\/\/onewood.dkvare\/6501-sengeskab-ekskl-sokkel\/"},"modified":"2025-02-26T14:46:18","modified_gmt":"2025-02-26T13:46:18","slug":"6501-sengeskab-ekskl-sokkel","status":"publish","type":"product","link":"https:\/\/onewood.dk\/nl\/product\/nachtkastje-6501-excl-onderstel\/","title":{"rendered":"6501 \u2013 Nachtkastje excl. stopcontact"},"content":{"rendered":"<p>Nachtkastje excl. Basis van 18 mm wit gepigmenteerd berkenmultiplex.<\/p>\n<p>&nbsp;<\/p>\n<p>Kan goed gecombineerd worden met een linnenkast bovenop en stangen aan de binnenkant, waardoor er opbergruimte ontstaat voor matrassen en beddengoed.<\/p>\n<p>&nbsp;<\/p>\n<p>De voet dient apart te worden aangeschaft onder artikelnr. 6502.<\/p>","protected":false},"excerpt":{"rendered":"<p>Nachtkastje exclusief plint van 18 mm wit gepigmenteerd berkenmultiplex. Te combineren met een nachtkastje bovenop en roedes aan de binnenkant, waardoor opbergruimte ontstaat voor matrassen en beddengoed. Plint apart te bestellen onder artikelnummer 6502.<\/p>","protected":false},"featured_media":3255,"template":"","meta":[],"product_brand":[],"product_cat":[614,564],"product_tag":[],"class_list":{"0":"post-1590","1":"product","2":"type-product","3":"status-publish","4":"has-post-thumbnail","6":"product_cat-sengetoejsskab","7":"product_cat-soverum","9":"first","10":"instock","11":"product-type-simple"},"yoast_head":"<!-- This site is optimized with the Yoast SEO plugin v24.4 - https:\/\/yoast.com\/wordpress\/plugins\/seo\/ -->\n<title>6501 - Sengeskab ekskl. sokkel | One Wood Furniture A\/S<\/title>\n<meta name=\"robots\" content=\"index, follow, max-snippet:-1, max-image-preview:large, max-video-preview:-1\" \/>\n<link rel=\"canonical\" href=\"https:\/\/onewood.dk\/nl\/product\/nachtkastje-6501-excl-onderstel\/\" \/>\n<meta property=\"og:locale\" content=\"nl_NL\" \/>\n<meta property=\"og:type\" content=\"article\" \/>\n<meta property=\"og:title\" content=\"6501 - Sengeskab ekskl. sokkel | One Wood Furniture A\/S\" \/>\n<meta property=\"og:description\" content=\"Sengeskab ekskl. sokkel i 18mm hvidpigmenteret birkekrydsfiner. &nbsp; Kan med fordel kombineres med senget\u00f8jsskab ovenp\u00e5 og stokke monteret indenvendig, og s\u00e5ledes skabe opbevaring for madrasser og senget\u00f8j. &nbsp; Sokkel skal tilk\u00f8bes p\u00e5 varenr. 6502.\" \/>\n<meta property=\"og:url\" content=\"https:\/\/onewood.dk\/nl\/product\/nachtkastje-6501-excl-onderstel\/\" \/>\n<meta property=\"og:site_name\" content=\"One Wood Furniture A\/S\" \/>\n<meta property=\"article:modified_time\" content=\"2025-02-26T13:46:18+00:00\" \/>\n<meta property=\"og:image\" content=\"https:\/\/onewood.dk\/wp-content\/uploads\/2024\/12\/3986-scaled.jpg\" \/>\n\t<meta property=\"og:image:width\" content=\"2560\" \/>\n\t<meta property=\"og:image:height\" content=\"1705\" \/>\n\t<meta property=\"og:image:type\" content=\"image\/jpeg\" \/>\n<meta name=\"twitter:card\" content=\"summary_large_image\" \/>\n<meta name=\"twitter:label1\" content=\"Geschatte leestijd\" \/>\n\t<meta name=\"twitter:data1\" content=\"1 minuut\" \/>\n<script type=\"application\/ld+json\" class=\"yoast-schema-graph\">{\"@context\":\"https:\/\/schema.org\",\"@graph\":[{\"@type\":\"WebPage\",\"@id\":\"https:\/\/onewood.dk\/vare\/6501-sengeskab-ekskl-sokkel\/\",\"url\":\"https:\/\/onewood.dk\/vare\/6501-sengeskab-ekskl-sokkel\/\",\"name\":\"6501 - Sengeskab ekskl. sokkel | One Wood Furniture A\/S\",\"isPartOf\":{\"@id\":\"https:\/\/onewood.dk\/#website\"},\"primaryImageOfPage\":{\"@id\":\"https:\/\/onewood.dk\/vare\/6501-sengeskab-ekskl-sokkel\/#primaryimage\"},\"image\":{\"@id\":\"https:\/\/onewood.dk\/vare\/6501-sengeskab-ekskl-sokkel\/#primaryimage\"},\"thumbnailUrl\":\"https:\/\/onewood.dk\/wp-content\/uploads\/2024\/12\/3986-scaled.jpg\",\"datePublished\":\"2024-12-03T11:47:11+00:00\",\"dateModified\":\"2025-02-26T13:46:18+00:00\",\"breadcrumb\":{\"@id\":\"https:\/\/onewood.dk\/vare\/6501-sengeskab-ekskl-sokkel\/#breadcrumb\"},\"inLanguage\":\"nl-NL\",\"potentialAction\":[{\"@type\":\"ReadAction\",\"target\":[\"https:\/\/onewood.dk\/vare\/6501-sengeskab-ekskl-sokkel\/\"]}]},{\"@type\":\"ImageObject\",\"inLanguage\":\"nl-NL\",\"@id\":\"https:\/\/onewood.dk\/vare\/6501-sengeskab-ekskl-sokkel\/#primaryimage\",\"url\":\"https:\/\/onewood.dk\/wp-content\/uploads\/2024\/12\/3986-scaled.jpg\",\"contentUrl\":\"https:\/\/onewood.dk\/wp-content\/uploads\/2024\/12\/3986-scaled.jpg\",\"width\":2560,\"height\":1705},{\"@type\":\"BreadcrumbList\",\"@id\":\"https:\/\/onewood.dk\/vare\/6501-sengeskab-ekskl-sokkel\/#breadcrumb\",\"itemListElement\":[{\"@type\":\"ListItem\",\"position\":1,\"name\":\"Varer\",\"item\":\"https:\/\/onewood.dk\/shop\/\"},{\"@type\":\"ListItem\",\"position\":2,\"name\":\"Soverum\",\"item\":\"https:\/\/onewood.dk\/vare-kategori\/soverum\/\"},{\"@type\":\"ListItem\",\"position\":3,\"name\":\"Senget\u00f8jsskab\",\"item\":\"https:\/\/onewood.dk\/vare-kategori\/soverum\/sengetoejsskab\/\"},{\"@type\":\"ListItem\",\"position\":4,\"name\":\"6501 &#8211; Sengeskab ekskl. sokkel\"}]},{\"@type\":\"WebSite\",\"@id\":\"https:\/\/onewood.dk\/#website\",\"url\":\"https:\/\/onewood.dk\/\",\"name\":\"One Wood Furniture A\/S\",\"description\":\"\",\"publisher\":{\"@id\":\"https:\/\/onewood.dk\/#organization\"},\"potentialAction\":[{\"@type\":\"SearchAction\",\"target\":{\"@type\":\"EntryPoint\",\"urlTemplate\":\"https:\/\/onewood.dk\/?s={search_term_string}\"},\"query-input\":{\"@type\":\"PropertyValueSpecification\",\"valueRequired\":true,\"valueName\":\"search_term_string\"}}],\"inLanguage\":\"nl-NL\"},{\"@type\":\"Organization\",\"@id\":\"https:\/\/onewood.dk\/#organization\",\"name\":\"One Wood Furniture A\/S\",\"url\":\"https:\/\/onewood.dk\/\",\"logo\":{\"@type\":\"ImageObject\",\"inLanguage\":\"nl-NL\",\"@id\":\"https:\/\/onewood.dk\/#\/schema\/logo\/image\/\",\"url\":\"https:\/\/onewood.dk\/wp-content\/uploads\/2024\/12\/Logo.png\",\"contentUrl\":\"https:\/\/onewood.dk\/wp-content\/uploads\/2024\/12\/Logo.png\",\"width\":180,\"height\":90,\"caption\":\"One Wood Furniture A\/S\"},\"image\":{\"@id\":\"https:\/\/onewood.dk\/#\/schema\/logo\/image\/\"}}]}<\/script>\n<!-- \/ Yoast SEO plugin. -->","yoast_head_json":{"title":"6501 - Sengeskab ekskl. sokkel | One Wood Furniture A\/S","robots":{"index":"index","follow":"follow","max-snippet":"max-snippet:-1","max-image-preview":"max-image-preview:large","max-video-preview":"max-video-preview:-1"},"canonical":"https:\/\/onewood.dk\/nl\/product\/nachtkastje-6501-excl-onderstel\/","og_locale":"nl_NL","og_type":"article","og_title":"6501 - Sengeskab ekskl. sokkel | One Wood Furniture A\/S","og_description":"Sengeskab ekskl. sokkel i 18mm hvidpigmenteret birkekrydsfiner. &nbsp; Kan med fordel kombineres med senget\u00f8jsskab ovenp\u00e5 og stokke monteret indenvendig, og s\u00e5ledes skabe opbevaring for madrasser og senget\u00f8j. &nbsp; Sokkel skal tilk\u00f8bes p\u00e5 varenr. 6502.","og_url":"https:\/\/onewood.dk\/nl\/product\/nachtkastje-6501-excl-onderstel\/","og_site_name":"One Wood Furniture A\/S","article_modified_time":"2025-02-26T13:46:18+00:00","og_image":[{"width":2560,"height":1705,"url":"https:\/\/onewood.dk\/wp-content\/uploads\/2024\/12\/3986-scaled.jpg","type":"image\/jpeg"}],"twitter_card":"summary_large_image","twitter_misc":{"Geschatte leestijd":"1 minuut"},"schema":{"@context":"https:\/\/schema.org","@graph":[{"@type":"WebPage","@id":"https:\/\/onewood.dk\/vare\/6501-sengeskab-ekskl-sokkel\/","url":"https:\/\/onewood.dk\/vare\/6501-sengeskab-ekskl-sokkel\/","name":"6501 - Sengeskab ekskl. sokkel | One Wood Furniture A\/S","isPartOf":{"@id":"https:\/\/onewood.dk\/#website"},"primaryImageOfPage":{"@id":"https:\/\/onewood.dk\/vare\/6501-sengeskab-ekskl-sokkel\/#primaryimage"},"image":{"@id":"https:\/\/onewood.dk\/vare\/6501-sengeskab-ekskl-sokkel\/#primaryimage"},"thumbnailUrl":"https:\/\/onewood.dk\/wp-content\/uploads\/2024\/12\/3986-scaled.jpg","datePublished":"2024-12-03T11:47:11+00:00","dateModified":"2025-02-26T13:46:18+00:00","breadcrumb":{"@id":"https:\/\/onewood.dk\/vare\/6501-sengeskab-ekskl-sokkel\/#breadcrumb"},"inLanguage":"nl-NL","potentialAction":[{"@type":"ReadAction","target":["https:\/\/onewood.dk\/vare\/6501-sengeskab-ekskl-sokkel\/"]}]},{"@type":"ImageObject","inLanguage":"nl-NL","@id":"https:\/\/onewood.dk\/vare\/6501-sengeskab-ekskl-sokkel\/#primaryimage","url":"https:\/\/onewood.dk\/wp-content\/uploads\/2024\/12\/3986-scaled.jpg","contentUrl":"https:\/\/onewood.dk\/wp-content\/uploads\/2024\/12\/3986-scaled.jpg","width":2560,"height":1705},{"@type":"BreadcrumbList","@id":"https:\/\/onewood.dk\/vare\/6501-sengeskab-ekskl-sokkel\/#breadcrumb","itemListElement":[{"@type":"ListItem","position":1,"name":"Varer","item":"https:\/\/onewood.dk\/shop\/"},{"@type":"ListItem","position":2,"name":"Soverum","item":"https:\/\/onewood.dk\/vare-kategori\/soverum\/"},{"@type":"ListItem","position":3,"name":"Senget\u00f8jsskab","item":"https:\/\/onewood.dk\/vare-kategori\/soverum\/sengetoejsskab\/"},{"@type":"ListItem","position":4,"name":"6501 &#8211; Sengeskab ekskl. sokkel"}]},{"@type":"WebSite","@id":"https:\/\/onewood.dk\/#website","url":"https:\/\/onewood.dk\/","name":"One Wood Furniture A\/S","description":"","publisher":{"@id":"https:\/\/onewood.dk\/#organization"},"potentialAction":[{"@type":"SearchAction","target":{"@type":"EntryPoint","urlTemplate":"https:\/\/onewood.dk\/?s={search_term_string}"},"query-input":{"@type":"PropertyValueSpecification","valueRequired":true,"valueName":"search_term_string"}}],"inLanguage":"nl-NL"},{"@type":"Organization","@id":"https:\/\/onewood.dk\/#organization","name":"One Wood Furniture A\/S","url":"https:\/\/onewood.dk\/","logo":{"@type":"ImageObject","inLanguage":"nl-NL","@id":"https:\/\/onewood.dk\/#\/schema\/logo\/image\/","url":"https:\/\/onewood.dk\/wp-content\/uploads\/2024\/12\/Logo.png","contentUrl":"https:\/\/onewood.dk\/wp-content\/uploads\/2024\/12\/Logo.png","width":180,"height":90,"caption":"One Wood Furniture A\/S"},"image":{"@id":"https:\/\/onewood.dk\/#\/schema\/logo\/image\/"}}]}},"_links":{"self":[{"href":"https:\/\/onewood.dk\/nl\/wp-json\/wp\/v2\/product\/1590","targetHints":{"allow":["GET"]}}],"collection":[{"href":"https:\/\/onewood.dk\/nl\/wp-json\/wp\/v2\/product"}],"about":[{"href":"https:\/\/onewood.dk\/nl\/wp-json\/wp\/v2\/types\/product"}],"wp:featuredmedia":[{"embeddable":true,"href":"https:\/\/onewood.dk\/nl\/wp-json\/wp\/v2\/media\/3255"}],"wp:attachment":[{"href":"https:\/\/onewood.dk\/nl\/wp-json\/wp\/v2\/media?parent=1590"}],"wp:term":[{"taxonomy":"product_brand","embeddable":true,"href":"https:\/\/onewood.dk\/nl\/wp-json\/wp\/v2\/product_brand?post=1590"},{"taxonomy":"product_cat","embeddable":true,"href":"https:\/\/onewood.dk\/nl\/wp-json\/wp\/v2\/product_cat?post=1590"},{"taxonomy":"product_tag","embeddable":true,"href":"https:\/\/onewood.dk\/nl\/wp-json\/wp\/v2\/product_tag?post=1590"}],"curies":[{"name":"wp","href":"https:\/\/api.w.org\/{rel}","templated":true}]}}