{"id":1610,"date":"2024-12-03T12:47:15","date_gmt":"2024-12-03T11:47:15","guid":{"rendered":"https:\/\/onewood.dkvare\/7512-line-personaleskab-1bx2h\/"},"modified":"2025-02-07T11:07:51","modified_gmt":"2025-02-07T10:07:51","slug":"7512-line-personaleskab-1bx2h","status":"publish","type":"product","link":"https:\/\/onewood.dk\/nl\/product\/7512-lijn-personeelskluis-1wx2h\/","title":{"rendered":"7512 \u2013 Lijnpersoneelskluis 1Bx2H"},"content":{"rendered":"<p>Lijnpersoneelskluis, 1 vak breed en 2 vakken hoog, in 18mm. wit gepigmenteerd berkenmultiplex.<\/p>\n<p>De kast is voorzien van een standaarddeur met een regulier scharnier. slot.<\/p>\n<p>&nbsp;<\/p>\n<p>Plinten, planken en laminaat op deuren en oppervlakken zijn verkrijgbaar.<\/p>\n<p>Daarnaast kunt u in plaats van een normaal slot ook een ruko-slot aanschaffen. slot, om een sterker slot te krijgen.<\/p>","protected":false},"excerpt":{"rendered":"<p>Line personaleskab 1 rum bred og 2 rum h\u00f8j\u00a0 i 18mm. hvidpigmenteret birkekrydsfiner. Skabet indeholder som standard l\u00e5ge med alm. l\u00e5s. &nbsp; Der kan tilk\u00f8bes sokkel, hylder og laminat p\u00e5 l\u00e5ger og overflader. Derudover kan der tilk\u00f8bes rukol\u00e5s i stedet for alm. l\u00e5s, for at f\u00e5 en mere kraftig l\u00e5s.<\/p>","protected":false},"featured_media":3320,"template":"","meta":[],"product_brand":[],"product_cat":[555,613,611],"product_tag":[],"class_list":{"0":"post-1610","1":"product","2":"type-product","3":"status-publish","4":"has-post-thumbnail","6":"product_cat-garderober-tilbehoer","7":"product_cat-line-personaleskab","8":"product_cat-personaleskabe","10":"first","11":"instock","12":"product-type-simple"},"yoast_head":"<!-- This site is optimized with the Yoast SEO plugin v24.4 - https:\/\/yoast.com\/wordpress\/plugins\/seo\/ -->\n<title>7512 - Line personaleskab 1Bx2H | One Wood Furniture A\/S<\/title>\n<meta name=\"robots\" content=\"index, follow, max-snippet:-1, max-image-preview:large, max-video-preview:-1\" \/>\n<link rel=\"canonical\" href=\"https:\/\/onewood.dk\/nl\/product\/7512-lijn-personeelskluis-1wx2h\/\" \/>\n<meta property=\"og:locale\" content=\"nl_NL\" \/>\n<meta property=\"og:type\" content=\"article\" \/>\n<meta property=\"og:title\" content=\"7512 - Line personaleskab 1Bx2H | One Wood Furniture A\/S\" \/>\n<meta property=\"og:description\" content=\"Line personaleskab 1 rum bred og 2 rum h\u00f8j\u00a0 i 18mm. hvidpigmenteret birkekrydsfiner. Skabet indeholder som standard l\u00e5ge med alm. l\u00e5s. &nbsp; Der kan tilk\u00f8bes sokkel, hylder og laminat p\u00e5 l\u00e5ger og overflader. Derudover kan der tilk\u00f8bes rukol\u00e5s i stedet for alm. l\u00e5s, for at f\u00e5 en mere kraftig l\u00e5s.\" \/>\n<meta property=\"og:url\" content=\"https:\/\/onewood.dk\/nl\/product\/7512-lijn-personeelskluis-1wx2h\/\" \/>\n<meta property=\"og:site_name\" content=\"One Wood Furniture A\/S\" \/>\n<meta property=\"article:modified_time\" content=\"2025-02-07T10:07:51+00:00\" \/>\n<meta property=\"og:image\" content=\"https:\/\/onewood.dk\/wp-content\/uploads\/2024\/12\/3691-scaled.jpg\" \/>\n\t<meta property=\"og:image:width\" content=\"2560\" \/>\n\t<meta property=\"og:image:height\" content=\"1707\" \/>\n\t<meta property=\"og:image:type\" content=\"image\/jpeg\" \/>\n<meta name=\"twitter:card\" content=\"summary_large_image\" \/>\n<meta name=\"twitter:label1\" content=\"Geschatte leestijd\" \/>\n\t<meta name=\"twitter:data1\" content=\"1 minuut\" \/>\n<script type=\"application\/ld+json\" class=\"yoast-schema-graph\">{\"@context\":\"https:\/\/schema.org\",\"@graph\":[{\"@type\":\"WebPage\",\"@id\":\"https:\/\/onewood.dk\/vare\/7512-line-personaleskab-1bx2h\/\",\"url\":\"https:\/\/onewood.dk\/vare\/7512-line-personaleskab-1bx2h\/\",\"name\":\"7512 - Line personaleskab 1Bx2H | One Wood Furniture A\/S\",\"isPartOf\":{\"@id\":\"https:\/\/onewood.dk\/#website\"},\"primaryImageOfPage\":{\"@id\":\"https:\/\/onewood.dk\/vare\/7512-line-personaleskab-1bx2h\/#primaryimage\"},\"image\":{\"@id\":\"https:\/\/onewood.dk\/vare\/7512-line-personaleskab-1bx2h\/#primaryimage\"},\"thumbnailUrl\":\"https:\/\/onewood.dk\/wp-content\/uploads\/2024\/12\/3691-scaled.jpg\",\"datePublished\":\"2024-12-03T11:47:15+00:00\",\"dateModified\":\"2025-02-07T10:07:51+00:00\",\"breadcrumb\":{\"@id\":\"https:\/\/onewood.dk\/vare\/7512-line-personaleskab-1bx2h\/#breadcrumb\"},\"inLanguage\":\"nl-NL\",\"potentialAction\":[{\"@type\":\"ReadAction\",\"target\":[\"https:\/\/onewood.dk\/vare\/7512-line-personaleskab-1bx2h\/\"]}]},{\"@type\":\"ImageObject\",\"inLanguage\":\"nl-NL\",\"@id\":\"https:\/\/onewood.dk\/vare\/7512-line-personaleskab-1bx2h\/#primaryimage\",\"url\":\"https:\/\/onewood.dk\/wp-content\/uploads\/2024\/12\/3691-scaled.jpg\",\"contentUrl\":\"https:\/\/onewood.dk\/wp-content\/uploads\/2024\/12\/3691-scaled.jpg\",\"width\":2560,\"height\":1707},{\"@type\":\"BreadcrumbList\",\"@id\":\"https:\/\/onewood.dk\/vare\/7512-line-personaleskab-1bx2h\/#breadcrumb\",\"itemListElement\":[{\"@type\":\"ListItem\",\"position\":1,\"name\":\"Varer\",\"item\":\"https:\/\/onewood.dk\/shop\/\"},{\"@type\":\"ListItem\",\"position\":2,\"name\":\"Garderober &amp; tilbeh\u00f8r\",\"item\":\"https:\/\/onewood.dk\/vare-kategori\/garderober-tilbehoer\/\"},{\"@type\":\"ListItem\",\"position\":3,\"name\":\"Personaleskabe\",\"item\":\"https:\/\/onewood.dk\/vare-kategori\/garderober-tilbehoer\/personaleskabe\/\"},{\"@type\":\"ListItem\",\"position\":4,\"name\":\"Line personaleskab\",\"item\":\"https:\/\/onewood.dk\/vare-kategori\/garderober-tilbehoer\/personaleskabe\/line-personaleskab\/\"},{\"@type\":\"ListItem\",\"position\":5,\"name\":\"7512 &#8211; Line personaleskab 1Bx2H\"}]},{\"@type\":\"WebSite\",\"@id\":\"https:\/\/onewood.dk\/#website\",\"url\":\"https:\/\/onewood.dk\/\",\"name\":\"One Wood Furniture A\/S\",\"description\":\"\",\"publisher\":{\"@id\":\"https:\/\/onewood.dk\/#organization\"},\"potentialAction\":[{\"@type\":\"SearchAction\",\"target\":{\"@type\":\"EntryPoint\",\"urlTemplate\":\"https:\/\/onewood.dk\/?s={search_term_string}\"},\"query-input\":{\"@type\":\"PropertyValueSpecification\",\"valueRequired\":true,\"valueName\":\"search_term_string\"}}],\"inLanguage\":\"nl-NL\"},{\"@type\":\"Organization\",\"@id\":\"https:\/\/onewood.dk\/#organization\",\"name\":\"One Wood Furniture A\/S\",\"url\":\"https:\/\/onewood.dk\/\",\"logo\":{\"@type\":\"ImageObject\",\"inLanguage\":\"nl-NL\",\"@id\":\"https:\/\/onewood.dk\/#\/schema\/logo\/image\/\",\"url\":\"https:\/\/onewood.dk\/wp-content\/uploads\/2024\/12\/Logo.png\",\"contentUrl\":\"https:\/\/onewood.dk\/wp-content\/uploads\/2024\/12\/Logo.png\",\"width\":180,\"height\":90,\"caption\":\"One Wood Furniture A\/S\"},\"image\":{\"@id\":\"https:\/\/onewood.dk\/#\/schema\/logo\/image\/\"}}]}<\/script>\n<!-- \/ Yoast SEO plugin. -->","yoast_head_json":{"title":"7512 - Line personaleskab 1Bx2H | One Wood Furniture A\/S","robots":{"index":"index","follow":"follow","max-snippet":"max-snippet:-1","max-image-preview":"max-image-preview:large","max-video-preview":"max-video-preview:-1"},"canonical":"https:\/\/onewood.dk\/nl\/product\/7512-lijn-personeelskluis-1wx2h\/","og_locale":"nl_NL","og_type":"article","og_title":"7512 - Line personaleskab 1Bx2H | One Wood Furniture A\/S","og_description":"Line personaleskab 1 rum bred og 2 rum h\u00f8j\u00a0 i 18mm. hvidpigmenteret birkekrydsfiner. Skabet indeholder som standard l\u00e5ge med alm. l\u00e5s. &nbsp; Der kan tilk\u00f8bes sokkel, hylder og laminat p\u00e5 l\u00e5ger og overflader. Derudover kan der tilk\u00f8bes rukol\u00e5s i stedet for alm. l\u00e5s, for at f\u00e5 en mere kraftig l\u00e5s.","og_url":"https:\/\/onewood.dk\/nl\/product\/7512-lijn-personeelskluis-1wx2h\/","og_site_name":"One Wood Furniture A\/S","article_modified_time":"2025-02-07T10:07:51+00:00","og_image":[{"width":2560,"height":1707,"url":"https:\/\/onewood.dk\/wp-content\/uploads\/2024\/12\/3691-scaled.jpg","type":"image\/jpeg"}],"twitter_card":"summary_large_image","twitter_misc":{"Geschatte leestijd":"1 minuut"},"schema":{"@context":"https:\/\/schema.org","@graph":[{"@type":"WebPage","@id":"https:\/\/onewood.dk\/vare\/7512-line-personaleskab-1bx2h\/","url":"https:\/\/onewood.dk\/vare\/7512-line-personaleskab-1bx2h\/","name":"7512 - Line personaleskab 1Bx2H | One Wood Furniture A\/S","isPartOf":{"@id":"https:\/\/onewood.dk\/#website"},"primaryImageOfPage":{"@id":"https:\/\/onewood.dk\/vare\/7512-line-personaleskab-1bx2h\/#primaryimage"},"image":{"@id":"https:\/\/onewood.dk\/vare\/7512-line-personaleskab-1bx2h\/#primaryimage"},"thumbnailUrl":"https:\/\/onewood.dk\/wp-content\/uploads\/2024\/12\/3691-scaled.jpg","datePublished":"2024-12-03T11:47:15+00:00","dateModified":"2025-02-07T10:07:51+00:00","breadcrumb":{"@id":"https:\/\/onewood.dk\/vare\/7512-line-personaleskab-1bx2h\/#breadcrumb"},"inLanguage":"nl-NL","potentialAction":[{"@type":"ReadAction","target":["https:\/\/onewood.dk\/vare\/7512-line-personaleskab-1bx2h\/"]}]},{"@type":"ImageObject","inLanguage":"nl-NL","@id":"https:\/\/onewood.dk\/vare\/7512-line-personaleskab-1bx2h\/#primaryimage","url":"https:\/\/onewood.dk\/wp-content\/uploads\/2024\/12\/3691-scaled.jpg","contentUrl":"https:\/\/onewood.dk\/wp-content\/uploads\/2024\/12\/3691-scaled.jpg","width":2560,"height":1707},{"@type":"BreadcrumbList","@id":"https:\/\/onewood.dk\/vare\/7512-line-personaleskab-1bx2h\/#breadcrumb","itemListElement":[{"@type":"ListItem","position":1,"name":"Varer","item":"https:\/\/onewood.dk\/shop\/"},{"@type":"ListItem","position":2,"name":"Garderober &amp; tilbeh\u00f8r","item":"https:\/\/onewood.dk\/vare-kategori\/garderober-tilbehoer\/"},{"@type":"ListItem","position":3,"name":"Personaleskabe","item":"https:\/\/onewood.dk\/vare-kategori\/garderober-tilbehoer\/personaleskabe\/"},{"@type":"ListItem","position":4,"name":"Line personaleskab","item":"https:\/\/onewood.dk\/vare-kategori\/garderober-tilbehoer\/personaleskabe\/line-personaleskab\/"},{"@type":"ListItem","position":5,"name":"7512 &#8211; Line personaleskab 1Bx2H"}]},{"@type":"WebSite","@id":"https:\/\/onewood.dk\/#website","url":"https:\/\/onewood.dk\/","name":"One Wood Furniture A\/S","description":"","publisher":{"@id":"https:\/\/onewood.dk\/#organization"},"potentialAction":[{"@type":"SearchAction","target":{"@type":"EntryPoint","urlTemplate":"https:\/\/onewood.dk\/?s={search_term_string}"},"query-input":{"@type":"PropertyValueSpecification","valueRequired":true,"valueName":"search_term_string"}}],"inLanguage":"nl-NL"},{"@type":"Organization","@id":"https:\/\/onewood.dk\/#organization","name":"One Wood Furniture A\/S","url":"https:\/\/onewood.dk\/","logo":{"@type":"ImageObject","inLanguage":"nl-NL","@id":"https:\/\/onewood.dk\/#\/schema\/logo\/image\/","url":"https:\/\/onewood.dk\/wp-content\/uploads\/2024\/12\/Logo.png","contentUrl":"https:\/\/onewood.dk\/wp-content\/uploads\/2024\/12\/Logo.png","width":180,"height":90,"caption":"One Wood Furniture A\/S"},"image":{"@id":"https:\/\/onewood.dk\/#\/schema\/logo\/image\/"}}]}},"_links":{"self":[{"href":"https:\/\/onewood.dk\/nl\/wp-json\/wp\/v2\/product\/1610","targetHints":{"allow":["GET"]}}],"collection":[{"href":"https:\/\/onewood.dk\/nl\/wp-json\/wp\/v2\/product"}],"about":[{"href":"https:\/\/onewood.dk\/nl\/wp-json\/wp\/v2\/types\/product"}],"wp:featuredmedia":[{"embeddable":true,"href":"https:\/\/onewood.dk\/nl\/wp-json\/wp\/v2\/media\/3320"}],"wp:attachment":[{"href":"https:\/\/onewood.dk\/nl\/wp-json\/wp\/v2\/media?parent=1610"}],"wp:term":[{"taxonomy":"product_brand","embeddable":true,"href":"https:\/\/onewood.dk\/nl\/wp-json\/wp\/v2\/product_brand?post=1610"},{"taxonomy":"product_cat","embeddable":true,"href":"https:\/\/onewood.dk\/nl\/wp-json\/wp\/v2\/product_cat?post=1610"},{"taxonomy":"product_tag","embeddable":true,"href":"https:\/\/onewood.dk\/nl\/wp-json\/wp\/v2\/product_tag?post=1610"}],"curies":[{"name":"wp","href":"https:\/\/api.w.org\/{rel}","templated":true}]}}