{"id":1623,"date":"2024-12-03T12:47:15","date_gmt":"2024-12-03T11:47:15","guid":{"rendered":"https:\/\/onewood.dkvare\/7210-legeborg-med-uv-print-2\/"},"modified":"2025-01-23T07:47:23","modified_gmt":"2025-01-23T06:47:23","slug":"7210-legeborg-med-uv-print-2","status":"publish","type":"product","link":"https:\/\/onewood.dk\/nl\/product\/7210-speelhuisje-met-uv-print-2\/","title":{"rendered":"7210 \u2013 Speelhuis met UV-print"},"content":{"rendered":"<p>Kinderen vinden rollenspellen leuk omdat ze hiermee verschillende rollen kunnen bedenken en kunnen spelen en experimenteren met thema&#039;s die ze van andere mensen en dieren kennen. Rollenspellen worden vooral gespeeld omdat ze de saamhorigheid bevorderen en de sociale vaardigheden vergroten. Het is daarom belangrijk om hiervoor het juiste kader te cre\u00ebren.<\/p>\n<p>Het speelkasteel is een fijne plek voor kinderen waar ze hun fantasie de vrije loop kunnen laten.<\/p>\n<p>&nbsp;<\/p>\n<p>Speelhuisje van 18 mm wit gepigmenteerd berkenmultiplex.<\/p>","protected":false},"excerpt":{"rendered":"<p>De selectie van prints voor meubels cre\u00ebert unieke oplossingen en brengt leven in de speelkamer. De illustraties hebben een pedagogische insteek, waarbij leren en ontdekken voorop staan.<br \/>\nDe gedetailleerde illustraties maken het voor kinderen spannend om de producten te ontdekken en de eigenaardigheden en kenmerken van de afzonderlijke motieven te ontdekken.<br \/>\nHet stimuleert hun fantasie om hun eigen spellen te maken die met de motieven en producten te maken hebben.<\/p>\n<p>&nbsp;<\/p>\n<p>De motieven zijn gebaseerd op de Scandinavische natuur en herkenbare elementen daaruit. De kinderen krijgen de kans om te ontdekken welke dieren en planten respectievelijk tot het water, het land en de lucht behoren en hoe de natuur er in de verschillende seizoenen uitziet. Voor kinderen is het leuk om de individuele kenmerken, kleuren en vormen te ontdekken en te onderzoeken. Ook krijgen ze de kans om dezelfde dieren en omgevingen in de natuur te ontmoeten en te herkennen.<\/p>\n<p>Het is gemakkelijk toegankelijk voor kinderen als het in het meubilair is ge\u00efntegreerd. Wanneer ze op deze manier met de motieven worden geconfronteerd, wordt het een vanzelfsprekend onderdeel van hun dagelijks leven en ontstaat er een natuurlijke behoefte om dingen nader te onderzoeken.<\/p>\n<p>&nbsp;<\/p>\n<p>De prent is geheel uniek en gemaakt door een lokale kunstenaar uit \u00c6r\u00f8. De kunstenaar ontwierp het speciaal voor de meubels van One Wood.<\/p>","protected":false},"featured_media":3355,"template":"","meta":[],"product_brand":[],"product_cat":[637,634,559],"product_tag":[],"class_list":{"0":"post-1623","1":"product","2":"type-product","3":"status-publish","4":"has-post-thumbnail","6":"product_cat-legemoebler-print","7":"product_cat-print","8":"product_cat-oevrigt","10":"first","11":"instock","12":"product-type-simple"},"yoast_head":"<!-- This site is optimized with the Yoast SEO plugin v24.4 - https:\/\/yoast.com\/wordpress\/plugins\/seo\/ -->\n<title>7210 - Legeborg med UV print | One Wood Furniture A\/S<\/title>\n<meta name=\"robots\" content=\"index, follow, max-snippet:-1, max-image-preview:large, max-video-preview:-1\" \/>\n<link rel=\"canonical\" href=\"https:\/\/onewood.dk\/nl\/product\/7210-speelhuisje-met-uv-print-2\/\" \/>\n<meta property=\"og:locale\" content=\"nl_NL\" \/>\n<meta property=\"og:type\" content=\"article\" \/>\n<meta property=\"og:title\" content=\"7210 - Legeborg med UV print | One Wood Furniture A\/S\" \/>\n<meta property=\"og:description\" content=\"Med udvalget af print til m\u00f8bler skabes der unikke l\u00f8sninger, og giver liv i legerummet. Illustrationerne har en p\u00e6dagogisk indgangsvinkel, hvor l\u00e6ring og eksploration er i h\u00f8js\u00e6de. Den h\u00f8je detaljegrad ved illustrationerne, g\u00f8r det sp\u00e6ndende for b\u00f8rnene at udforske produkterne og finde s\u00e6rheder og kendetegn ved de enkelte motiver. Det er med til at stimulere deres fantasi til at skabe egne lege der involverer motiverne og produkterne.  &nbsp;  Motiverne tager udgangspunkt i den nordiske\u00a0 natur og kendte elementer herfra. B\u00f8rnene har mulighed for at udforske hvilke dyr og planter der h\u00f8rer til henholdsvis vand, land og luft og hvordan naturen tager sig ud ved de forskellige \u00e5rstider. Det er sjovt for b\u00f8rnene at udforske og unders\u00f8ge de enkelte kendetegn, farver og former og have muligheden for at m\u00f8de og genkende de samme dyr og omgivelser ude i naturen.  Det er nemt tilg\u00e6ngeligt for b\u00f8rnene, n\u00e5r det er integreret i m\u00f8blerne. Det bliver en naturlig del af deres hverdag og der opst\u00e5r en naturlig lyst til at unders\u00f8ge tingene n\u00e6rmere, n\u00e5r de p\u00e5 den m\u00e5de bliver sat over for motiverne.  &nbsp;  Printet er helt unikt og lavet af en lokal kunstner fra \u00c6r\u00f8. Kunstneren har tegnet det specielt til One Woods m\u00f8bler.\" \/>\n<meta property=\"og:url\" content=\"https:\/\/onewood.dk\/nl\/product\/7210-speelhuisje-met-uv-print-2\/\" \/>\n<meta property=\"og:site_name\" content=\"One Wood Furniture A\/S\" \/>\n<meta property=\"article:modified_time\" content=\"2025-01-23T06:47:23+00:00\" \/>\n<meta property=\"og:image\" content=\"https:\/\/onewood.dk\/wp-content\/uploads\/2024\/12\/2932.jpg\" \/>\n\t<meta property=\"og:image:width\" content=\"1600\" \/>\n\t<meta property=\"og:image:height\" content=\"1065\" \/>\n\t<meta property=\"og:image:type\" content=\"image\/jpeg\" \/>\n<meta name=\"twitter:card\" content=\"summary_large_image\" \/>\n<meta name=\"twitter:label1\" content=\"Geschatte leestijd\" \/>\n\t<meta name=\"twitter:data1\" content=\"1 minuut\" \/>\n<script type=\"application\/ld+json\" class=\"yoast-schema-graph\">{\"@context\":\"https:\/\/schema.org\",\"@graph\":[{\"@type\":\"WebPage\",\"@id\":\"https:\/\/onewood.dk\/vare\/7210-legeborg-med-uv-print-2\/\",\"url\":\"https:\/\/onewood.dk\/vare\/7210-legeborg-med-uv-print-2\/\",\"name\":\"7210 - Legeborg med UV print | One Wood Furniture A\/S\",\"isPartOf\":{\"@id\":\"https:\/\/onewood.dk\/#website\"},\"primaryImageOfPage\":{\"@id\":\"https:\/\/onewood.dk\/vare\/7210-legeborg-med-uv-print-2\/#primaryimage\"},\"image\":{\"@id\":\"https:\/\/onewood.dk\/vare\/7210-legeborg-med-uv-print-2\/#primaryimage\"},\"thumbnailUrl\":\"https:\/\/onewood.dk\/wp-content\/uploads\/2024\/12\/2932.jpg\",\"datePublished\":\"2024-12-03T11:47:15+00:00\",\"dateModified\":\"2025-01-23T06:47:23+00:00\",\"breadcrumb\":{\"@id\":\"https:\/\/onewood.dk\/vare\/7210-legeborg-med-uv-print-2\/#breadcrumb\"},\"inLanguage\":\"nl-NL\",\"potentialAction\":[{\"@type\":\"ReadAction\",\"target\":[\"https:\/\/onewood.dk\/vare\/7210-legeborg-med-uv-print-2\/\"]}]},{\"@type\":\"ImageObject\",\"inLanguage\":\"nl-NL\",\"@id\":\"https:\/\/onewood.dk\/vare\/7210-legeborg-med-uv-print-2\/#primaryimage\",\"url\":\"https:\/\/onewood.dk\/wp-content\/uploads\/2024\/12\/2932.jpg\",\"contentUrl\":\"https:\/\/onewood.dk\/wp-content\/uploads\/2024\/12\/2932.jpg\",\"width\":1600,\"height\":1065},{\"@type\":\"BreadcrumbList\",\"@id\":\"https:\/\/onewood.dk\/vare\/7210-legeborg-med-uv-print-2\/#breadcrumb\",\"itemListElement\":[{\"@type\":\"ListItem\",\"position\":1,\"name\":\"Varer\",\"item\":\"https:\/\/onewood.dk\/shop\/\"},{\"@type\":\"ListItem\",\"position\":2,\"name\":\"\u00d8vrigt\",\"item\":\"https:\/\/onewood.dk\/vare-kategori\/oevrigt\/\"},{\"@type\":\"ListItem\",\"position\":3,\"name\":\"Print\",\"item\":\"https:\/\/onewood.dk\/vare-kategori\/oevrigt\/print\/\"},{\"@type\":\"ListItem\",\"position\":4,\"name\":\"Legem\u00f8bler\",\"item\":\"https:\/\/onewood.dk\/vare-kategori\/oevrigt\/print\/legemoebler-print\/\"},{\"@type\":\"ListItem\",\"position\":5,\"name\":\"7210 &#8211; Legeborg med UV print\"}]},{\"@type\":\"WebSite\",\"@id\":\"https:\/\/onewood.dk\/#website\",\"url\":\"https:\/\/onewood.dk\/\",\"name\":\"One Wood Furniture A\/S\",\"description\":\"\",\"publisher\":{\"@id\":\"https:\/\/onewood.dk\/#organization\"},\"potentialAction\":[{\"@type\":\"SearchAction\",\"target\":{\"@type\":\"EntryPoint\",\"urlTemplate\":\"https:\/\/onewood.dk\/?s={search_term_string}\"},\"query-input\":{\"@type\":\"PropertyValueSpecification\",\"valueRequired\":true,\"valueName\":\"search_term_string\"}}],\"inLanguage\":\"nl-NL\"},{\"@type\":\"Organization\",\"@id\":\"https:\/\/onewood.dk\/#organization\",\"name\":\"One Wood Furniture A\/S\",\"url\":\"https:\/\/onewood.dk\/\",\"logo\":{\"@type\":\"ImageObject\",\"inLanguage\":\"nl-NL\",\"@id\":\"https:\/\/onewood.dk\/#\/schema\/logo\/image\/\",\"url\":\"https:\/\/onewood.dk\/wp-content\/uploads\/2024\/12\/Logo.png\",\"contentUrl\":\"https:\/\/onewood.dk\/wp-content\/uploads\/2024\/12\/Logo.png\",\"width\":180,\"height\":90,\"caption\":\"One Wood Furniture A\/S\"},\"image\":{\"@id\":\"https:\/\/onewood.dk\/#\/schema\/logo\/image\/\"}}]}<\/script>\n<!-- \/ Yoast SEO plugin. -->","yoast_head_json":{"title":"7210 - Legeborg med UV print | One Wood Furniture A\/S","robots":{"index":"index","follow":"follow","max-snippet":"max-snippet:-1","max-image-preview":"max-image-preview:large","max-video-preview":"max-video-preview:-1"},"canonical":"https:\/\/onewood.dk\/nl\/product\/7210-speelhuisje-met-uv-print-2\/","og_locale":"nl_NL","og_type":"article","og_title":"7210 - Legeborg med UV print | One Wood Furniture A\/S","og_description":"Med udvalget af print til m\u00f8bler skabes der unikke l\u00f8sninger, og giver liv i legerummet. Illustrationerne har en p\u00e6dagogisk indgangsvinkel, hvor l\u00e6ring og eksploration er i h\u00f8js\u00e6de. Den h\u00f8je detaljegrad ved illustrationerne, g\u00f8r det sp\u00e6ndende for b\u00f8rnene at udforske produkterne og finde s\u00e6rheder og kendetegn ved de enkelte motiver. Det er med til at stimulere deres fantasi til at skabe egne lege der involverer motiverne og produkterne.  &nbsp;  Motiverne tager udgangspunkt i den nordiske\u00a0 natur og kendte elementer herfra. B\u00f8rnene har mulighed for at udforske hvilke dyr og planter der h\u00f8rer til henholdsvis vand, land og luft og hvordan naturen tager sig ud ved de forskellige \u00e5rstider. Det er sjovt for b\u00f8rnene at udforske og unders\u00f8ge de enkelte kendetegn, farver og former og have muligheden for at m\u00f8de og genkende de samme dyr og omgivelser ude i naturen.  Det er nemt tilg\u00e6ngeligt for b\u00f8rnene, n\u00e5r det er integreret i m\u00f8blerne. Det bliver en naturlig del af deres hverdag og der opst\u00e5r en naturlig lyst til at unders\u00f8ge tingene n\u00e6rmere, n\u00e5r de p\u00e5 den m\u00e5de bliver sat over for motiverne.  &nbsp;  Printet er helt unikt og lavet af en lokal kunstner fra \u00c6r\u00f8. Kunstneren har tegnet det specielt til One Woods m\u00f8bler.","og_url":"https:\/\/onewood.dk\/nl\/product\/7210-speelhuisje-met-uv-print-2\/","og_site_name":"One Wood Furniture A\/S","article_modified_time":"2025-01-23T06:47:23+00:00","og_image":[{"width":1600,"height":1065,"url":"https:\/\/onewood.dk\/wp-content\/uploads\/2024\/12\/2932.jpg","type":"image\/jpeg"}],"twitter_card":"summary_large_image","twitter_misc":{"Geschatte leestijd":"1 minuut"},"schema":{"@context":"https:\/\/schema.org","@graph":[{"@type":"WebPage","@id":"https:\/\/onewood.dk\/vare\/7210-legeborg-med-uv-print-2\/","url":"https:\/\/onewood.dk\/vare\/7210-legeborg-med-uv-print-2\/","name":"7210 - Legeborg med UV print | One Wood Furniture A\/S","isPartOf":{"@id":"https:\/\/onewood.dk\/#website"},"primaryImageOfPage":{"@id":"https:\/\/onewood.dk\/vare\/7210-legeborg-med-uv-print-2\/#primaryimage"},"image":{"@id":"https:\/\/onewood.dk\/vare\/7210-legeborg-med-uv-print-2\/#primaryimage"},"thumbnailUrl":"https:\/\/onewood.dk\/wp-content\/uploads\/2024\/12\/2932.jpg","datePublished":"2024-12-03T11:47:15+00:00","dateModified":"2025-01-23T06:47:23+00:00","breadcrumb":{"@id":"https:\/\/onewood.dk\/vare\/7210-legeborg-med-uv-print-2\/#breadcrumb"},"inLanguage":"nl-NL","potentialAction":[{"@type":"ReadAction","target":["https:\/\/onewood.dk\/vare\/7210-legeborg-med-uv-print-2\/"]}]},{"@type":"ImageObject","inLanguage":"nl-NL","@id":"https:\/\/onewood.dk\/vare\/7210-legeborg-med-uv-print-2\/#primaryimage","url":"https:\/\/onewood.dk\/wp-content\/uploads\/2024\/12\/2932.jpg","contentUrl":"https:\/\/onewood.dk\/wp-content\/uploads\/2024\/12\/2932.jpg","width":1600,"height":1065},{"@type":"BreadcrumbList","@id":"https:\/\/onewood.dk\/vare\/7210-legeborg-med-uv-print-2\/#breadcrumb","itemListElement":[{"@type":"ListItem","position":1,"name":"Varer","item":"https:\/\/onewood.dk\/shop\/"},{"@type":"ListItem","position":2,"name":"\u00d8vrigt","item":"https:\/\/onewood.dk\/vare-kategori\/oevrigt\/"},{"@type":"ListItem","position":3,"name":"Print","item":"https:\/\/onewood.dk\/vare-kategori\/oevrigt\/print\/"},{"@type":"ListItem","position":4,"name":"Legem\u00f8bler","item":"https:\/\/onewood.dk\/vare-kategori\/oevrigt\/print\/legemoebler-print\/"},{"@type":"ListItem","position":5,"name":"7210 &#8211; Legeborg med UV print"}]},{"@type":"WebSite","@id":"https:\/\/onewood.dk\/#website","url":"https:\/\/onewood.dk\/","name":"One Wood Furniture A\/S","description":"","publisher":{"@id":"https:\/\/onewood.dk\/#organization"},"potentialAction":[{"@type":"SearchAction","target":{"@type":"EntryPoint","urlTemplate":"https:\/\/onewood.dk\/?s={search_term_string}"},"query-input":{"@type":"PropertyValueSpecification","valueRequired":true,"valueName":"search_term_string"}}],"inLanguage":"nl-NL"},{"@type":"Organization","@id":"https:\/\/onewood.dk\/#organization","name":"One Wood Furniture A\/S","url":"https:\/\/onewood.dk\/","logo":{"@type":"ImageObject","inLanguage":"nl-NL","@id":"https:\/\/onewood.dk\/#\/schema\/logo\/image\/","url":"https:\/\/onewood.dk\/wp-content\/uploads\/2024\/12\/Logo.png","contentUrl":"https:\/\/onewood.dk\/wp-content\/uploads\/2024\/12\/Logo.png","width":180,"height":90,"caption":"One Wood Furniture A\/S"},"image":{"@id":"https:\/\/onewood.dk\/#\/schema\/logo\/image\/"}}]}},"_links":{"self":[{"href":"https:\/\/onewood.dk\/nl\/wp-json\/wp\/v2\/product\/1623","targetHints":{"allow":["GET"]}}],"collection":[{"href":"https:\/\/onewood.dk\/nl\/wp-json\/wp\/v2\/product"}],"about":[{"href":"https:\/\/onewood.dk\/nl\/wp-json\/wp\/v2\/types\/product"}],"wp:featuredmedia":[{"embeddable":true,"href":"https:\/\/onewood.dk\/nl\/wp-json\/wp\/v2\/media\/3355"}],"wp:attachment":[{"href":"https:\/\/onewood.dk\/nl\/wp-json\/wp\/v2\/media?parent=1623"}],"wp:term":[{"taxonomy":"product_brand","embeddable":true,"href":"https:\/\/onewood.dk\/nl\/wp-json\/wp\/v2\/product_brand?post=1623"},{"taxonomy":"product_cat","embeddable":true,"href":"https:\/\/onewood.dk\/nl\/wp-json\/wp\/v2\/product_cat?post=1623"},{"taxonomy":"product_tag","embeddable":true,"href":"https:\/\/onewood.dk\/nl\/wp-json\/wp\/v2\/product_tag?post=1623"}],"curies":[{"name":"wp","href":"https:\/\/api.w.org\/{rel}","templated":true}]}}