{"id":1708,"date":"2024-12-03T12:47:32","date_gmt":"2024-12-03T11:47:32","guid":{"rendered":"https:\/\/onewood.dkvare\/1403-3-rums-modul\/"},"modified":"2025-03-07T10:03:38","modified_gmt":"2025-03-07T09:03:38","slug":"1403-3-rums-modul","status":"publish","type":"product","link":"https:\/\/onewood.dk\/nl\/product\/1403-3-kamermodule\/","title":{"rendered":"1403 \u2013 3-kamermodule"},"content":{"rendered":"<p>Mobiele kast met 3 vakken in 19 mm spaanplaat.<\/p>\n<p>Zeer populaire stellingkast, omdat het een slimme en eenvoudige stellingkastserie is die voldoet aan de behoeften van de meeste mensen aan flexibele en functionele opbergruimte. Dankzij de vele modellen en aanpassingsmogelijkheden kunt u het eenvoudig naar uw wensen samenstellen.<\/p>\n<ul>\n<li>Wordt geleverd met stevige, vergrendelbare wielen en een 19 mm achterpaneel.<\/li>\n<li>Als u de plank aan de muur wilt bevestigen, wordt deze zonder wielen geleverd.<\/li>\n<li>Indien u een aantal kamers ingericht wilt hebben, vermeld dan het kamernummer.<\/li>\n<\/ul>","protected":false},"excerpt":{"rendered":"<p>Mobil reol 3 rum i 19 mm sp\u00e5nplade. Meget popul\u00e6re reol, da det er en smart og enkel reolserie, der opfylder de flestes behov for fleksibel og funktionel opbevaring. De mange modeller og tilpasningsmuligheder, g\u00f8r det let at sammens\u00e6tte efter eget \u00f8nske. Leveres med kraftige l\u00e5sbare hjul og med 19mm bagbekl\u00e6dning. \u00d8nskes reolen v\u00e6gh\u00e6ngt, leveres [&hellip;]<\/p>","protected":false},"featured_media":3702,"template":"","meta":[],"product_brand":[],"product_cat":[654,715,714,704],"product_tag":[],"class_list":{"0":"post-1708","1":"product","2":"type-product","3":"status-publish","4":"has-post-thumbnail","6":"product_cat-freja-reoler","7":"product_cat-freja-reoler-spaan-melamin","8":"product_cat-reoler-spaan-melamin","9":"product_cat-spaan-melamin","11":"first","12":"instock","13":"product-type-simple"},"yoast_head":"<!-- This site is optimized with the Yoast SEO plugin v24.4 - https:\/\/yoast.com\/wordpress\/plugins\/seo\/ -->\n<title>1403 - 3 rums modul | One Wood Furniture A\/S<\/title>\n<meta name=\"robots\" content=\"index, follow, max-snippet:-1, max-image-preview:large, max-video-preview:-1\" \/>\n<link rel=\"canonical\" href=\"https:\/\/onewood.dk\/nl\/product\/1403-3-kamermodule\/\" \/>\n<meta property=\"og:locale\" content=\"nl_NL\" \/>\n<meta property=\"og:type\" content=\"article\" \/>\n<meta property=\"og:title\" content=\"1403 - 3 rums modul | One Wood Furniture A\/S\" \/>\n<meta property=\"og:description\" content=\"Mobil reol 3 rum i 19 mm sp\u00e5nplade. Meget popul\u00e6re reol, da det er en smart og enkel reolserie, der opfylder de flestes behov for fleksibel og funktionel opbevaring. De mange modeller og tilpasningsmuligheder, g\u00f8r det let at sammens\u00e6tte efter eget \u00f8nske. Leveres med kraftige l\u00e5sbare hjul og med 19mm bagbekl\u00e6dning. \u00d8nskes reolen v\u00e6gh\u00e6ngt, leveres [&hellip;]\" \/>\n<meta property=\"og:url\" content=\"https:\/\/onewood.dk\/nl\/product\/1403-3-kamermodule\/\" \/>\n<meta property=\"og:site_name\" content=\"One Wood Furniture A\/S\" \/>\n<meta property=\"article:modified_time\" content=\"2025-03-07T09:03:38+00:00\" \/>\n<meta property=\"og:image\" content=\"https:\/\/onewood.dk\/wp-content\/uploads\/2024\/12\/4612-scaled.jpg\" \/>\n\t<meta property=\"og:image:width\" content=\"2560\" \/>\n\t<meta property=\"og:image:height\" content=\"1707\" \/>\n\t<meta property=\"og:image:type\" content=\"image\/jpeg\" \/>\n<meta name=\"twitter:card\" content=\"summary_large_image\" \/>\n<meta name=\"twitter:label1\" content=\"Geschatte leestijd\" \/>\n\t<meta name=\"twitter:data1\" content=\"1 minuut\" \/>\n<script type=\"application\/ld+json\" class=\"yoast-schema-graph\">{\"@context\":\"https:\/\/schema.org\",\"@graph\":[{\"@type\":\"WebPage\",\"@id\":\"https:\/\/onewood.dk\/vare\/1403-3-rums-modul\/\",\"url\":\"https:\/\/onewood.dk\/vare\/1403-3-rums-modul\/\",\"name\":\"1403 - 3 rums modul | One Wood Furniture A\/S\",\"isPartOf\":{\"@id\":\"https:\/\/onewood.dk\/#website\"},\"primaryImageOfPage\":{\"@id\":\"https:\/\/onewood.dk\/vare\/1403-3-rums-modul\/#primaryimage\"},\"image\":{\"@id\":\"https:\/\/onewood.dk\/vare\/1403-3-rums-modul\/#primaryimage\"},\"thumbnailUrl\":\"https:\/\/onewood.dk\/wp-content\/uploads\/2024\/12\/4612-scaled.jpg\",\"datePublished\":\"2024-12-03T11:47:32+00:00\",\"dateModified\":\"2025-03-07T09:03:38+00:00\",\"breadcrumb\":{\"@id\":\"https:\/\/onewood.dk\/vare\/1403-3-rums-modul\/#breadcrumb\"},\"inLanguage\":\"nl-NL\",\"potentialAction\":[{\"@type\":\"ReadAction\",\"target\":[\"https:\/\/onewood.dk\/vare\/1403-3-rums-modul\/\"]}]},{\"@type\":\"ImageObject\",\"inLanguage\":\"nl-NL\",\"@id\":\"https:\/\/onewood.dk\/vare\/1403-3-rums-modul\/#primaryimage\",\"url\":\"https:\/\/onewood.dk\/wp-content\/uploads\/2024\/12\/4612-scaled.jpg\",\"contentUrl\":\"https:\/\/onewood.dk\/wp-content\/uploads\/2024\/12\/4612-scaled.jpg\",\"width\":2560,\"height\":1707},{\"@type\":\"BreadcrumbList\",\"@id\":\"https:\/\/onewood.dk\/vare\/1403-3-rums-modul\/#breadcrumb\",\"itemListElement\":[{\"@type\":\"ListItem\",\"position\":1,\"name\":\"Varer\",\"item\":\"https:\/\/onewood.dk\/shop\/\"},{\"@type\":\"ListItem\",\"position\":2,\"name\":\"Sp\u00e5n melamin\",\"item\":\"https:\/\/onewood.dk\/vare-kategori\/spaan-melamin\/\"},{\"@type\":\"ListItem\",\"position\":3,\"name\":\"Reoler\",\"item\":\"https:\/\/onewood.dk\/vare-kategori\/spaan-melamin\/reoler-spaan-melamin\/\"},{\"@type\":\"ListItem\",\"position\":4,\"name\":\"Freja\",\"item\":\"https:\/\/onewood.dk\/vare-kategori\/spaan-melamin\/reoler-spaan-melamin\/freja-reoler-spaan-melamin\/\"},{\"@type\":\"ListItem\",\"position\":5,\"name\":\"Freja reoler\",\"item\":\"https:\/\/onewood.dk\/vare-kategori\/spaan-melamin\/reoler-spaan-melamin\/freja-reoler-spaan-melamin\/freja-reoler\/\"},{\"@type\":\"ListItem\",\"position\":6,\"name\":\"1403 &#8211; 3 rums modul\"}]},{\"@type\":\"WebSite\",\"@id\":\"https:\/\/onewood.dk\/#website\",\"url\":\"https:\/\/onewood.dk\/\",\"name\":\"One Wood Furniture A\/S\",\"description\":\"\",\"publisher\":{\"@id\":\"https:\/\/onewood.dk\/#organization\"},\"potentialAction\":[{\"@type\":\"SearchAction\",\"target\":{\"@type\":\"EntryPoint\",\"urlTemplate\":\"https:\/\/onewood.dk\/?s={search_term_string}\"},\"query-input\":{\"@type\":\"PropertyValueSpecification\",\"valueRequired\":true,\"valueName\":\"search_term_string\"}}],\"inLanguage\":\"nl-NL\"},{\"@type\":\"Organization\",\"@id\":\"https:\/\/onewood.dk\/#organization\",\"name\":\"One Wood Furniture A\/S\",\"url\":\"https:\/\/onewood.dk\/\",\"logo\":{\"@type\":\"ImageObject\",\"inLanguage\":\"nl-NL\",\"@id\":\"https:\/\/onewood.dk\/#\/schema\/logo\/image\/\",\"url\":\"https:\/\/onewood.dk\/wp-content\/uploads\/2024\/12\/Logo.png\",\"contentUrl\":\"https:\/\/onewood.dk\/wp-content\/uploads\/2024\/12\/Logo.png\",\"width\":180,\"height\":90,\"caption\":\"One Wood Furniture A\/S\"},\"image\":{\"@id\":\"https:\/\/onewood.dk\/#\/schema\/logo\/image\/\"}}]}<\/script>\n<!-- \/ Yoast SEO plugin. -->","yoast_head_json":{"title":"1403 - 3 rums modul | One Wood Furniture A\/S","robots":{"index":"index","follow":"follow","max-snippet":"max-snippet:-1","max-image-preview":"max-image-preview:large","max-video-preview":"max-video-preview:-1"},"canonical":"https:\/\/onewood.dk\/nl\/product\/1403-3-kamermodule\/","og_locale":"nl_NL","og_type":"article","og_title":"1403 - 3 rums modul | One Wood Furniture A\/S","og_description":"Mobil reol 3 rum i 19 mm sp\u00e5nplade. Meget popul\u00e6re reol, da det er en smart og enkel reolserie, der opfylder de flestes behov for fleksibel og funktionel opbevaring. De mange modeller og tilpasningsmuligheder, g\u00f8r det let at sammens\u00e6tte efter eget \u00f8nske. Leveres med kraftige l\u00e5sbare hjul og med 19mm bagbekl\u00e6dning. \u00d8nskes reolen v\u00e6gh\u00e6ngt, leveres [&hellip;]","og_url":"https:\/\/onewood.dk\/nl\/product\/1403-3-kamermodule\/","og_site_name":"One Wood Furniture A\/S","article_modified_time":"2025-03-07T09:03:38+00:00","og_image":[{"width":2560,"height":1707,"url":"https:\/\/onewood.dk\/wp-content\/uploads\/2024\/12\/4612-scaled.jpg","type":"image\/jpeg"}],"twitter_card":"summary_large_image","twitter_misc":{"Geschatte leestijd":"1 minuut"},"schema":{"@context":"https:\/\/schema.org","@graph":[{"@type":"WebPage","@id":"https:\/\/onewood.dk\/vare\/1403-3-rums-modul\/","url":"https:\/\/onewood.dk\/vare\/1403-3-rums-modul\/","name":"1403 - 3 rums modul | One Wood Furniture A\/S","isPartOf":{"@id":"https:\/\/onewood.dk\/#website"},"primaryImageOfPage":{"@id":"https:\/\/onewood.dk\/vare\/1403-3-rums-modul\/#primaryimage"},"image":{"@id":"https:\/\/onewood.dk\/vare\/1403-3-rums-modul\/#primaryimage"},"thumbnailUrl":"https:\/\/onewood.dk\/wp-content\/uploads\/2024\/12\/4612-scaled.jpg","datePublished":"2024-12-03T11:47:32+00:00","dateModified":"2025-03-07T09:03:38+00:00","breadcrumb":{"@id":"https:\/\/onewood.dk\/vare\/1403-3-rums-modul\/#breadcrumb"},"inLanguage":"nl-NL","potentialAction":[{"@type":"ReadAction","target":["https:\/\/onewood.dk\/vare\/1403-3-rums-modul\/"]}]},{"@type":"ImageObject","inLanguage":"nl-NL","@id":"https:\/\/onewood.dk\/vare\/1403-3-rums-modul\/#primaryimage","url":"https:\/\/onewood.dk\/wp-content\/uploads\/2024\/12\/4612-scaled.jpg","contentUrl":"https:\/\/onewood.dk\/wp-content\/uploads\/2024\/12\/4612-scaled.jpg","width":2560,"height":1707},{"@type":"BreadcrumbList","@id":"https:\/\/onewood.dk\/vare\/1403-3-rums-modul\/#breadcrumb","itemListElement":[{"@type":"ListItem","position":1,"name":"Varer","item":"https:\/\/onewood.dk\/shop\/"},{"@type":"ListItem","position":2,"name":"Sp\u00e5n melamin","item":"https:\/\/onewood.dk\/vare-kategori\/spaan-melamin\/"},{"@type":"ListItem","position":3,"name":"Reoler","item":"https:\/\/onewood.dk\/vare-kategori\/spaan-melamin\/reoler-spaan-melamin\/"},{"@type":"ListItem","position":4,"name":"Freja","item":"https:\/\/onewood.dk\/vare-kategori\/spaan-melamin\/reoler-spaan-melamin\/freja-reoler-spaan-melamin\/"},{"@type":"ListItem","position":5,"name":"Freja reoler","item":"https:\/\/onewood.dk\/vare-kategori\/spaan-melamin\/reoler-spaan-melamin\/freja-reoler-spaan-melamin\/freja-reoler\/"},{"@type":"ListItem","position":6,"name":"1403 &#8211; 3 rums modul"}]},{"@type":"WebSite","@id":"https:\/\/onewood.dk\/#website","url":"https:\/\/onewood.dk\/","name":"One Wood Furniture A\/S","description":"","publisher":{"@id":"https:\/\/onewood.dk\/#organization"},"potentialAction":[{"@type":"SearchAction","target":{"@type":"EntryPoint","urlTemplate":"https:\/\/onewood.dk\/?s={search_term_string}"},"query-input":{"@type":"PropertyValueSpecification","valueRequired":true,"valueName":"search_term_string"}}],"inLanguage":"nl-NL"},{"@type":"Organization","@id":"https:\/\/onewood.dk\/#organization","name":"One Wood Furniture A\/S","url":"https:\/\/onewood.dk\/","logo":{"@type":"ImageObject","inLanguage":"nl-NL","@id":"https:\/\/onewood.dk\/#\/schema\/logo\/image\/","url":"https:\/\/onewood.dk\/wp-content\/uploads\/2024\/12\/Logo.png","contentUrl":"https:\/\/onewood.dk\/wp-content\/uploads\/2024\/12\/Logo.png","width":180,"height":90,"caption":"One Wood Furniture A\/S"},"image":{"@id":"https:\/\/onewood.dk\/#\/schema\/logo\/image\/"}}]}},"_links":{"self":[{"href":"https:\/\/onewood.dk\/nl\/wp-json\/wp\/v2\/product\/1708","targetHints":{"allow":["GET"]}}],"collection":[{"href":"https:\/\/onewood.dk\/nl\/wp-json\/wp\/v2\/product"}],"about":[{"href":"https:\/\/onewood.dk\/nl\/wp-json\/wp\/v2\/types\/product"}],"wp:featuredmedia":[{"embeddable":true,"href":"https:\/\/onewood.dk\/nl\/wp-json\/wp\/v2\/media\/3702"}],"wp:attachment":[{"href":"https:\/\/onewood.dk\/nl\/wp-json\/wp\/v2\/media?parent=1708"}],"wp:term":[{"taxonomy":"product_brand","embeddable":true,"href":"https:\/\/onewood.dk\/nl\/wp-json\/wp\/v2\/product_brand?post=1708"},{"taxonomy":"product_cat","embeddable":true,"href":"https:\/\/onewood.dk\/nl\/wp-json\/wp\/v2\/product_cat?post=1708"},{"taxonomy":"product_tag","embeddable":true,"href":"https:\/\/onewood.dk\/nl\/wp-json\/wp\/v2\/product_tag?post=1708"}],"curies":[{"name":"wp","href":"https:\/\/api.w.org\/{rel}","templated":true}]}}