{"id":1876,"date":"2024-12-03T12:47:55","date_gmt":"2024-12-03T11:47:55","guid":{"rendered":"https:\/\/onewood.dkvare\/8428-skoreol-5-hylder\/"},"modified":"2025-02-07T12:42:29","modified_gmt":"2025-02-07T11:42:29","slug":"8428-skoreol-5-hylder","status":"publish","type":"product","link":"https:\/\/onewood.dk\/nl\/product\/8428-schoenenrek-5-planken\/","title":{"rendered":"8428 \u2013 Schoenenrek 5 planken"},"content":{"rendered":"<p>Schoenenrek in 15 mm wit gepigmenteerd berkenmultiplex<\/p>\n<p>Schoenenrek met aluminium buizen die corrosie voorkomen.<\/p>\n<p>Voorkom chaos in uw garderobe. Krijg op een eenvoudige en overzichtelijke manier controle over uw schoenen.<\/p>\n<p>4 paar laarzen\/schoenen op elke plank.<\/p>\n<p>De plank is gemaakt van een goede en sterke constructie, maar heeft tegelijkertijd een eenvoudig en elegant ontwerp.<\/p>\n<p>Het schoenenrek is voorzien van wieltjes, zodat u het eenvoudig kunt verplaatsen om schoon te maken.<\/p>\n<p>Onewood adviseert om de plank met beugels aan de muur te bevestigen. Deze beugels zijn eenvoudig los te maken en de plank kan worden verplaatst.<\/p>\n<p><strong>Extra aankopen:<\/strong><\/p>\n<p>Muurbeugel<br \/>\nLekbak met laminaat<br \/>\nAluminium lekbak met kleine X-bocht zodat water en vuil naar het midden kunnen lopen en verdampen<\/p>","protected":false},"excerpt":{"rendered":"<p>Schoenenrek van 15 mm dik wit gepigmenteerd berkenmultiplex. Schoenenrek met aluminium buizen die corrosie voorkomen. Voorkom chaos in de kledingkast. Houd uw schoenen overzichtelijk en overzichtelijk. 4 paar laarzen\/schoenen op elke plank. Het rek is gemaakt van een degelijke en sterke constructie, maar heeft tegelijkertijd een eenvoudig en elegant ontwerp. Het schoenenrek is voorzien van wielen, dus [\u2026]<\/p>","protected":false},"featured_media":4260,"template":"","meta":[],"product_brand":[],"product_cat":[555,674],"product_tag":[],"class_list":{"0":"post-1876","1":"product","2":"type-product","3":"status-publish","4":"has-post-thumbnail","6":"product_cat-garderober-tilbehoer","7":"product_cat-skoreol","9":"first","10":"instock","11":"product-type-simple"},"yoast_head":"<!-- This site is optimized with the Yoast SEO plugin v24.4 - https:\/\/yoast.com\/wordpress\/plugins\/seo\/ -->\n<title>8428 - Skoreol 5 hylder | One Wood Furniture A\/S<\/title>\n<meta name=\"robots\" content=\"index, follow, max-snippet:-1, max-image-preview:large, max-video-preview:-1\" \/>\n<link rel=\"canonical\" href=\"https:\/\/onewood.dk\/nl\/product\/8428-schoenenrek-5-planken\/\" \/>\n<meta property=\"og:locale\" content=\"nl_NL\" \/>\n<meta property=\"og:type\" content=\"article\" \/>\n<meta property=\"og:title\" content=\"8428 - Skoreol 5 hylder | One Wood Furniture A\/S\" \/>\n<meta property=\"og:description\" content=\"Skoreol i 15mm hvidpigmenteret birkekrydsfiner Skoreol med aluminiums r\u00f8r som forhindrer korrosion. Undg\u00e5 kaos i garderobe. F\u00e5 styr p\u00e5 fodt\u00f8jet p\u00e5 en nem og ordentlig m\u00e5de. 4 par st\u00f8vler\/sko p\u00e5 hver hylde. Reolen er fremstillet i god og kraftig konstruktion, men samtidig i et enkelt og elegant design. Skoreolen leveres med hjul s\u00e5 det er [&hellip;]\" \/>\n<meta property=\"og:url\" content=\"https:\/\/onewood.dk\/nl\/product\/8428-schoenenrek-5-planken\/\" \/>\n<meta property=\"og:site_name\" content=\"One Wood Furniture A\/S\" \/>\n<meta property=\"article:modified_time\" content=\"2025-02-07T11:42:29+00:00\" \/>\n<meta property=\"og:image\" content=\"https:\/\/onewood.dk\/wp-content\/uploads\/2024\/12\/6125-scaled.jpg\" \/>\n\t<meta property=\"og:image:width\" content=\"2560\" \/>\n\t<meta property=\"og:image:height\" content=\"1707\" \/>\n\t<meta property=\"og:image:type\" content=\"image\/jpeg\" \/>\n<meta name=\"twitter:card\" content=\"summary_large_image\" \/>\n<meta name=\"twitter:label1\" content=\"Geschatte leestijd\" \/>\n\t<meta name=\"twitter:data1\" content=\"1 minuut\" \/>\n<script type=\"application\/ld+json\" class=\"yoast-schema-graph\">{\"@context\":\"https:\/\/schema.org\",\"@graph\":[{\"@type\":\"WebPage\",\"@id\":\"https:\/\/onewood.dk\/vare\/8428-skoreol-5-hylder\/\",\"url\":\"https:\/\/onewood.dk\/vare\/8428-skoreol-5-hylder\/\",\"name\":\"8428 - Skoreol 5 hylder | One Wood Furniture A\/S\",\"isPartOf\":{\"@id\":\"https:\/\/onewood.dk\/#website\"},\"primaryImageOfPage\":{\"@id\":\"https:\/\/onewood.dk\/vare\/8428-skoreol-5-hylder\/#primaryimage\"},\"image\":{\"@id\":\"https:\/\/onewood.dk\/vare\/8428-skoreol-5-hylder\/#primaryimage\"},\"thumbnailUrl\":\"https:\/\/onewood.dk\/wp-content\/uploads\/2024\/12\/6125-scaled.jpg\",\"datePublished\":\"2024-12-03T11:47:55+00:00\",\"dateModified\":\"2025-02-07T11:42:29+00:00\",\"breadcrumb\":{\"@id\":\"https:\/\/onewood.dk\/vare\/8428-skoreol-5-hylder\/#breadcrumb\"},\"inLanguage\":\"nl-NL\",\"potentialAction\":[{\"@type\":\"ReadAction\",\"target\":[\"https:\/\/onewood.dk\/vare\/8428-skoreol-5-hylder\/\"]}]},{\"@type\":\"ImageObject\",\"inLanguage\":\"nl-NL\",\"@id\":\"https:\/\/onewood.dk\/vare\/8428-skoreol-5-hylder\/#primaryimage\",\"url\":\"https:\/\/onewood.dk\/wp-content\/uploads\/2024\/12\/6125-scaled.jpg\",\"contentUrl\":\"https:\/\/onewood.dk\/wp-content\/uploads\/2024\/12\/6125-scaled.jpg\",\"width\":2560,\"height\":1707},{\"@type\":\"BreadcrumbList\",\"@id\":\"https:\/\/onewood.dk\/vare\/8428-skoreol-5-hylder\/#breadcrumb\",\"itemListElement\":[{\"@type\":\"ListItem\",\"position\":1,\"name\":\"Varer\",\"item\":\"https:\/\/onewood.dk\/shop\/\"},{\"@type\":\"ListItem\",\"position\":2,\"name\":\"Garderober &amp; tilbeh\u00f8r\",\"item\":\"https:\/\/onewood.dk\/vare-kategori\/garderober-tilbehoer\/\"},{\"@type\":\"ListItem\",\"position\":3,\"name\":\"Skoreol\",\"item\":\"https:\/\/onewood.dk\/vare-kategori\/garderober-tilbehoer\/skoreol\/\"},{\"@type\":\"ListItem\",\"position\":4,\"name\":\"8428 &#8211; Skoreol 5 hylder\"}]},{\"@type\":\"WebSite\",\"@id\":\"https:\/\/onewood.dk\/#website\",\"url\":\"https:\/\/onewood.dk\/\",\"name\":\"One Wood Furniture A\/S\",\"description\":\"\",\"publisher\":{\"@id\":\"https:\/\/onewood.dk\/#organization\"},\"potentialAction\":[{\"@type\":\"SearchAction\",\"target\":{\"@type\":\"EntryPoint\",\"urlTemplate\":\"https:\/\/onewood.dk\/?s={search_term_string}\"},\"query-input\":{\"@type\":\"PropertyValueSpecification\",\"valueRequired\":true,\"valueName\":\"search_term_string\"}}],\"inLanguage\":\"nl-NL\"},{\"@type\":\"Organization\",\"@id\":\"https:\/\/onewood.dk\/#organization\",\"name\":\"One Wood Furniture A\/S\",\"url\":\"https:\/\/onewood.dk\/\",\"logo\":{\"@type\":\"ImageObject\",\"inLanguage\":\"nl-NL\",\"@id\":\"https:\/\/onewood.dk\/#\/schema\/logo\/image\/\",\"url\":\"https:\/\/onewood.dk\/wp-content\/uploads\/2024\/12\/Logo.png\",\"contentUrl\":\"https:\/\/onewood.dk\/wp-content\/uploads\/2024\/12\/Logo.png\",\"width\":180,\"height\":90,\"caption\":\"One Wood Furniture A\/S\"},\"image\":{\"@id\":\"https:\/\/onewood.dk\/#\/schema\/logo\/image\/\"}}]}<\/script>\n<!-- \/ Yoast SEO plugin. -->","yoast_head_json":{"title":"8428 - Skoreol 5 hylder | One Wood Furniture A\/S","robots":{"index":"index","follow":"follow","max-snippet":"max-snippet:-1","max-image-preview":"max-image-preview:large","max-video-preview":"max-video-preview:-1"},"canonical":"https:\/\/onewood.dk\/nl\/product\/8428-schoenenrek-5-planken\/","og_locale":"nl_NL","og_type":"article","og_title":"8428 - Skoreol 5 hylder | One Wood Furniture A\/S","og_description":"Skoreol i 15mm hvidpigmenteret birkekrydsfiner Skoreol med aluminiums r\u00f8r som forhindrer korrosion. Undg\u00e5 kaos i garderobe. F\u00e5 styr p\u00e5 fodt\u00f8jet p\u00e5 en nem og ordentlig m\u00e5de. 4 par st\u00f8vler\/sko p\u00e5 hver hylde. Reolen er fremstillet i god og kraftig konstruktion, men samtidig i et enkelt og elegant design. Skoreolen leveres med hjul s\u00e5 det er [&hellip;]","og_url":"https:\/\/onewood.dk\/nl\/product\/8428-schoenenrek-5-planken\/","og_site_name":"One Wood Furniture A\/S","article_modified_time":"2025-02-07T11:42:29+00:00","og_image":[{"width":2560,"height":1707,"url":"https:\/\/onewood.dk\/wp-content\/uploads\/2024\/12\/6125-scaled.jpg","type":"image\/jpeg"}],"twitter_card":"summary_large_image","twitter_misc":{"Geschatte leestijd":"1 minuut"},"schema":{"@context":"https:\/\/schema.org","@graph":[{"@type":"WebPage","@id":"https:\/\/onewood.dk\/vare\/8428-skoreol-5-hylder\/","url":"https:\/\/onewood.dk\/vare\/8428-skoreol-5-hylder\/","name":"8428 - Skoreol 5 hylder | One Wood Furniture A\/S","isPartOf":{"@id":"https:\/\/onewood.dk\/#website"},"primaryImageOfPage":{"@id":"https:\/\/onewood.dk\/vare\/8428-skoreol-5-hylder\/#primaryimage"},"image":{"@id":"https:\/\/onewood.dk\/vare\/8428-skoreol-5-hylder\/#primaryimage"},"thumbnailUrl":"https:\/\/onewood.dk\/wp-content\/uploads\/2024\/12\/6125-scaled.jpg","datePublished":"2024-12-03T11:47:55+00:00","dateModified":"2025-02-07T11:42:29+00:00","breadcrumb":{"@id":"https:\/\/onewood.dk\/vare\/8428-skoreol-5-hylder\/#breadcrumb"},"inLanguage":"nl-NL","potentialAction":[{"@type":"ReadAction","target":["https:\/\/onewood.dk\/vare\/8428-skoreol-5-hylder\/"]}]},{"@type":"ImageObject","inLanguage":"nl-NL","@id":"https:\/\/onewood.dk\/vare\/8428-skoreol-5-hylder\/#primaryimage","url":"https:\/\/onewood.dk\/wp-content\/uploads\/2024\/12\/6125-scaled.jpg","contentUrl":"https:\/\/onewood.dk\/wp-content\/uploads\/2024\/12\/6125-scaled.jpg","width":2560,"height":1707},{"@type":"BreadcrumbList","@id":"https:\/\/onewood.dk\/vare\/8428-skoreol-5-hylder\/#breadcrumb","itemListElement":[{"@type":"ListItem","position":1,"name":"Varer","item":"https:\/\/onewood.dk\/shop\/"},{"@type":"ListItem","position":2,"name":"Garderober &amp; tilbeh\u00f8r","item":"https:\/\/onewood.dk\/vare-kategori\/garderober-tilbehoer\/"},{"@type":"ListItem","position":3,"name":"Skoreol","item":"https:\/\/onewood.dk\/vare-kategori\/garderober-tilbehoer\/skoreol\/"},{"@type":"ListItem","position":4,"name":"8428 &#8211; Skoreol 5 hylder"}]},{"@type":"WebSite","@id":"https:\/\/onewood.dk\/#website","url":"https:\/\/onewood.dk\/","name":"One Wood Furniture A\/S","description":"","publisher":{"@id":"https:\/\/onewood.dk\/#organization"},"potentialAction":[{"@type":"SearchAction","target":{"@type":"EntryPoint","urlTemplate":"https:\/\/onewood.dk\/?s={search_term_string}"},"query-input":{"@type":"PropertyValueSpecification","valueRequired":true,"valueName":"search_term_string"}}],"inLanguage":"nl-NL"},{"@type":"Organization","@id":"https:\/\/onewood.dk\/#organization","name":"One Wood Furniture A\/S","url":"https:\/\/onewood.dk\/","logo":{"@type":"ImageObject","inLanguage":"nl-NL","@id":"https:\/\/onewood.dk\/#\/schema\/logo\/image\/","url":"https:\/\/onewood.dk\/wp-content\/uploads\/2024\/12\/Logo.png","contentUrl":"https:\/\/onewood.dk\/wp-content\/uploads\/2024\/12\/Logo.png","width":180,"height":90,"caption":"One Wood Furniture A\/S"},"image":{"@id":"https:\/\/onewood.dk\/#\/schema\/logo\/image\/"}}]}},"_links":{"self":[{"href":"https:\/\/onewood.dk\/nl\/wp-json\/wp\/v2\/product\/1876","targetHints":{"allow":["GET"]}}],"collection":[{"href":"https:\/\/onewood.dk\/nl\/wp-json\/wp\/v2\/product"}],"about":[{"href":"https:\/\/onewood.dk\/nl\/wp-json\/wp\/v2\/types\/product"}],"wp:featuredmedia":[{"embeddable":true,"href":"https:\/\/onewood.dk\/nl\/wp-json\/wp\/v2\/media\/4260"}],"wp:attachment":[{"href":"https:\/\/onewood.dk\/nl\/wp-json\/wp\/v2\/media?parent=1876"}],"wp:term":[{"taxonomy":"product_brand","embeddable":true,"href":"https:\/\/onewood.dk\/nl\/wp-json\/wp\/v2\/product_brand?post=1876"},{"taxonomy":"product_cat","embeddable":true,"href":"https:\/\/onewood.dk\/nl\/wp-json\/wp\/v2\/product_cat?post=1876"},{"taxonomy":"product_tag","embeddable":true,"href":"https:\/\/onewood.dk\/nl\/wp-json\/wp\/v2\/product_tag?post=1876"}],"curies":[{"name":"wp","href":"https:\/\/api.w.org\/{rel}","templated":true}]}}