{"id":1901,"date":"2024-12-03T12:47:58","date_gmt":"2024-12-03T11:47:58","guid":{"rendered":"https:\/\/onewood.dkvare\/23120-reden-oe170-opsaetning\/"},"modified":"2025-03-31T10:12:21","modified_gmt":"2025-03-31T08:12:21","slug":"23120-reden-oe170-opsaetning","status":"publish","type":"product","link":"https:\/\/onewood.dk\/nl\/product\/23120-nest-oe170-installatie\/","title":{"rendered":"23120 \u2013 Nest \u00d8170 \u2013 Opstelling"},"content":{"rendered":"<p>18mm blank gelakt berkenmultiplex<\/p>\n<p>Het nest is een element dat ruimte in zichzelf cre\u00ebert, maar ook ruimte om zich heen. Als je een nest in het midden van een kamer plaatst, ontstaan er al snel verschillende speelplekken.<\/p>\n<p>De Nest \u00d8170-opstelling bestaat uit:<br \/>\n1 stk. 23130 &#8211; Reden \u00d8170 Halv<br \/>\n3 stk. 23199 &#8211; Reden \u00d8170 Hel<\/p>\n<p>&nbsp;<\/p>\n<p><strong>KOPEN:<\/strong><br \/>\n<strong>23121<\/strong> \u2013 4 mm multiplex achterpaneel binnen of buiten de gehele plank<br \/>\n<strong>23122<\/strong> \u2013 3 mm helder plexiglas achterpaneel binnen of buiten de gehele plank<br \/>\n<strong>23123<\/strong> \u2013 3 mm gekleurd plexiglas achterpaneel binnen of buiten de gehele plank<\/p>\n<p>Het is mogelijk om een matras te kopen.<\/p>","protected":false},"excerpt":{"rendered":"<p>18mm klarlakeret birkekrydsfiner Reden er et element, der danner et rum i sig selv, men ogs\u00e5 rum omkring sig. En rede placeret midt i et rum danner hurtigt flere forskellige lege steder. Reden \u00d8170 ops\u00e6tning best\u00e5r af: 1 stk. 23130 &#8211; Reden \u00d8170 Halv 3 stk. 23199 &#8211; Reden \u00d8170 Hel &nbsp; TILK\u00d8B: 23121 &#8211; [&hellip;]<\/p>","protected":false},"featured_media":4348,"template":"","meta":[],"product_brand":[],"product_cat":[676,567],"product_tag":[],"class_list":{"0":"post-1901","1":"product","2":"type-product","3":"status-publish","4":"has-post-thumbnail","6":"product_cat-reden","7":"product_cat-mobileplay-sortiment","9":"first","10":"instock","11":"product-type-simple"},"yoast_head":"<!-- This site is optimized with the Yoast SEO plugin v24.4 - https:\/\/yoast.com\/wordpress\/plugins\/seo\/ -->\n<title>23120 - Reden \u00d8170 - Ops\u00e6tning | One Wood Furniture A\/S<\/title>\n<meta name=\"robots\" content=\"index, follow, max-snippet:-1, max-image-preview:large, max-video-preview:-1\" \/>\n<link rel=\"canonical\" href=\"https:\/\/onewood.dk\/nl\/product\/23120-nest-oe170-installatie\/\" \/>\n<meta property=\"og:locale\" content=\"nl_NL\" \/>\n<meta property=\"og:type\" content=\"article\" \/>\n<meta property=\"og:title\" content=\"23120 - Reden \u00d8170 - Ops\u00e6tning | One Wood Furniture A\/S\" \/>\n<meta property=\"og:description\" content=\"18mm klarlakeret birkekrydsfiner Reden er et element, der danner et rum i sig selv, men ogs\u00e5 rum omkring sig. En rede placeret midt i et rum danner hurtigt flere forskellige lege steder. Reden \u00d8170 ops\u00e6tning best\u00e5r af: 1 stk. 23130 &#8211; Reden \u00d8170 Halv 3 stk. 23199 &#8211; Reden \u00d8170 Hel &nbsp; TILK\u00d8B: 23121 &#8211; [&hellip;]\" \/>\n<meta property=\"og:url\" content=\"https:\/\/onewood.dk\/nl\/product\/23120-nest-oe170-installatie\/\" \/>\n<meta property=\"og:site_name\" content=\"One Wood Furniture A\/S\" \/>\n<meta property=\"article:modified_time\" content=\"2025-03-31T08:12:21+00:00\" \/>\n<meta property=\"og:image\" content=\"https:\/\/onewood.dk\/wp-content\/uploads\/2024\/12\/6338-scaled.jpg\" \/>\n\t<meta property=\"og:image:width\" content=\"2560\" \/>\n\t<meta property=\"og:image:height\" content=\"1707\" \/>\n\t<meta property=\"og:image:type\" content=\"image\/jpeg\" \/>\n<meta name=\"twitter:card\" content=\"summary_large_image\" \/>\n<meta name=\"twitter:label1\" content=\"Geschatte leestijd\" \/>\n\t<meta name=\"twitter:data1\" content=\"1 minuut\" \/>\n<script type=\"application\/ld+json\" class=\"yoast-schema-graph\">{\"@context\":\"https:\/\/schema.org\",\"@graph\":[{\"@type\":\"WebPage\",\"@id\":\"https:\/\/onewood.dk\/vare\/23120-reden-oe170-opsaetning\/\",\"url\":\"https:\/\/onewood.dk\/vare\/23120-reden-oe170-opsaetning\/\",\"name\":\"23120 - Reden \u00d8170 - Ops\u00e6tning | One Wood Furniture A\/S\",\"isPartOf\":{\"@id\":\"https:\/\/onewood.dk\/#website\"},\"primaryImageOfPage\":{\"@id\":\"https:\/\/onewood.dk\/vare\/23120-reden-oe170-opsaetning\/#primaryimage\"},\"image\":{\"@id\":\"https:\/\/onewood.dk\/vare\/23120-reden-oe170-opsaetning\/#primaryimage\"},\"thumbnailUrl\":\"https:\/\/onewood.dk\/wp-content\/uploads\/2024\/12\/6338-scaled.jpg\",\"datePublished\":\"2024-12-03T11:47:58+00:00\",\"dateModified\":\"2025-03-31T08:12:21+00:00\",\"breadcrumb\":{\"@id\":\"https:\/\/onewood.dk\/vare\/23120-reden-oe170-opsaetning\/#breadcrumb\"},\"inLanguage\":\"nl-NL\",\"potentialAction\":[{\"@type\":\"ReadAction\",\"target\":[\"https:\/\/onewood.dk\/vare\/23120-reden-oe170-opsaetning\/\"]}]},{\"@type\":\"ImageObject\",\"inLanguage\":\"nl-NL\",\"@id\":\"https:\/\/onewood.dk\/vare\/23120-reden-oe170-opsaetning\/#primaryimage\",\"url\":\"https:\/\/onewood.dk\/wp-content\/uploads\/2024\/12\/6338-scaled.jpg\",\"contentUrl\":\"https:\/\/onewood.dk\/wp-content\/uploads\/2024\/12\/6338-scaled.jpg\",\"width\":2560,\"height\":1707},{\"@type\":\"BreadcrumbList\",\"@id\":\"https:\/\/onewood.dk\/vare\/23120-reden-oe170-opsaetning\/#breadcrumb\",\"itemListElement\":[{\"@type\":\"ListItem\",\"position\":1,\"name\":\"Varer\",\"item\":\"https:\/\/onewood.dk\/shop\/\"},{\"@type\":\"ListItem\",\"position\":2,\"name\":\"Mobileplay sortiment\",\"item\":\"https:\/\/onewood.dk\/vare-kategori\/mobileplay-sortiment\/\"},{\"@type\":\"ListItem\",\"position\":3,\"name\":\"Reden\",\"item\":\"https:\/\/onewood.dk\/vare-kategori\/mobileplay-sortiment\/reden\/\"},{\"@type\":\"ListItem\",\"position\":4,\"name\":\"23120 &#8211; Reden \u00d8170 &#8211; Ops\u00e6tning\"}]},{\"@type\":\"WebSite\",\"@id\":\"https:\/\/onewood.dk\/#website\",\"url\":\"https:\/\/onewood.dk\/\",\"name\":\"One Wood Furniture A\/S\",\"description\":\"\",\"publisher\":{\"@id\":\"https:\/\/onewood.dk\/#organization\"},\"potentialAction\":[{\"@type\":\"SearchAction\",\"target\":{\"@type\":\"EntryPoint\",\"urlTemplate\":\"https:\/\/onewood.dk\/?s={search_term_string}\"},\"query-input\":{\"@type\":\"PropertyValueSpecification\",\"valueRequired\":true,\"valueName\":\"search_term_string\"}}],\"inLanguage\":\"nl-NL\"},{\"@type\":\"Organization\",\"@id\":\"https:\/\/onewood.dk\/#organization\",\"name\":\"One Wood Furniture A\/S\",\"url\":\"https:\/\/onewood.dk\/\",\"logo\":{\"@type\":\"ImageObject\",\"inLanguage\":\"nl-NL\",\"@id\":\"https:\/\/onewood.dk\/#\/schema\/logo\/image\/\",\"url\":\"https:\/\/onewood.dk\/wp-content\/uploads\/2024\/12\/Logo.png\",\"contentUrl\":\"https:\/\/onewood.dk\/wp-content\/uploads\/2024\/12\/Logo.png\",\"width\":180,\"height\":90,\"caption\":\"One Wood Furniture A\/S\"},\"image\":{\"@id\":\"https:\/\/onewood.dk\/#\/schema\/logo\/image\/\"}}]}<\/script>\n<!-- \/ Yoast SEO plugin. -->","yoast_head_json":{"title":"23120 - Reden \u00d8170 - Ops\u00e6tning | One Wood Furniture A\/S","robots":{"index":"index","follow":"follow","max-snippet":"max-snippet:-1","max-image-preview":"max-image-preview:large","max-video-preview":"max-video-preview:-1"},"canonical":"https:\/\/onewood.dk\/nl\/product\/23120-nest-oe170-installatie\/","og_locale":"nl_NL","og_type":"article","og_title":"23120 - Reden \u00d8170 - Ops\u00e6tning | One Wood Furniture A\/S","og_description":"18mm klarlakeret birkekrydsfiner Reden er et element, der danner et rum i sig selv, men ogs\u00e5 rum omkring sig. En rede placeret midt i et rum danner hurtigt flere forskellige lege steder. Reden \u00d8170 ops\u00e6tning best\u00e5r af: 1 stk. 23130 &#8211; Reden \u00d8170 Halv 3 stk. 23199 &#8211; Reden \u00d8170 Hel &nbsp; TILK\u00d8B: 23121 &#8211; [&hellip;]","og_url":"https:\/\/onewood.dk\/nl\/product\/23120-nest-oe170-installatie\/","og_site_name":"One Wood Furniture A\/S","article_modified_time":"2025-03-31T08:12:21+00:00","og_image":[{"width":2560,"height":1707,"url":"https:\/\/onewood.dk\/wp-content\/uploads\/2024\/12\/6338-scaled.jpg","type":"image\/jpeg"}],"twitter_card":"summary_large_image","twitter_misc":{"Geschatte leestijd":"1 minuut"},"schema":{"@context":"https:\/\/schema.org","@graph":[{"@type":"WebPage","@id":"https:\/\/onewood.dk\/vare\/23120-reden-oe170-opsaetning\/","url":"https:\/\/onewood.dk\/vare\/23120-reden-oe170-opsaetning\/","name":"23120 - Reden \u00d8170 - Ops\u00e6tning | One Wood Furniture A\/S","isPartOf":{"@id":"https:\/\/onewood.dk\/#website"},"primaryImageOfPage":{"@id":"https:\/\/onewood.dk\/vare\/23120-reden-oe170-opsaetning\/#primaryimage"},"image":{"@id":"https:\/\/onewood.dk\/vare\/23120-reden-oe170-opsaetning\/#primaryimage"},"thumbnailUrl":"https:\/\/onewood.dk\/wp-content\/uploads\/2024\/12\/6338-scaled.jpg","datePublished":"2024-12-03T11:47:58+00:00","dateModified":"2025-03-31T08:12:21+00:00","breadcrumb":{"@id":"https:\/\/onewood.dk\/vare\/23120-reden-oe170-opsaetning\/#breadcrumb"},"inLanguage":"nl-NL","potentialAction":[{"@type":"ReadAction","target":["https:\/\/onewood.dk\/vare\/23120-reden-oe170-opsaetning\/"]}]},{"@type":"ImageObject","inLanguage":"nl-NL","@id":"https:\/\/onewood.dk\/vare\/23120-reden-oe170-opsaetning\/#primaryimage","url":"https:\/\/onewood.dk\/wp-content\/uploads\/2024\/12\/6338-scaled.jpg","contentUrl":"https:\/\/onewood.dk\/wp-content\/uploads\/2024\/12\/6338-scaled.jpg","width":2560,"height":1707},{"@type":"BreadcrumbList","@id":"https:\/\/onewood.dk\/vare\/23120-reden-oe170-opsaetning\/#breadcrumb","itemListElement":[{"@type":"ListItem","position":1,"name":"Varer","item":"https:\/\/onewood.dk\/shop\/"},{"@type":"ListItem","position":2,"name":"Mobileplay sortiment","item":"https:\/\/onewood.dk\/vare-kategori\/mobileplay-sortiment\/"},{"@type":"ListItem","position":3,"name":"Reden","item":"https:\/\/onewood.dk\/vare-kategori\/mobileplay-sortiment\/reden\/"},{"@type":"ListItem","position":4,"name":"23120 &#8211; Reden \u00d8170 &#8211; Ops\u00e6tning"}]},{"@type":"WebSite","@id":"https:\/\/onewood.dk\/#website","url":"https:\/\/onewood.dk\/","name":"One Wood Furniture A\/S","description":"","publisher":{"@id":"https:\/\/onewood.dk\/#organization"},"potentialAction":[{"@type":"SearchAction","target":{"@type":"EntryPoint","urlTemplate":"https:\/\/onewood.dk\/?s={search_term_string}"},"query-input":{"@type":"PropertyValueSpecification","valueRequired":true,"valueName":"search_term_string"}}],"inLanguage":"nl-NL"},{"@type":"Organization","@id":"https:\/\/onewood.dk\/#organization","name":"One Wood Furniture A\/S","url":"https:\/\/onewood.dk\/","logo":{"@type":"ImageObject","inLanguage":"nl-NL","@id":"https:\/\/onewood.dk\/#\/schema\/logo\/image\/","url":"https:\/\/onewood.dk\/wp-content\/uploads\/2024\/12\/Logo.png","contentUrl":"https:\/\/onewood.dk\/wp-content\/uploads\/2024\/12\/Logo.png","width":180,"height":90,"caption":"One Wood Furniture A\/S"},"image":{"@id":"https:\/\/onewood.dk\/#\/schema\/logo\/image\/"}}]}},"_links":{"self":[{"href":"https:\/\/onewood.dk\/nl\/wp-json\/wp\/v2\/product\/1901","targetHints":{"allow":["GET"]}}],"collection":[{"href":"https:\/\/onewood.dk\/nl\/wp-json\/wp\/v2\/product"}],"about":[{"href":"https:\/\/onewood.dk\/nl\/wp-json\/wp\/v2\/types\/product"}],"wp:featuredmedia":[{"embeddable":true,"href":"https:\/\/onewood.dk\/nl\/wp-json\/wp\/v2\/media\/4348"}],"wp:attachment":[{"href":"https:\/\/onewood.dk\/nl\/wp-json\/wp\/v2\/media?parent=1901"}],"wp:term":[{"taxonomy":"product_brand","embeddable":true,"href":"https:\/\/onewood.dk\/nl\/wp-json\/wp\/v2\/product_brand?post=1901"},{"taxonomy":"product_cat","embeddable":true,"href":"https:\/\/onewood.dk\/nl\/wp-json\/wp\/v2\/product_cat?post=1901"},{"taxonomy":"product_tag","embeddable":true,"href":"https:\/\/onewood.dk\/nl\/wp-json\/wp\/v2\/product_tag?post=1901"}],"curies":[{"name":"wp","href":"https:\/\/api.w.org\/{rel}","templated":true}]}}