{"id":1944,"date":"2024-12-03T12:48:04","date_gmt":"2024-12-03T11:48:04","guid":{"rendered":"https:\/\/onewood.dkvare\/s8104l-legebord-med-plastkasser-4bx1h\/"},"modified":"2025-02-26T10:54:14","modified_gmt":"2025-02-26T09:54:14","slug":"s8104l-legebord-med-plastkasser-4bx1h","status":"publish","type":"product","link":"https:\/\/onewood.dk\/nl\/product\/s8104l-speeltafel-met-kunststof-bakken-4wx1h\/","title":{"rendered":"S8104L \u2013 Speeltafel met kunststof boxen 4Bx1H"},"content":{"rendered":"<p>15 mm wit gepigmenteerd berkenmultiplex. Standaard geleverd met lichtgrijs laminaat op het bovenpaneel. U kunt kiezen uit de standaard laminaatkleuren van One Wood.<\/p>\n<p>Mobiele en functionele speeltafel met kunststof bakken onder het tafelblad voor eenvoudige en snelle opberging.<br \/>\nDe tafel heeft een ronde rand aan de bovenkant, geschikt om te spelen met kralen, Lego, poppen, auto&#039;s of andere dingen.<br \/>\nDe tafel is voorzien van 2 platen die eenvoudig opgetild kunnen worden, diverse speeltjes kunnen eenvoudig in de onderliggende box geschoven worden.<\/p>\n<p>2 stuks F2 Gratnells kunststof koffer \u2013 medium<br \/>\n4 stuks F1 Gratnells Plastic Case - Klein<\/p>\n<p>Kan in blanke lak geleverd worden, dit dient bij de bestelling aangegeven te worden.<\/p>\n<p><strong>AANVULLEND:<\/strong><\/p>\n<p>8117LE \u2013 Linoleum op bovenplaat<\/p>","protected":false},"excerpt":{"rendered":"<p>15 mm wit gepigmenteerd berkenmultiplex. Standaard geleverd met lichtgrijs laminaat. U kunt vrij kiezen uit de standaard laminaatkleuren van One Wood. Mobiele en functionele speeltafel met kunststof bakken onder het tafelblad voor eenvoudige en snelle opberging. De tafel heeft een ronde rand aan het blad, geschikt om te spelen met kralen, Lego, poppen, auto&#039;s of andere spullen. De tafel is voorzien van [\u2026]<\/p>","protected":false},"featured_media":4481,"template":"","meta":[],"product_brand":[],"product_cat":[558,684],"product_tag":[],"class_list":{"0":"post-1944","1":"product","2":"type-product","3":"status-publish","4":"has-post-thumbnail","6":"product_cat-borde-baenke-taburetter","7":"product_cat-legebord-med-plastkasser","9":"first","10":"instock","11":"product-type-simple"},"yoast_head":"<!-- This site is optimized with the Yoast SEO plugin v24.4 - https:\/\/yoast.com\/wordpress\/plugins\/seo\/ -->\n<title>S8104L - Legebord med plastkasser 4Bx1H | One Wood Furniture A\/S<\/title>\n<meta name=\"robots\" content=\"index, follow, max-snippet:-1, max-image-preview:large, max-video-preview:-1\" \/>\n<link rel=\"canonical\" href=\"https:\/\/onewood.dk\/nl\/product\/s8104l-speeltafel-met-kunststof-bakken-4wx1h\/\" \/>\n<meta property=\"og:locale\" content=\"nl_NL\" \/>\n<meta property=\"og:type\" content=\"article\" \/>\n<meta property=\"og:title\" content=\"S8104L - Legebord med plastkasser 4Bx1H | One Wood Furniture A\/S\" \/>\n<meta property=\"og:description\" content=\"15mm hvidpigmenteret birkekrydsfiner. Leveres som standard med lys gr\u00e5 laminat p\u00e5 topplade. Der kan frit v\u00e6lges mellem One Wood&#8217;s standard laminatfarver. Mobilt og funktionelt legebord med plastkasser under bordplade for nem og hurtig opbevaring. Bordet har en kant rund p\u00e5 toppen, velegnet til leg med perler, Lego, dukker, biler eller andet. Bordet er indrettet med [&hellip;]\" \/>\n<meta property=\"og:url\" content=\"https:\/\/onewood.dk\/nl\/product\/s8104l-speeltafel-met-kunststof-bakken-4wx1h\/\" \/>\n<meta property=\"og:site_name\" content=\"One Wood Furniture A\/S\" \/>\n<meta property=\"article:modified_time\" content=\"2025-02-26T09:54:14+00:00\" \/>\n<meta property=\"og:image\" content=\"https:\/\/onewood.dk\/wp-content\/uploads\/2024\/12\/6597-scaled.jpg\" \/>\n\t<meta property=\"og:image:width\" content=\"2560\" \/>\n\t<meta property=\"og:image:height\" content=\"1707\" \/>\n\t<meta property=\"og:image:type\" content=\"image\/jpeg\" \/>\n<meta name=\"twitter:card\" content=\"summary_large_image\" \/>\n<meta name=\"twitter:label1\" content=\"Geschatte leestijd\" \/>\n\t<meta name=\"twitter:data1\" content=\"1 minuut\" \/>\n<script type=\"application\/ld+json\" class=\"yoast-schema-graph\">{\"@context\":\"https:\/\/schema.org\",\"@graph\":[{\"@type\":\"WebPage\",\"@id\":\"https:\/\/onewood.dk\/vare\/s8104l-legebord-med-plastkasser-4bx1h\/\",\"url\":\"https:\/\/onewood.dk\/vare\/s8104l-legebord-med-plastkasser-4bx1h\/\",\"name\":\"S8104L - Legebord med plastkasser 4Bx1H | One Wood Furniture A\/S\",\"isPartOf\":{\"@id\":\"https:\/\/onewood.dk\/#website\"},\"primaryImageOfPage\":{\"@id\":\"https:\/\/onewood.dk\/vare\/s8104l-legebord-med-plastkasser-4bx1h\/#primaryimage\"},\"image\":{\"@id\":\"https:\/\/onewood.dk\/vare\/s8104l-legebord-med-plastkasser-4bx1h\/#primaryimage\"},\"thumbnailUrl\":\"https:\/\/onewood.dk\/wp-content\/uploads\/2024\/12\/6597-scaled.jpg\",\"datePublished\":\"2024-12-03T11:48:04+00:00\",\"dateModified\":\"2025-02-26T09:54:14+00:00\",\"breadcrumb\":{\"@id\":\"https:\/\/onewood.dk\/vare\/s8104l-legebord-med-plastkasser-4bx1h\/#breadcrumb\"},\"inLanguage\":\"nl-NL\",\"potentialAction\":[{\"@type\":\"ReadAction\",\"target\":[\"https:\/\/onewood.dk\/vare\/s8104l-legebord-med-plastkasser-4bx1h\/\"]}]},{\"@type\":\"ImageObject\",\"inLanguage\":\"nl-NL\",\"@id\":\"https:\/\/onewood.dk\/vare\/s8104l-legebord-med-plastkasser-4bx1h\/#primaryimage\",\"url\":\"https:\/\/onewood.dk\/wp-content\/uploads\/2024\/12\/6597-scaled.jpg\",\"contentUrl\":\"https:\/\/onewood.dk\/wp-content\/uploads\/2024\/12\/6597-scaled.jpg\",\"width\":2560,\"height\":1707},{\"@type\":\"BreadcrumbList\",\"@id\":\"https:\/\/onewood.dk\/vare\/s8104l-legebord-med-plastkasser-4bx1h\/#breadcrumb\",\"itemListElement\":[{\"@type\":\"ListItem\",\"position\":1,\"name\":\"Varer\",\"item\":\"https:\/\/onewood.dk\/shop\/\"},{\"@type\":\"ListItem\",\"position\":2,\"name\":\"Borde, b\u00e6nke &amp; taburetter\",\"item\":\"https:\/\/onewood.dk\/vare-kategori\/borde-baenke-taburetter\/\"},{\"@type\":\"ListItem\",\"position\":3,\"name\":\"Legebord med plastkasser\",\"item\":\"https:\/\/onewood.dk\/vare-kategori\/borde-baenke-taburetter\/legebord-med-plastkasser\/\"},{\"@type\":\"ListItem\",\"position\":4,\"name\":\"S8104L &#8211; Legebord med plastkasser 4Bx1H\"}]},{\"@type\":\"WebSite\",\"@id\":\"https:\/\/onewood.dk\/#website\",\"url\":\"https:\/\/onewood.dk\/\",\"name\":\"One Wood Furniture A\/S\",\"description\":\"\",\"publisher\":{\"@id\":\"https:\/\/onewood.dk\/#organization\"},\"potentialAction\":[{\"@type\":\"SearchAction\",\"target\":{\"@type\":\"EntryPoint\",\"urlTemplate\":\"https:\/\/onewood.dk\/?s={search_term_string}\"},\"query-input\":{\"@type\":\"PropertyValueSpecification\",\"valueRequired\":true,\"valueName\":\"search_term_string\"}}],\"inLanguage\":\"nl-NL\"},{\"@type\":\"Organization\",\"@id\":\"https:\/\/onewood.dk\/#organization\",\"name\":\"One Wood Furniture A\/S\",\"url\":\"https:\/\/onewood.dk\/\",\"logo\":{\"@type\":\"ImageObject\",\"inLanguage\":\"nl-NL\",\"@id\":\"https:\/\/onewood.dk\/#\/schema\/logo\/image\/\",\"url\":\"https:\/\/onewood.dk\/wp-content\/uploads\/2024\/12\/Logo.png\",\"contentUrl\":\"https:\/\/onewood.dk\/wp-content\/uploads\/2024\/12\/Logo.png\",\"width\":180,\"height\":90,\"caption\":\"One Wood Furniture A\/S\"},\"image\":{\"@id\":\"https:\/\/onewood.dk\/#\/schema\/logo\/image\/\"}}]}<\/script>\n<!-- \/ Yoast SEO plugin. -->","yoast_head_json":{"title":"S8104L - Legebord med plastkasser 4Bx1H | One Wood Furniture A\/S","robots":{"index":"index","follow":"follow","max-snippet":"max-snippet:-1","max-image-preview":"max-image-preview:large","max-video-preview":"max-video-preview:-1"},"canonical":"https:\/\/onewood.dk\/nl\/product\/s8104l-speeltafel-met-kunststof-bakken-4wx1h\/","og_locale":"nl_NL","og_type":"article","og_title":"S8104L - Legebord med plastkasser 4Bx1H | One Wood Furniture A\/S","og_description":"15mm hvidpigmenteret birkekrydsfiner. Leveres som standard med lys gr\u00e5 laminat p\u00e5 topplade. Der kan frit v\u00e6lges mellem One Wood&#8217;s standard laminatfarver. Mobilt og funktionelt legebord med plastkasser under bordplade for nem og hurtig opbevaring. Bordet har en kant rund p\u00e5 toppen, velegnet til leg med perler, Lego, dukker, biler eller andet. Bordet er indrettet med [&hellip;]","og_url":"https:\/\/onewood.dk\/nl\/product\/s8104l-speeltafel-met-kunststof-bakken-4wx1h\/","og_site_name":"One Wood Furniture A\/S","article_modified_time":"2025-02-26T09:54:14+00:00","og_image":[{"width":2560,"height":1707,"url":"https:\/\/onewood.dk\/wp-content\/uploads\/2024\/12\/6597-scaled.jpg","type":"image\/jpeg"}],"twitter_card":"summary_large_image","twitter_misc":{"Geschatte leestijd":"1 minuut"},"schema":{"@context":"https:\/\/schema.org","@graph":[{"@type":"WebPage","@id":"https:\/\/onewood.dk\/vare\/s8104l-legebord-med-plastkasser-4bx1h\/","url":"https:\/\/onewood.dk\/vare\/s8104l-legebord-med-plastkasser-4bx1h\/","name":"S8104L - Legebord med plastkasser 4Bx1H | One Wood Furniture A\/S","isPartOf":{"@id":"https:\/\/onewood.dk\/#website"},"primaryImageOfPage":{"@id":"https:\/\/onewood.dk\/vare\/s8104l-legebord-med-plastkasser-4bx1h\/#primaryimage"},"image":{"@id":"https:\/\/onewood.dk\/vare\/s8104l-legebord-med-plastkasser-4bx1h\/#primaryimage"},"thumbnailUrl":"https:\/\/onewood.dk\/wp-content\/uploads\/2024\/12\/6597-scaled.jpg","datePublished":"2024-12-03T11:48:04+00:00","dateModified":"2025-02-26T09:54:14+00:00","breadcrumb":{"@id":"https:\/\/onewood.dk\/vare\/s8104l-legebord-med-plastkasser-4bx1h\/#breadcrumb"},"inLanguage":"nl-NL","potentialAction":[{"@type":"ReadAction","target":["https:\/\/onewood.dk\/vare\/s8104l-legebord-med-plastkasser-4bx1h\/"]}]},{"@type":"ImageObject","inLanguage":"nl-NL","@id":"https:\/\/onewood.dk\/vare\/s8104l-legebord-med-plastkasser-4bx1h\/#primaryimage","url":"https:\/\/onewood.dk\/wp-content\/uploads\/2024\/12\/6597-scaled.jpg","contentUrl":"https:\/\/onewood.dk\/wp-content\/uploads\/2024\/12\/6597-scaled.jpg","width":2560,"height":1707},{"@type":"BreadcrumbList","@id":"https:\/\/onewood.dk\/vare\/s8104l-legebord-med-plastkasser-4bx1h\/#breadcrumb","itemListElement":[{"@type":"ListItem","position":1,"name":"Varer","item":"https:\/\/onewood.dk\/shop\/"},{"@type":"ListItem","position":2,"name":"Borde, b\u00e6nke &amp; taburetter","item":"https:\/\/onewood.dk\/vare-kategori\/borde-baenke-taburetter\/"},{"@type":"ListItem","position":3,"name":"Legebord med plastkasser","item":"https:\/\/onewood.dk\/vare-kategori\/borde-baenke-taburetter\/legebord-med-plastkasser\/"},{"@type":"ListItem","position":4,"name":"S8104L &#8211; Legebord med plastkasser 4Bx1H"}]},{"@type":"WebSite","@id":"https:\/\/onewood.dk\/#website","url":"https:\/\/onewood.dk\/","name":"One Wood Furniture A\/S","description":"","publisher":{"@id":"https:\/\/onewood.dk\/#organization"},"potentialAction":[{"@type":"SearchAction","target":{"@type":"EntryPoint","urlTemplate":"https:\/\/onewood.dk\/?s={search_term_string}"},"query-input":{"@type":"PropertyValueSpecification","valueRequired":true,"valueName":"search_term_string"}}],"inLanguage":"nl-NL"},{"@type":"Organization","@id":"https:\/\/onewood.dk\/#organization","name":"One Wood Furniture A\/S","url":"https:\/\/onewood.dk\/","logo":{"@type":"ImageObject","inLanguage":"nl-NL","@id":"https:\/\/onewood.dk\/#\/schema\/logo\/image\/","url":"https:\/\/onewood.dk\/wp-content\/uploads\/2024\/12\/Logo.png","contentUrl":"https:\/\/onewood.dk\/wp-content\/uploads\/2024\/12\/Logo.png","width":180,"height":90,"caption":"One Wood Furniture A\/S"},"image":{"@id":"https:\/\/onewood.dk\/#\/schema\/logo\/image\/"}}]}},"_links":{"self":[{"href":"https:\/\/onewood.dk\/nl\/wp-json\/wp\/v2\/product\/1944","targetHints":{"allow":["GET"]}}],"collection":[{"href":"https:\/\/onewood.dk\/nl\/wp-json\/wp\/v2\/product"}],"about":[{"href":"https:\/\/onewood.dk\/nl\/wp-json\/wp\/v2\/types\/product"}],"wp:featuredmedia":[{"embeddable":true,"href":"https:\/\/onewood.dk\/nl\/wp-json\/wp\/v2\/media\/4481"}],"wp:attachment":[{"href":"https:\/\/onewood.dk\/nl\/wp-json\/wp\/v2\/media?parent=1944"}],"wp:term":[{"taxonomy":"product_brand","embeddable":true,"href":"https:\/\/onewood.dk\/nl\/wp-json\/wp\/v2\/product_brand?post=1944"},{"taxonomy":"product_cat","embeddable":true,"href":"https:\/\/onewood.dk\/nl\/wp-json\/wp\/v2\/product_cat?post=1944"},{"taxonomy":"product_tag","embeddable":true,"href":"https:\/\/onewood.dk\/nl\/wp-json\/wp\/v2\/product_tag?post=1944"}],"curies":[{"name":"wp","href":"https:\/\/api.w.org\/{rel}","templated":true}]}}