{"id":1951,"date":"2024-12-03T12:48:07","date_gmt":"2024-12-03T11:48:07","guid":{"rendered":"https:\/\/onewood.dkvare\/8112thsi-kubus-med-siddeniche-husformet-laage\/"},"modified":"2025-06-26T14:56:17","modified_gmt":"2025-06-26T12:56:17","slug":"8112thsi-kubus-med-siddeniche-husformet-laage","status":"publish","type":"product","link":"https:\/\/onewood.dk\/nl\/product\/8112thsi-kubus-met-zitnis-huisvormige-deur\/","title":{"rendered":"8112THSI \u2013 Kubus met zitnis, deur in de vorm van een huis"},"content":{"rendered":"<p>15 mm wit gepigmenteerd berkenmultiplex<br \/>\nWordt geleverd met lichtgrijs laminaat F7927 op de zitting en deuren, die u vrij kunt kiezen uit de standaard laminaatkleuren van One Wood.<\/p>\n<p>Met deze praktische zithoek kent u geen grenzen aan uw creatieve idee\u00ebn. Het zitgedeelte is groot genoeg voor een volwassene die comfortabel wil zitten of wil voorlezen.<br \/>\nHier is ook een kans om goede kameraadschap en vriendschap te ontwikkelen.<br \/>\nDit meubelstuk zal snel de favoriete plek van de instelling worden.<br \/>\nBoven de nis bevindt zich een ingebouwde plank met de mogelijkheid om boeken en spelletjes op te bergen.<br \/>\nDe nis aan de zijkant zorgt er bovendien voor dat er ruimte ontstaat voor bezinning.<br \/>\nHet zijbankje kan geleverd worden met een matras in vele verschillende kleuren.<br \/>\nDe zijnis wordt gemonteerd geleverd, er is geen verdere montage nodig.<br \/>\nDe zijbank kan worden geleverd met geluidsabsorberend AQSORB aan de achterzijde, wat zorgt voor extra rust voor contemplatie of creatief denken.<\/p>\n<p>2 stuks 8114GL \u2013 Kubusdoos met plexiglas<br \/>\n1 stuk. deur met plexiglas<\/p>\n<p>Kan in blanke lak geleverd worden, graag bij bestelling opgeven<\/p>\n<p><strong>KOPEN:<br \/>\n<\/strong>8114M2 \u2013 Matras<\/p>","protected":false},"excerpt":{"rendered":"<p>15 mm wit gepigmenteerd berkenmultiplex. Wordt geleverd met lichtgrijs laminaat F7927 op de zitting en deuren, vrij te kiezen uit de standaard laminaatkleuren van One Wood. Met deze praktische zitnis kent u geen grenzen aan uw creatieve idee\u00ebn. De zitnis is groot genoeg voor een volwassene, indien nodig [\u2026]<\/p>","protected":false},"featured_media":4523,"template":"","meta":[],"product_brand":[],"product_cat":[566],"product_tag":[],"class_list":{"0":"post-1951","1":"product","2":"type-product","3":"status-publish","4":"has-post-thumbnail","6":"product_cat-huse-fordybelse","8":"first","9":"instock","10":"product-type-simple"},"yoast_head":"<!-- This site is optimized with the Yoast SEO plugin v24.4 - https:\/\/yoast.com\/wordpress\/plugins\/seo\/ -->\n<title>8112THSI - Kubus med siddeniche husformet l\u00e5ge | One Wood Furniture A\/S<\/title>\n<meta name=\"robots\" content=\"index, follow, max-snippet:-1, max-image-preview:large, max-video-preview:-1\" \/>\n<link rel=\"canonical\" href=\"https:\/\/onewood.dk\/nl\/product\/8112thsi-kubus-met-zitnis-huisvormige-deur\/\" \/>\n<meta property=\"og:locale\" content=\"nl_NL\" \/>\n<meta property=\"og:type\" content=\"article\" \/>\n<meta property=\"og:title\" content=\"8112THSI - Kubus med siddeniche husformet l\u00e5ge | One Wood Furniture A\/S\" \/>\n<meta property=\"og:description\" content=\"15mm hvidpigmenteret birkekrydsfiner Leveres med lys gr\u00e5 laminat F7927 p\u00e5 s\u00e6de og l\u00e5ger, der kan frit v\u00e6lges mellem One Woods standard laminatfarver. Med denne praktiske siddeniche, er der ingen gr\u00e6nser for hvad du kan udfolde af kreative id\u00e9er. Siddenichen er stor nok til at der ogs\u00e5 kan sidde en voksen, hvis der er brug for [&hellip;]\" \/>\n<meta property=\"og:url\" content=\"https:\/\/onewood.dk\/nl\/product\/8112thsi-kubus-met-zitnis-huisvormige-deur\/\" \/>\n<meta property=\"og:site_name\" content=\"One Wood Furniture A\/S\" \/>\n<meta property=\"article:modified_time\" content=\"2025-06-26T12:56:17+00:00\" \/>\n<meta property=\"og:image\" content=\"https:\/\/onewood.dk\/wp-content\/uploads\/2024\/12\/6617-scaled.jpg\" \/>\n\t<meta property=\"og:image:width\" content=\"2560\" \/>\n\t<meta property=\"og:image:height\" content=\"1707\" \/>\n\t<meta property=\"og:image:type\" content=\"image\/jpeg\" \/>\n<meta name=\"twitter:card\" content=\"summary_large_image\" \/>\n<meta name=\"twitter:label1\" content=\"Geschatte leestijd\" \/>\n\t<meta name=\"twitter:data1\" content=\"2 minuten\" \/>\n<script type=\"application\/ld+json\" class=\"yoast-schema-graph\">{\"@context\":\"https:\/\/schema.org\",\"@graph\":[{\"@type\":\"WebPage\",\"@id\":\"https:\/\/onewood.dk\/vare\/8112thsi-kubus-med-siddeniche-husformet-laage\/\",\"url\":\"https:\/\/onewood.dk\/vare\/8112thsi-kubus-med-siddeniche-husformet-laage\/\",\"name\":\"8112THSI - Kubus med siddeniche husformet l\u00e5ge | One Wood Furniture A\/S\",\"isPartOf\":{\"@id\":\"https:\/\/onewood.dk\/#website\"},\"primaryImageOfPage\":{\"@id\":\"https:\/\/onewood.dk\/vare\/8112thsi-kubus-med-siddeniche-husformet-laage\/#primaryimage\"},\"image\":{\"@id\":\"https:\/\/onewood.dk\/vare\/8112thsi-kubus-med-siddeniche-husformet-laage\/#primaryimage\"},\"thumbnailUrl\":\"https:\/\/onewood.dk\/wp-content\/uploads\/2024\/12\/6617-scaled.jpg\",\"datePublished\":\"2024-12-03T11:48:07+00:00\",\"dateModified\":\"2025-06-26T12:56:17+00:00\",\"breadcrumb\":{\"@id\":\"https:\/\/onewood.dk\/vare\/8112thsi-kubus-med-siddeniche-husformet-laage\/#breadcrumb\"},\"inLanguage\":\"nl-NL\",\"potentialAction\":[{\"@type\":\"ReadAction\",\"target\":[\"https:\/\/onewood.dk\/vare\/8112thsi-kubus-med-siddeniche-husformet-laage\/\"]}]},{\"@type\":\"ImageObject\",\"inLanguage\":\"nl-NL\",\"@id\":\"https:\/\/onewood.dk\/vare\/8112thsi-kubus-med-siddeniche-husformet-laage\/#primaryimage\",\"url\":\"https:\/\/onewood.dk\/wp-content\/uploads\/2024\/12\/6617-scaled.jpg\",\"contentUrl\":\"https:\/\/onewood.dk\/wp-content\/uploads\/2024\/12\/6617-scaled.jpg\",\"width\":2560,\"height\":1707},{\"@type\":\"BreadcrumbList\",\"@id\":\"https:\/\/onewood.dk\/vare\/8112thsi-kubus-med-siddeniche-husformet-laage\/#breadcrumb\",\"itemListElement\":[{\"@type\":\"ListItem\",\"position\":1,\"name\":\"Varer\",\"item\":\"https:\/\/onewood.dk\/shop\/\"},{\"@type\":\"ListItem\",\"position\":2,\"name\":\"Huse \/ Fordybelse\",\"item\":\"https:\/\/onewood.dk\/vare-kategori\/huse-fordybelse\/\"},{\"@type\":\"ListItem\",\"position\":3,\"name\":\"8112THSI &#8211; Kubus med siddeniche husformet l\u00e5ge\"}]},{\"@type\":\"WebSite\",\"@id\":\"https:\/\/onewood.dk\/#website\",\"url\":\"https:\/\/onewood.dk\/\",\"name\":\"One Wood Furniture A\/S\",\"description\":\"\",\"publisher\":{\"@id\":\"https:\/\/onewood.dk\/#organization\"},\"potentialAction\":[{\"@type\":\"SearchAction\",\"target\":{\"@type\":\"EntryPoint\",\"urlTemplate\":\"https:\/\/onewood.dk\/?s={search_term_string}\"},\"query-input\":{\"@type\":\"PropertyValueSpecification\",\"valueRequired\":true,\"valueName\":\"search_term_string\"}}],\"inLanguage\":\"nl-NL\"},{\"@type\":\"Organization\",\"@id\":\"https:\/\/onewood.dk\/#organization\",\"name\":\"One Wood Furniture A\/S\",\"url\":\"https:\/\/onewood.dk\/\",\"logo\":{\"@type\":\"ImageObject\",\"inLanguage\":\"nl-NL\",\"@id\":\"https:\/\/onewood.dk\/#\/schema\/logo\/image\/\",\"url\":\"https:\/\/onewood.dk\/wp-content\/uploads\/2024\/12\/Logo.png\",\"contentUrl\":\"https:\/\/onewood.dk\/wp-content\/uploads\/2024\/12\/Logo.png\",\"width\":180,\"height\":90,\"caption\":\"One Wood Furniture A\/S\"},\"image\":{\"@id\":\"https:\/\/onewood.dk\/#\/schema\/logo\/image\/\"}}]}<\/script>\n<!-- \/ Yoast SEO plugin. -->","yoast_head_json":{"title":"8112THSI - Kubus med siddeniche husformet l\u00e5ge | One Wood Furniture A\/S","robots":{"index":"index","follow":"follow","max-snippet":"max-snippet:-1","max-image-preview":"max-image-preview:large","max-video-preview":"max-video-preview:-1"},"canonical":"https:\/\/onewood.dk\/nl\/product\/8112thsi-kubus-met-zitnis-huisvormige-deur\/","og_locale":"nl_NL","og_type":"article","og_title":"8112THSI - Kubus med siddeniche husformet l\u00e5ge | One Wood Furniture A\/S","og_description":"15mm hvidpigmenteret birkekrydsfiner Leveres med lys gr\u00e5 laminat F7927 p\u00e5 s\u00e6de og l\u00e5ger, der kan frit v\u00e6lges mellem One Woods standard laminatfarver. Med denne praktiske siddeniche, er der ingen gr\u00e6nser for hvad du kan udfolde af kreative id\u00e9er. Siddenichen er stor nok til at der ogs\u00e5 kan sidde en voksen, hvis der er brug for [&hellip;]","og_url":"https:\/\/onewood.dk\/nl\/product\/8112thsi-kubus-met-zitnis-huisvormige-deur\/","og_site_name":"One Wood Furniture A\/S","article_modified_time":"2025-06-26T12:56:17+00:00","og_image":[{"width":2560,"height":1707,"url":"https:\/\/onewood.dk\/wp-content\/uploads\/2024\/12\/6617-scaled.jpg","type":"image\/jpeg"}],"twitter_card":"summary_large_image","twitter_misc":{"Geschatte leestijd":"2 minuten"},"schema":{"@context":"https:\/\/schema.org","@graph":[{"@type":"WebPage","@id":"https:\/\/onewood.dk\/vare\/8112thsi-kubus-med-siddeniche-husformet-laage\/","url":"https:\/\/onewood.dk\/vare\/8112thsi-kubus-med-siddeniche-husformet-laage\/","name":"8112THSI - Kubus med siddeniche husformet l\u00e5ge | One Wood Furniture A\/S","isPartOf":{"@id":"https:\/\/onewood.dk\/#website"},"primaryImageOfPage":{"@id":"https:\/\/onewood.dk\/vare\/8112thsi-kubus-med-siddeniche-husformet-laage\/#primaryimage"},"image":{"@id":"https:\/\/onewood.dk\/vare\/8112thsi-kubus-med-siddeniche-husformet-laage\/#primaryimage"},"thumbnailUrl":"https:\/\/onewood.dk\/wp-content\/uploads\/2024\/12\/6617-scaled.jpg","datePublished":"2024-12-03T11:48:07+00:00","dateModified":"2025-06-26T12:56:17+00:00","breadcrumb":{"@id":"https:\/\/onewood.dk\/vare\/8112thsi-kubus-med-siddeniche-husformet-laage\/#breadcrumb"},"inLanguage":"nl-NL","potentialAction":[{"@type":"ReadAction","target":["https:\/\/onewood.dk\/vare\/8112thsi-kubus-med-siddeniche-husformet-laage\/"]}]},{"@type":"ImageObject","inLanguage":"nl-NL","@id":"https:\/\/onewood.dk\/vare\/8112thsi-kubus-med-siddeniche-husformet-laage\/#primaryimage","url":"https:\/\/onewood.dk\/wp-content\/uploads\/2024\/12\/6617-scaled.jpg","contentUrl":"https:\/\/onewood.dk\/wp-content\/uploads\/2024\/12\/6617-scaled.jpg","width":2560,"height":1707},{"@type":"BreadcrumbList","@id":"https:\/\/onewood.dk\/vare\/8112thsi-kubus-med-siddeniche-husformet-laage\/#breadcrumb","itemListElement":[{"@type":"ListItem","position":1,"name":"Varer","item":"https:\/\/onewood.dk\/shop\/"},{"@type":"ListItem","position":2,"name":"Huse \/ Fordybelse","item":"https:\/\/onewood.dk\/vare-kategori\/huse-fordybelse\/"},{"@type":"ListItem","position":3,"name":"8112THSI &#8211; Kubus med siddeniche husformet l\u00e5ge"}]},{"@type":"WebSite","@id":"https:\/\/onewood.dk\/#website","url":"https:\/\/onewood.dk\/","name":"One Wood Furniture A\/S","description":"","publisher":{"@id":"https:\/\/onewood.dk\/#organization"},"potentialAction":[{"@type":"SearchAction","target":{"@type":"EntryPoint","urlTemplate":"https:\/\/onewood.dk\/?s={search_term_string}"},"query-input":{"@type":"PropertyValueSpecification","valueRequired":true,"valueName":"search_term_string"}}],"inLanguage":"nl-NL"},{"@type":"Organization","@id":"https:\/\/onewood.dk\/#organization","name":"One Wood Furniture A\/S","url":"https:\/\/onewood.dk\/","logo":{"@type":"ImageObject","inLanguage":"nl-NL","@id":"https:\/\/onewood.dk\/#\/schema\/logo\/image\/","url":"https:\/\/onewood.dk\/wp-content\/uploads\/2024\/12\/Logo.png","contentUrl":"https:\/\/onewood.dk\/wp-content\/uploads\/2024\/12\/Logo.png","width":180,"height":90,"caption":"One Wood Furniture A\/S"},"image":{"@id":"https:\/\/onewood.dk\/#\/schema\/logo\/image\/"}}]}},"_links":{"self":[{"href":"https:\/\/onewood.dk\/nl\/wp-json\/wp\/v2\/product\/1951","targetHints":{"allow":["GET"]}}],"collection":[{"href":"https:\/\/onewood.dk\/nl\/wp-json\/wp\/v2\/product"}],"about":[{"href":"https:\/\/onewood.dk\/nl\/wp-json\/wp\/v2\/types\/product"}],"wp:featuredmedia":[{"embeddable":true,"href":"https:\/\/onewood.dk\/nl\/wp-json\/wp\/v2\/media\/4523"}],"wp:attachment":[{"href":"https:\/\/onewood.dk\/nl\/wp-json\/wp\/v2\/media?parent=1951"}],"wp:term":[{"taxonomy":"product_brand","embeddable":true,"href":"https:\/\/onewood.dk\/nl\/wp-json\/wp\/v2\/product_brand?post=1951"},{"taxonomy":"product_cat","embeddable":true,"href":"https:\/\/onewood.dk\/nl\/wp-json\/wp\/v2\/product_cat?post=1951"},{"taxonomy":"product_tag","embeddable":true,"href":"https:\/\/onewood.dk\/nl\/wp-json\/wp\/v2\/product_tag?post=1951"}],"curies":[{"name":"wp","href":"https:\/\/api.w.org\/{rel}","templated":true}]}}