{"id":1960,"date":"2024-12-03T12:48:07","date_gmt":"2024-12-03T11:48:07","guid":{"rendered":"https:\/\/onewood.dkvare\/9040ind46-indskudsbord-800x1200-1400-laminat-h460-400mm\/"},"modified":"2025-06-26T13:56:08","modified_gmt":"2025-06-26T11:56:08","slug":"9040ind46-indskudsbord-800x1200-1400-laminat-h460-400mm","status":"publish","type":"product","link":"https:\/\/onewood.dk\/nl\/product\/9040ind46-nesttafel-800x1200-1400-laminaat-h460-400mm\/","title":{"rendered":"9040IND46 \u2013 Nesttafel 800\u00d71200\/1400 \u2013 Linoleum H:460\/400mm"},"content":{"rendered":"<p>Tafels van 18 mm wit gepigmenteerd berkenmultiplex met linoleum.<\/p>\n<p>Wielen op alle poten.<\/p>\n<p>De tafels kunnen worden gecombineerd in de verschillende standaardkleuren van One Wood, waardoor spannende en kleurrijke eet- en speelomgevingen ontstaan.<\/p>\n<p>Lengte: 1400 mm Breedte: 800 mm Hoogte: 460 mm, incl. wiel<\/p>\n<p>Lengte: 1200 mm Breedte: 800 mm Hoogte: 400 mm, incl. wiel<\/p>","protected":false},"excerpt":{"rendered":"<p>Tafels van 18 mm wit gepigmenteerd berkenmultiplex met linoleum. Wielen op alle poten. De tafels kunnen worden gecombineerd in de verschillende standaardkleuren van One Wood en cre\u00ebren zo een spannende en kleurrijke eet- en speelomgeving. Lengte: 1400 mm Breedte: 800 mm Hoogte: 460 mm, incl. wielen Lengte: 1200 mm Breedte: 800 mm Hoogte: 400 mm, incl. wielen<\/p>","protected":false},"featured_media":4559,"template":"","meta":[],"product_brand":[],"product_cat":[661,558],"product_tag":[],"class_list":{"0":"post-1960","1":"product","2":"type-product","3":"status-publish","4":"has-post-thumbnail","6":"product_cat-indskudsbord","7":"product_cat-borde-baenke-taburetter","9":"first","10":"instock","11":"product-type-simple"},"yoast_head":"<!-- This site is optimized with the Yoast SEO plugin v24.4 - https:\/\/yoast.com\/wordpress\/plugins\/seo\/ -->\n<title>9040IND46 - Indskudsbord 800x1200\/1400 - Linoleum H:460\/400mm | One Wood Furniture A\/S<\/title>\n<meta name=\"robots\" content=\"index, follow, max-snippet:-1, max-image-preview:large, max-video-preview:-1\" \/>\n<link rel=\"canonical\" href=\"https:\/\/onewood.dk\/nl\/product\/9040ind46-nesttafel-800x1200-1400-laminaat-h460-400mm\/\" \/>\n<meta property=\"og:locale\" content=\"nl_NL\" \/>\n<meta property=\"og:type\" content=\"article\" \/>\n<meta property=\"og:title\" content=\"9040IND46 - Indskudsbord 800x1200\/1400 - Linoleum H:460\/400mm | One Wood Furniture A\/S\" \/>\n<meta property=\"og:description\" content=\"Borde i 18mm hvidpigmenteret birkekrydsfiner med linoleum. Hjul p\u00e5 alle ben. Bordene kan kombineres i One Woods forskellige standardfarver og dermed skabe sp\u00e6ndende og farverige spise- og legemilj\u00f8er. L\u00e6ngde: 1400mm Bredde: 800mm H\u00f8jde: 460mm, inkl. hjul L\u00e6ngde: 1200mm Bredde: 800mm H\u00f8jde: 400mm, inkl. hjul\" \/>\n<meta property=\"og:url\" content=\"https:\/\/onewood.dk\/nl\/product\/9040ind46-nesttafel-800x1200-1400-laminaat-h460-400mm\/\" \/>\n<meta property=\"og:site_name\" content=\"One Wood Furniture A\/S\" \/>\n<meta property=\"article:modified_time\" content=\"2025-06-26T11:56:08+00:00\" \/>\n<meta property=\"og:image\" content=\"https:\/\/onewood.dk\/wp-content\/uploads\/2024\/12\/6692-scaled.jpg\" \/>\n\t<meta property=\"og:image:width\" content=\"2560\" \/>\n\t<meta property=\"og:image:height\" content=\"1707\" \/>\n\t<meta property=\"og:image:type\" content=\"image\/jpeg\" \/>\n<meta name=\"twitter:card\" content=\"summary_large_image\" \/>\n<meta name=\"twitter:label1\" content=\"Geschatte leestijd\" \/>\n\t<meta name=\"twitter:data1\" content=\"1 minuut\" \/>\n<script type=\"application\/ld+json\" class=\"yoast-schema-graph\">{\"@context\":\"https:\/\/schema.org\",\"@graph\":[{\"@type\":\"WebPage\",\"@id\":\"https:\/\/onewood.dk\/vare\/9040ind46-indskudsbord-800x1200-1400-laminat-h460-400mm\/\",\"url\":\"https:\/\/onewood.dk\/vare\/9040ind46-indskudsbord-800x1200-1400-laminat-h460-400mm\/\",\"name\":\"9040IND46 - Indskudsbord 800x1200\/1400 - Linoleum H:460\/400mm | One Wood Furniture A\/S\",\"isPartOf\":{\"@id\":\"https:\/\/onewood.dk\/#website\"},\"primaryImageOfPage\":{\"@id\":\"https:\/\/onewood.dk\/vare\/9040ind46-indskudsbord-800x1200-1400-laminat-h460-400mm\/#primaryimage\"},\"image\":{\"@id\":\"https:\/\/onewood.dk\/vare\/9040ind46-indskudsbord-800x1200-1400-laminat-h460-400mm\/#primaryimage\"},\"thumbnailUrl\":\"https:\/\/onewood.dk\/wp-content\/uploads\/2024\/12\/6692-scaled.jpg\",\"datePublished\":\"2024-12-03T11:48:07+00:00\",\"dateModified\":\"2025-06-26T11:56:08+00:00\",\"breadcrumb\":{\"@id\":\"https:\/\/onewood.dk\/vare\/9040ind46-indskudsbord-800x1200-1400-laminat-h460-400mm\/#breadcrumb\"},\"inLanguage\":\"nl-NL\",\"potentialAction\":[{\"@type\":\"ReadAction\",\"target\":[\"https:\/\/onewood.dk\/vare\/9040ind46-indskudsbord-800x1200-1400-laminat-h460-400mm\/\"]}]},{\"@type\":\"ImageObject\",\"inLanguage\":\"nl-NL\",\"@id\":\"https:\/\/onewood.dk\/vare\/9040ind46-indskudsbord-800x1200-1400-laminat-h460-400mm\/#primaryimage\",\"url\":\"https:\/\/onewood.dk\/wp-content\/uploads\/2024\/12\/6692-scaled.jpg\",\"contentUrl\":\"https:\/\/onewood.dk\/wp-content\/uploads\/2024\/12\/6692-scaled.jpg\",\"width\":2560,\"height\":1707},{\"@type\":\"BreadcrumbList\",\"@id\":\"https:\/\/onewood.dk\/vare\/9040ind46-indskudsbord-800x1200-1400-laminat-h460-400mm\/#breadcrumb\",\"itemListElement\":[{\"@type\":\"ListItem\",\"position\":1,\"name\":\"Varer\",\"item\":\"https:\/\/onewood.dk\/shop\/\"},{\"@type\":\"ListItem\",\"position\":2,\"name\":\"Borde, b\u00e6nke &amp; taburetter\",\"item\":\"https:\/\/onewood.dk\/vare-kategori\/borde-baenke-taburetter\/\"},{\"@type\":\"ListItem\",\"position\":3,\"name\":\"Indskudsbord\",\"item\":\"https:\/\/onewood.dk\/vare-kategori\/borde-baenke-taburetter\/indskudsbord\/\"},{\"@type\":\"ListItem\",\"position\":4,\"name\":\"9040IND46 &#8211; Indskudsbord 800&#215;1200\/1400 &#8211; Linoleum H:460\/400mm\"}]},{\"@type\":\"WebSite\",\"@id\":\"https:\/\/onewood.dk\/#website\",\"url\":\"https:\/\/onewood.dk\/\",\"name\":\"One Wood Furniture A\/S\",\"description\":\"\",\"publisher\":{\"@id\":\"https:\/\/onewood.dk\/#organization\"},\"potentialAction\":[{\"@type\":\"SearchAction\",\"target\":{\"@type\":\"EntryPoint\",\"urlTemplate\":\"https:\/\/onewood.dk\/?s={search_term_string}\"},\"query-input\":{\"@type\":\"PropertyValueSpecification\",\"valueRequired\":true,\"valueName\":\"search_term_string\"}}],\"inLanguage\":\"nl-NL\"},{\"@type\":\"Organization\",\"@id\":\"https:\/\/onewood.dk\/#organization\",\"name\":\"One Wood Furniture A\/S\",\"url\":\"https:\/\/onewood.dk\/\",\"logo\":{\"@type\":\"ImageObject\",\"inLanguage\":\"nl-NL\",\"@id\":\"https:\/\/onewood.dk\/#\/schema\/logo\/image\/\",\"url\":\"https:\/\/onewood.dk\/wp-content\/uploads\/2024\/12\/Logo.png\",\"contentUrl\":\"https:\/\/onewood.dk\/wp-content\/uploads\/2024\/12\/Logo.png\",\"width\":180,\"height\":90,\"caption\":\"One Wood Furniture A\/S\"},\"image\":{\"@id\":\"https:\/\/onewood.dk\/#\/schema\/logo\/image\/\"}}]}<\/script>\n<!-- \/ Yoast SEO plugin. -->","yoast_head_json":{"title":"9040IND46 - Indskudsbord 800x1200\/1400 - Linoleum H:460\/400mm | One Wood Furniture A\/S","robots":{"index":"index","follow":"follow","max-snippet":"max-snippet:-1","max-image-preview":"max-image-preview:large","max-video-preview":"max-video-preview:-1"},"canonical":"https:\/\/onewood.dk\/nl\/product\/9040ind46-nesttafel-800x1200-1400-laminaat-h460-400mm\/","og_locale":"nl_NL","og_type":"article","og_title":"9040IND46 - Indskudsbord 800x1200\/1400 - Linoleum H:460\/400mm | One Wood Furniture A\/S","og_description":"Borde i 18mm hvidpigmenteret birkekrydsfiner med linoleum. Hjul p\u00e5 alle ben. Bordene kan kombineres i One Woods forskellige standardfarver og dermed skabe sp\u00e6ndende og farverige spise- og legemilj\u00f8er. L\u00e6ngde: 1400mm Bredde: 800mm H\u00f8jde: 460mm, inkl. hjul L\u00e6ngde: 1200mm Bredde: 800mm H\u00f8jde: 400mm, inkl. hjul","og_url":"https:\/\/onewood.dk\/nl\/product\/9040ind46-nesttafel-800x1200-1400-laminaat-h460-400mm\/","og_site_name":"One Wood Furniture A\/S","article_modified_time":"2025-06-26T11:56:08+00:00","og_image":[{"width":2560,"height":1707,"url":"https:\/\/onewood.dk\/wp-content\/uploads\/2024\/12\/6692-scaled.jpg","type":"image\/jpeg"}],"twitter_card":"summary_large_image","twitter_misc":{"Geschatte leestijd":"1 minuut"},"schema":{"@context":"https:\/\/schema.org","@graph":[{"@type":"WebPage","@id":"https:\/\/onewood.dk\/vare\/9040ind46-indskudsbord-800x1200-1400-laminat-h460-400mm\/","url":"https:\/\/onewood.dk\/vare\/9040ind46-indskudsbord-800x1200-1400-laminat-h460-400mm\/","name":"9040IND46 - Indskudsbord 800x1200\/1400 - Linoleum H:460\/400mm | One Wood Furniture A\/S","isPartOf":{"@id":"https:\/\/onewood.dk\/#website"},"primaryImageOfPage":{"@id":"https:\/\/onewood.dk\/vare\/9040ind46-indskudsbord-800x1200-1400-laminat-h460-400mm\/#primaryimage"},"image":{"@id":"https:\/\/onewood.dk\/vare\/9040ind46-indskudsbord-800x1200-1400-laminat-h460-400mm\/#primaryimage"},"thumbnailUrl":"https:\/\/onewood.dk\/wp-content\/uploads\/2024\/12\/6692-scaled.jpg","datePublished":"2024-12-03T11:48:07+00:00","dateModified":"2025-06-26T11:56:08+00:00","breadcrumb":{"@id":"https:\/\/onewood.dk\/vare\/9040ind46-indskudsbord-800x1200-1400-laminat-h460-400mm\/#breadcrumb"},"inLanguage":"nl-NL","potentialAction":[{"@type":"ReadAction","target":["https:\/\/onewood.dk\/vare\/9040ind46-indskudsbord-800x1200-1400-laminat-h460-400mm\/"]}]},{"@type":"ImageObject","inLanguage":"nl-NL","@id":"https:\/\/onewood.dk\/vare\/9040ind46-indskudsbord-800x1200-1400-laminat-h460-400mm\/#primaryimage","url":"https:\/\/onewood.dk\/wp-content\/uploads\/2024\/12\/6692-scaled.jpg","contentUrl":"https:\/\/onewood.dk\/wp-content\/uploads\/2024\/12\/6692-scaled.jpg","width":2560,"height":1707},{"@type":"BreadcrumbList","@id":"https:\/\/onewood.dk\/vare\/9040ind46-indskudsbord-800x1200-1400-laminat-h460-400mm\/#breadcrumb","itemListElement":[{"@type":"ListItem","position":1,"name":"Varer","item":"https:\/\/onewood.dk\/shop\/"},{"@type":"ListItem","position":2,"name":"Borde, b\u00e6nke &amp; taburetter","item":"https:\/\/onewood.dk\/vare-kategori\/borde-baenke-taburetter\/"},{"@type":"ListItem","position":3,"name":"Indskudsbord","item":"https:\/\/onewood.dk\/vare-kategori\/borde-baenke-taburetter\/indskudsbord\/"},{"@type":"ListItem","position":4,"name":"9040IND46 &#8211; Indskudsbord 800&#215;1200\/1400 &#8211; Linoleum H:460\/400mm"}]},{"@type":"WebSite","@id":"https:\/\/onewood.dk\/#website","url":"https:\/\/onewood.dk\/","name":"One Wood Furniture A\/S","description":"","publisher":{"@id":"https:\/\/onewood.dk\/#organization"},"potentialAction":[{"@type":"SearchAction","target":{"@type":"EntryPoint","urlTemplate":"https:\/\/onewood.dk\/?s={search_term_string}"},"query-input":{"@type":"PropertyValueSpecification","valueRequired":true,"valueName":"search_term_string"}}],"inLanguage":"nl-NL"},{"@type":"Organization","@id":"https:\/\/onewood.dk\/#organization","name":"One Wood Furniture A\/S","url":"https:\/\/onewood.dk\/","logo":{"@type":"ImageObject","inLanguage":"nl-NL","@id":"https:\/\/onewood.dk\/#\/schema\/logo\/image\/","url":"https:\/\/onewood.dk\/wp-content\/uploads\/2024\/12\/Logo.png","contentUrl":"https:\/\/onewood.dk\/wp-content\/uploads\/2024\/12\/Logo.png","width":180,"height":90,"caption":"One Wood Furniture A\/S"},"image":{"@id":"https:\/\/onewood.dk\/#\/schema\/logo\/image\/"}}]}},"_links":{"self":[{"href":"https:\/\/onewood.dk\/nl\/wp-json\/wp\/v2\/product\/1960","targetHints":{"allow":["GET"]}}],"collection":[{"href":"https:\/\/onewood.dk\/nl\/wp-json\/wp\/v2\/product"}],"about":[{"href":"https:\/\/onewood.dk\/nl\/wp-json\/wp\/v2\/types\/product"}],"wp:featuredmedia":[{"embeddable":true,"href":"https:\/\/onewood.dk\/nl\/wp-json\/wp\/v2\/media\/4559"}],"wp:attachment":[{"href":"https:\/\/onewood.dk\/nl\/wp-json\/wp\/v2\/media?parent=1960"}],"wp:term":[{"taxonomy":"product_brand","embeddable":true,"href":"https:\/\/onewood.dk\/nl\/wp-json\/wp\/v2\/product_brand?post=1960"},{"taxonomy":"product_cat","embeddable":true,"href":"https:\/\/onewood.dk\/nl\/wp-json\/wp\/v2\/product_cat?post=1960"},{"taxonomy":"product_tag","embeddable":true,"href":"https:\/\/onewood.dk\/nl\/wp-json\/wp\/v2\/product_tag?post=1960"}],"curies":[{"name":"wp","href":"https:\/\/api.w.org\/{rel}","templated":true}]}}