{"id":1977,"date":"2024-12-03T12:48:10","date_gmt":"2024-12-03T11:48:10","guid":{"rendered":"https:\/\/onewood.dkvare\/8103tkvhs-legekoekken-m-skiffertag-3-rums-vaskemaskine\/"},"modified":"2025-02-26T12:54:04","modified_gmt":"2025-02-26T11:54:04","slug":"8103tkvhs-legekoekken-m-skiffertag-3-rums-vaskemaskine","status":"publish","type":"product","link":"https:\/\/onewood.dk\/nl\/product\/8103tkvhs-speelkeuken-met-leien-dak-3-compartimenten-wasmachine\/","title":{"rendered":"8103TKVHS \u2013 Speelkeuken met leien dak 3 kamers \u2013 wasmachine"},"content":{"rendered":"<p>Kinderen vinden rollenspellen leuk en kunnen hiermee alledaagse activiteiten nabootsen. Rollenspellen worden vooral gespeeld omdat ze de saamhorigheid bevorderen en de sociale vaardigheden vergroten. Het is daarom belangrijk om hiervoor het juiste kader te cre\u00ebren.<\/p>\n<p>Speelkeuken met 4 kookplaten met bijbehorende knoppen. Voor het wassen wordt een kunststof teil gebruikt en uiteraard is er ook een kraan aanwezig, zodat het zoveel mogelijk een gewone keuken nabootst. Er zijn 3 deuren, waarvan er \u00e9\u00e9n van plexiglas is en als oven fungeert. De deur in het midden is voorzien van rond plexiglas, waardoor het lijkt op een wasmachine. Plank achter de ovendeur.<\/p>\n<p>Speelkeuken van 15 mm berkenmultiplex met blanke lak en lichtgrijs laminaat aan de bovenkant. Voorzien van vergrendelbare wielen.<\/p>","protected":false},"excerpt":{"rendered":"<p>Kinderen vinden rollenspellen leuk en het geeft hen de mogelijkheid om alledaagse activiteiten na te bootsen. Rollenspellen komen vooral voor omdat het uitnodigt tot samenzijn en sociale vaardigheden vergroot. Het is daarom belangrijk om hiervoor de juiste randvoorwaarden te cre\u00ebren. Speelkeuken met 4 kookplaten met bijbehorende knoppen. Kunststof bak dient als spoelbak en natuurlijk is er ook een [\u2026]<\/p>","protected":false},"featured_media":4611,"template":"","meta":[],"product_brand":[],"product_cat":[670,560],"product_tag":[],"class_list":{"0":"post-1977","1":"product","2":"type-product","3":"status-publish","4":"has-post-thumbnail","6":"product_cat-legekoekkener","7":"product_cat-legemoebler","9":"first","10":"instock","11":"product-type-simple"},"yoast_head":"<!-- This site is optimized with the Yoast SEO plugin v24.4 - https:\/\/yoast.com\/wordpress\/plugins\/seo\/ -->\n<title>8103TKVHS - Legek\u00f8kken m\/skiffertag 3 rums - vaskemaskine | One Wood Furniture A\/S<\/title>\n<meta name=\"robots\" content=\"index, follow, max-snippet:-1, max-image-preview:large, max-video-preview:-1\" \/>\n<link rel=\"canonical\" href=\"https:\/\/onewood.dk\/nl\/product\/8103tkvhs-speelkeuken-met-leien-dak-3-compartimenten-wasmachine\/\" \/>\n<meta property=\"og:locale\" content=\"nl_NL\" \/>\n<meta property=\"og:type\" content=\"article\" \/>\n<meta property=\"og:title\" content=\"8103TKVHS - Legek\u00f8kken m\/skiffertag 3 rums - vaskemaskine | One Wood Furniture A\/S\" \/>\n<meta property=\"og:description\" content=\"B\u00f8rn nyder rolleleg, og det giver dem mulighed for at imiterer hverdagens aktiviteter. Rolleleg opst\u00e5r is\u00e6r, fordi det indbyder til samv\u00e6r og udvider de sociale f\u00e6rdigheder. Det er derfor vigtigt at skabe de rigtige rammer til dette. Legek\u00f8kken med 4 kogeplader med tilh\u00f8rende drejeknapper. Plastbalje udg\u00f8r det for vask og der er selvf\u00f8lgelig ogs\u00e5 et [&hellip;]\" \/>\n<meta property=\"og:url\" content=\"https:\/\/onewood.dk\/nl\/product\/8103tkvhs-speelkeuken-met-leien-dak-3-compartimenten-wasmachine\/\" \/>\n<meta property=\"og:site_name\" content=\"One Wood Furniture A\/S\" \/>\n<meta property=\"article:modified_time\" content=\"2025-02-26T11:54:04+00:00\" \/>\n<meta property=\"og:image\" content=\"https:\/\/onewood.dk\/wp-content\/uploads\/2024\/12\/6763-scaled.jpg\" \/>\n\t<meta property=\"og:image:width\" content=\"2560\" \/>\n\t<meta property=\"og:image:height\" content=\"1707\" \/>\n\t<meta property=\"og:image:type\" content=\"image\/jpeg\" \/>\n<meta name=\"twitter:card\" content=\"summary_large_image\" \/>\n<meta name=\"twitter:label1\" content=\"Geschatte leestijd\" \/>\n\t<meta name=\"twitter:data1\" content=\"1 minuut\" \/>\n<script type=\"application\/ld+json\" class=\"yoast-schema-graph\">{\"@context\":\"https:\/\/schema.org\",\"@graph\":[{\"@type\":\"WebPage\",\"@id\":\"https:\/\/onewood.dk\/vare\/8103tkvhs-legekoekken-m-skiffertag-3-rums-vaskemaskine\/\",\"url\":\"https:\/\/onewood.dk\/vare\/8103tkvhs-legekoekken-m-skiffertag-3-rums-vaskemaskine\/\",\"name\":\"8103TKVHS - Legek\u00f8kken m\/skiffertag 3 rums - vaskemaskine | One Wood Furniture A\/S\",\"isPartOf\":{\"@id\":\"https:\/\/onewood.dk\/#website\"},\"primaryImageOfPage\":{\"@id\":\"https:\/\/onewood.dk\/vare\/8103tkvhs-legekoekken-m-skiffertag-3-rums-vaskemaskine\/#primaryimage\"},\"image\":{\"@id\":\"https:\/\/onewood.dk\/vare\/8103tkvhs-legekoekken-m-skiffertag-3-rums-vaskemaskine\/#primaryimage\"},\"thumbnailUrl\":\"https:\/\/onewood.dk\/wp-content\/uploads\/2024\/12\/6763-scaled.jpg\",\"datePublished\":\"2024-12-03T11:48:10+00:00\",\"dateModified\":\"2025-02-26T11:54:04+00:00\",\"breadcrumb\":{\"@id\":\"https:\/\/onewood.dk\/vare\/8103tkvhs-legekoekken-m-skiffertag-3-rums-vaskemaskine\/#breadcrumb\"},\"inLanguage\":\"nl-NL\",\"potentialAction\":[{\"@type\":\"ReadAction\",\"target\":[\"https:\/\/onewood.dk\/vare\/8103tkvhs-legekoekken-m-skiffertag-3-rums-vaskemaskine\/\"]}]},{\"@type\":\"ImageObject\",\"inLanguage\":\"nl-NL\",\"@id\":\"https:\/\/onewood.dk\/vare\/8103tkvhs-legekoekken-m-skiffertag-3-rums-vaskemaskine\/#primaryimage\",\"url\":\"https:\/\/onewood.dk\/wp-content\/uploads\/2024\/12\/6763-scaled.jpg\",\"contentUrl\":\"https:\/\/onewood.dk\/wp-content\/uploads\/2024\/12\/6763-scaled.jpg\",\"width\":2560,\"height\":1707},{\"@type\":\"BreadcrumbList\",\"@id\":\"https:\/\/onewood.dk\/vare\/8103tkvhs-legekoekken-m-skiffertag-3-rums-vaskemaskine\/#breadcrumb\",\"itemListElement\":[{\"@type\":\"ListItem\",\"position\":1,\"name\":\"Varer\",\"item\":\"https:\/\/onewood.dk\/shop\/\"},{\"@type\":\"ListItem\",\"position\":2,\"name\":\"Legem\u00f8bler\",\"item\":\"https:\/\/onewood.dk\/vare-kategori\/legemoebler\/\"},{\"@type\":\"ListItem\",\"position\":3,\"name\":\"Legek\u00f8kkener\",\"item\":\"https:\/\/onewood.dk\/vare-kategori\/legemoebler\/legekoekkener\/\"},{\"@type\":\"ListItem\",\"position\":4,\"name\":\"8103TKVHS &#8211; Legek\u00f8kken m\/skiffertag 3 rums &#8211; vaskemaskine\"}]},{\"@type\":\"WebSite\",\"@id\":\"https:\/\/onewood.dk\/#website\",\"url\":\"https:\/\/onewood.dk\/\",\"name\":\"One Wood Furniture A\/S\",\"description\":\"\",\"publisher\":{\"@id\":\"https:\/\/onewood.dk\/#organization\"},\"potentialAction\":[{\"@type\":\"SearchAction\",\"target\":{\"@type\":\"EntryPoint\",\"urlTemplate\":\"https:\/\/onewood.dk\/?s={search_term_string}\"},\"query-input\":{\"@type\":\"PropertyValueSpecification\",\"valueRequired\":true,\"valueName\":\"search_term_string\"}}],\"inLanguage\":\"nl-NL\"},{\"@type\":\"Organization\",\"@id\":\"https:\/\/onewood.dk\/#organization\",\"name\":\"One Wood Furniture A\/S\",\"url\":\"https:\/\/onewood.dk\/\",\"logo\":{\"@type\":\"ImageObject\",\"inLanguage\":\"nl-NL\",\"@id\":\"https:\/\/onewood.dk\/#\/schema\/logo\/image\/\",\"url\":\"https:\/\/onewood.dk\/wp-content\/uploads\/2024\/12\/Logo.png\",\"contentUrl\":\"https:\/\/onewood.dk\/wp-content\/uploads\/2024\/12\/Logo.png\",\"width\":180,\"height\":90,\"caption\":\"One Wood Furniture A\/S\"},\"image\":{\"@id\":\"https:\/\/onewood.dk\/#\/schema\/logo\/image\/\"}}]}<\/script>\n<!-- \/ Yoast SEO plugin. -->","yoast_head_json":{"title":"8103TKVHS - Legek\u00f8kken m\/skiffertag 3 rums - vaskemaskine | One Wood Furniture A\/S","robots":{"index":"index","follow":"follow","max-snippet":"max-snippet:-1","max-image-preview":"max-image-preview:large","max-video-preview":"max-video-preview:-1"},"canonical":"https:\/\/onewood.dk\/nl\/product\/8103tkvhs-speelkeuken-met-leien-dak-3-compartimenten-wasmachine\/","og_locale":"nl_NL","og_type":"article","og_title":"8103TKVHS - Legek\u00f8kken m\/skiffertag 3 rums - vaskemaskine | One Wood Furniture A\/S","og_description":"B\u00f8rn nyder rolleleg, og det giver dem mulighed for at imiterer hverdagens aktiviteter. Rolleleg opst\u00e5r is\u00e6r, fordi det indbyder til samv\u00e6r og udvider de sociale f\u00e6rdigheder. Det er derfor vigtigt at skabe de rigtige rammer til dette. Legek\u00f8kken med 4 kogeplader med tilh\u00f8rende drejeknapper. Plastbalje udg\u00f8r det for vask og der er selvf\u00f8lgelig ogs\u00e5 et [&hellip;]","og_url":"https:\/\/onewood.dk\/nl\/product\/8103tkvhs-speelkeuken-met-leien-dak-3-compartimenten-wasmachine\/","og_site_name":"One Wood Furniture A\/S","article_modified_time":"2025-02-26T11:54:04+00:00","og_image":[{"width":2560,"height":1707,"url":"https:\/\/onewood.dk\/wp-content\/uploads\/2024\/12\/6763-scaled.jpg","type":"image\/jpeg"}],"twitter_card":"summary_large_image","twitter_misc":{"Geschatte leestijd":"1 minuut"},"schema":{"@context":"https:\/\/schema.org","@graph":[{"@type":"WebPage","@id":"https:\/\/onewood.dk\/vare\/8103tkvhs-legekoekken-m-skiffertag-3-rums-vaskemaskine\/","url":"https:\/\/onewood.dk\/vare\/8103tkvhs-legekoekken-m-skiffertag-3-rums-vaskemaskine\/","name":"8103TKVHS - Legek\u00f8kken m\/skiffertag 3 rums - vaskemaskine | One Wood Furniture A\/S","isPartOf":{"@id":"https:\/\/onewood.dk\/#website"},"primaryImageOfPage":{"@id":"https:\/\/onewood.dk\/vare\/8103tkvhs-legekoekken-m-skiffertag-3-rums-vaskemaskine\/#primaryimage"},"image":{"@id":"https:\/\/onewood.dk\/vare\/8103tkvhs-legekoekken-m-skiffertag-3-rums-vaskemaskine\/#primaryimage"},"thumbnailUrl":"https:\/\/onewood.dk\/wp-content\/uploads\/2024\/12\/6763-scaled.jpg","datePublished":"2024-12-03T11:48:10+00:00","dateModified":"2025-02-26T11:54:04+00:00","breadcrumb":{"@id":"https:\/\/onewood.dk\/vare\/8103tkvhs-legekoekken-m-skiffertag-3-rums-vaskemaskine\/#breadcrumb"},"inLanguage":"nl-NL","potentialAction":[{"@type":"ReadAction","target":["https:\/\/onewood.dk\/vare\/8103tkvhs-legekoekken-m-skiffertag-3-rums-vaskemaskine\/"]}]},{"@type":"ImageObject","inLanguage":"nl-NL","@id":"https:\/\/onewood.dk\/vare\/8103tkvhs-legekoekken-m-skiffertag-3-rums-vaskemaskine\/#primaryimage","url":"https:\/\/onewood.dk\/wp-content\/uploads\/2024\/12\/6763-scaled.jpg","contentUrl":"https:\/\/onewood.dk\/wp-content\/uploads\/2024\/12\/6763-scaled.jpg","width":2560,"height":1707},{"@type":"BreadcrumbList","@id":"https:\/\/onewood.dk\/vare\/8103tkvhs-legekoekken-m-skiffertag-3-rums-vaskemaskine\/#breadcrumb","itemListElement":[{"@type":"ListItem","position":1,"name":"Varer","item":"https:\/\/onewood.dk\/shop\/"},{"@type":"ListItem","position":2,"name":"Legem\u00f8bler","item":"https:\/\/onewood.dk\/vare-kategori\/legemoebler\/"},{"@type":"ListItem","position":3,"name":"Legek\u00f8kkener","item":"https:\/\/onewood.dk\/vare-kategori\/legemoebler\/legekoekkener\/"},{"@type":"ListItem","position":4,"name":"8103TKVHS &#8211; Legek\u00f8kken m\/skiffertag 3 rums &#8211; vaskemaskine"}]},{"@type":"WebSite","@id":"https:\/\/onewood.dk\/#website","url":"https:\/\/onewood.dk\/","name":"One Wood Furniture A\/S","description":"","publisher":{"@id":"https:\/\/onewood.dk\/#organization"},"potentialAction":[{"@type":"SearchAction","target":{"@type":"EntryPoint","urlTemplate":"https:\/\/onewood.dk\/?s={search_term_string}"},"query-input":{"@type":"PropertyValueSpecification","valueRequired":true,"valueName":"search_term_string"}}],"inLanguage":"nl-NL"},{"@type":"Organization","@id":"https:\/\/onewood.dk\/#organization","name":"One Wood Furniture A\/S","url":"https:\/\/onewood.dk\/","logo":{"@type":"ImageObject","inLanguage":"nl-NL","@id":"https:\/\/onewood.dk\/#\/schema\/logo\/image\/","url":"https:\/\/onewood.dk\/wp-content\/uploads\/2024\/12\/Logo.png","contentUrl":"https:\/\/onewood.dk\/wp-content\/uploads\/2024\/12\/Logo.png","width":180,"height":90,"caption":"One Wood Furniture A\/S"},"image":{"@id":"https:\/\/onewood.dk\/#\/schema\/logo\/image\/"}}]}},"_links":{"self":[{"href":"https:\/\/onewood.dk\/nl\/wp-json\/wp\/v2\/product\/1977","targetHints":{"allow":["GET"]}}],"collection":[{"href":"https:\/\/onewood.dk\/nl\/wp-json\/wp\/v2\/product"}],"about":[{"href":"https:\/\/onewood.dk\/nl\/wp-json\/wp\/v2\/types\/product"}],"wp:featuredmedia":[{"embeddable":true,"href":"https:\/\/onewood.dk\/nl\/wp-json\/wp\/v2\/media\/4611"}],"wp:attachment":[{"href":"https:\/\/onewood.dk\/nl\/wp-json\/wp\/v2\/media?parent=1977"}],"wp:term":[{"taxonomy":"product_brand","embeddable":true,"href":"https:\/\/onewood.dk\/nl\/wp-json\/wp\/v2\/product_brand?post=1977"},{"taxonomy":"product_cat","embeddable":true,"href":"https:\/\/onewood.dk\/nl\/wp-json\/wp\/v2\/product_cat?post=1977"},{"taxonomy":"product_tag","embeddable":true,"href":"https:\/\/onewood.dk\/nl\/wp-json\/wp\/v2\/product_tag?post=1977"}],"curies":[{"name":"wp","href":"https:\/\/api.w.org\/{rel}","templated":true}]}}