{"id":5180,"date":"2024-12-05T11:44:25","date_gmt":"2024-12-05T10:44:25","guid":{"rendered":"https:\/\/onewood.dk?page_id=5180"},"modified":"2025-01-30T08:40:56","modified_gmt":"2025-01-30T07:40:56","slug":"om","status":"publish","type":"page","link":"https:\/\/onewood.dk\/no\/om\/","title":{"rendered":"Om"},"content":{"rendered":"<div data-elementor-type=\"wp-page\" data-elementor-id=\"5180\" class=\"elementor elementor-5180\" data-elementor-post-type=\"page\">\n\t\t\t\t<div class=\"elementor-element elementor-element-9000419 e-flex e-con-boxed e-con e-parent\" data-id=\"9000419\" data-element_type=\"container\" data-settings=\"{&quot;background_background&quot;:&quot;classic&quot;}\">\n\t\t\t\t\t<div class=\"e-con-inner\">\n\t\t\t\t<div class=\"elementor-element elementor-element-0dfa3f5 elementor-widget__width-initial elementor-widget-tablet__width-inherit elementor-widget elementor-widget-heading\" data-id=\"0dfa3f5\" data-element_type=\"widget\" data-widget_type=\"heading.default\">\n\t\t\t\t<div class=\"elementor-widget-container\">\n\t\t\t\t\t<h1 class=\"elementor-heading-title elementor-size-default\">Dansk kvalitet i alle faser<\/h1>\t\t\t\t<\/div>\n\t\t\t\t<\/div>\n\t\t\t\t<div class=\"elementor-element elementor-element-4e1b0e4 elementor-widget elementor-widget-text-editor\" data-id=\"4e1b0e4\" data-element_type=\"widget\" data-widget_type=\"text-editor.default\">\n\t\t\t\t<div class=\"elementor-widget-container\">\n\t\t\t\t\t\t\t\t\t<p>Service, h\u00e5ndverk og holdbare m\u00f8bell\u00f8sninger<\/p>\t\t\t\t\t\t\t\t<\/div>\n\t\t\t\t<\/div>\n\t\t\t\t\t<\/div>\n\t\t\t\t<\/div>\n\t\t<div class=\"elementor-element elementor-element-199688e e-flex e-con-boxed e-con e-parent\" data-id=\"199688e\" data-element_type=\"container\">\n\t\t\t\t\t<div class=\"e-con-inner\">\n\t\t\t\t<div class=\"elementor-element elementor-element-b830818 elementor-widget elementor-widget-heading\" data-id=\"b830818\" data-element_type=\"widget\" data-widget_type=\"heading.default\">\n\t\t\t\t<div class=\"elementor-widget-container\">\n\t\t\t\t\t<h2 class=\"elementor-heading-title elementor-size-default\">Om One Wood Furniture<\/h2>\t\t\t\t<\/div>\n\t\t\t\t<\/div>\n\t\t\t\t<div class=\"elementor-element elementor-element-ec78c0e elementor-widget elementor-widget-text-editor\" data-id=\"ec78c0e\" data-element_type=\"widget\" data-widget_type=\"text-editor.default\">\n\t\t\t\t<div class=\"elementor-widget-container\">\n\t\t\t\t\t\t\t\t\t<p>One Wood Furniture produserer danske kvalitetsm\u00f8bler til moderne l\u00e6ringsmilj\u00f8er i institusjoner og skoler i hele Skandinavia og store deler av Europa. V\u00e5rt utgangspunkt er dine behov som midtpunkt \u2013 og med en pedagogisk profil i m\u00e5ten vi tenker og designer p\u00e5.<\/p>\t\t\t\t\t\t\t\t<\/div>\n\t\t\t\t<\/div>\n\t\t\t\t\t<\/div>\n\t\t\t\t<\/div>\n\t\t<div class=\"elementor-element elementor-element-cdfd65c e-flex e-con-boxed e-con e-parent\" data-id=\"cdfd65c\" data-element_type=\"container\">\n\t\t\t\t\t<div class=\"e-con-inner\">\n\t\t<div class=\"elementor-element elementor-element-223bff1 e-con-full e-flex e-con e-child\" data-id=\"223bff1\" data-element_type=\"container\">\n\t\t\t\t<div class=\"elementor-element elementor-element-b894989 elementor-widget elementor-widget-heading\" data-id=\"b894989\" data-element_type=\"widget\" data-widget_type=\"heading.default\">\n\t\t\t\t<div class=\"elementor-widget-container\">\n\t\t\t\t\t<h2 class=\"elementor-heading-title elementor-size-default\">Godt h\u00e5ndverk i et dansk firma<\/h2>\t\t\t\t<\/div>\n\t\t\t\t<\/div>\n\t\t\t\t<div class=\"elementor-element elementor-element-6790cdf elementor-widget elementor-widget-text-editor\" data-id=\"6790cdf\" data-element_type=\"widget\" data-widget_type=\"text-editor.default\">\n\t\t\t\t<div class=\"elementor-widget-container\">\n\t\t\t\t\t\t\t\t\t<p>One Wood Furniture er et danskeid selskap med hovedkontor p\u00e5 Fyn, hvor b\u00e5de utvikling og produksjon foreg\u00e5r. Her kombinerer vi godt h\u00e5ndverk med et gjennomg\u00e5ende fokus p\u00e5 b\u00e6rekraft, sikkerhet, kvalitet og holdbare l\u00f8sninger som utgj\u00f8r en positiv forskjell for deg.<\/p>\t\t\t\t\t\t\t\t<\/div>\n\t\t\t\t<\/div>\n\t\t\t\t<\/div>\n\t\t<div class=\"elementor-element elementor-element-f484585 e-con-full e-flex e-con e-child\" data-id=\"f484585\" data-element_type=\"container\" data-settings=\"{&quot;background_background&quot;:&quot;classic&quot;}\">\n\t\t\t\t<\/div>\n\t\t\t\t\t<\/div>\n\t\t\t\t<\/div>\n\t\t<div class=\"elementor-element elementor-element-cf1910a e-flex e-con-boxed e-con e-parent\" data-id=\"cf1910a\" data-element_type=\"container\">\n\t\t\t\t\t<div class=\"e-con-inner\">\n\t\t<div class=\"elementor-element elementor-element-f84a0dc e-con-full e-flex e-con e-child\" data-id=\"f84a0dc\" data-element_type=\"container\" data-settings=\"{&quot;background_background&quot;:&quot;classic&quot;}\">\n\t\t\t\t<\/div>\n\t\t<div class=\"elementor-element elementor-element-fc5427d e-con-full e-flex e-con e-child\" data-id=\"fc5427d\" data-element_type=\"container\">\n\t\t\t\t<div class=\"elementor-element elementor-element-cb3565f elementor-widget elementor-widget-heading\" data-id=\"cb3565f\" data-element_type=\"widget\" data-widget_type=\"heading.default\">\n\t\t\t\t<div class=\"elementor-widget-container\">\n\t\t\t\t\t<h2 class=\"elementor-heading-title elementor-size-default\">Bevist kvalitet<\/h2>\t\t\t\t<\/div>\n\t\t\t\t<\/div>\n\t\t\t\t<div class=\"elementor-element elementor-element-d640dbc elementor-widget elementor-widget-text-editor\" data-id=\"d640dbc\" data-element_type=\"widget\" data-widget_type=\"text-editor.default\">\n\t\t\t\t<div class=\"elementor-widget-container\">\n\t\t\t\t\t\t\t\t\t<p>For One Wood Furniture er det viktig \u00e5 levere velpr\u00f8vd og slitesterk kvalitet. Vi vet hvilke effekter m\u00f8blene skal kunne matche i en travel og hektisk hverdag i institusjonen\/skolen. Derfor er design og et elegant uttrykk bare \u00e9n side av saken. Det andre er at m\u00f8blene har en robust form som kan vare, b\u00e5de prinser og prinsesser slipper fantasien l\u00f8s.<\/p>\t\t\t\t\t\t\t\t<\/div>\n\t\t\t\t<\/div>\n\t\t\t\t<\/div>\n\t\t\t\t\t<\/div>\n\t\t\t\t<\/div>\n\t\t<div class=\"elementor-element elementor-element-21d3362 e-flex e-con-boxed e-con e-parent\" data-id=\"21d3362\" data-element_type=\"container\" data-settings=\"{&quot;background_background&quot;:&quot;gradient&quot;}\">\n\t\t\t\t\t<div class=\"e-con-inner\">\n\t\t<div class=\"elementor-element elementor-element-e980b26 e-con-full e-flex e-con e-child\" data-id=\"e980b26\" data-element_type=\"container\" data-settings=\"{&quot;background_background&quot;:&quot;classic&quot;}\">\n\t\t\t\t<div class=\"elementor-element elementor-element-fe3daee elementor-widget elementor-widget-heading\" data-id=\"fe3daee\" data-element_type=\"widget\" data-widget_type=\"heading.default\">\n\t\t\t\t<div class=\"elementor-widget-container\">\n\t\t\t\t\t<h2 class=\"elementor-heading-title elementor-size-default\">Vi er her for deg<\/h2>\t\t\t\t<\/div>\n\t\t\t\t<\/div>\n\t\t\t\t<div class=\"elementor-element elementor-element-54d7af9 elementor-widget elementor-widget-text-editor\" data-id=\"54d7af9\" data-element_type=\"widget\" data-widget_type=\"text-editor.default\">\n\t\t\t\t<div class=\"elementor-widget-container\">\n\t\t\t\t\t\t\t\t\t<p>Hos One Wood Furniture handler kvalitet ogs\u00e5 om god service og en konstruktiv dialog hvor ting f\u00f8lges opp.<\/p>\t\t\t\t\t\t\t\t<\/div>\n\t\t\t\t<\/div>\n\t\t\t\t<div class=\"elementor-element elementor-element-2bcbeb2 elementor-widget elementor-widget-heading\" data-id=\"2bcbeb2\" data-element_type=\"widget\" data-widget_type=\"heading.default\">\n\t\t\t\t<div class=\"elementor-widget-container\">\n\t\t\t\t\t<h2 class=\"elementor-heading-title elementor-size-default\">V\u00e5re ambisjoner<\/h2>\t\t\t\t<\/div>\n\t\t\t\t<\/div>\n\t\t\t\t<div class=\"elementor-element elementor-element-1987130 elementor-widget elementor-widget-text-editor\" data-id=\"1987130\" data-element_type=\"widget\" data-widget_type=\"text-editor.default\">\n\t\t\t\t<div class=\"elementor-widget-container\">\n\t\t\t\t\t\t\t\t\t<p>Vi har store ambisjoner n\u00e5r det kommer til...:<\/p><ul><li>h\u00f8y kvalitet<\/li><li>b\u00e6rekraft<\/li><li>h\u00f8y leveringssikkerhet \u2013 og til rett tid<\/li><li>fleksibilitet og valgmuligheter for v\u00e5re kunder<\/li><li>produktets holdbarhet<\/li><li>et bredt utvalg av multifunksjonelle m\u00f8bler<\/li><\/ul>\t\t\t\t\t\t\t\t<\/div>\n\t\t\t\t<\/div>\n\t\t\t\t<\/div>\n\t\t<div class=\"elementor-element elementor-element-0dfba8a e-con-full e-flex e-con e-child\" data-id=\"0dfba8a\" data-element_type=\"container\" data-settings=\"{&quot;background_background&quot;:&quot;classic&quot;}\">\n\t\t\t\t<\/div>\n\t\t\t\t\t<\/div>\n\t\t\t\t<\/div>\n\t\t\t\t<\/div>","protected":false},"excerpt":{"rendered":"<p>Dansk kvalitet i alle faser Service, h\u00e5ndverk og slitesterke m\u00f8bell\u00f8sninger Om One Wood Furniture One Wood Furniture produserer danske kvalitetsm\u00f8bler for moderne l\u00e6ringsmilj\u00f8er i institusjoner og skoler over hele Skandinavia og store deler av Europa. V\u00e5rt utgangspunkt er dine behov som fokuspunkt \u2013 og med en pedagogisk profil i m\u00e5ten vi tenker og designer [\u2026]<\/p>","protected":false},"author":2,"featured_media":0,"parent":0,"menu_order":0,"comment_status":"closed","ping_status":"closed","template":"","meta":{"footnotes":""},"class_list":["post-5180","page","type-page","status-publish","hentry"],"yoast_head":"<!-- This site is optimized with the Yoast SEO plugin v24.4 - https:\/\/yoast.com\/wordpress\/plugins\/seo\/ -->\n<title>Om | One Wood Furniture A\/S<\/title>\n<meta name=\"description\" content=\"Gennemtestet kvalitet og godt h\u00e5ndv\u00e6rk er centrale elementer, n\u00e5r dansk-ejede OneWood producerer danske kvalitetsm\u00f8bler til moderne l\u00e6ringsmilj\u00f8er i institutioner og skoler i hele Skandinavien.\" \/>\n<meta name=\"robots\" content=\"index, follow, max-snippet:-1, max-image-preview:large, max-video-preview:-1\" \/>\n<link rel=\"canonical\" href=\"https:\/\/onewood.dk\/no\/om\/\" \/>\n<meta property=\"og:locale\" content=\"nb_NO\" \/>\n<meta property=\"og:type\" content=\"article\" \/>\n<meta property=\"og:title\" content=\"Om | One Wood Furniture A\/S\" \/>\n<meta property=\"og:description\" content=\"Gennemtestet kvalitet og godt h\u00e5ndv\u00e6rk er centrale elementer, n\u00e5r dansk-ejede OneWood producerer danske kvalitetsm\u00f8bler til moderne l\u00e6ringsmilj\u00f8er i institutioner og skoler i hele Skandinavien.\" \/>\n<meta property=\"og:url\" content=\"https:\/\/onewood.dk\/no\/om\/\" \/>\n<meta property=\"og:site_name\" content=\"One Wood Furniture A\/S\" \/>\n<meta property=\"article:modified_time\" content=\"2025-01-30T07:40:56+00:00\" \/>\n<meta name=\"twitter:card\" content=\"summary_large_image\" \/>\n<meta name=\"twitter:label1\" content=\"Ansl. lesetid\" \/>\n\t<meta name=\"twitter:data1\" content=\"2 minutter\" \/>\n<script type=\"application\/ld+json\" class=\"yoast-schema-graph\">{\"@context\":\"https:\/\/schema.org\",\"@graph\":[{\"@type\":\"WebPage\",\"@id\":\"https:\/\/onewood.dk\/om\/\",\"url\":\"https:\/\/onewood.dk\/om\/\",\"name\":\"Om | One Wood Furniture A\/S\",\"isPartOf\":{\"@id\":\"https:\/\/onewood.dk\/#website\"},\"datePublished\":\"2024-12-05T10:44:25+00:00\",\"dateModified\":\"2025-01-30T07:40:56+00:00\",\"description\":\"Gennemtestet kvalitet og godt h\u00e5ndv\u00e6rk er centrale elementer, n\u00e5r dansk-ejede OneWood producerer danske kvalitetsm\u00f8bler til moderne l\u00e6ringsmilj\u00f8er i institutioner og skoler i hele Skandinavien.\",\"inLanguage\":\"nb-NO\",\"potentialAction\":[{\"@type\":\"ReadAction\",\"target\":[\"https:\/\/onewood.dk\/om\/\"]}]},{\"@type\":\"WebSite\",\"@id\":\"https:\/\/onewood.dk\/#website\",\"url\":\"https:\/\/onewood.dk\/\",\"name\":\"One Wood Furniture A\/S\",\"description\":\"\",\"publisher\":{\"@id\":\"https:\/\/onewood.dk\/#organization\"},\"potentialAction\":[{\"@type\":\"SearchAction\",\"target\":{\"@type\":\"EntryPoint\",\"urlTemplate\":\"https:\/\/onewood.dk\/?s={search_term_string}\"},\"query-input\":{\"@type\":\"PropertyValueSpecification\",\"valueRequired\":true,\"valueName\":\"search_term_string\"}}],\"inLanguage\":\"nb-NO\"},{\"@type\":\"Organization\",\"@id\":\"https:\/\/onewood.dk\/#organization\",\"name\":\"One Wood Furniture A\/S\",\"url\":\"https:\/\/onewood.dk\/\",\"logo\":{\"@type\":\"ImageObject\",\"inLanguage\":\"nb-NO\",\"@id\":\"https:\/\/onewood.dk\/#\/schema\/logo\/image\/\",\"url\":\"https:\/\/onewood.dk\/wp-content\/uploads\/2024\/12\/Logo.png\",\"contentUrl\":\"https:\/\/onewood.dk\/wp-content\/uploads\/2024\/12\/Logo.png\",\"width\":180,\"height\":90,\"caption\":\"One Wood Furniture A\/S\"},\"image\":{\"@id\":\"https:\/\/onewood.dk\/#\/schema\/logo\/image\/\"}}]}<\/script>\n<!-- \/ Yoast SEO plugin. -->","yoast_head_json":{"title":"Om | One Wood Furniture A\/S","description":"Gennemtestet kvalitet og godt h\u00e5ndv\u00e6rk er centrale elementer, n\u00e5r dansk-ejede OneWood producerer danske kvalitetsm\u00f8bler til moderne l\u00e6ringsmilj\u00f8er i institutioner og skoler i hele Skandinavien.","robots":{"index":"index","follow":"follow","max-snippet":"max-snippet:-1","max-image-preview":"max-image-preview:large","max-video-preview":"max-video-preview:-1"},"canonical":"https:\/\/onewood.dk\/no\/om\/","og_locale":"nb_NO","og_type":"article","og_title":"Om | One Wood Furniture A\/S","og_description":"Gennemtestet kvalitet og godt h\u00e5ndv\u00e6rk er centrale elementer, n\u00e5r dansk-ejede OneWood producerer danske kvalitetsm\u00f8bler til moderne l\u00e6ringsmilj\u00f8er i institutioner og skoler i hele Skandinavien.","og_url":"https:\/\/onewood.dk\/no\/om\/","og_site_name":"One Wood Furniture A\/S","article_modified_time":"2025-01-30T07:40:56+00:00","twitter_card":"summary_large_image","twitter_misc":{"Ansl. lesetid":"2 minutter"},"schema":{"@context":"https:\/\/schema.org","@graph":[{"@type":"WebPage","@id":"https:\/\/onewood.dk\/om\/","url":"https:\/\/onewood.dk\/om\/","name":"Om | One Wood Furniture A\/S","isPartOf":{"@id":"https:\/\/onewood.dk\/#website"},"datePublished":"2024-12-05T10:44:25+00:00","dateModified":"2025-01-30T07:40:56+00:00","description":"Gennemtestet kvalitet og godt h\u00e5ndv\u00e6rk er centrale elementer, n\u00e5r dansk-ejede OneWood producerer danske kvalitetsm\u00f8bler til moderne l\u00e6ringsmilj\u00f8er i institutioner og skoler i hele Skandinavien.","inLanguage":"nb-NO","potentialAction":[{"@type":"ReadAction","target":["https:\/\/onewood.dk\/om\/"]}]},{"@type":"WebSite","@id":"https:\/\/onewood.dk\/#website","url":"https:\/\/onewood.dk\/","name":"One Wood Furniture A\/S","description":"","publisher":{"@id":"https:\/\/onewood.dk\/#organization"},"potentialAction":[{"@type":"SearchAction","target":{"@type":"EntryPoint","urlTemplate":"https:\/\/onewood.dk\/?s={search_term_string}"},"query-input":{"@type":"PropertyValueSpecification","valueRequired":true,"valueName":"search_term_string"}}],"inLanguage":"nb-NO"},{"@type":"Organization","@id":"https:\/\/onewood.dk\/#organization","name":"One Wood Furniture A\/S","url":"https:\/\/onewood.dk\/","logo":{"@type":"ImageObject","inLanguage":"nb-NO","@id":"https:\/\/onewood.dk\/#\/schema\/logo\/image\/","url":"https:\/\/onewood.dk\/wp-content\/uploads\/2024\/12\/Logo.png","contentUrl":"https:\/\/onewood.dk\/wp-content\/uploads\/2024\/12\/Logo.png","width":180,"height":90,"caption":"One Wood Furniture A\/S"},"image":{"@id":"https:\/\/onewood.dk\/#\/schema\/logo\/image\/"}}]}},"_links":{"self":[{"href":"https:\/\/onewood.dk\/no\/wp-json\/wp\/v2\/pages\/5180","targetHints":{"allow":["GET"]}}],"collection":[{"href":"https:\/\/onewood.dk\/no\/wp-json\/wp\/v2\/pages"}],"about":[{"href":"https:\/\/onewood.dk\/no\/wp-json\/wp\/v2\/types\/page"}],"author":[{"embeddable":true,"href":"https:\/\/onewood.dk\/no\/wp-json\/wp\/v2\/users\/2"}],"replies":[{"embeddable":true,"href":"https:\/\/onewood.dk\/no\/wp-json\/wp\/v2\/comments?post=5180"}],"version-history":[{"count":184,"href":"https:\/\/onewood.dk\/no\/wp-json\/wp\/v2\/pages\/5180\/revisions"}],"predecessor-version":[{"id":6604,"href":"https:\/\/onewood.dk\/no\/wp-json\/wp\/v2\/pages\/5180\/revisions\/6604"}],"wp:attachment":[{"href":"https:\/\/onewood.dk\/no\/wp-json\/wp\/v2\/media?parent=5180"}],"curies":[{"name":"wp","href":"https:\/\/api.w.org\/{rel}","templated":true}]}}