{"id":1430,"date":"2024-12-03T12:46:44","date_gmt":"2024-12-03T11:46:44","guid":{"rendered":"https:\/\/onewood.dkvare\/8591b-vaeghaengt-bord-1200-lille\/"},"modified":"2025-02-24T15:04:49","modified_gmt":"2025-02-24T14:04:49","slug":"8591b-vaeghaengt-bord-1200-lille","status":"publish","type":"product","link":"https:\/\/onewood.dk\/no\/product\/8591b-vegghengt-bord-1200-lite\/","title":{"rendered":"8591B \u2013 Vegghengt bord 1200 liten"},"content":{"rendered":"<p>Sammenleggbart bord for oppheng p\u00e5 veggen sparer plass, slik at plassen kan brukes til lek og utvikling.<\/p>\n<p>Sammenleggbar bord i 18 mm hvitpigmentert bj\u00f8rkekryssfiner med lysegr\u00e5 slitesterk laminat p\u00e5 bordplaten.<\/p>\n<p>Leveres inkl. gassfj\u00e6rer som gj\u00f8r det enkelt \u00e5 heve og senke bordet<\/p>","protected":false},"excerpt":{"rendered":"<p><strong>Bord sl\u00e5tt ned:<\/strong><\/p>\n<p><strong>M\u00e5l:<\/strong> H\u00f8yde: 530 mm. Lengde: 1200mm. Bredde: 700mm.<\/p>\n<p>&nbsp;<\/p>\n<p><strong>Tilbeh\u00f8r:<\/strong><\/p>\n<p>8591 St\u00f8ydempende linoleum p\u00e5 bordplate standard farge<\/p>\n<p>8591S St\u00f8ydempende linoleum p\u00e5 bordplate spesialfarge<\/p>\n<p>&nbsp;<\/p>\n<div class=\"youtube\" style=\"width: 350; height: 300;\"><object data=\"https:\/\/www.youtube.com\/v\/qvNovjbptCU?si=O3_mjYM85zjHWxGK\" type=\"application\/x-shockwave-flash\" width=\"350\" height=\"300\"><param name=\"movie\" value=\"https:\/\/www.youtube.com\/v\/qvNovjbptCU?si=O3_mjYM85zjHWxGK\" \/><param name=\"wmode\" value=\"transparent\" \/><\/object><\/div>\n<p>&nbsp;<\/p>","protected":false},"featured_media":2659,"template":"","meta":[],"product_brand":[],"product_cat":[599,626,558],"product_tag":[],"class_list":{"0":"post-1430","1":"product","2":"type-product","3":"status-publish","4":"has-post-thumbnail","6":"product_cat-vaeghaengte-borde-baenke","7":"product_cat-bord","8":"product_cat-borde-baenke-taburetter","10":"first","11":"instock","12":"product-type-simple"},"yoast_head":"<!-- This site is optimized with the Yoast SEO plugin v24.4 - https:\/\/yoast.com\/wordpress\/plugins\/seo\/ -->\n<title>8591B - V\u00e6gh\u00e6ngt bord 1200 lille | One Wood Furniture A\/S<\/title>\n<meta name=\"robots\" content=\"index, follow, max-snippet:-1, max-image-preview:large, max-video-preview:-1\" \/>\n<link rel=\"canonical\" href=\"https:\/\/onewood.dk\/no\/product\/8591b-vegghengt-bord-1200-lite\/\" \/>\n<meta property=\"og:locale\" content=\"nb_NO\" \/>\n<meta property=\"og:type\" content=\"article\" \/>\n<meta property=\"og:title\" content=\"8591B - V\u00e6gh\u00e6ngt bord 1200 lille | One Wood Furniture A\/S\" \/>\n<meta property=\"og:description\" content=\"Bord sl\u00e5et ned:  M\u00e5l: H\u00f8jde:530mm. L\u00e6ngde:1200mm. Bredde:700mm.  &nbsp;  Tilbeh\u00f8r:  8591 St\u00f8jd\u00e6mpende linolium p\u00e5 bordplade standardfarve  8591S St\u00f8jd\u00e6mpende linolium p\u00e5 bordplade specialfarve  &nbsp;  &nbsp;\" \/>\n<meta property=\"og:url\" content=\"https:\/\/onewood.dk\/no\/product\/8591b-vegghengt-bord-1200-lite\/\" \/>\n<meta property=\"og:site_name\" content=\"One Wood Furniture A\/S\" \/>\n<meta property=\"article:modified_time\" content=\"2025-02-24T14:04:49+00:00\" \/>\n<meta property=\"og:image\" content=\"https:\/\/onewood.dk\/wp-content\/uploads\/2024\/12\/6458-scaled.jpg\" \/>\n\t<meta property=\"og:image:width\" content=\"2560\" \/>\n\t<meta property=\"og:image:height\" content=\"1707\" \/>\n\t<meta property=\"og:image:type\" content=\"image\/jpeg\" \/>\n<meta name=\"twitter:card\" content=\"summary_large_image\" \/>\n<meta name=\"twitter:label1\" content=\"Ansl. lesetid\" \/>\n\t<meta name=\"twitter:data1\" content=\"1 minutt\" \/>\n<script type=\"application\/ld+json\" class=\"yoast-schema-graph\">{\"@context\":\"https:\/\/schema.org\",\"@graph\":[{\"@type\":\"WebPage\",\"@id\":\"https:\/\/onewood.dk\/vare\/8591b-vaeghaengt-bord-1200-lille\/\",\"url\":\"https:\/\/onewood.dk\/vare\/8591b-vaeghaengt-bord-1200-lille\/\",\"name\":\"8591B - V\u00e6gh\u00e6ngt bord 1200 lille | One Wood Furniture A\/S\",\"isPartOf\":{\"@id\":\"https:\/\/onewood.dk\/#website\"},\"primaryImageOfPage\":{\"@id\":\"https:\/\/onewood.dk\/vare\/8591b-vaeghaengt-bord-1200-lille\/#primaryimage\"},\"image\":{\"@id\":\"https:\/\/onewood.dk\/vare\/8591b-vaeghaengt-bord-1200-lille\/#primaryimage\"},\"thumbnailUrl\":\"https:\/\/onewood.dk\/wp-content\/uploads\/2024\/12\/6458-scaled.jpg\",\"datePublished\":\"2024-12-03T11:46:44+00:00\",\"dateModified\":\"2025-02-24T14:04:49+00:00\",\"breadcrumb\":{\"@id\":\"https:\/\/onewood.dk\/vare\/8591b-vaeghaengt-bord-1200-lille\/#breadcrumb\"},\"inLanguage\":\"nb-NO\",\"potentialAction\":[{\"@type\":\"ReadAction\",\"target\":[\"https:\/\/onewood.dk\/vare\/8591b-vaeghaengt-bord-1200-lille\/\"]}]},{\"@type\":\"ImageObject\",\"inLanguage\":\"nb-NO\",\"@id\":\"https:\/\/onewood.dk\/vare\/8591b-vaeghaengt-bord-1200-lille\/#primaryimage\",\"url\":\"https:\/\/onewood.dk\/wp-content\/uploads\/2024\/12\/6458-scaled.jpg\",\"contentUrl\":\"https:\/\/onewood.dk\/wp-content\/uploads\/2024\/12\/6458-scaled.jpg\",\"width\":2560,\"height\":1707},{\"@type\":\"BreadcrumbList\",\"@id\":\"https:\/\/onewood.dk\/vare\/8591b-vaeghaengt-bord-1200-lille\/#breadcrumb\",\"itemListElement\":[{\"@type\":\"ListItem\",\"position\":1,\"name\":\"Varer\",\"item\":\"https:\/\/onewood.dk\/shop\/\"},{\"@type\":\"ListItem\",\"position\":2,\"name\":\"Borde, b\u00e6nke &amp; taburetter\",\"item\":\"https:\/\/onewood.dk\/vare-kategori\/borde-baenke-taburetter\/\"},{\"@type\":\"ListItem\",\"position\":3,\"name\":\"V\u00e6gh\u00e6ngte borde &amp; b\u00e6nke\",\"item\":\"https:\/\/onewood.dk\/vare-kategori\/borde-baenke-taburetter\/vaeghaengte-borde-baenke\/\"},{\"@type\":\"ListItem\",\"position\":4,\"name\":\"Bord\",\"item\":\"https:\/\/onewood.dk\/vare-kategori\/borde-baenke-taburetter\/vaeghaengte-borde-baenke\/bord\/\"},{\"@type\":\"ListItem\",\"position\":5,\"name\":\"8591B &#8211; V\u00e6gh\u00e6ngt bord 1200 lille\"}]},{\"@type\":\"WebSite\",\"@id\":\"https:\/\/onewood.dk\/#website\",\"url\":\"https:\/\/onewood.dk\/\",\"name\":\"One Wood Furniture A\/S\",\"description\":\"\",\"publisher\":{\"@id\":\"https:\/\/onewood.dk\/#organization\"},\"potentialAction\":[{\"@type\":\"SearchAction\",\"target\":{\"@type\":\"EntryPoint\",\"urlTemplate\":\"https:\/\/onewood.dk\/?s={search_term_string}\"},\"query-input\":{\"@type\":\"PropertyValueSpecification\",\"valueRequired\":true,\"valueName\":\"search_term_string\"}}],\"inLanguage\":\"nb-NO\"},{\"@type\":\"Organization\",\"@id\":\"https:\/\/onewood.dk\/#organization\",\"name\":\"One Wood Furniture A\/S\",\"url\":\"https:\/\/onewood.dk\/\",\"logo\":{\"@type\":\"ImageObject\",\"inLanguage\":\"nb-NO\",\"@id\":\"https:\/\/onewood.dk\/#\/schema\/logo\/image\/\",\"url\":\"https:\/\/onewood.dk\/wp-content\/uploads\/2024\/12\/Logo.png\",\"contentUrl\":\"https:\/\/onewood.dk\/wp-content\/uploads\/2024\/12\/Logo.png\",\"width\":180,\"height\":90,\"caption\":\"One Wood Furniture A\/S\"},\"image\":{\"@id\":\"https:\/\/onewood.dk\/#\/schema\/logo\/image\/\"}}]}<\/script>\n<!-- \/ Yoast SEO plugin. -->","yoast_head_json":{"title":"8591B - V\u00e6gh\u00e6ngt bord 1200 lille | One Wood Furniture A\/S","robots":{"index":"index","follow":"follow","max-snippet":"max-snippet:-1","max-image-preview":"max-image-preview:large","max-video-preview":"max-video-preview:-1"},"canonical":"https:\/\/onewood.dk\/no\/product\/8591b-vegghengt-bord-1200-lite\/","og_locale":"nb_NO","og_type":"article","og_title":"8591B - V\u00e6gh\u00e6ngt bord 1200 lille | One Wood Furniture A\/S","og_description":"Bord sl\u00e5et ned:  M\u00e5l: H\u00f8jde:530mm. L\u00e6ngde:1200mm. Bredde:700mm.  &nbsp;  Tilbeh\u00f8r:  8591 St\u00f8jd\u00e6mpende linolium p\u00e5 bordplade standardfarve  8591S St\u00f8jd\u00e6mpende linolium p\u00e5 bordplade specialfarve  &nbsp;  &nbsp;","og_url":"https:\/\/onewood.dk\/no\/product\/8591b-vegghengt-bord-1200-lite\/","og_site_name":"One Wood Furniture A\/S","article_modified_time":"2025-02-24T14:04:49+00:00","og_image":[{"width":2560,"height":1707,"url":"https:\/\/onewood.dk\/wp-content\/uploads\/2024\/12\/6458-scaled.jpg","type":"image\/jpeg"}],"twitter_card":"summary_large_image","twitter_misc":{"Ansl. lesetid":"1 minutt"},"schema":{"@context":"https:\/\/schema.org","@graph":[{"@type":"WebPage","@id":"https:\/\/onewood.dk\/vare\/8591b-vaeghaengt-bord-1200-lille\/","url":"https:\/\/onewood.dk\/vare\/8591b-vaeghaengt-bord-1200-lille\/","name":"8591B - V\u00e6gh\u00e6ngt bord 1200 lille | One Wood Furniture A\/S","isPartOf":{"@id":"https:\/\/onewood.dk\/#website"},"primaryImageOfPage":{"@id":"https:\/\/onewood.dk\/vare\/8591b-vaeghaengt-bord-1200-lille\/#primaryimage"},"image":{"@id":"https:\/\/onewood.dk\/vare\/8591b-vaeghaengt-bord-1200-lille\/#primaryimage"},"thumbnailUrl":"https:\/\/onewood.dk\/wp-content\/uploads\/2024\/12\/6458-scaled.jpg","datePublished":"2024-12-03T11:46:44+00:00","dateModified":"2025-02-24T14:04:49+00:00","breadcrumb":{"@id":"https:\/\/onewood.dk\/vare\/8591b-vaeghaengt-bord-1200-lille\/#breadcrumb"},"inLanguage":"nb-NO","potentialAction":[{"@type":"ReadAction","target":["https:\/\/onewood.dk\/vare\/8591b-vaeghaengt-bord-1200-lille\/"]}]},{"@type":"ImageObject","inLanguage":"nb-NO","@id":"https:\/\/onewood.dk\/vare\/8591b-vaeghaengt-bord-1200-lille\/#primaryimage","url":"https:\/\/onewood.dk\/wp-content\/uploads\/2024\/12\/6458-scaled.jpg","contentUrl":"https:\/\/onewood.dk\/wp-content\/uploads\/2024\/12\/6458-scaled.jpg","width":2560,"height":1707},{"@type":"BreadcrumbList","@id":"https:\/\/onewood.dk\/vare\/8591b-vaeghaengt-bord-1200-lille\/#breadcrumb","itemListElement":[{"@type":"ListItem","position":1,"name":"Varer","item":"https:\/\/onewood.dk\/shop\/"},{"@type":"ListItem","position":2,"name":"Borde, b\u00e6nke &amp; taburetter","item":"https:\/\/onewood.dk\/vare-kategori\/borde-baenke-taburetter\/"},{"@type":"ListItem","position":3,"name":"V\u00e6gh\u00e6ngte borde &amp; b\u00e6nke","item":"https:\/\/onewood.dk\/vare-kategori\/borde-baenke-taburetter\/vaeghaengte-borde-baenke\/"},{"@type":"ListItem","position":4,"name":"Bord","item":"https:\/\/onewood.dk\/vare-kategori\/borde-baenke-taburetter\/vaeghaengte-borde-baenke\/bord\/"},{"@type":"ListItem","position":5,"name":"8591B &#8211; V\u00e6gh\u00e6ngt bord 1200 lille"}]},{"@type":"WebSite","@id":"https:\/\/onewood.dk\/#website","url":"https:\/\/onewood.dk\/","name":"One Wood Furniture A\/S","description":"","publisher":{"@id":"https:\/\/onewood.dk\/#organization"},"potentialAction":[{"@type":"SearchAction","target":{"@type":"EntryPoint","urlTemplate":"https:\/\/onewood.dk\/?s={search_term_string}"},"query-input":{"@type":"PropertyValueSpecification","valueRequired":true,"valueName":"search_term_string"}}],"inLanguage":"nb-NO"},{"@type":"Organization","@id":"https:\/\/onewood.dk\/#organization","name":"One Wood Furniture A\/S","url":"https:\/\/onewood.dk\/","logo":{"@type":"ImageObject","inLanguage":"nb-NO","@id":"https:\/\/onewood.dk\/#\/schema\/logo\/image\/","url":"https:\/\/onewood.dk\/wp-content\/uploads\/2024\/12\/Logo.png","contentUrl":"https:\/\/onewood.dk\/wp-content\/uploads\/2024\/12\/Logo.png","width":180,"height":90,"caption":"One Wood Furniture A\/S"},"image":{"@id":"https:\/\/onewood.dk\/#\/schema\/logo\/image\/"}}]}},"_links":{"self":[{"href":"https:\/\/onewood.dk\/no\/wp-json\/wp\/v2\/product\/1430","targetHints":{"allow":["GET"]}}],"collection":[{"href":"https:\/\/onewood.dk\/no\/wp-json\/wp\/v2\/product"}],"about":[{"href":"https:\/\/onewood.dk\/no\/wp-json\/wp\/v2\/types\/product"}],"wp:featuredmedia":[{"embeddable":true,"href":"https:\/\/onewood.dk\/no\/wp-json\/wp\/v2\/media\/2659"}],"wp:attachment":[{"href":"https:\/\/onewood.dk\/no\/wp-json\/wp\/v2\/media?parent=1430"}],"wp:term":[{"taxonomy":"product_brand","embeddable":true,"href":"https:\/\/onewood.dk\/no\/wp-json\/wp\/v2\/product_brand?post=1430"},{"taxonomy":"product_cat","embeddable":true,"href":"https:\/\/onewood.dk\/no\/wp-json\/wp\/v2\/product_cat?post=1430"},{"taxonomy":"product_tag","embeddable":true,"href":"https:\/\/onewood.dk\/no\/wp-json\/wp\/v2\/product_tag?post=1430"}],"curies":[{"name":"wp","href":"https:\/\/api.w.org\/{rel}","templated":true}]}}