{"id":1480,"date":"2024-12-03T12:46:51","date_gmt":"2024-12-03T11:46:51","guid":{"rendered":"https:\/\/onewood.dkvare\/8125-sikkerhedsspejl-til-kubus-9-rum\/"},"modified":"2025-02-10T14:17:50","modified_gmt":"2025-02-10T13:17:50","slug":"8125-sikkerhedsspejl-til-kubus-9-rum","status":"publish","type":"product","link":"https:\/\/onewood.dk\/no\/product\/8125-sikkerhetsspeil-for-kube-9-rom\/","title":{"rendered":"8125 \u2013 Sikkerhetsspeil for Kubus 9-rom"},"content":{"rendered":"<p>Sikkerhetsspeil med kantlist for Kubus reol 9 rom, er en god m\u00e5te \u00e5 kombinere oppbevaring og trygg lek. Dette fungerer godt for frittst\u00e5ende l\u00f8sninger, men kan ogs\u00e5 v\u00e6re en god mobill\u00f8sning \u00e5 ta ut for bruk etter behov.<\/p>\n<p>Ogs\u00e5 tilgjengelig for:<\/p>\n<ul>\n<li>4 rum &#8211; varenr. 81244<\/li>\n<li>6 rum &#8211; varenr. 8124<\/li>\n<\/ul>\n<p>Mulig \u00e5 legge til flere av Kubus-hyllene. Ring gjerne vedr. pris og informasjon.<\/p>","protected":false},"excerpt":{"rendered":"<p>Sikkerhedsspejl med kantliste til Kubus reol 9 rum, er en god m\u00e5de at kombinere opbevaring og sikker leg. Dette fungerer godt til fritst\u00e5ende l\u00f8sninger, men kan ogs\u00e5 v\u00e6re en god mobil l\u00f8sning til at tage frem til brug efter behov. Findes ogs\u00e5 til: 4 rum &#8211; varenr. 81244 6 rum &#8211; varenr. 8124 Muligt at [&hellip;]<\/p>","protected":false},"featured_media":2845,"template":"","meta":[],"product_brand":[],"product_cat":[606,557,607],"product_tag":[],"class_list":{"0":"post-1480","1":"product","2":"type-product","3":"status-publish","4":"has-post-thumbnail","6":"product_cat-kubus","7":"product_cat-reoler","8":"product_cat-tilbehoer-kubus","10":"first","11":"instock","12":"product-type-simple"},"yoast_head":"<!-- This site is optimized with the Yoast SEO plugin v24.4 - https:\/\/yoast.com\/wordpress\/plugins\/seo\/ -->\n<title>8125 - Sikkerhedsspejl til Kubus 9 rum | One Wood Furniture A\/S<\/title>\n<meta name=\"robots\" content=\"index, follow, max-snippet:-1, max-image-preview:large, max-video-preview:-1\" \/>\n<link rel=\"canonical\" href=\"https:\/\/onewood.dk\/no\/product\/8125-sikkerhetsspeil-for-kube-9-rom\/\" \/>\n<meta property=\"og:locale\" content=\"nb_NO\" \/>\n<meta property=\"og:type\" content=\"article\" \/>\n<meta property=\"og:title\" content=\"8125 - Sikkerhedsspejl til Kubus 9 rum | One Wood Furniture A\/S\" \/>\n<meta property=\"og:description\" content=\"Sikkerhedsspejl med kantliste til Kubus reol 9 rum, er en god m\u00e5de at kombinere opbevaring og sikker leg. Dette fungerer godt til fritst\u00e5ende l\u00f8sninger, men kan ogs\u00e5 v\u00e6re en god mobil l\u00f8sning til at tage frem til brug efter behov. Findes ogs\u00e5 til: 4 rum &#8211; varenr. 81244 6 rum &#8211; varenr. 8124 Muligt at [&hellip;]\" \/>\n<meta property=\"og:url\" content=\"https:\/\/onewood.dk\/no\/product\/8125-sikkerhetsspeil-for-kube-9-rom\/\" \/>\n<meta property=\"og:site_name\" content=\"One Wood Furniture A\/S\" \/>\n<meta property=\"article:modified_time\" content=\"2025-02-10T13:17:50+00:00\" \/>\n<meta property=\"og:image\" content=\"https:\/\/onewood.dk\/wp-content\/uploads\/2024\/12\/1996.jpg\" \/>\n\t<meta property=\"og:image:width\" content=\"1600\" \/>\n\t<meta property=\"og:image:height\" content=\"1065\" \/>\n\t<meta property=\"og:image:type\" content=\"image\/jpeg\" \/>\n<meta name=\"twitter:card\" content=\"summary_large_image\" \/>\n<meta name=\"twitter:label1\" content=\"Ansl. lesetid\" \/>\n\t<meta name=\"twitter:data1\" content=\"1 minutt\" \/>\n<script type=\"application\/ld+json\" class=\"yoast-schema-graph\">{\"@context\":\"https:\/\/schema.org\",\"@graph\":[{\"@type\":\"WebPage\",\"@id\":\"https:\/\/onewood.dk\/vare\/8125-sikkerhedsspejl-til-kubus-9-rum\/\",\"url\":\"https:\/\/onewood.dk\/vare\/8125-sikkerhedsspejl-til-kubus-9-rum\/\",\"name\":\"8125 - Sikkerhedsspejl til Kubus 9 rum | One Wood Furniture A\/S\",\"isPartOf\":{\"@id\":\"https:\/\/onewood.dk\/#website\"},\"primaryImageOfPage\":{\"@id\":\"https:\/\/onewood.dk\/vare\/8125-sikkerhedsspejl-til-kubus-9-rum\/#primaryimage\"},\"image\":{\"@id\":\"https:\/\/onewood.dk\/vare\/8125-sikkerhedsspejl-til-kubus-9-rum\/#primaryimage\"},\"thumbnailUrl\":\"https:\/\/onewood.dk\/wp-content\/uploads\/2024\/12\/1996.jpg\",\"datePublished\":\"2024-12-03T11:46:51+00:00\",\"dateModified\":\"2025-02-10T13:17:50+00:00\",\"breadcrumb\":{\"@id\":\"https:\/\/onewood.dk\/vare\/8125-sikkerhedsspejl-til-kubus-9-rum\/#breadcrumb\"},\"inLanguage\":\"nb-NO\",\"potentialAction\":[{\"@type\":\"ReadAction\",\"target\":[\"https:\/\/onewood.dk\/vare\/8125-sikkerhedsspejl-til-kubus-9-rum\/\"]}]},{\"@type\":\"ImageObject\",\"inLanguage\":\"nb-NO\",\"@id\":\"https:\/\/onewood.dk\/vare\/8125-sikkerhedsspejl-til-kubus-9-rum\/#primaryimage\",\"url\":\"https:\/\/onewood.dk\/wp-content\/uploads\/2024\/12\/1996.jpg\",\"contentUrl\":\"https:\/\/onewood.dk\/wp-content\/uploads\/2024\/12\/1996.jpg\",\"width\":1600,\"height\":1065},{\"@type\":\"BreadcrumbList\",\"@id\":\"https:\/\/onewood.dk\/vare\/8125-sikkerhedsspejl-til-kubus-9-rum\/#breadcrumb\",\"itemListElement\":[{\"@type\":\"ListItem\",\"position\":1,\"name\":\"Varer\",\"item\":\"https:\/\/onewood.dk\/shop\/\"},{\"@type\":\"ListItem\",\"position\":2,\"name\":\"Reoler\",\"item\":\"https:\/\/onewood.dk\/vare-kategori\/reoler\/\"},{\"@type\":\"ListItem\",\"position\":3,\"name\":\"Kubus\",\"item\":\"https:\/\/onewood.dk\/vare-kategori\/reoler\/kubus\/\"},{\"@type\":\"ListItem\",\"position\":4,\"name\":\"Tilbeh\u00f8r Kubus\",\"item\":\"https:\/\/onewood.dk\/vare-kategori\/reoler\/kubus\/tilbehoer-kubus\/\"},{\"@type\":\"ListItem\",\"position\":5,\"name\":\"8125 &#8211; Sikkerhedsspejl til Kubus 9 rum\"}]},{\"@type\":\"WebSite\",\"@id\":\"https:\/\/onewood.dk\/#website\",\"url\":\"https:\/\/onewood.dk\/\",\"name\":\"One Wood Furniture A\/S\",\"description\":\"\",\"publisher\":{\"@id\":\"https:\/\/onewood.dk\/#organization\"},\"potentialAction\":[{\"@type\":\"SearchAction\",\"target\":{\"@type\":\"EntryPoint\",\"urlTemplate\":\"https:\/\/onewood.dk\/?s={search_term_string}\"},\"query-input\":{\"@type\":\"PropertyValueSpecification\",\"valueRequired\":true,\"valueName\":\"search_term_string\"}}],\"inLanguage\":\"nb-NO\"},{\"@type\":\"Organization\",\"@id\":\"https:\/\/onewood.dk\/#organization\",\"name\":\"One Wood Furniture A\/S\",\"url\":\"https:\/\/onewood.dk\/\",\"logo\":{\"@type\":\"ImageObject\",\"inLanguage\":\"nb-NO\",\"@id\":\"https:\/\/onewood.dk\/#\/schema\/logo\/image\/\",\"url\":\"https:\/\/onewood.dk\/wp-content\/uploads\/2024\/12\/Logo.png\",\"contentUrl\":\"https:\/\/onewood.dk\/wp-content\/uploads\/2024\/12\/Logo.png\",\"width\":180,\"height\":90,\"caption\":\"One Wood Furniture A\/S\"},\"image\":{\"@id\":\"https:\/\/onewood.dk\/#\/schema\/logo\/image\/\"}}]}<\/script>\n<!-- \/ Yoast SEO plugin. -->","yoast_head_json":{"title":"8125 - Sikkerhedsspejl til Kubus 9 rum | One Wood Furniture A\/S","robots":{"index":"index","follow":"follow","max-snippet":"max-snippet:-1","max-image-preview":"max-image-preview:large","max-video-preview":"max-video-preview:-1"},"canonical":"https:\/\/onewood.dk\/no\/product\/8125-sikkerhetsspeil-for-kube-9-rom\/","og_locale":"nb_NO","og_type":"article","og_title":"8125 - Sikkerhedsspejl til Kubus 9 rum | One Wood Furniture A\/S","og_description":"Sikkerhedsspejl med kantliste til Kubus reol 9 rum, er en god m\u00e5de at kombinere opbevaring og sikker leg. Dette fungerer godt til fritst\u00e5ende l\u00f8sninger, men kan ogs\u00e5 v\u00e6re en god mobil l\u00f8sning til at tage frem til brug efter behov. Findes ogs\u00e5 til: 4 rum &#8211; varenr. 81244 6 rum &#8211; varenr. 8124 Muligt at [&hellip;]","og_url":"https:\/\/onewood.dk\/no\/product\/8125-sikkerhetsspeil-for-kube-9-rom\/","og_site_name":"One Wood Furniture A\/S","article_modified_time":"2025-02-10T13:17:50+00:00","og_image":[{"width":1600,"height":1065,"url":"https:\/\/onewood.dk\/wp-content\/uploads\/2024\/12\/1996.jpg","type":"image\/jpeg"}],"twitter_card":"summary_large_image","twitter_misc":{"Ansl. lesetid":"1 minutt"},"schema":{"@context":"https:\/\/schema.org","@graph":[{"@type":"WebPage","@id":"https:\/\/onewood.dk\/vare\/8125-sikkerhedsspejl-til-kubus-9-rum\/","url":"https:\/\/onewood.dk\/vare\/8125-sikkerhedsspejl-til-kubus-9-rum\/","name":"8125 - Sikkerhedsspejl til Kubus 9 rum | One Wood Furniture A\/S","isPartOf":{"@id":"https:\/\/onewood.dk\/#website"},"primaryImageOfPage":{"@id":"https:\/\/onewood.dk\/vare\/8125-sikkerhedsspejl-til-kubus-9-rum\/#primaryimage"},"image":{"@id":"https:\/\/onewood.dk\/vare\/8125-sikkerhedsspejl-til-kubus-9-rum\/#primaryimage"},"thumbnailUrl":"https:\/\/onewood.dk\/wp-content\/uploads\/2024\/12\/1996.jpg","datePublished":"2024-12-03T11:46:51+00:00","dateModified":"2025-02-10T13:17:50+00:00","breadcrumb":{"@id":"https:\/\/onewood.dk\/vare\/8125-sikkerhedsspejl-til-kubus-9-rum\/#breadcrumb"},"inLanguage":"nb-NO","potentialAction":[{"@type":"ReadAction","target":["https:\/\/onewood.dk\/vare\/8125-sikkerhedsspejl-til-kubus-9-rum\/"]}]},{"@type":"ImageObject","inLanguage":"nb-NO","@id":"https:\/\/onewood.dk\/vare\/8125-sikkerhedsspejl-til-kubus-9-rum\/#primaryimage","url":"https:\/\/onewood.dk\/wp-content\/uploads\/2024\/12\/1996.jpg","contentUrl":"https:\/\/onewood.dk\/wp-content\/uploads\/2024\/12\/1996.jpg","width":1600,"height":1065},{"@type":"BreadcrumbList","@id":"https:\/\/onewood.dk\/vare\/8125-sikkerhedsspejl-til-kubus-9-rum\/#breadcrumb","itemListElement":[{"@type":"ListItem","position":1,"name":"Varer","item":"https:\/\/onewood.dk\/shop\/"},{"@type":"ListItem","position":2,"name":"Reoler","item":"https:\/\/onewood.dk\/vare-kategori\/reoler\/"},{"@type":"ListItem","position":3,"name":"Kubus","item":"https:\/\/onewood.dk\/vare-kategori\/reoler\/kubus\/"},{"@type":"ListItem","position":4,"name":"Tilbeh\u00f8r Kubus","item":"https:\/\/onewood.dk\/vare-kategori\/reoler\/kubus\/tilbehoer-kubus\/"},{"@type":"ListItem","position":5,"name":"8125 &#8211; Sikkerhedsspejl til Kubus 9 rum"}]},{"@type":"WebSite","@id":"https:\/\/onewood.dk\/#website","url":"https:\/\/onewood.dk\/","name":"One Wood Furniture A\/S","description":"","publisher":{"@id":"https:\/\/onewood.dk\/#organization"},"potentialAction":[{"@type":"SearchAction","target":{"@type":"EntryPoint","urlTemplate":"https:\/\/onewood.dk\/?s={search_term_string}"},"query-input":{"@type":"PropertyValueSpecification","valueRequired":true,"valueName":"search_term_string"}}],"inLanguage":"nb-NO"},{"@type":"Organization","@id":"https:\/\/onewood.dk\/#organization","name":"One Wood Furniture A\/S","url":"https:\/\/onewood.dk\/","logo":{"@type":"ImageObject","inLanguage":"nb-NO","@id":"https:\/\/onewood.dk\/#\/schema\/logo\/image\/","url":"https:\/\/onewood.dk\/wp-content\/uploads\/2024\/12\/Logo.png","contentUrl":"https:\/\/onewood.dk\/wp-content\/uploads\/2024\/12\/Logo.png","width":180,"height":90,"caption":"One Wood Furniture A\/S"},"image":{"@id":"https:\/\/onewood.dk\/#\/schema\/logo\/image\/"}}]}},"_links":{"self":[{"href":"https:\/\/onewood.dk\/no\/wp-json\/wp\/v2\/product\/1480","targetHints":{"allow":["GET"]}}],"collection":[{"href":"https:\/\/onewood.dk\/no\/wp-json\/wp\/v2\/product"}],"about":[{"href":"https:\/\/onewood.dk\/no\/wp-json\/wp\/v2\/types\/product"}],"wp:featuredmedia":[{"embeddable":true,"href":"https:\/\/onewood.dk\/no\/wp-json\/wp\/v2\/media\/2845"}],"wp:attachment":[{"href":"https:\/\/onewood.dk\/no\/wp-json\/wp\/v2\/media?parent=1480"}],"wp:term":[{"taxonomy":"product_brand","embeddable":true,"href":"https:\/\/onewood.dk\/no\/wp-json\/wp\/v2\/product_brand?post=1480"},{"taxonomy":"product_cat","embeddable":true,"href":"https:\/\/onewood.dk\/no\/wp-json\/wp\/v2\/product_cat?post=1480"},{"taxonomy":"product_tag","embeddable":true,"href":"https:\/\/onewood.dk\/no\/wp-json\/wp\/v2\/product_tag?post=1480"}],"curies":[{"name":"wp","href":"https:\/\/api.w.org\/{rel}","templated":true}]}}