{"id":1503,"date":"2024-12-03T12:46:55","date_gmt":"2024-12-03T11:46:55","guid":{"rendered":"https:\/\/onewood.dkvare\/8426-laage\/"},"modified":"2025-02-07T10:41:51","modified_gmt":"2025-02-07T09:41:51","slug":"8426-laage","status":"publish","type":"product","link":"https:\/\/onewood.dk\/no\/product\/8426-doer\/","title":{"rendered":"8426 \u2013 Port"},"content":{"rendered":"<p>D\u00f8r i 15 mm. hvitpigmentert kryssfiner i bj\u00f8rk.<\/p>\n<p>D\u00f8ren kan med fordel kombineres med bilderamme eller utskj\u00e6ring til bilderamme, noe som gj\u00f8r det lettere for barn og foreldre \u00e5 identifisere sin egen garderobe.<\/p>\n<p>Alle d\u00f8rer leveres med soft-close som standard.<\/p>","protected":false},"excerpt":{"rendered":"<p>D\u00f8r i 15 mm. hvitpigmentert kryssfiner i bj\u00f8rk. D\u00f8ren kan med fordel kombineres med bilderamme eller utskj\u00e6ring til bilderamme, noe som gj\u00f8r det lettere for barn og foreldre \u00e5 identifisere sin egen garderobe. Alle d\u00f8rer leveres med soft-close som standard.<\/p>","protected":false},"featured_media":2936,"template":"","meta":[],"product_brand":[],"product_cat":[555,569],"product_tag":[],"class_list":{"0":"post-1503","1":"product","2":"type-product","3":"status-publish","4":"has-post-thumbnail","6":"product_cat-garderober-tilbehoer","7":"product_cat-vaeghaengt-garderobe","9":"first","10":"instock","11":"product-type-simple"},"yoast_head":"<!-- This site is optimized with the Yoast SEO plugin v24.4 - https:\/\/yoast.com\/wordpress\/plugins\/seo\/ -->\n<title>8426 - L\u00e5ge | One Wood Furniture A\/S<\/title>\n<meta name=\"robots\" content=\"index, follow, max-snippet:-1, max-image-preview:large, max-video-preview:-1\" \/>\n<link rel=\"canonical\" href=\"https:\/\/onewood.dk\/no\/product\/8426-doer\/\" \/>\n<meta property=\"og:locale\" content=\"nb_NO\" \/>\n<meta property=\"og:type\" content=\"article\" \/>\n<meta property=\"og:title\" content=\"8426 - L\u00e5ge | One Wood Furniture A\/S\" \/>\n<meta property=\"og:description\" content=\"L\u00e5ge i 15 mm. hvidpigmenteret birkekrydsfiner. L\u00e5gen kan med fordel kombineres med en billedramme eller udfr\u00e6sning til billederamme, s\u00e5 det er nemmere for barn og for\u00e6ldre at identificere egen garderobe. Alle l\u00e5ger leveres med soft-luk som standard.\" \/>\n<meta property=\"og:url\" content=\"https:\/\/onewood.dk\/no\/product\/8426-doer\/\" \/>\n<meta property=\"og:site_name\" content=\"One Wood Furniture A\/S\" \/>\n<meta property=\"article:modified_time\" content=\"2025-02-07T09:41:51+00:00\" \/>\n<meta property=\"og:image\" content=\"https:\/\/onewood.dk\/wp-content\/uploads\/2024\/12\/6678-scaled.jpg\" \/>\n\t<meta property=\"og:image:width\" content=\"2560\" \/>\n\t<meta property=\"og:image:height\" content=\"1707\" \/>\n\t<meta property=\"og:image:type\" content=\"image\/jpeg\" \/>\n<meta name=\"twitter:card\" content=\"summary_large_image\" \/>\n<meta name=\"twitter:label1\" content=\"Ansl. lesetid\" \/>\n\t<meta name=\"twitter:data1\" content=\"1 minutt\" \/>\n<script type=\"application\/ld+json\" class=\"yoast-schema-graph\">{\"@context\":\"https:\/\/schema.org\",\"@graph\":[{\"@type\":\"WebPage\",\"@id\":\"https:\/\/onewood.dk\/vare\/8426-laage\/\",\"url\":\"https:\/\/onewood.dk\/vare\/8426-laage\/\",\"name\":\"8426 - L\u00e5ge | One Wood Furniture A\/S\",\"isPartOf\":{\"@id\":\"https:\/\/onewood.dk\/#website\"},\"primaryImageOfPage\":{\"@id\":\"https:\/\/onewood.dk\/vare\/8426-laage\/#primaryimage\"},\"image\":{\"@id\":\"https:\/\/onewood.dk\/vare\/8426-laage\/#primaryimage\"},\"thumbnailUrl\":\"https:\/\/onewood.dk\/wp-content\/uploads\/2024\/12\/6678-scaled.jpg\",\"datePublished\":\"2024-12-03T11:46:55+00:00\",\"dateModified\":\"2025-02-07T09:41:51+00:00\",\"breadcrumb\":{\"@id\":\"https:\/\/onewood.dk\/vare\/8426-laage\/#breadcrumb\"},\"inLanguage\":\"nb-NO\",\"potentialAction\":[{\"@type\":\"ReadAction\",\"target\":[\"https:\/\/onewood.dk\/vare\/8426-laage\/\"]}]},{\"@type\":\"ImageObject\",\"inLanguage\":\"nb-NO\",\"@id\":\"https:\/\/onewood.dk\/vare\/8426-laage\/#primaryimage\",\"url\":\"https:\/\/onewood.dk\/wp-content\/uploads\/2024\/12\/6678-scaled.jpg\",\"contentUrl\":\"https:\/\/onewood.dk\/wp-content\/uploads\/2024\/12\/6678-scaled.jpg\",\"width\":2560,\"height\":1707},{\"@type\":\"BreadcrumbList\",\"@id\":\"https:\/\/onewood.dk\/vare\/8426-laage\/#breadcrumb\",\"itemListElement\":[{\"@type\":\"ListItem\",\"position\":1,\"name\":\"Varer\",\"item\":\"https:\/\/onewood.dk\/shop\/\"},{\"@type\":\"ListItem\",\"position\":2,\"name\":\"Garderober &amp; tilbeh\u00f8r\",\"item\":\"https:\/\/onewood.dk\/vare-kategori\/garderober-tilbehoer\/\"},{\"@type\":\"ListItem\",\"position\":3,\"name\":\"V\u00e6gh\u00e6ngt garderobe\",\"item\":\"https:\/\/onewood.dk\/vare-kategori\/garderober-tilbehoer\/vaeghaengt-garderobe\/\"},{\"@type\":\"ListItem\",\"position\":4,\"name\":\"8426 &#8211; L\u00e5ge\"}]},{\"@type\":\"WebSite\",\"@id\":\"https:\/\/onewood.dk\/#website\",\"url\":\"https:\/\/onewood.dk\/\",\"name\":\"One Wood Furniture A\/S\",\"description\":\"\",\"publisher\":{\"@id\":\"https:\/\/onewood.dk\/#organization\"},\"potentialAction\":[{\"@type\":\"SearchAction\",\"target\":{\"@type\":\"EntryPoint\",\"urlTemplate\":\"https:\/\/onewood.dk\/?s={search_term_string}\"},\"query-input\":{\"@type\":\"PropertyValueSpecification\",\"valueRequired\":true,\"valueName\":\"search_term_string\"}}],\"inLanguage\":\"nb-NO\"},{\"@type\":\"Organization\",\"@id\":\"https:\/\/onewood.dk\/#organization\",\"name\":\"One Wood Furniture A\/S\",\"url\":\"https:\/\/onewood.dk\/\",\"logo\":{\"@type\":\"ImageObject\",\"inLanguage\":\"nb-NO\",\"@id\":\"https:\/\/onewood.dk\/#\/schema\/logo\/image\/\",\"url\":\"https:\/\/onewood.dk\/wp-content\/uploads\/2024\/12\/Logo.png\",\"contentUrl\":\"https:\/\/onewood.dk\/wp-content\/uploads\/2024\/12\/Logo.png\",\"width\":180,\"height\":90,\"caption\":\"One Wood Furniture A\/S\"},\"image\":{\"@id\":\"https:\/\/onewood.dk\/#\/schema\/logo\/image\/\"}}]}<\/script>\n<!-- \/ Yoast SEO plugin. -->","yoast_head_json":{"title":"8426 - L\u00e5ge | One Wood Furniture A\/S","robots":{"index":"index","follow":"follow","max-snippet":"max-snippet:-1","max-image-preview":"max-image-preview:large","max-video-preview":"max-video-preview:-1"},"canonical":"https:\/\/onewood.dk\/no\/product\/8426-doer\/","og_locale":"nb_NO","og_type":"article","og_title":"8426 - L\u00e5ge | One Wood Furniture A\/S","og_description":"L\u00e5ge i 15 mm. hvidpigmenteret birkekrydsfiner. L\u00e5gen kan med fordel kombineres med en billedramme eller udfr\u00e6sning til billederamme, s\u00e5 det er nemmere for barn og for\u00e6ldre at identificere egen garderobe. Alle l\u00e5ger leveres med soft-luk som standard.","og_url":"https:\/\/onewood.dk\/no\/product\/8426-doer\/","og_site_name":"One Wood Furniture A\/S","article_modified_time":"2025-02-07T09:41:51+00:00","og_image":[{"width":2560,"height":1707,"url":"https:\/\/onewood.dk\/wp-content\/uploads\/2024\/12\/6678-scaled.jpg","type":"image\/jpeg"}],"twitter_card":"summary_large_image","twitter_misc":{"Ansl. lesetid":"1 minutt"},"schema":{"@context":"https:\/\/schema.org","@graph":[{"@type":"WebPage","@id":"https:\/\/onewood.dk\/vare\/8426-laage\/","url":"https:\/\/onewood.dk\/vare\/8426-laage\/","name":"8426 - L\u00e5ge | One Wood Furniture A\/S","isPartOf":{"@id":"https:\/\/onewood.dk\/#website"},"primaryImageOfPage":{"@id":"https:\/\/onewood.dk\/vare\/8426-laage\/#primaryimage"},"image":{"@id":"https:\/\/onewood.dk\/vare\/8426-laage\/#primaryimage"},"thumbnailUrl":"https:\/\/onewood.dk\/wp-content\/uploads\/2024\/12\/6678-scaled.jpg","datePublished":"2024-12-03T11:46:55+00:00","dateModified":"2025-02-07T09:41:51+00:00","breadcrumb":{"@id":"https:\/\/onewood.dk\/vare\/8426-laage\/#breadcrumb"},"inLanguage":"nb-NO","potentialAction":[{"@type":"ReadAction","target":["https:\/\/onewood.dk\/vare\/8426-laage\/"]}]},{"@type":"ImageObject","inLanguage":"nb-NO","@id":"https:\/\/onewood.dk\/vare\/8426-laage\/#primaryimage","url":"https:\/\/onewood.dk\/wp-content\/uploads\/2024\/12\/6678-scaled.jpg","contentUrl":"https:\/\/onewood.dk\/wp-content\/uploads\/2024\/12\/6678-scaled.jpg","width":2560,"height":1707},{"@type":"BreadcrumbList","@id":"https:\/\/onewood.dk\/vare\/8426-laage\/#breadcrumb","itemListElement":[{"@type":"ListItem","position":1,"name":"Varer","item":"https:\/\/onewood.dk\/shop\/"},{"@type":"ListItem","position":2,"name":"Garderober &amp; tilbeh\u00f8r","item":"https:\/\/onewood.dk\/vare-kategori\/garderober-tilbehoer\/"},{"@type":"ListItem","position":3,"name":"V\u00e6gh\u00e6ngt garderobe","item":"https:\/\/onewood.dk\/vare-kategori\/garderober-tilbehoer\/vaeghaengt-garderobe\/"},{"@type":"ListItem","position":4,"name":"8426 &#8211; L\u00e5ge"}]},{"@type":"WebSite","@id":"https:\/\/onewood.dk\/#website","url":"https:\/\/onewood.dk\/","name":"One Wood Furniture A\/S","description":"","publisher":{"@id":"https:\/\/onewood.dk\/#organization"},"potentialAction":[{"@type":"SearchAction","target":{"@type":"EntryPoint","urlTemplate":"https:\/\/onewood.dk\/?s={search_term_string}"},"query-input":{"@type":"PropertyValueSpecification","valueRequired":true,"valueName":"search_term_string"}}],"inLanguage":"nb-NO"},{"@type":"Organization","@id":"https:\/\/onewood.dk\/#organization","name":"One Wood Furniture A\/S","url":"https:\/\/onewood.dk\/","logo":{"@type":"ImageObject","inLanguage":"nb-NO","@id":"https:\/\/onewood.dk\/#\/schema\/logo\/image\/","url":"https:\/\/onewood.dk\/wp-content\/uploads\/2024\/12\/Logo.png","contentUrl":"https:\/\/onewood.dk\/wp-content\/uploads\/2024\/12\/Logo.png","width":180,"height":90,"caption":"One Wood Furniture A\/S"},"image":{"@id":"https:\/\/onewood.dk\/#\/schema\/logo\/image\/"}}]}},"_links":{"self":[{"href":"https:\/\/onewood.dk\/no\/wp-json\/wp\/v2\/product\/1503","targetHints":{"allow":["GET"]}}],"collection":[{"href":"https:\/\/onewood.dk\/no\/wp-json\/wp\/v2\/product"}],"about":[{"href":"https:\/\/onewood.dk\/no\/wp-json\/wp\/v2\/types\/product"}],"wp:featuredmedia":[{"embeddable":true,"href":"https:\/\/onewood.dk\/no\/wp-json\/wp\/v2\/media\/2936"}],"wp:attachment":[{"href":"https:\/\/onewood.dk\/no\/wp-json\/wp\/v2\/media?parent=1503"}],"wp:term":[{"taxonomy":"product_brand","embeddable":true,"href":"https:\/\/onewood.dk\/no\/wp-json\/wp\/v2\/product_brand?post=1503"},{"taxonomy":"product_cat","embeddable":true,"href":"https:\/\/onewood.dk\/no\/wp-json\/wp\/v2\/product_cat?post=1503"},{"taxonomy":"product_tag","embeddable":true,"href":"https:\/\/onewood.dk\/no\/wp-json\/wp\/v2\/product_tag?post=1503"}],"curies":[{"name":"wp","href":"https:\/\/api.w.org\/{rel}","templated":true}]}}