{"id":1516,"date":"2024-12-03T12:46:58","date_gmt":"2024-12-03T11:46:58","guid":{"rendered":"https:\/\/onewood.dkvare\/7670-laage-til-one-wood-lux\/"},"modified":"2025-02-07T08:15:58","modified_gmt":"2025-02-07T07:15:58","slug":"7670-laage-til-one-wood-lux","status":"publish","type":"product","link":"https:\/\/onewood.dk\/no\/product\/7670-doer-for-ett-tre-lux\/","title":{"rendered":"7670 \u2013 D\u00f8r for One Wood Lux"},"content":{"rendered":"<p>D\u00f8r i 15 mm. hvitpigmentert kryssfiner i bj\u00f8rk.<\/p>\n<p>&nbsp;<\/p>\n<p>D\u00f8ren kan med fordel kombineres med bilderamme eller utskj\u00e6ring til bilderamme, noe som gj\u00f8r det lettere for barn og foreldre \u00e5 identifisere sin egen garderobe.<\/p>\n<p>&nbsp;<\/p>\n<p>Alle d\u00f8rer leveres med soft-close som standard.<\/p>","protected":false},"excerpt":{"rendered":"<p>D\u00f8r i 15 mm hvitpigmentert bj\u00f8rkefiner. D\u00f8ren kan med fordel kombineres med en bilderamme eller et utskj\u00e6ringspunkt for en bilderamme, slik at det blir enklere for barn og foreldre \u00e5 identifisere sin egen garderobe. Alle d\u00f8rer leveres med myk lukking som standard.<\/p>","protected":false},"featured_media":2981,"template":"","meta":[],"product_brand":[],"product_cat":[555,571,602],"product_tag":[],"class_list":{"0":"post-1516","1":"product","2":"type-product","3":"status-publish","4":"has-post-thumbnail","6":"product_cat-garderober-tilbehoer","7":"product_cat-one-wood-lux","8":"product_cat-tilbehoer-one-wood-lux","10":"first","11":"instock","12":"product-type-simple"},"yoast_head":"<!-- This site is optimized with the Yoast SEO plugin v24.4 - https:\/\/yoast.com\/wordpress\/plugins\/seo\/ -->\n<title>7670 - L\u00e5ge til One Wood Lux | One Wood Furniture A\/S<\/title>\n<meta name=\"robots\" content=\"index, follow, max-snippet:-1, max-image-preview:large, max-video-preview:-1\" \/>\n<link rel=\"canonical\" href=\"https:\/\/onewood.dk\/no\/product\/7670-doer-for-ett-tre-lux\/\" \/>\n<meta property=\"og:locale\" content=\"nb_NO\" \/>\n<meta property=\"og:type\" content=\"article\" \/>\n<meta property=\"og:title\" content=\"7670 - L\u00e5ge til One Wood Lux | One Wood Furniture A\/S\" \/>\n<meta property=\"og:description\" content=\"L\u00e5ge i 15 mm. hvidpigmenteret birkekrydsfiner. &nbsp; L\u00e5gen kan med fordel kombineres med en billedramme eller udfr\u00e6sning til billederamme, s\u00e5 det er nemmere for barn og for\u00e6ldre at identificere egen garderobe. &nbsp; Alle l\u00e5ger leveres med soft-luk som standard.\" \/>\n<meta property=\"og:url\" content=\"https:\/\/onewood.dk\/no\/product\/7670-doer-for-ett-tre-lux\/\" \/>\n<meta property=\"og:site_name\" content=\"One Wood Furniture A\/S\" \/>\n<meta property=\"article:modified_time\" content=\"2025-02-07T07:15:58+00:00\" \/>\n<meta property=\"og:image\" content=\"https:\/\/onewood.dk\/wp-content\/uploads\/2024\/12\/2158.jpg\" \/>\n\t<meta property=\"og:image:width\" content=\"1600\" \/>\n\t<meta property=\"og:image:height\" content=\"1065\" \/>\n\t<meta property=\"og:image:type\" content=\"image\/jpeg\" \/>\n<meta name=\"twitter:card\" content=\"summary_large_image\" \/>\n<meta name=\"twitter:label1\" content=\"Ansl. lesetid\" \/>\n\t<meta name=\"twitter:data1\" content=\"1 minutt\" \/>\n<script type=\"application\/ld+json\" class=\"yoast-schema-graph\">{\"@context\":\"https:\/\/schema.org\",\"@graph\":[{\"@type\":\"WebPage\",\"@id\":\"https:\/\/onewood.dk\/vare\/7670-laage-til-one-wood-lux\/\",\"url\":\"https:\/\/onewood.dk\/vare\/7670-laage-til-one-wood-lux\/\",\"name\":\"7670 - L\u00e5ge til One Wood Lux | One Wood Furniture A\/S\",\"isPartOf\":{\"@id\":\"https:\/\/onewood.dk\/#website\"},\"primaryImageOfPage\":{\"@id\":\"https:\/\/onewood.dk\/vare\/7670-laage-til-one-wood-lux\/#primaryimage\"},\"image\":{\"@id\":\"https:\/\/onewood.dk\/vare\/7670-laage-til-one-wood-lux\/#primaryimage\"},\"thumbnailUrl\":\"https:\/\/onewood.dk\/wp-content\/uploads\/2024\/12\/2158.jpg\",\"datePublished\":\"2024-12-03T11:46:58+00:00\",\"dateModified\":\"2025-02-07T07:15:58+00:00\",\"breadcrumb\":{\"@id\":\"https:\/\/onewood.dk\/vare\/7670-laage-til-one-wood-lux\/#breadcrumb\"},\"inLanguage\":\"nb-NO\",\"potentialAction\":[{\"@type\":\"ReadAction\",\"target\":[\"https:\/\/onewood.dk\/vare\/7670-laage-til-one-wood-lux\/\"]}]},{\"@type\":\"ImageObject\",\"inLanguage\":\"nb-NO\",\"@id\":\"https:\/\/onewood.dk\/vare\/7670-laage-til-one-wood-lux\/#primaryimage\",\"url\":\"https:\/\/onewood.dk\/wp-content\/uploads\/2024\/12\/2158.jpg\",\"contentUrl\":\"https:\/\/onewood.dk\/wp-content\/uploads\/2024\/12\/2158.jpg\",\"width\":1600,\"height\":1065},{\"@type\":\"BreadcrumbList\",\"@id\":\"https:\/\/onewood.dk\/vare\/7670-laage-til-one-wood-lux\/#breadcrumb\",\"itemListElement\":[{\"@type\":\"ListItem\",\"position\":1,\"name\":\"Varer\",\"item\":\"https:\/\/onewood.dk\/shop\/\"},{\"@type\":\"ListItem\",\"position\":2,\"name\":\"Garderober &amp; tilbeh\u00f8r\",\"item\":\"https:\/\/onewood.dk\/vare-kategori\/garderober-tilbehoer\/\"},{\"@type\":\"ListItem\",\"position\":3,\"name\":\"One Wood Lux\",\"item\":\"https:\/\/onewood.dk\/vare-kategori\/garderober-tilbehoer\/one-wood-lux\/\"},{\"@type\":\"ListItem\",\"position\":4,\"name\":\"Tilbeh\u00f8r\",\"item\":\"https:\/\/onewood.dk\/vare-kategori\/garderober-tilbehoer\/one-wood-lux\/tilbehoer-one-wood-lux\/\"},{\"@type\":\"ListItem\",\"position\":5,\"name\":\"7670 &#8211; L\u00e5ge til One Wood Lux\"}]},{\"@type\":\"WebSite\",\"@id\":\"https:\/\/onewood.dk\/#website\",\"url\":\"https:\/\/onewood.dk\/\",\"name\":\"One Wood Furniture A\/S\",\"description\":\"\",\"publisher\":{\"@id\":\"https:\/\/onewood.dk\/#organization\"},\"potentialAction\":[{\"@type\":\"SearchAction\",\"target\":{\"@type\":\"EntryPoint\",\"urlTemplate\":\"https:\/\/onewood.dk\/?s={search_term_string}\"},\"query-input\":{\"@type\":\"PropertyValueSpecification\",\"valueRequired\":true,\"valueName\":\"search_term_string\"}}],\"inLanguage\":\"nb-NO\"},{\"@type\":\"Organization\",\"@id\":\"https:\/\/onewood.dk\/#organization\",\"name\":\"One Wood Furniture A\/S\",\"url\":\"https:\/\/onewood.dk\/\",\"logo\":{\"@type\":\"ImageObject\",\"inLanguage\":\"nb-NO\",\"@id\":\"https:\/\/onewood.dk\/#\/schema\/logo\/image\/\",\"url\":\"https:\/\/onewood.dk\/wp-content\/uploads\/2024\/12\/Logo.png\",\"contentUrl\":\"https:\/\/onewood.dk\/wp-content\/uploads\/2024\/12\/Logo.png\",\"width\":180,\"height\":90,\"caption\":\"One Wood Furniture A\/S\"},\"image\":{\"@id\":\"https:\/\/onewood.dk\/#\/schema\/logo\/image\/\"}}]}<\/script>\n<!-- \/ Yoast SEO plugin. -->","yoast_head_json":{"title":"7670 - L\u00e5ge til One Wood Lux | One Wood Furniture A\/S","robots":{"index":"index","follow":"follow","max-snippet":"max-snippet:-1","max-image-preview":"max-image-preview:large","max-video-preview":"max-video-preview:-1"},"canonical":"https:\/\/onewood.dk\/no\/product\/7670-doer-for-ett-tre-lux\/","og_locale":"nb_NO","og_type":"article","og_title":"7670 - L\u00e5ge til One Wood Lux | One Wood Furniture A\/S","og_description":"L\u00e5ge i 15 mm. hvidpigmenteret birkekrydsfiner. &nbsp; L\u00e5gen kan med fordel kombineres med en billedramme eller udfr\u00e6sning til billederamme, s\u00e5 det er nemmere for barn og for\u00e6ldre at identificere egen garderobe. &nbsp; Alle l\u00e5ger leveres med soft-luk som standard.","og_url":"https:\/\/onewood.dk\/no\/product\/7670-doer-for-ett-tre-lux\/","og_site_name":"One Wood Furniture A\/S","article_modified_time":"2025-02-07T07:15:58+00:00","og_image":[{"width":1600,"height":1065,"url":"https:\/\/onewood.dk\/wp-content\/uploads\/2024\/12\/2158.jpg","type":"image\/jpeg"}],"twitter_card":"summary_large_image","twitter_misc":{"Ansl. lesetid":"1 minutt"},"schema":{"@context":"https:\/\/schema.org","@graph":[{"@type":"WebPage","@id":"https:\/\/onewood.dk\/vare\/7670-laage-til-one-wood-lux\/","url":"https:\/\/onewood.dk\/vare\/7670-laage-til-one-wood-lux\/","name":"7670 - L\u00e5ge til One Wood Lux | One Wood Furniture A\/S","isPartOf":{"@id":"https:\/\/onewood.dk\/#website"},"primaryImageOfPage":{"@id":"https:\/\/onewood.dk\/vare\/7670-laage-til-one-wood-lux\/#primaryimage"},"image":{"@id":"https:\/\/onewood.dk\/vare\/7670-laage-til-one-wood-lux\/#primaryimage"},"thumbnailUrl":"https:\/\/onewood.dk\/wp-content\/uploads\/2024\/12\/2158.jpg","datePublished":"2024-12-03T11:46:58+00:00","dateModified":"2025-02-07T07:15:58+00:00","breadcrumb":{"@id":"https:\/\/onewood.dk\/vare\/7670-laage-til-one-wood-lux\/#breadcrumb"},"inLanguage":"nb-NO","potentialAction":[{"@type":"ReadAction","target":["https:\/\/onewood.dk\/vare\/7670-laage-til-one-wood-lux\/"]}]},{"@type":"ImageObject","inLanguage":"nb-NO","@id":"https:\/\/onewood.dk\/vare\/7670-laage-til-one-wood-lux\/#primaryimage","url":"https:\/\/onewood.dk\/wp-content\/uploads\/2024\/12\/2158.jpg","contentUrl":"https:\/\/onewood.dk\/wp-content\/uploads\/2024\/12\/2158.jpg","width":1600,"height":1065},{"@type":"BreadcrumbList","@id":"https:\/\/onewood.dk\/vare\/7670-laage-til-one-wood-lux\/#breadcrumb","itemListElement":[{"@type":"ListItem","position":1,"name":"Varer","item":"https:\/\/onewood.dk\/shop\/"},{"@type":"ListItem","position":2,"name":"Garderober &amp; tilbeh\u00f8r","item":"https:\/\/onewood.dk\/vare-kategori\/garderober-tilbehoer\/"},{"@type":"ListItem","position":3,"name":"One Wood Lux","item":"https:\/\/onewood.dk\/vare-kategori\/garderober-tilbehoer\/one-wood-lux\/"},{"@type":"ListItem","position":4,"name":"Tilbeh\u00f8r","item":"https:\/\/onewood.dk\/vare-kategori\/garderober-tilbehoer\/one-wood-lux\/tilbehoer-one-wood-lux\/"},{"@type":"ListItem","position":5,"name":"7670 &#8211; L\u00e5ge til One Wood Lux"}]},{"@type":"WebSite","@id":"https:\/\/onewood.dk\/#website","url":"https:\/\/onewood.dk\/","name":"One Wood Furniture A\/S","description":"","publisher":{"@id":"https:\/\/onewood.dk\/#organization"},"potentialAction":[{"@type":"SearchAction","target":{"@type":"EntryPoint","urlTemplate":"https:\/\/onewood.dk\/?s={search_term_string}"},"query-input":{"@type":"PropertyValueSpecification","valueRequired":true,"valueName":"search_term_string"}}],"inLanguage":"nb-NO"},{"@type":"Organization","@id":"https:\/\/onewood.dk\/#organization","name":"One Wood Furniture A\/S","url":"https:\/\/onewood.dk\/","logo":{"@type":"ImageObject","inLanguage":"nb-NO","@id":"https:\/\/onewood.dk\/#\/schema\/logo\/image\/","url":"https:\/\/onewood.dk\/wp-content\/uploads\/2024\/12\/Logo.png","contentUrl":"https:\/\/onewood.dk\/wp-content\/uploads\/2024\/12\/Logo.png","width":180,"height":90,"caption":"One Wood Furniture A\/S"},"image":{"@id":"https:\/\/onewood.dk\/#\/schema\/logo\/image\/"}}]}},"_links":{"self":[{"href":"https:\/\/onewood.dk\/no\/wp-json\/wp\/v2\/product\/1516","targetHints":{"allow":["GET"]}}],"collection":[{"href":"https:\/\/onewood.dk\/no\/wp-json\/wp\/v2\/product"}],"about":[{"href":"https:\/\/onewood.dk\/no\/wp-json\/wp\/v2\/types\/product"}],"wp:featuredmedia":[{"embeddable":true,"href":"https:\/\/onewood.dk\/no\/wp-json\/wp\/v2\/media\/2981"}],"wp:attachment":[{"href":"https:\/\/onewood.dk\/no\/wp-json\/wp\/v2\/media?parent=1516"}],"wp:term":[{"taxonomy":"product_brand","embeddable":true,"href":"https:\/\/onewood.dk\/no\/wp-json\/wp\/v2\/product_brand?post=1516"},{"taxonomy":"product_cat","embeddable":true,"href":"https:\/\/onewood.dk\/no\/wp-json\/wp\/v2\/product_cat?post=1516"},{"taxonomy":"product_tag","embeddable":true,"href":"https:\/\/onewood.dk\/no\/wp-json\/wp\/v2\/product_tag?post=1516"}],"curies":[{"name":"wp","href":"https:\/\/api.w.org\/{rel}","templated":true}]}}