{"id":1619,"date":"2024-12-03T12:47:15","date_gmt":"2024-12-03T11:47:15","guid":{"rendered":"https:\/\/onewood.dkvare\/efteraar-til-garderobelaage\/"},"modified":"2025-02-10T11:03:48","modified_gmt":"2025-02-10T10:03:48","slug":"efteraar-til-garderobelaage","status":"publish","type":"product","link":"https:\/\/onewood.dk\/no\/product\/hoest-for-garderobedoerer\/","title":{"rendered":"H\u00f8st for garderobed\u00f8rer"},"content":{"rendered":"<p>UV-trykk for garderobe med h\u00f8stmotiv.<\/p>\n<p>Du kan fritt velge mellom de 12 motivene, som er angitt med nr.<\/p>","protected":false},"excerpt":{"rendered":"<p>Utvalget av trykk til m\u00f8bler skaper unike l\u00f8sninger og gir liv til lekerommet. Illustrasjonene har en pedagogisk tiln\u00e6rming, hvor l\u00e6ring og utforskning st\u00e5r i h\u00f8ysetet.<br \/>\nDet h\u00f8ye detaljniv\u00e5et i illustrasjonene gj\u00f8r det spennende for barn \u00e5 utforske produktene og finne s\u00e6rheter og s\u00e6rtrekk ved de enkelte motivene.<br \/>\nDet bidrar til \u00e5 stimulere fantasien deres til \u00e5 lage sine egne spill som involverer motivene og produktene.<\/p>\n<p>&nbsp;<\/p>\n<p>Motivene er basert p\u00e5 nordisk natur og kjente elementer fra den. Barna f\u00e5r mulighet til \u00e5 utforske hvilke dyr og planter som tilh\u00f8rer henholdsvis vann, land og luft, og hvordan naturen ser ut i de ulike \u00e5rstidene. Det er morsomt for barn \u00e5 utforske og unders\u00f8ke de individuelle egenskapene, fargene og formene og f\u00e5 muligheten til \u00e5 m\u00f8te og gjenkjenne de samme dyrene og milj\u00f8ene ute i naturen.<\/p>\n<p>Den er lett tilgjengelig for barn n\u00e5r den er integrert i m\u00f8blene. Det blir en naturlig del av hverdagen deres og et naturlig \u00f8nske om \u00e5 unders\u00f8ke ting n\u00e6rmere oppst\u00e5r n\u00e5r de p\u00e5 denne m\u00e5ten blir konfrontert med motivene.<\/p>\n<p>&nbsp;<\/p>\n<p>Trykket er helt unikt og laget av en lokal kunstner fra \u00c6r\u00f8. Kunstneren designet den spesielt for One Woods m\u00f8bler.<\/p>","protected":false},"featured_media":3343,"template":"","meta":[],"product_brand":[],"product_cat":[555,633],"product_tag":[],"class_list":{"0":"post-1619","1":"product","2":"type-product","3":"status-publish","4":"has-post-thumbnail","6":"product_cat-garderober-tilbehoer","7":"product_cat-print-til-garderobelaage","9":"first","10":"instock","11":"product-type-simple"},"yoast_head":"<!-- This site is optimized with the Yoast SEO plugin v24.4 - https:\/\/yoast.com\/wordpress\/plugins\/seo\/ -->\n<title>Efter\u00e5r til garderobel\u00e5ge | One Wood Furniture A\/S<\/title>\n<meta name=\"robots\" content=\"index, follow, max-snippet:-1, max-image-preview:large, max-video-preview:-1\" \/>\n<link rel=\"canonical\" href=\"https:\/\/onewood.dk\/no\/product\/hoest-for-garderobedoerer\/\" \/>\n<meta property=\"og:locale\" content=\"nb_NO\" \/>\n<meta property=\"og:type\" content=\"article\" \/>\n<meta property=\"og:title\" content=\"Efter\u00e5r til garderobel\u00e5ge | One Wood Furniture A\/S\" \/>\n<meta property=\"og:description\" content=\"Med udvalget af print til m\u00f8bler skabes der unikke l\u00f8sninger, og giver liv i legerummet. Illustrationerne har en p\u00e6dagogisk indgangsvinkel, hvor l\u00e6ring og eksploration er i h\u00f8js\u00e6de. Den h\u00f8je detaljegrad ved illustrationerne, g\u00f8r det sp\u00e6ndende for b\u00f8rnene at udforske produkterne og finde s\u00e6rheder og kendetegn ved de enkelte motiver. Det er med til at stimulere deres fantasi til at skabe egne lege der involverer motiverne og produkterne.  &nbsp;  Motiverne tager udgangspunkt i den nordiske\u00a0 natur og kendte elementer herfra. B\u00f8rnene har mulighed for at udforske hvilke dyr og planter der h\u00f8rer til henholdsvis vand, land og luft og hvordan naturen tager sig ud ved de forskellige \u00e5rstider. Det er sjovt for b\u00f8rnene at udforske og unders\u00f8ge de enkelte kendetegn, farver og former og have muligheden for at m\u00f8de og genkende de samme dyr og omgivelser ude i naturen.  Det er nemt tilg\u00e6ngeligt for b\u00f8rnene, n\u00e5r det er integreret i m\u00f8blerne. Det bliver en naturlig del af deres hverdag og der opst\u00e5r en naturlig lyst til at unders\u00f8ge tingene n\u00e6rmere, n\u00e5r de p\u00e5 den m\u00e5de bliver sat over for motiverne.  &nbsp;  Printet er helt unikt og lavet af en lokal kunstner fra \u00c6r\u00f8. Kunstneren har tegnet det specielt til One Woods m\u00f8bler.\" \/>\n<meta property=\"og:url\" content=\"https:\/\/onewood.dk\/no\/product\/hoest-for-garderobedoerer\/\" \/>\n<meta property=\"og:site_name\" content=\"One Wood Furniture A\/S\" \/>\n<meta property=\"article:modified_time\" content=\"2025-02-10T10:03:48+00:00\" \/>\n<meta property=\"og:image\" content=\"https:\/\/onewood.dk\/wp-content\/uploads\/2024\/12\/2905.jpg\" \/>\n\t<meta property=\"og:image:width\" content=\"1600\" \/>\n\t<meta property=\"og:image:height\" content=\"1065\" \/>\n\t<meta property=\"og:image:type\" content=\"image\/jpeg\" \/>\n<meta name=\"twitter:card\" content=\"summary_large_image\" \/>\n<meta name=\"twitter:label1\" content=\"Ansl. lesetid\" \/>\n\t<meta name=\"twitter:data1\" content=\"1 minutt\" \/>\n<script type=\"application\/ld+json\" class=\"yoast-schema-graph\">{\"@context\":\"https:\/\/schema.org\",\"@graph\":[{\"@type\":\"WebPage\",\"@id\":\"https:\/\/onewood.dk\/vare\/efteraar-til-garderobelaage\/\",\"url\":\"https:\/\/onewood.dk\/vare\/efteraar-til-garderobelaage\/\",\"name\":\"Efter\u00e5r til garderobel\u00e5ge | One Wood Furniture A\/S\",\"isPartOf\":{\"@id\":\"https:\/\/onewood.dk\/#website\"},\"primaryImageOfPage\":{\"@id\":\"https:\/\/onewood.dk\/vare\/efteraar-til-garderobelaage\/#primaryimage\"},\"image\":{\"@id\":\"https:\/\/onewood.dk\/vare\/efteraar-til-garderobelaage\/#primaryimage\"},\"thumbnailUrl\":\"https:\/\/onewood.dk\/wp-content\/uploads\/2024\/12\/2905.jpg\",\"datePublished\":\"2024-12-03T11:47:15+00:00\",\"dateModified\":\"2025-02-10T10:03:48+00:00\",\"breadcrumb\":{\"@id\":\"https:\/\/onewood.dk\/vare\/efteraar-til-garderobelaage\/#breadcrumb\"},\"inLanguage\":\"nb-NO\",\"potentialAction\":[{\"@type\":\"ReadAction\",\"target\":[\"https:\/\/onewood.dk\/vare\/efteraar-til-garderobelaage\/\"]}]},{\"@type\":\"ImageObject\",\"inLanguage\":\"nb-NO\",\"@id\":\"https:\/\/onewood.dk\/vare\/efteraar-til-garderobelaage\/#primaryimage\",\"url\":\"https:\/\/onewood.dk\/wp-content\/uploads\/2024\/12\/2905.jpg\",\"contentUrl\":\"https:\/\/onewood.dk\/wp-content\/uploads\/2024\/12\/2905.jpg\",\"width\":1600,\"height\":1065},{\"@type\":\"BreadcrumbList\",\"@id\":\"https:\/\/onewood.dk\/vare\/efteraar-til-garderobelaage\/#breadcrumb\",\"itemListElement\":[{\"@type\":\"ListItem\",\"position\":1,\"name\":\"Varer\",\"item\":\"https:\/\/onewood.dk\/shop\/\"},{\"@type\":\"ListItem\",\"position\":2,\"name\":\"Garderober &amp; tilbeh\u00f8r\",\"item\":\"https:\/\/onewood.dk\/vare-kategori\/garderober-tilbehoer\/\"},{\"@type\":\"ListItem\",\"position\":3,\"name\":\"Print til garderobel\u00e5ge\",\"item\":\"https:\/\/onewood.dk\/vare-kategori\/garderober-tilbehoer\/print-til-garderobelaage\/\"},{\"@type\":\"ListItem\",\"position\":4,\"name\":\"Efter\u00e5r til garderobel\u00e5ge\"}]},{\"@type\":\"WebSite\",\"@id\":\"https:\/\/onewood.dk\/#website\",\"url\":\"https:\/\/onewood.dk\/\",\"name\":\"One Wood Furniture A\/S\",\"description\":\"\",\"publisher\":{\"@id\":\"https:\/\/onewood.dk\/#organization\"},\"potentialAction\":[{\"@type\":\"SearchAction\",\"target\":{\"@type\":\"EntryPoint\",\"urlTemplate\":\"https:\/\/onewood.dk\/?s={search_term_string}\"},\"query-input\":{\"@type\":\"PropertyValueSpecification\",\"valueRequired\":true,\"valueName\":\"search_term_string\"}}],\"inLanguage\":\"nb-NO\"},{\"@type\":\"Organization\",\"@id\":\"https:\/\/onewood.dk\/#organization\",\"name\":\"One Wood Furniture A\/S\",\"url\":\"https:\/\/onewood.dk\/\",\"logo\":{\"@type\":\"ImageObject\",\"inLanguage\":\"nb-NO\",\"@id\":\"https:\/\/onewood.dk\/#\/schema\/logo\/image\/\",\"url\":\"https:\/\/onewood.dk\/wp-content\/uploads\/2024\/12\/Logo.png\",\"contentUrl\":\"https:\/\/onewood.dk\/wp-content\/uploads\/2024\/12\/Logo.png\",\"width\":180,\"height\":90,\"caption\":\"One Wood Furniture A\/S\"},\"image\":{\"@id\":\"https:\/\/onewood.dk\/#\/schema\/logo\/image\/\"}}]}<\/script>\n<!-- \/ Yoast SEO plugin. -->","yoast_head_json":{"title":"Efter\u00e5r til garderobel\u00e5ge | One Wood Furniture A\/S","robots":{"index":"index","follow":"follow","max-snippet":"max-snippet:-1","max-image-preview":"max-image-preview:large","max-video-preview":"max-video-preview:-1"},"canonical":"https:\/\/onewood.dk\/no\/product\/hoest-for-garderobedoerer\/","og_locale":"nb_NO","og_type":"article","og_title":"Efter\u00e5r til garderobel\u00e5ge | One Wood Furniture A\/S","og_description":"Med udvalget af print til m\u00f8bler skabes der unikke l\u00f8sninger, og giver liv i legerummet. Illustrationerne har en p\u00e6dagogisk indgangsvinkel, hvor l\u00e6ring og eksploration er i h\u00f8js\u00e6de. Den h\u00f8je detaljegrad ved illustrationerne, g\u00f8r det sp\u00e6ndende for b\u00f8rnene at udforske produkterne og finde s\u00e6rheder og kendetegn ved de enkelte motiver. Det er med til at stimulere deres fantasi til at skabe egne lege der involverer motiverne og produkterne.  &nbsp;  Motiverne tager udgangspunkt i den nordiske\u00a0 natur og kendte elementer herfra. B\u00f8rnene har mulighed for at udforske hvilke dyr og planter der h\u00f8rer til henholdsvis vand, land og luft og hvordan naturen tager sig ud ved de forskellige \u00e5rstider. Det er sjovt for b\u00f8rnene at udforske og unders\u00f8ge de enkelte kendetegn, farver og former og have muligheden for at m\u00f8de og genkende de samme dyr og omgivelser ude i naturen.  Det er nemt tilg\u00e6ngeligt for b\u00f8rnene, n\u00e5r det er integreret i m\u00f8blerne. Det bliver en naturlig del af deres hverdag og der opst\u00e5r en naturlig lyst til at unders\u00f8ge tingene n\u00e6rmere, n\u00e5r de p\u00e5 den m\u00e5de bliver sat over for motiverne.  &nbsp;  Printet er helt unikt og lavet af en lokal kunstner fra \u00c6r\u00f8. Kunstneren har tegnet det specielt til One Woods m\u00f8bler.","og_url":"https:\/\/onewood.dk\/no\/product\/hoest-for-garderobedoerer\/","og_site_name":"One Wood Furniture A\/S","article_modified_time":"2025-02-10T10:03:48+00:00","og_image":[{"width":1600,"height":1065,"url":"https:\/\/onewood.dk\/wp-content\/uploads\/2024\/12\/2905.jpg","type":"image\/jpeg"}],"twitter_card":"summary_large_image","twitter_misc":{"Ansl. lesetid":"1 minutt"},"schema":{"@context":"https:\/\/schema.org","@graph":[{"@type":"WebPage","@id":"https:\/\/onewood.dk\/vare\/efteraar-til-garderobelaage\/","url":"https:\/\/onewood.dk\/vare\/efteraar-til-garderobelaage\/","name":"Efter\u00e5r til garderobel\u00e5ge | One Wood Furniture A\/S","isPartOf":{"@id":"https:\/\/onewood.dk\/#website"},"primaryImageOfPage":{"@id":"https:\/\/onewood.dk\/vare\/efteraar-til-garderobelaage\/#primaryimage"},"image":{"@id":"https:\/\/onewood.dk\/vare\/efteraar-til-garderobelaage\/#primaryimage"},"thumbnailUrl":"https:\/\/onewood.dk\/wp-content\/uploads\/2024\/12\/2905.jpg","datePublished":"2024-12-03T11:47:15+00:00","dateModified":"2025-02-10T10:03:48+00:00","breadcrumb":{"@id":"https:\/\/onewood.dk\/vare\/efteraar-til-garderobelaage\/#breadcrumb"},"inLanguage":"nb-NO","potentialAction":[{"@type":"ReadAction","target":["https:\/\/onewood.dk\/vare\/efteraar-til-garderobelaage\/"]}]},{"@type":"ImageObject","inLanguage":"nb-NO","@id":"https:\/\/onewood.dk\/vare\/efteraar-til-garderobelaage\/#primaryimage","url":"https:\/\/onewood.dk\/wp-content\/uploads\/2024\/12\/2905.jpg","contentUrl":"https:\/\/onewood.dk\/wp-content\/uploads\/2024\/12\/2905.jpg","width":1600,"height":1065},{"@type":"BreadcrumbList","@id":"https:\/\/onewood.dk\/vare\/efteraar-til-garderobelaage\/#breadcrumb","itemListElement":[{"@type":"ListItem","position":1,"name":"Varer","item":"https:\/\/onewood.dk\/shop\/"},{"@type":"ListItem","position":2,"name":"Garderober &amp; tilbeh\u00f8r","item":"https:\/\/onewood.dk\/vare-kategori\/garderober-tilbehoer\/"},{"@type":"ListItem","position":3,"name":"Print til garderobel\u00e5ge","item":"https:\/\/onewood.dk\/vare-kategori\/garderober-tilbehoer\/print-til-garderobelaage\/"},{"@type":"ListItem","position":4,"name":"Efter\u00e5r til garderobel\u00e5ge"}]},{"@type":"WebSite","@id":"https:\/\/onewood.dk\/#website","url":"https:\/\/onewood.dk\/","name":"One Wood Furniture A\/S","description":"","publisher":{"@id":"https:\/\/onewood.dk\/#organization"},"potentialAction":[{"@type":"SearchAction","target":{"@type":"EntryPoint","urlTemplate":"https:\/\/onewood.dk\/?s={search_term_string}"},"query-input":{"@type":"PropertyValueSpecification","valueRequired":true,"valueName":"search_term_string"}}],"inLanguage":"nb-NO"},{"@type":"Organization","@id":"https:\/\/onewood.dk\/#organization","name":"One Wood Furniture A\/S","url":"https:\/\/onewood.dk\/","logo":{"@type":"ImageObject","inLanguage":"nb-NO","@id":"https:\/\/onewood.dk\/#\/schema\/logo\/image\/","url":"https:\/\/onewood.dk\/wp-content\/uploads\/2024\/12\/Logo.png","contentUrl":"https:\/\/onewood.dk\/wp-content\/uploads\/2024\/12\/Logo.png","width":180,"height":90,"caption":"One Wood Furniture A\/S"},"image":{"@id":"https:\/\/onewood.dk\/#\/schema\/logo\/image\/"}}]}},"_links":{"self":[{"href":"https:\/\/onewood.dk\/no\/wp-json\/wp\/v2\/product\/1619","targetHints":{"allow":["GET"]}}],"collection":[{"href":"https:\/\/onewood.dk\/no\/wp-json\/wp\/v2\/product"}],"about":[{"href":"https:\/\/onewood.dk\/no\/wp-json\/wp\/v2\/types\/product"}],"wp:featuredmedia":[{"embeddable":true,"href":"https:\/\/onewood.dk\/no\/wp-json\/wp\/v2\/media\/3343"}],"wp:attachment":[{"href":"https:\/\/onewood.dk\/no\/wp-json\/wp\/v2\/media?parent=1619"}],"wp:term":[{"taxonomy":"product_brand","embeddable":true,"href":"https:\/\/onewood.dk\/no\/wp-json\/wp\/v2\/product_brand?post=1619"},{"taxonomy":"product_cat","embeddable":true,"href":"https:\/\/onewood.dk\/no\/wp-json\/wp\/v2\/product_cat?post=1619"},{"taxonomy":"product_tag","embeddable":true,"href":"https:\/\/onewood.dk\/no\/wp-json\/wp\/v2\/product_tag?post=1619"}],"curies":[{"name":"wp","href":"https:\/\/api.w.org\/{rel}","templated":true}]}}