{"id":1631,"date":"2024-12-03T12:47:18","date_gmt":"2024-12-03T11:47:18","guid":{"rendered":"https:\/\/onewood.dkvare\/8842-hexa-step\/"},"modified":"2025-02-26T12:02:18","modified_gmt":"2025-02-26T11:02:18","slug":"8842-hexa-step","status":"publish","type":"product","link":"https:\/\/onewood.dk\/no\/product\/8842-heksetrinn\/","title":{"rendered":"8842 \u2013 Hexa Step"},"content":{"rendered":"<p>Hexa Step er en nivellert modul hvor barnet kan sitte og tegne og fordype seg i sm\u00e5 prosjekter. Ved \u00e5 kombinere flere oppn\u00e5r man et fint oppsett hvor barna kan sitte sammen om sine prosjekter. Hexa step kan ogs\u00e5 brukes som trappeforlengelse for et scenepodium i kombinasjon med de andre modulene, og for \u00e5 hjelpe til med samspillet mellom barn og voksen.<\/p>\n<p>Trappemodul i 15mm bj\u00f8rkekryssfiner.<\/p>\n<p><strong>8842G<\/strong>: 7912 Antrasitt p\u00e5 kropp \/ 6901 Gr\u00f8nn p\u00e5 toppen<\/p>\n<p><strong>8842O<\/strong>: 7912 Antrasitt p\u00e5 kropp \/ 2962 Oransje p\u00e5 toppen<\/p>","protected":false},"excerpt":{"rendered":"<p>Hexa Module er en serie utviklet for barn og institusjoner. Den tar utgangspunkt i de ulike behovene som oppst\u00e5r i forbindelse med lek og samspill mellom barn og voksne.<br \/>\nSerien er bygget opp av 3 moduler som hver fyller sin funksjon, og som i kombinasjon kan oppn\u00e5 flere spennende oppsett og bruksmuligheter.<\/p>\n<p>&nbsp;<\/p>","protected":false},"featured_media":3404,"template":"","meta":[],"product_brand":[],"product_cat":[638,560],"product_tag":[],"class_list":{"0":"post-1631","1":"product","2":"type-product","3":"status-publish","4":"has-post-thumbnail","6":"product_cat-hexa-module","7":"product_cat-legemoebler","9":"first","10":"instock","11":"product-type-simple"},"yoast_head":"<!-- This site is optimized with the Yoast SEO plugin v24.4 - https:\/\/yoast.com\/wordpress\/plugins\/seo\/ -->\n<title>8842 - Hexa Step | One Wood Furniture A\/S<\/title>\n<meta name=\"robots\" content=\"index, follow, max-snippet:-1, max-image-preview:large, max-video-preview:-1\" \/>\n<link rel=\"canonical\" href=\"https:\/\/onewood.dk\/no\/product\/8842-heksetrinn\/\" \/>\n<meta property=\"og:locale\" content=\"nb_NO\" \/>\n<meta property=\"og:type\" content=\"article\" \/>\n<meta property=\"og:title\" content=\"8842 - Hexa Step | One Wood Furniture A\/S\" \/>\n<meta property=\"og:description\" content=\"Hexa Module er en serie udviklet til b\u00f8rn og institutioner. Den tager udgangspunkt i de forskellige behov der opst\u00e5r i forbindelse med leg og samv\u00e6r mellem b\u00f8rn og voksne. Serien er opbygget af 3 moduler, som opfylder hver sin funktion, og som i kombination kan opn\u00e5 adskillige sp\u00e6ndende ops\u00e6tninger og anvendelsesmuligheder.  &nbsp;\" \/>\n<meta property=\"og:url\" content=\"https:\/\/onewood.dk\/no\/product\/8842-heksetrinn\/\" \/>\n<meta property=\"og:site_name\" content=\"One Wood Furniture A\/S\" \/>\n<meta property=\"article:modified_time\" content=\"2025-02-26T11:02:18+00:00\" \/>\n<meta property=\"og:image\" content=\"https:\/\/onewood.dk\/wp-content\/uploads\/2024\/12\/3509-scaled.jpg\" \/>\n\t<meta property=\"og:image:width\" content=\"2560\" \/>\n\t<meta property=\"og:image:height\" content=\"1707\" \/>\n\t<meta property=\"og:image:type\" content=\"image\/jpeg\" \/>\n<meta name=\"twitter:card\" content=\"summary_large_image\" \/>\n<meta name=\"twitter:label1\" content=\"Ansl. lesetid\" \/>\n\t<meta name=\"twitter:data1\" content=\"1 minutt\" \/>\n<script type=\"application\/ld+json\" class=\"yoast-schema-graph\">{\"@context\":\"https:\/\/schema.org\",\"@graph\":[{\"@type\":\"WebPage\",\"@id\":\"https:\/\/onewood.dk\/vare\/8842-hexa-step\/\",\"url\":\"https:\/\/onewood.dk\/vare\/8842-hexa-step\/\",\"name\":\"8842 - Hexa Step | One Wood Furniture A\/S\",\"isPartOf\":{\"@id\":\"https:\/\/onewood.dk\/#website\"},\"primaryImageOfPage\":{\"@id\":\"https:\/\/onewood.dk\/vare\/8842-hexa-step\/#primaryimage\"},\"image\":{\"@id\":\"https:\/\/onewood.dk\/vare\/8842-hexa-step\/#primaryimage\"},\"thumbnailUrl\":\"https:\/\/onewood.dk\/wp-content\/uploads\/2024\/12\/3509-scaled.jpg\",\"datePublished\":\"2024-12-03T11:47:18+00:00\",\"dateModified\":\"2025-02-26T11:02:18+00:00\",\"breadcrumb\":{\"@id\":\"https:\/\/onewood.dk\/vare\/8842-hexa-step\/#breadcrumb\"},\"inLanguage\":\"nb-NO\",\"potentialAction\":[{\"@type\":\"ReadAction\",\"target\":[\"https:\/\/onewood.dk\/vare\/8842-hexa-step\/\"]}]},{\"@type\":\"ImageObject\",\"inLanguage\":\"nb-NO\",\"@id\":\"https:\/\/onewood.dk\/vare\/8842-hexa-step\/#primaryimage\",\"url\":\"https:\/\/onewood.dk\/wp-content\/uploads\/2024\/12\/3509-scaled.jpg\",\"contentUrl\":\"https:\/\/onewood.dk\/wp-content\/uploads\/2024\/12\/3509-scaled.jpg\",\"width\":2560,\"height\":1707},{\"@type\":\"BreadcrumbList\",\"@id\":\"https:\/\/onewood.dk\/vare\/8842-hexa-step\/#breadcrumb\",\"itemListElement\":[{\"@type\":\"ListItem\",\"position\":1,\"name\":\"Varer\",\"item\":\"https:\/\/onewood.dk\/shop\/\"},{\"@type\":\"ListItem\",\"position\":2,\"name\":\"Legem\u00f8bler\",\"item\":\"https:\/\/onewood.dk\/vare-kategori\/legemoebler\/\"},{\"@type\":\"ListItem\",\"position\":3,\"name\":\"Hexa Module\",\"item\":\"https:\/\/onewood.dk\/vare-kategori\/legemoebler\/hexa-module\/\"},{\"@type\":\"ListItem\",\"position\":4,\"name\":\"8842 &#8211; Hexa Step\"}]},{\"@type\":\"WebSite\",\"@id\":\"https:\/\/onewood.dk\/#website\",\"url\":\"https:\/\/onewood.dk\/\",\"name\":\"One Wood Furniture A\/S\",\"description\":\"\",\"publisher\":{\"@id\":\"https:\/\/onewood.dk\/#organization\"},\"potentialAction\":[{\"@type\":\"SearchAction\",\"target\":{\"@type\":\"EntryPoint\",\"urlTemplate\":\"https:\/\/onewood.dk\/?s={search_term_string}\"},\"query-input\":{\"@type\":\"PropertyValueSpecification\",\"valueRequired\":true,\"valueName\":\"search_term_string\"}}],\"inLanguage\":\"nb-NO\"},{\"@type\":\"Organization\",\"@id\":\"https:\/\/onewood.dk\/#organization\",\"name\":\"One Wood Furniture A\/S\",\"url\":\"https:\/\/onewood.dk\/\",\"logo\":{\"@type\":\"ImageObject\",\"inLanguage\":\"nb-NO\",\"@id\":\"https:\/\/onewood.dk\/#\/schema\/logo\/image\/\",\"url\":\"https:\/\/onewood.dk\/wp-content\/uploads\/2024\/12\/Logo.png\",\"contentUrl\":\"https:\/\/onewood.dk\/wp-content\/uploads\/2024\/12\/Logo.png\",\"width\":180,\"height\":90,\"caption\":\"One Wood Furniture A\/S\"},\"image\":{\"@id\":\"https:\/\/onewood.dk\/#\/schema\/logo\/image\/\"}}]}<\/script>\n<!-- \/ Yoast SEO plugin. -->","yoast_head_json":{"title":"8842 - Hexa Step | One Wood Furniture A\/S","robots":{"index":"index","follow":"follow","max-snippet":"max-snippet:-1","max-image-preview":"max-image-preview:large","max-video-preview":"max-video-preview:-1"},"canonical":"https:\/\/onewood.dk\/no\/product\/8842-heksetrinn\/","og_locale":"nb_NO","og_type":"article","og_title":"8842 - Hexa Step | One Wood Furniture A\/S","og_description":"Hexa Module er en serie udviklet til b\u00f8rn og institutioner. Den tager udgangspunkt i de forskellige behov der opst\u00e5r i forbindelse med leg og samv\u00e6r mellem b\u00f8rn og voksne. Serien er opbygget af 3 moduler, som opfylder hver sin funktion, og som i kombination kan opn\u00e5 adskillige sp\u00e6ndende ops\u00e6tninger og anvendelsesmuligheder.  &nbsp;","og_url":"https:\/\/onewood.dk\/no\/product\/8842-heksetrinn\/","og_site_name":"One Wood Furniture A\/S","article_modified_time":"2025-02-26T11:02:18+00:00","og_image":[{"width":2560,"height":1707,"url":"https:\/\/onewood.dk\/wp-content\/uploads\/2024\/12\/3509-scaled.jpg","type":"image\/jpeg"}],"twitter_card":"summary_large_image","twitter_misc":{"Ansl. lesetid":"1 minutt"},"schema":{"@context":"https:\/\/schema.org","@graph":[{"@type":"WebPage","@id":"https:\/\/onewood.dk\/vare\/8842-hexa-step\/","url":"https:\/\/onewood.dk\/vare\/8842-hexa-step\/","name":"8842 - Hexa Step | One Wood Furniture A\/S","isPartOf":{"@id":"https:\/\/onewood.dk\/#website"},"primaryImageOfPage":{"@id":"https:\/\/onewood.dk\/vare\/8842-hexa-step\/#primaryimage"},"image":{"@id":"https:\/\/onewood.dk\/vare\/8842-hexa-step\/#primaryimage"},"thumbnailUrl":"https:\/\/onewood.dk\/wp-content\/uploads\/2024\/12\/3509-scaled.jpg","datePublished":"2024-12-03T11:47:18+00:00","dateModified":"2025-02-26T11:02:18+00:00","breadcrumb":{"@id":"https:\/\/onewood.dk\/vare\/8842-hexa-step\/#breadcrumb"},"inLanguage":"nb-NO","potentialAction":[{"@type":"ReadAction","target":["https:\/\/onewood.dk\/vare\/8842-hexa-step\/"]}]},{"@type":"ImageObject","inLanguage":"nb-NO","@id":"https:\/\/onewood.dk\/vare\/8842-hexa-step\/#primaryimage","url":"https:\/\/onewood.dk\/wp-content\/uploads\/2024\/12\/3509-scaled.jpg","contentUrl":"https:\/\/onewood.dk\/wp-content\/uploads\/2024\/12\/3509-scaled.jpg","width":2560,"height":1707},{"@type":"BreadcrumbList","@id":"https:\/\/onewood.dk\/vare\/8842-hexa-step\/#breadcrumb","itemListElement":[{"@type":"ListItem","position":1,"name":"Varer","item":"https:\/\/onewood.dk\/shop\/"},{"@type":"ListItem","position":2,"name":"Legem\u00f8bler","item":"https:\/\/onewood.dk\/vare-kategori\/legemoebler\/"},{"@type":"ListItem","position":3,"name":"Hexa Module","item":"https:\/\/onewood.dk\/vare-kategori\/legemoebler\/hexa-module\/"},{"@type":"ListItem","position":4,"name":"8842 &#8211; Hexa Step"}]},{"@type":"WebSite","@id":"https:\/\/onewood.dk\/#website","url":"https:\/\/onewood.dk\/","name":"One Wood Furniture A\/S","description":"","publisher":{"@id":"https:\/\/onewood.dk\/#organization"},"potentialAction":[{"@type":"SearchAction","target":{"@type":"EntryPoint","urlTemplate":"https:\/\/onewood.dk\/?s={search_term_string}"},"query-input":{"@type":"PropertyValueSpecification","valueRequired":true,"valueName":"search_term_string"}}],"inLanguage":"nb-NO"},{"@type":"Organization","@id":"https:\/\/onewood.dk\/#organization","name":"One Wood Furniture A\/S","url":"https:\/\/onewood.dk\/","logo":{"@type":"ImageObject","inLanguage":"nb-NO","@id":"https:\/\/onewood.dk\/#\/schema\/logo\/image\/","url":"https:\/\/onewood.dk\/wp-content\/uploads\/2024\/12\/Logo.png","contentUrl":"https:\/\/onewood.dk\/wp-content\/uploads\/2024\/12\/Logo.png","width":180,"height":90,"caption":"One Wood Furniture A\/S"},"image":{"@id":"https:\/\/onewood.dk\/#\/schema\/logo\/image\/"}}]}},"_links":{"self":[{"href":"https:\/\/onewood.dk\/no\/wp-json\/wp\/v2\/product\/1631","targetHints":{"allow":["GET"]}}],"collection":[{"href":"https:\/\/onewood.dk\/no\/wp-json\/wp\/v2\/product"}],"about":[{"href":"https:\/\/onewood.dk\/no\/wp-json\/wp\/v2\/types\/product"}],"wp:featuredmedia":[{"embeddable":true,"href":"https:\/\/onewood.dk\/no\/wp-json\/wp\/v2\/media\/3404"}],"wp:attachment":[{"href":"https:\/\/onewood.dk\/no\/wp-json\/wp\/v2\/media?parent=1631"}],"wp:term":[{"taxonomy":"product_brand","embeddable":true,"href":"https:\/\/onewood.dk\/no\/wp-json\/wp\/v2\/product_brand?post=1631"},{"taxonomy":"product_cat","embeddable":true,"href":"https:\/\/onewood.dk\/no\/wp-json\/wp\/v2\/product_cat?post=1631"},{"taxonomy":"product_tag","embeddable":true,"href":"https:\/\/onewood.dk\/no\/wp-json\/wp\/v2\/product_tag?post=1631"}],"curies":[{"name":"wp","href":"https:\/\/api.w.org\/{rel}","templated":true}]}}