{"id":1738,"date":"2024-12-03T12:47:35","date_gmt":"2024-12-03T11:47:35","guid":{"rendered":"https:\/\/onewood.dkvare\/8112tu\/"},"modified":"2025-02-10T13:27:14","modified_gmt":"2025-02-10T12:27:14","slug":"8112tu","status":"publish","type":"product","link":"https:\/\/onewood.dk\/no\/product\/8112tu\/","title":{"rendered":"8112TU"},"content":{"rendered":"<p>Mobil Kubus-hylle, 12 rom, i 15 mm hvitpigmentert kryssfiner i bj\u00f8rk.<\/p>\n<p>V\u00e5r mest popul\u00e6re hylle, da det er en smart og enkel hylleserie som m\u00f8ter de flestes behov for fleksibel og funksjonell oppbevaring. De mange modellene og tilpasningsmulighetene gj\u00f8r det enkelt \u00e5 sette sammen etter dine \u00f8nsker.<\/p>","protected":false},"excerpt":{"rendered":"<p>Mobil Kubus-hylle, 12 rom, i 15 mm hvitpigmentert kryssfiner i bj\u00f8rk. V\u00e5r mest popul\u00e6re hylle, da det er en smart og enkel hylleserie som m\u00f8ter de flestes behov for fleksibel og funksjonell oppbevaring. De mange modellene og tilpasningsmulighetene gj\u00f8r det enkelt \u00e5 sette sammen etter dine \u00f8nsker.<\/p>","protected":false},"featured_media":3795,"template":"","meta":[],"product_brand":[],"product_cat":[606,557,656],"product_tag":[],"class_list":{"0":"post-1738","1":"product","2":"type-product","3":"status-publish","4":"has-post-thumbnail","6":"product_cat-kubus","7":"product_cat-reoler","8":"product_cat-kubus-15mm-uden-bagbeklaedning","10":"first","11":"instock","12":"product-type-simple"},"yoast_head":"<!-- This site is optimized with the Yoast SEO plugin v24.4 - https:\/\/yoast.com\/wordpress\/plugins\/seo\/ -->\n<title>8112TU | One Wood Furniture A\/S<\/title>\n<meta name=\"robots\" content=\"index, follow, max-snippet:-1, max-image-preview:large, max-video-preview:-1\" \/>\n<link rel=\"canonical\" href=\"https:\/\/onewood.dk\/no\/product\/8112tu\/\" \/>\n<meta property=\"og:locale\" content=\"nb_NO\" \/>\n<meta property=\"og:type\" content=\"article\" \/>\n<meta property=\"og:title\" content=\"8112TU | One Wood Furniture A\/S\" \/>\n<meta property=\"og:description\" content=\"Mobil Kubus reol 12 rum i 15 mm hvidpigmenteret birkekrydsfiner. Vores mest popul\u00e6re reol, da det er en smart og enkel reolserie, der opfylder de flestes behov for fleksibel og funktionel opbevaring. De mange modeller og tilpasningsmuligheder, g\u00f8r det let at sammens\u00e6tte efter eget \u00f8nske.\" \/>\n<meta property=\"og:url\" content=\"https:\/\/onewood.dk\/no\/product\/8112tu\/\" \/>\n<meta property=\"og:site_name\" content=\"One Wood Furniture A\/S\" \/>\n<meta property=\"article:modified_time\" content=\"2025-02-10T12:27:14+00:00\" \/>\n<meta property=\"og:image\" content=\"https:\/\/onewood.dk\/wp-content\/uploads\/2024\/12\/4810.jpg\" \/>\n\t<meta property=\"og:image:width\" content=\"1600\" \/>\n\t<meta property=\"og:image:height\" content=\"1065\" \/>\n\t<meta property=\"og:image:type\" content=\"image\/jpeg\" \/>\n<meta name=\"twitter:card\" content=\"summary_large_image\" \/>\n<meta name=\"twitter:label1\" content=\"Ansl. lesetid\" \/>\n\t<meta name=\"twitter:data1\" content=\"1 minutt\" \/>\n<script type=\"application\/ld+json\" class=\"yoast-schema-graph\">{\"@context\":\"https:\/\/schema.org\",\"@graph\":[{\"@type\":\"WebPage\",\"@id\":\"https:\/\/onewood.dk\/vare\/8112tu\/\",\"url\":\"https:\/\/onewood.dk\/vare\/8112tu\/\",\"name\":\"8112TU | One Wood Furniture A\/S\",\"isPartOf\":{\"@id\":\"https:\/\/onewood.dk\/#website\"},\"primaryImageOfPage\":{\"@id\":\"https:\/\/onewood.dk\/vare\/8112tu\/#primaryimage\"},\"image\":{\"@id\":\"https:\/\/onewood.dk\/vare\/8112tu\/#primaryimage\"},\"thumbnailUrl\":\"https:\/\/onewood.dk\/wp-content\/uploads\/2024\/12\/4810.jpg\",\"datePublished\":\"2024-12-03T11:47:35+00:00\",\"dateModified\":\"2025-02-10T12:27:14+00:00\",\"breadcrumb\":{\"@id\":\"https:\/\/onewood.dk\/vare\/8112tu\/#breadcrumb\"},\"inLanguage\":\"nb-NO\",\"potentialAction\":[{\"@type\":\"ReadAction\",\"target\":[\"https:\/\/onewood.dk\/vare\/8112tu\/\"]}]},{\"@type\":\"ImageObject\",\"inLanguage\":\"nb-NO\",\"@id\":\"https:\/\/onewood.dk\/vare\/8112tu\/#primaryimage\",\"url\":\"https:\/\/onewood.dk\/wp-content\/uploads\/2024\/12\/4810.jpg\",\"contentUrl\":\"https:\/\/onewood.dk\/wp-content\/uploads\/2024\/12\/4810.jpg\",\"width\":1600,\"height\":1065},{\"@type\":\"BreadcrumbList\",\"@id\":\"https:\/\/onewood.dk\/vare\/8112tu\/#breadcrumb\",\"itemListElement\":[{\"@type\":\"ListItem\",\"position\":1,\"name\":\"Varer\",\"item\":\"https:\/\/onewood.dk\/shop\/\"},{\"@type\":\"ListItem\",\"position\":2,\"name\":\"Reoler\",\"item\":\"https:\/\/onewood.dk\/vare-kategori\/reoler\/\"},{\"@type\":\"ListItem\",\"position\":3,\"name\":\"Kubus\",\"item\":\"https:\/\/onewood.dk\/vare-kategori\/reoler\/kubus\/\"},{\"@type\":\"ListItem\",\"position\":4,\"name\":\"Kubus 15mm uden bagbekl\u00e6dning\",\"item\":\"https:\/\/onewood.dk\/vare-kategori\/reoler\/kubus\/kubus-15mm-uden-bagbeklaedning\/\"},{\"@type\":\"ListItem\",\"position\":5,\"name\":\"8112TU\"}]},{\"@type\":\"WebSite\",\"@id\":\"https:\/\/onewood.dk\/#website\",\"url\":\"https:\/\/onewood.dk\/\",\"name\":\"One Wood Furniture A\/S\",\"description\":\"\",\"publisher\":{\"@id\":\"https:\/\/onewood.dk\/#organization\"},\"potentialAction\":[{\"@type\":\"SearchAction\",\"target\":{\"@type\":\"EntryPoint\",\"urlTemplate\":\"https:\/\/onewood.dk\/?s={search_term_string}\"},\"query-input\":{\"@type\":\"PropertyValueSpecification\",\"valueRequired\":true,\"valueName\":\"search_term_string\"}}],\"inLanguage\":\"nb-NO\"},{\"@type\":\"Organization\",\"@id\":\"https:\/\/onewood.dk\/#organization\",\"name\":\"One Wood Furniture A\/S\",\"url\":\"https:\/\/onewood.dk\/\",\"logo\":{\"@type\":\"ImageObject\",\"inLanguage\":\"nb-NO\",\"@id\":\"https:\/\/onewood.dk\/#\/schema\/logo\/image\/\",\"url\":\"https:\/\/onewood.dk\/wp-content\/uploads\/2024\/12\/Logo.png\",\"contentUrl\":\"https:\/\/onewood.dk\/wp-content\/uploads\/2024\/12\/Logo.png\",\"width\":180,\"height\":90,\"caption\":\"One Wood Furniture A\/S\"},\"image\":{\"@id\":\"https:\/\/onewood.dk\/#\/schema\/logo\/image\/\"}}]}<\/script>\n<!-- \/ Yoast SEO plugin. -->","yoast_head_json":{"title":"8112TU | One Wood Furniture A\/S","robots":{"index":"index","follow":"follow","max-snippet":"max-snippet:-1","max-image-preview":"max-image-preview:large","max-video-preview":"max-video-preview:-1"},"canonical":"https:\/\/onewood.dk\/no\/product\/8112tu\/","og_locale":"nb_NO","og_type":"article","og_title":"8112TU | One Wood Furniture A\/S","og_description":"Mobil Kubus reol 12 rum i 15 mm hvidpigmenteret birkekrydsfiner. Vores mest popul\u00e6re reol, da det er en smart og enkel reolserie, der opfylder de flestes behov for fleksibel og funktionel opbevaring. De mange modeller og tilpasningsmuligheder, g\u00f8r det let at sammens\u00e6tte efter eget \u00f8nske.","og_url":"https:\/\/onewood.dk\/no\/product\/8112tu\/","og_site_name":"One Wood Furniture A\/S","article_modified_time":"2025-02-10T12:27:14+00:00","og_image":[{"width":1600,"height":1065,"url":"https:\/\/onewood.dk\/wp-content\/uploads\/2024\/12\/4810.jpg","type":"image\/jpeg"}],"twitter_card":"summary_large_image","twitter_misc":{"Ansl. lesetid":"1 minutt"},"schema":{"@context":"https:\/\/schema.org","@graph":[{"@type":"WebPage","@id":"https:\/\/onewood.dk\/vare\/8112tu\/","url":"https:\/\/onewood.dk\/vare\/8112tu\/","name":"8112TU | One Wood Furniture A\/S","isPartOf":{"@id":"https:\/\/onewood.dk\/#website"},"primaryImageOfPage":{"@id":"https:\/\/onewood.dk\/vare\/8112tu\/#primaryimage"},"image":{"@id":"https:\/\/onewood.dk\/vare\/8112tu\/#primaryimage"},"thumbnailUrl":"https:\/\/onewood.dk\/wp-content\/uploads\/2024\/12\/4810.jpg","datePublished":"2024-12-03T11:47:35+00:00","dateModified":"2025-02-10T12:27:14+00:00","breadcrumb":{"@id":"https:\/\/onewood.dk\/vare\/8112tu\/#breadcrumb"},"inLanguage":"nb-NO","potentialAction":[{"@type":"ReadAction","target":["https:\/\/onewood.dk\/vare\/8112tu\/"]}]},{"@type":"ImageObject","inLanguage":"nb-NO","@id":"https:\/\/onewood.dk\/vare\/8112tu\/#primaryimage","url":"https:\/\/onewood.dk\/wp-content\/uploads\/2024\/12\/4810.jpg","contentUrl":"https:\/\/onewood.dk\/wp-content\/uploads\/2024\/12\/4810.jpg","width":1600,"height":1065},{"@type":"BreadcrumbList","@id":"https:\/\/onewood.dk\/vare\/8112tu\/#breadcrumb","itemListElement":[{"@type":"ListItem","position":1,"name":"Varer","item":"https:\/\/onewood.dk\/shop\/"},{"@type":"ListItem","position":2,"name":"Reoler","item":"https:\/\/onewood.dk\/vare-kategori\/reoler\/"},{"@type":"ListItem","position":3,"name":"Kubus","item":"https:\/\/onewood.dk\/vare-kategori\/reoler\/kubus\/"},{"@type":"ListItem","position":4,"name":"Kubus 15mm uden bagbekl\u00e6dning","item":"https:\/\/onewood.dk\/vare-kategori\/reoler\/kubus\/kubus-15mm-uden-bagbeklaedning\/"},{"@type":"ListItem","position":5,"name":"8112TU"}]},{"@type":"WebSite","@id":"https:\/\/onewood.dk\/#website","url":"https:\/\/onewood.dk\/","name":"One Wood Furniture A\/S","description":"","publisher":{"@id":"https:\/\/onewood.dk\/#organization"},"potentialAction":[{"@type":"SearchAction","target":{"@type":"EntryPoint","urlTemplate":"https:\/\/onewood.dk\/?s={search_term_string}"},"query-input":{"@type":"PropertyValueSpecification","valueRequired":true,"valueName":"search_term_string"}}],"inLanguage":"nb-NO"},{"@type":"Organization","@id":"https:\/\/onewood.dk\/#organization","name":"One Wood Furniture A\/S","url":"https:\/\/onewood.dk\/","logo":{"@type":"ImageObject","inLanguage":"nb-NO","@id":"https:\/\/onewood.dk\/#\/schema\/logo\/image\/","url":"https:\/\/onewood.dk\/wp-content\/uploads\/2024\/12\/Logo.png","contentUrl":"https:\/\/onewood.dk\/wp-content\/uploads\/2024\/12\/Logo.png","width":180,"height":90,"caption":"One Wood Furniture A\/S"},"image":{"@id":"https:\/\/onewood.dk\/#\/schema\/logo\/image\/"}}]}},"_links":{"self":[{"href":"https:\/\/onewood.dk\/no\/wp-json\/wp\/v2\/product\/1738","targetHints":{"allow":["GET"]}}],"collection":[{"href":"https:\/\/onewood.dk\/no\/wp-json\/wp\/v2\/product"}],"about":[{"href":"https:\/\/onewood.dk\/no\/wp-json\/wp\/v2\/types\/product"}],"wp:featuredmedia":[{"embeddable":true,"href":"https:\/\/onewood.dk\/no\/wp-json\/wp\/v2\/media\/3795"}],"wp:attachment":[{"href":"https:\/\/onewood.dk\/no\/wp-json\/wp\/v2\/media?parent=1738"}],"wp:term":[{"taxonomy":"product_brand","embeddable":true,"href":"https:\/\/onewood.dk\/no\/wp-json\/wp\/v2\/product_brand?post=1738"},{"taxonomy":"product_cat","embeddable":true,"href":"https:\/\/onewood.dk\/no\/wp-json\/wp\/v2\/product_cat?post=1738"},{"taxonomy":"product_tag","embeddable":true,"href":"https:\/\/onewood.dk\/no\/wp-json\/wp\/v2\/product_tag?post=1738"}],"curies":[{"name":"wp","href":"https:\/\/api.w.org\/{rel}","templated":true}]}}