{"id":1808,"date":"2024-12-03T12:47:46","date_gmt":"2024-12-03T11:47:46","guid":{"rendered":"https:\/\/onewood.dkvare\/lockers-2\/"},"modified":"2025-02-07T11:47:42","modified_gmt":"2025-02-07T10:47:42","slug":"lockers-2","status":"publish","type":"product","link":"https:\/\/onewood.dk\/no\/product\/skap-2\/","title":{"rendered":"Skap"},"content":{"rendered":"<p>Skap er spesielt nyttige n\u00e5r det er behov for fleksibel lagringsplass, som vanligvis m\u00e5 v\u00e6re l\u00e5sbar.<\/p>\n<p>Skap kan etter \u00f8nske lages i flere ulike modeller, hvor h\u00f8yde, bredde og dybde kan justeres etter behov.<\/p>\n<p>Samtidig kan ulike l\u00e5styper, gravering av tall osv. legges inn. og alle v\u00e5re standard laminater p\u00e5 overflater for \u00e5 gj\u00f8re det mer holdbart.<\/p>\n<p>&nbsp;<\/p>\n<p>Ring gjerne for mer informasjon om de mange alternativene.<\/p>","protected":false},"excerpt":{"rendered":"<p>Skap er spesielt nyttige n\u00e5r man trenger fleksibel oppbevaringsplass, som vanligvis m\u00e5 v\u00e6re l\u00e5sbar. Skapene kan lages i flere forskjellige modeller p\u00e5 foresp\u00f8rsel, hvor h\u00f8yde, bredde og dybde kan justeres etter behov. Samtidig kan forskjellige l\u00e5styper, gravering av tall osv. og alle v\u00e5re standardlaminater p\u00e5 overflater legges til for \u00e5 gj\u00f8re det mer slitesterkt. [\u2026]<\/p>","protected":false},"featured_media":4027,"template":"","meta":[],"product_brand":[],"product_cat":[555,611],"product_tag":[],"class_list":{"0":"post-1808","1":"product","2":"type-product","3":"status-publish","4":"has-post-thumbnail","6":"product_cat-garderober-tilbehoer","7":"product_cat-personaleskabe","9":"first","10":"instock","11":"product-type-simple"},"yoast_head":"<!-- This site is optimized with the Yoast SEO plugin v24.4 - https:\/\/yoast.com\/wordpress\/plugins\/seo\/ -->\n<title>Lockers | One Wood Furniture A\/S<\/title>\n<meta name=\"robots\" content=\"index, follow, max-snippet:-1, max-image-preview:large, max-video-preview:-1\" \/>\n<link rel=\"canonical\" href=\"https:\/\/onewood.dk\/no\/product\/skap-2\/\" \/>\n<meta property=\"og:locale\" content=\"nb_NO\" \/>\n<meta property=\"og:type\" content=\"article\" \/>\n<meta property=\"og:title\" content=\"Lockers | One Wood Furniture A\/S\" \/>\n<meta property=\"og:description\" content=\"Lockers er s\u00e6rdeles anvendeligt n\u00e5r der er brug for fleksibelt opbevaringsplads, der typisk skal kunne afl\u00e5ses. Lockers kan udf\u00f8res i\u00a0flere forskellige modeller efter \u00f8nske, hvor h\u00f8jde, bredde og dybde tilpasses efter behov. Der kan samtidig tilf\u00f8res forskellige l\u00e5setyper, indgravering af tal mm. og alle vores standardlaminater p\u00e5 flader, for at g\u00f8re den mere slidst\u00e6rk. &nbsp; [&hellip;]\" \/>\n<meta property=\"og:url\" content=\"https:\/\/onewood.dk\/no\/product\/skap-2\/\" \/>\n<meta property=\"og:site_name\" content=\"One Wood Furniture A\/S\" \/>\n<meta property=\"article:modified_time\" content=\"2025-02-07T10:47:42+00:00\" \/>\n<meta property=\"og:image\" content=\"https:\/\/onewood.dk\/wp-content\/uploads\/2024\/12\/5496.jpg\" \/>\n\t<meta property=\"og:image:width\" content=\"1600\" \/>\n\t<meta property=\"og:image:height\" content=\"1065\" \/>\n\t<meta property=\"og:image:type\" content=\"image\/jpeg\" \/>\n<meta name=\"twitter:card\" content=\"summary_large_image\" \/>\n<meta name=\"twitter:label1\" content=\"Ansl. lesetid\" \/>\n\t<meta name=\"twitter:data1\" content=\"1 minutt\" \/>\n<script type=\"application\/ld+json\" class=\"yoast-schema-graph\">{\"@context\":\"https:\/\/schema.org\",\"@graph\":[{\"@type\":\"WebPage\",\"@id\":\"https:\/\/onewood.dk\/vare\/lockers-2\/\",\"url\":\"https:\/\/onewood.dk\/vare\/lockers-2\/\",\"name\":\"Lockers | One Wood Furniture A\/S\",\"isPartOf\":{\"@id\":\"https:\/\/onewood.dk\/#website\"},\"primaryImageOfPage\":{\"@id\":\"https:\/\/onewood.dk\/vare\/lockers-2\/#primaryimage\"},\"image\":{\"@id\":\"https:\/\/onewood.dk\/vare\/lockers-2\/#primaryimage\"},\"thumbnailUrl\":\"https:\/\/onewood.dk\/wp-content\/uploads\/2024\/12\/5496.jpg\",\"datePublished\":\"2024-12-03T11:47:46+00:00\",\"dateModified\":\"2025-02-07T10:47:42+00:00\",\"breadcrumb\":{\"@id\":\"https:\/\/onewood.dk\/vare\/lockers-2\/#breadcrumb\"},\"inLanguage\":\"nb-NO\",\"potentialAction\":[{\"@type\":\"ReadAction\",\"target\":[\"https:\/\/onewood.dk\/vare\/lockers-2\/\"]}]},{\"@type\":\"ImageObject\",\"inLanguage\":\"nb-NO\",\"@id\":\"https:\/\/onewood.dk\/vare\/lockers-2\/#primaryimage\",\"url\":\"https:\/\/onewood.dk\/wp-content\/uploads\/2024\/12\/5496.jpg\",\"contentUrl\":\"https:\/\/onewood.dk\/wp-content\/uploads\/2024\/12\/5496.jpg\",\"width\":1600,\"height\":1065},{\"@type\":\"BreadcrumbList\",\"@id\":\"https:\/\/onewood.dk\/vare\/lockers-2\/#breadcrumb\",\"itemListElement\":[{\"@type\":\"ListItem\",\"position\":1,\"name\":\"Varer\",\"item\":\"https:\/\/onewood.dk\/shop\/\"},{\"@type\":\"ListItem\",\"position\":2,\"name\":\"Garderober &amp; tilbeh\u00f8r\",\"item\":\"https:\/\/onewood.dk\/vare-kategori\/garderober-tilbehoer\/\"},{\"@type\":\"ListItem\",\"position\":3,\"name\":\"Personaleskabe\",\"item\":\"https:\/\/onewood.dk\/vare-kategori\/garderober-tilbehoer\/personaleskabe\/\"},{\"@type\":\"ListItem\",\"position\":4,\"name\":\"Lockers\"}]},{\"@type\":\"WebSite\",\"@id\":\"https:\/\/onewood.dk\/#website\",\"url\":\"https:\/\/onewood.dk\/\",\"name\":\"One Wood Furniture A\/S\",\"description\":\"\",\"publisher\":{\"@id\":\"https:\/\/onewood.dk\/#organization\"},\"potentialAction\":[{\"@type\":\"SearchAction\",\"target\":{\"@type\":\"EntryPoint\",\"urlTemplate\":\"https:\/\/onewood.dk\/?s={search_term_string}\"},\"query-input\":{\"@type\":\"PropertyValueSpecification\",\"valueRequired\":true,\"valueName\":\"search_term_string\"}}],\"inLanguage\":\"nb-NO\"},{\"@type\":\"Organization\",\"@id\":\"https:\/\/onewood.dk\/#organization\",\"name\":\"One Wood Furniture A\/S\",\"url\":\"https:\/\/onewood.dk\/\",\"logo\":{\"@type\":\"ImageObject\",\"inLanguage\":\"nb-NO\",\"@id\":\"https:\/\/onewood.dk\/#\/schema\/logo\/image\/\",\"url\":\"https:\/\/onewood.dk\/wp-content\/uploads\/2024\/12\/Logo.png\",\"contentUrl\":\"https:\/\/onewood.dk\/wp-content\/uploads\/2024\/12\/Logo.png\",\"width\":180,\"height\":90,\"caption\":\"One Wood Furniture A\/S\"},\"image\":{\"@id\":\"https:\/\/onewood.dk\/#\/schema\/logo\/image\/\"}}]}<\/script>\n<!-- \/ Yoast SEO plugin. -->","yoast_head_json":{"title":"Lockers | One Wood Furniture A\/S","robots":{"index":"index","follow":"follow","max-snippet":"max-snippet:-1","max-image-preview":"max-image-preview:large","max-video-preview":"max-video-preview:-1"},"canonical":"https:\/\/onewood.dk\/no\/product\/skap-2\/","og_locale":"nb_NO","og_type":"article","og_title":"Lockers | One Wood Furniture A\/S","og_description":"Lockers er s\u00e6rdeles anvendeligt n\u00e5r der er brug for fleksibelt opbevaringsplads, der typisk skal kunne afl\u00e5ses. Lockers kan udf\u00f8res i\u00a0flere forskellige modeller efter \u00f8nske, hvor h\u00f8jde, bredde og dybde tilpasses efter behov. Der kan samtidig tilf\u00f8res forskellige l\u00e5setyper, indgravering af tal mm. og alle vores standardlaminater p\u00e5 flader, for at g\u00f8re den mere slidst\u00e6rk. &nbsp; [&hellip;]","og_url":"https:\/\/onewood.dk\/no\/product\/skap-2\/","og_site_name":"One Wood Furniture A\/S","article_modified_time":"2025-02-07T10:47:42+00:00","og_image":[{"width":1600,"height":1065,"url":"https:\/\/onewood.dk\/wp-content\/uploads\/2024\/12\/5496.jpg","type":"image\/jpeg"}],"twitter_card":"summary_large_image","twitter_misc":{"Ansl. lesetid":"1 minutt"},"schema":{"@context":"https:\/\/schema.org","@graph":[{"@type":"WebPage","@id":"https:\/\/onewood.dk\/vare\/lockers-2\/","url":"https:\/\/onewood.dk\/vare\/lockers-2\/","name":"Lockers | One Wood Furniture A\/S","isPartOf":{"@id":"https:\/\/onewood.dk\/#website"},"primaryImageOfPage":{"@id":"https:\/\/onewood.dk\/vare\/lockers-2\/#primaryimage"},"image":{"@id":"https:\/\/onewood.dk\/vare\/lockers-2\/#primaryimage"},"thumbnailUrl":"https:\/\/onewood.dk\/wp-content\/uploads\/2024\/12\/5496.jpg","datePublished":"2024-12-03T11:47:46+00:00","dateModified":"2025-02-07T10:47:42+00:00","breadcrumb":{"@id":"https:\/\/onewood.dk\/vare\/lockers-2\/#breadcrumb"},"inLanguage":"nb-NO","potentialAction":[{"@type":"ReadAction","target":["https:\/\/onewood.dk\/vare\/lockers-2\/"]}]},{"@type":"ImageObject","inLanguage":"nb-NO","@id":"https:\/\/onewood.dk\/vare\/lockers-2\/#primaryimage","url":"https:\/\/onewood.dk\/wp-content\/uploads\/2024\/12\/5496.jpg","contentUrl":"https:\/\/onewood.dk\/wp-content\/uploads\/2024\/12\/5496.jpg","width":1600,"height":1065},{"@type":"BreadcrumbList","@id":"https:\/\/onewood.dk\/vare\/lockers-2\/#breadcrumb","itemListElement":[{"@type":"ListItem","position":1,"name":"Varer","item":"https:\/\/onewood.dk\/shop\/"},{"@type":"ListItem","position":2,"name":"Garderober &amp; tilbeh\u00f8r","item":"https:\/\/onewood.dk\/vare-kategori\/garderober-tilbehoer\/"},{"@type":"ListItem","position":3,"name":"Personaleskabe","item":"https:\/\/onewood.dk\/vare-kategori\/garderober-tilbehoer\/personaleskabe\/"},{"@type":"ListItem","position":4,"name":"Lockers"}]},{"@type":"WebSite","@id":"https:\/\/onewood.dk\/#website","url":"https:\/\/onewood.dk\/","name":"One Wood Furniture A\/S","description":"","publisher":{"@id":"https:\/\/onewood.dk\/#organization"},"potentialAction":[{"@type":"SearchAction","target":{"@type":"EntryPoint","urlTemplate":"https:\/\/onewood.dk\/?s={search_term_string}"},"query-input":{"@type":"PropertyValueSpecification","valueRequired":true,"valueName":"search_term_string"}}],"inLanguage":"nb-NO"},{"@type":"Organization","@id":"https:\/\/onewood.dk\/#organization","name":"One Wood Furniture A\/S","url":"https:\/\/onewood.dk\/","logo":{"@type":"ImageObject","inLanguage":"nb-NO","@id":"https:\/\/onewood.dk\/#\/schema\/logo\/image\/","url":"https:\/\/onewood.dk\/wp-content\/uploads\/2024\/12\/Logo.png","contentUrl":"https:\/\/onewood.dk\/wp-content\/uploads\/2024\/12\/Logo.png","width":180,"height":90,"caption":"One Wood Furniture A\/S"},"image":{"@id":"https:\/\/onewood.dk\/#\/schema\/logo\/image\/"}}]}},"_links":{"self":[{"href":"https:\/\/onewood.dk\/no\/wp-json\/wp\/v2\/product\/1808","targetHints":{"allow":["GET"]}}],"collection":[{"href":"https:\/\/onewood.dk\/no\/wp-json\/wp\/v2\/product"}],"about":[{"href":"https:\/\/onewood.dk\/no\/wp-json\/wp\/v2\/types\/product"}],"wp:featuredmedia":[{"embeddable":true,"href":"https:\/\/onewood.dk\/no\/wp-json\/wp\/v2\/media\/4027"}],"wp:attachment":[{"href":"https:\/\/onewood.dk\/no\/wp-json\/wp\/v2\/media?parent=1808"}],"wp:term":[{"taxonomy":"product_brand","embeddable":true,"href":"https:\/\/onewood.dk\/no\/wp-json\/wp\/v2\/product_brand?post=1808"},{"taxonomy":"product_cat","embeddable":true,"href":"https:\/\/onewood.dk\/no\/wp-json\/wp\/v2\/product_cat?post=1808"},{"taxonomy":"product_tag","embeddable":true,"href":"https:\/\/onewood.dk\/no\/wp-json\/wp\/v2\/product_tag?post=1808"}],"curies":[{"name":"wp","href":"https:\/\/api.w.org\/{rel}","templated":true}]}}