{"id":1816,"date":"2024-12-03T12:47:46","date_gmt":"2024-12-03T11:47:46","guid":{"rendered":"https:\/\/onewood.dkvare\/s8109-sif-9-rums-uden-kasser\/"},"modified":"2025-07-02T11:55:45","modified_gmt":"2025-07-02T09:55:45","slug":"s8109-sif-9-rums-uden-kasser","status":"publish","type":"product","link":"https:\/\/onewood.dk\/no\/product\/s8109-sif-9-rom-uten-bokser\/","title":{"rendered":"S8109 \u2013 Sif 9 rom \u2013 uten bokser"},"content":{"rendered":"<p><strong>Plastbokser kj\u00f8pes separat<\/strong><\/p>\n<p>Mobil hylle med 9 rom i 15mm hvitpigmentert kryssfiner i bj\u00f8rk.<\/p>\n<p>\u00d8nsker du hyllen i klarlakk, m\u00e5 dette oppgis ved bestilling.<\/p>\n<p>Sv\u00e6rt popul\u00e6r hylle, da det er en smart og enkel hylleserie som dekker de flestes behov for fleksibel og funksjonell oppbevaring. De mange modellene gj\u00f8r det enkelt \u00e5 sette sammen etter dine \u00f8nsker.<\/p>\n<ul>\n<li>Leveres med kraftige l\u00e5sbare hjul og 15 mm bakpanel.<\/li>\n<li>\u00d8nsker du at hyllen skal vegghenges, leveres den uten hjul og med opphengsskinne.<\/li>\n<li>Hvis det \u00f8nskes plastbokser i noen rom \u2013 vennligst oppgi romnummer \u2013 og modell p\u00e5 boksene.<\/li>\n<li>\u00d8nsker du laminat p\u00e5 alle synlige flater, ta kontakt med One Wood.<\/li>\n<\/ul>","protected":false},"excerpt":{"rendered":"<p><strong>Antall Gratnells-bokser pr rom<\/strong><\/p>\n<ul>\n<li>4 stk. F1 Gratnells bokser \u2013 sm\u00e5<\/li>\n<li>2 stk. F2 Gratnells bokser \u2013 medium<\/li>\n<li>1 stk. F3 Gratnells bokser \u2013 store<\/li>\n<\/ul>","protected":false},"featured_media":4056,"template":"","meta":[],"product_brand":[],"product_cat":[557,664,663],"product_tag":[],"class_list":{"0":"post-1816","1":"product","2":"type-product","3":"status-publish","4":"has-post-thumbnail","6":"product_cat-reoler","7":"product_cat-sif-15mm-krydsfiner-uden-kasse","8":"product_cat-sif","10":"first","11":"instock","12":"product-type-simple"},"yoast_head":"<!-- This site is optimized with the Yoast SEO plugin v24.4 - https:\/\/yoast.com\/wordpress\/plugins\/seo\/ -->\n<title>S8109 - Sif 9 rums - uden kasser | One Wood Furniture A\/S<\/title>\n<meta name=\"robots\" content=\"index, follow, max-snippet:-1, max-image-preview:large, max-video-preview:-1\" \/>\n<link rel=\"canonical\" href=\"https:\/\/onewood.dk\/no\/product\/s8109-sif-9-rom-uten-bokser\/\" \/>\n<meta property=\"og:locale\" content=\"nb_NO\" \/>\n<meta property=\"og:type\" content=\"article\" \/>\n<meta property=\"og:title\" content=\"S8109 - Sif 9 rums - uden kasser | One Wood Furniture A\/S\" \/>\n<meta property=\"og:description\" content=\"Antal Gratnells kasser pr. rum   4 stk. F1 Gratnells kasser - lille  2 stk. F2 Gratnells kasser - mellem  1 stk. F3 Gratnells kasser - stor\" \/>\n<meta property=\"og:url\" content=\"https:\/\/onewood.dk\/no\/product\/s8109-sif-9-rom-uten-bokser\/\" \/>\n<meta property=\"og:site_name\" content=\"One Wood Furniture A\/S\" \/>\n<meta property=\"article:modified_time\" content=\"2025-07-02T09:55:45+00:00\" \/>\n<meta property=\"og:image\" content=\"https:\/\/onewood.dk\/wp-content\/uploads\/2024\/12\/5518-scaled.jpg\" \/>\n\t<meta property=\"og:image:width\" content=\"2560\" \/>\n\t<meta property=\"og:image:height\" content=\"1707\" \/>\n\t<meta property=\"og:image:type\" content=\"image\/jpeg\" \/>\n<meta name=\"twitter:card\" content=\"summary_large_image\" \/>\n<meta name=\"twitter:label1\" content=\"Ansl. lesetid\" \/>\n\t<meta name=\"twitter:data1\" content=\"1 minutt\" \/>\n<script type=\"application\/ld+json\" class=\"yoast-schema-graph\">{\"@context\":\"https:\/\/schema.org\",\"@graph\":[{\"@type\":\"WebPage\",\"@id\":\"https:\/\/onewood.dk\/vare\/s8109-sif-9-rums-uden-kasser\/\",\"url\":\"https:\/\/onewood.dk\/vare\/s8109-sif-9-rums-uden-kasser\/\",\"name\":\"S8109 - Sif 9 rums - uden kasser | One Wood Furniture A\/S\",\"isPartOf\":{\"@id\":\"https:\/\/onewood.dk\/#website\"},\"primaryImageOfPage\":{\"@id\":\"https:\/\/onewood.dk\/vare\/s8109-sif-9-rums-uden-kasser\/#primaryimage\"},\"image\":{\"@id\":\"https:\/\/onewood.dk\/vare\/s8109-sif-9-rums-uden-kasser\/#primaryimage\"},\"thumbnailUrl\":\"https:\/\/onewood.dk\/wp-content\/uploads\/2024\/12\/5518-scaled.jpg\",\"datePublished\":\"2024-12-03T11:47:46+00:00\",\"dateModified\":\"2025-07-02T09:55:45+00:00\",\"breadcrumb\":{\"@id\":\"https:\/\/onewood.dk\/vare\/s8109-sif-9-rums-uden-kasser\/#breadcrumb\"},\"inLanguage\":\"nb-NO\",\"potentialAction\":[{\"@type\":\"ReadAction\",\"target\":[\"https:\/\/onewood.dk\/vare\/s8109-sif-9-rums-uden-kasser\/\"]}]},{\"@type\":\"ImageObject\",\"inLanguage\":\"nb-NO\",\"@id\":\"https:\/\/onewood.dk\/vare\/s8109-sif-9-rums-uden-kasser\/#primaryimage\",\"url\":\"https:\/\/onewood.dk\/wp-content\/uploads\/2024\/12\/5518-scaled.jpg\",\"contentUrl\":\"https:\/\/onewood.dk\/wp-content\/uploads\/2024\/12\/5518-scaled.jpg\",\"width\":2560,\"height\":1707},{\"@type\":\"BreadcrumbList\",\"@id\":\"https:\/\/onewood.dk\/vare\/s8109-sif-9-rums-uden-kasser\/#breadcrumb\",\"itemListElement\":[{\"@type\":\"ListItem\",\"position\":1,\"name\":\"Varer\",\"item\":\"https:\/\/onewood.dk\/shop\/\"},{\"@type\":\"ListItem\",\"position\":2,\"name\":\"Reoler\",\"item\":\"https:\/\/onewood.dk\/vare-kategori\/reoler\/\"},{\"@type\":\"ListItem\",\"position\":3,\"name\":\"Sif\",\"item\":\"https:\/\/onewood.dk\/vare-kategori\/reoler\/sif\/\"},{\"@type\":\"ListItem\",\"position\":4,\"name\":\"Sif 15mm krydsfiner - uden kasse\",\"item\":\"https:\/\/onewood.dk\/vare-kategori\/reoler\/sif\/sif-15mm-krydsfiner-uden-kasse\/\"},{\"@type\":\"ListItem\",\"position\":5,\"name\":\"S8109 &#8211; Sif 9 rums &#8211; uden kasser\"}]},{\"@type\":\"WebSite\",\"@id\":\"https:\/\/onewood.dk\/#website\",\"url\":\"https:\/\/onewood.dk\/\",\"name\":\"One Wood Furniture A\/S\",\"description\":\"\",\"publisher\":{\"@id\":\"https:\/\/onewood.dk\/#organization\"},\"potentialAction\":[{\"@type\":\"SearchAction\",\"target\":{\"@type\":\"EntryPoint\",\"urlTemplate\":\"https:\/\/onewood.dk\/?s={search_term_string}\"},\"query-input\":{\"@type\":\"PropertyValueSpecification\",\"valueRequired\":true,\"valueName\":\"search_term_string\"}}],\"inLanguage\":\"nb-NO\"},{\"@type\":\"Organization\",\"@id\":\"https:\/\/onewood.dk\/#organization\",\"name\":\"One Wood Furniture A\/S\",\"url\":\"https:\/\/onewood.dk\/\",\"logo\":{\"@type\":\"ImageObject\",\"inLanguage\":\"nb-NO\",\"@id\":\"https:\/\/onewood.dk\/#\/schema\/logo\/image\/\",\"url\":\"https:\/\/onewood.dk\/wp-content\/uploads\/2024\/12\/Logo.png\",\"contentUrl\":\"https:\/\/onewood.dk\/wp-content\/uploads\/2024\/12\/Logo.png\",\"width\":180,\"height\":90,\"caption\":\"One Wood Furniture A\/S\"},\"image\":{\"@id\":\"https:\/\/onewood.dk\/#\/schema\/logo\/image\/\"}}]}<\/script>\n<!-- \/ Yoast SEO plugin. -->","yoast_head_json":{"title":"S8109 - Sif 9 rums - uden kasser | One Wood Furniture A\/S","robots":{"index":"index","follow":"follow","max-snippet":"max-snippet:-1","max-image-preview":"max-image-preview:large","max-video-preview":"max-video-preview:-1"},"canonical":"https:\/\/onewood.dk\/no\/product\/s8109-sif-9-rom-uten-bokser\/","og_locale":"nb_NO","og_type":"article","og_title":"S8109 - Sif 9 rums - uden kasser | One Wood Furniture A\/S","og_description":"Antal Gratnells kasser pr. rum   4 stk. F1 Gratnells kasser - lille  2 stk. F2 Gratnells kasser - mellem  1 stk. F3 Gratnells kasser - stor","og_url":"https:\/\/onewood.dk\/no\/product\/s8109-sif-9-rom-uten-bokser\/","og_site_name":"One Wood Furniture A\/S","article_modified_time":"2025-07-02T09:55:45+00:00","og_image":[{"width":2560,"height":1707,"url":"https:\/\/onewood.dk\/wp-content\/uploads\/2024\/12\/5518-scaled.jpg","type":"image\/jpeg"}],"twitter_card":"summary_large_image","twitter_misc":{"Ansl. lesetid":"1 minutt"},"schema":{"@context":"https:\/\/schema.org","@graph":[{"@type":"WebPage","@id":"https:\/\/onewood.dk\/vare\/s8109-sif-9-rums-uden-kasser\/","url":"https:\/\/onewood.dk\/vare\/s8109-sif-9-rums-uden-kasser\/","name":"S8109 - Sif 9 rums - uden kasser | One Wood Furniture A\/S","isPartOf":{"@id":"https:\/\/onewood.dk\/#website"},"primaryImageOfPage":{"@id":"https:\/\/onewood.dk\/vare\/s8109-sif-9-rums-uden-kasser\/#primaryimage"},"image":{"@id":"https:\/\/onewood.dk\/vare\/s8109-sif-9-rums-uden-kasser\/#primaryimage"},"thumbnailUrl":"https:\/\/onewood.dk\/wp-content\/uploads\/2024\/12\/5518-scaled.jpg","datePublished":"2024-12-03T11:47:46+00:00","dateModified":"2025-07-02T09:55:45+00:00","breadcrumb":{"@id":"https:\/\/onewood.dk\/vare\/s8109-sif-9-rums-uden-kasser\/#breadcrumb"},"inLanguage":"nb-NO","potentialAction":[{"@type":"ReadAction","target":["https:\/\/onewood.dk\/vare\/s8109-sif-9-rums-uden-kasser\/"]}]},{"@type":"ImageObject","inLanguage":"nb-NO","@id":"https:\/\/onewood.dk\/vare\/s8109-sif-9-rums-uden-kasser\/#primaryimage","url":"https:\/\/onewood.dk\/wp-content\/uploads\/2024\/12\/5518-scaled.jpg","contentUrl":"https:\/\/onewood.dk\/wp-content\/uploads\/2024\/12\/5518-scaled.jpg","width":2560,"height":1707},{"@type":"BreadcrumbList","@id":"https:\/\/onewood.dk\/vare\/s8109-sif-9-rums-uden-kasser\/#breadcrumb","itemListElement":[{"@type":"ListItem","position":1,"name":"Varer","item":"https:\/\/onewood.dk\/shop\/"},{"@type":"ListItem","position":2,"name":"Reoler","item":"https:\/\/onewood.dk\/vare-kategori\/reoler\/"},{"@type":"ListItem","position":3,"name":"Sif","item":"https:\/\/onewood.dk\/vare-kategori\/reoler\/sif\/"},{"@type":"ListItem","position":4,"name":"Sif 15mm krydsfiner - uden kasse","item":"https:\/\/onewood.dk\/vare-kategori\/reoler\/sif\/sif-15mm-krydsfiner-uden-kasse\/"},{"@type":"ListItem","position":5,"name":"S8109 &#8211; Sif 9 rums &#8211; uden kasser"}]},{"@type":"WebSite","@id":"https:\/\/onewood.dk\/#website","url":"https:\/\/onewood.dk\/","name":"One Wood Furniture A\/S","description":"","publisher":{"@id":"https:\/\/onewood.dk\/#organization"},"potentialAction":[{"@type":"SearchAction","target":{"@type":"EntryPoint","urlTemplate":"https:\/\/onewood.dk\/?s={search_term_string}"},"query-input":{"@type":"PropertyValueSpecification","valueRequired":true,"valueName":"search_term_string"}}],"inLanguage":"nb-NO"},{"@type":"Organization","@id":"https:\/\/onewood.dk\/#organization","name":"One Wood Furniture A\/S","url":"https:\/\/onewood.dk\/","logo":{"@type":"ImageObject","inLanguage":"nb-NO","@id":"https:\/\/onewood.dk\/#\/schema\/logo\/image\/","url":"https:\/\/onewood.dk\/wp-content\/uploads\/2024\/12\/Logo.png","contentUrl":"https:\/\/onewood.dk\/wp-content\/uploads\/2024\/12\/Logo.png","width":180,"height":90,"caption":"One Wood Furniture A\/S"},"image":{"@id":"https:\/\/onewood.dk\/#\/schema\/logo\/image\/"}}]}},"_links":{"self":[{"href":"https:\/\/onewood.dk\/no\/wp-json\/wp\/v2\/product\/1816","targetHints":{"allow":["GET"]}}],"collection":[{"href":"https:\/\/onewood.dk\/no\/wp-json\/wp\/v2\/product"}],"about":[{"href":"https:\/\/onewood.dk\/no\/wp-json\/wp\/v2\/types\/product"}],"wp:featuredmedia":[{"embeddable":true,"href":"https:\/\/onewood.dk\/no\/wp-json\/wp\/v2\/media\/4056"}],"wp:attachment":[{"href":"https:\/\/onewood.dk\/no\/wp-json\/wp\/v2\/media?parent=1816"}],"wp:term":[{"taxonomy":"product_brand","embeddable":true,"href":"https:\/\/onewood.dk\/no\/wp-json\/wp\/v2\/product_brand?post=1816"},{"taxonomy":"product_cat","embeddable":true,"href":"https:\/\/onewood.dk\/no\/wp-json\/wp\/v2\/product_cat?post=1816"},{"taxonomy":"product_tag","embeddable":true,"href":"https:\/\/onewood.dk\/no\/wp-json\/wp\/v2\/product_tag?post=1816"}],"curies":[{"name":"wp","href":"https:\/\/api.w.org\/{rel}","templated":true}]}}