{"id":1858,"date":"2024-12-03T12:47:52","date_gmt":"2024-12-03T11:47:52","guid":{"rendered":"https:\/\/onewood.dkvare\/8845-laesehule-fladt-tag\/"},"modified":"2025-02-26T15:00:34","modified_gmt":"2025-02-26T14:00:34","slug":"8845-laesehule-fladt-tag","status":"publish","type":"product","link":"https:\/\/onewood.dk\/no\/product\/8845-lesehull-flatt-tak\/","title":{"rendered":"8845 \u2013 Lesehi \u2013 Flatt tak"},"content":{"rendered":"<p>Lesekroker bidrar til \u00e5 skape rom i rommet som gir trygghet og ro til ettertanke. Ideell for avslapning og hygge.<\/p>\n<p>Lesekroken er laget av 18 mm bj\u00f8rkekryssfiner med klarlakk p\u00e5 kantene og laminat p\u00e5 alle overflater - Fritt valg mellom v\u00e5re standard laminatfarger.<\/p>\n<p>Filt p\u00e5 innsiden i AQSORB farge AQ04<\/p>\n<p>Lesehullene leveres umontert.<\/p>\n<p><strong>Ytterligere kj\u00f8p:<\/strong><\/p>\n<p>2 stk. bokser p\u00e5 hjul for oppbevaring<\/p>\n<p>8847 \u2013 Pute \u2013 960x960x50mm i London-stoff<\/p>","protected":false},"excerpt":{"rendered":"<p>L\u00e6sehuler er med til at skabe rum i rummet, der giver tryghed og ro til fordybelse. Ideel til afslapning og hygge. L\u00e6sehulen er udf\u00f8rt i 18mm birkekrydsfiner med klarlak p\u00e5 kanter og laminat p\u00e5 alle flader &#8211; Frit valg mellem vores standard laminatfarver. Filt p\u00e5 inderside i AQSORB farve AQ04 L\u00e6sehulerne leveres usamlet Tilk\u00f8b: 2 [&hellip;]<\/p>","protected":false},"featured_media":4202,"template":"","meta":[],"product_brand":[],"product_cat":[566],"product_tag":[],"class_list":{"0":"post-1858","1":"product","2":"type-product","3":"status-publish","4":"has-post-thumbnail","6":"product_cat-huse-fordybelse","8":"first","9":"instock","10":"product-type-simple"},"yoast_head":"<!-- This site is optimized with the Yoast SEO plugin v24.4 - https:\/\/yoast.com\/wordpress\/plugins\/seo\/ -->\n<title>8845 - L\u00e6sehule - Fladt tag | One Wood Furniture A\/S<\/title>\n<meta name=\"robots\" content=\"index, follow, max-snippet:-1, max-image-preview:large, max-video-preview:-1\" \/>\n<link rel=\"canonical\" href=\"https:\/\/onewood.dk\/no\/product\/8845-lesehull-flatt-tak\/\" \/>\n<meta property=\"og:locale\" content=\"nb_NO\" \/>\n<meta property=\"og:type\" content=\"article\" \/>\n<meta property=\"og:title\" content=\"8845 - L\u00e6sehule - Fladt tag | One Wood Furniture A\/S\" \/>\n<meta property=\"og:description\" content=\"L\u00e6sehuler er med til at skabe rum i rummet, der giver tryghed og ro til fordybelse. Ideel til afslapning og hygge. L\u00e6sehulen er udf\u00f8rt i 18mm birkekrydsfiner med klarlak p\u00e5 kanter og laminat p\u00e5 alle flader &#8211; Frit valg mellem vores standard laminatfarver. Filt p\u00e5 inderside i AQSORB farve AQ04 L\u00e6sehulerne leveres usamlet Tilk\u00f8b: 2 [&hellip;]\" \/>\n<meta property=\"og:url\" content=\"https:\/\/onewood.dk\/no\/product\/8845-lesehull-flatt-tak\/\" \/>\n<meta property=\"og:site_name\" content=\"One Wood Furniture A\/S\" \/>\n<meta property=\"article:modified_time\" content=\"2025-02-26T14:00:34+00:00\" \/>\n<meta property=\"og:image\" content=\"https:\/\/onewood.dk\/wp-content\/uploads\/2024\/12\/6277-scaled.jpg\" \/>\n\t<meta property=\"og:image:width\" content=\"2560\" \/>\n\t<meta property=\"og:image:height\" content=\"1707\" \/>\n\t<meta property=\"og:image:type\" content=\"image\/jpeg\" \/>\n<meta name=\"twitter:card\" content=\"summary_large_image\" \/>\n<meta name=\"twitter:label1\" content=\"Ansl. lesetid\" \/>\n\t<meta name=\"twitter:data1\" content=\"1 minutt\" \/>\n<script type=\"application\/ld+json\" class=\"yoast-schema-graph\">{\"@context\":\"https:\/\/schema.org\",\"@graph\":[{\"@type\":\"WebPage\",\"@id\":\"https:\/\/onewood.dk\/vare\/8845-laesehule-fladt-tag\/\",\"url\":\"https:\/\/onewood.dk\/vare\/8845-laesehule-fladt-tag\/\",\"name\":\"8845 - L\u00e6sehule - Fladt tag | One Wood Furniture A\/S\",\"isPartOf\":{\"@id\":\"https:\/\/onewood.dk\/#website\"},\"primaryImageOfPage\":{\"@id\":\"https:\/\/onewood.dk\/vare\/8845-laesehule-fladt-tag\/#primaryimage\"},\"image\":{\"@id\":\"https:\/\/onewood.dk\/vare\/8845-laesehule-fladt-tag\/#primaryimage\"},\"thumbnailUrl\":\"https:\/\/onewood.dk\/wp-content\/uploads\/2024\/12\/6277-scaled.jpg\",\"datePublished\":\"2024-12-03T11:47:52+00:00\",\"dateModified\":\"2025-02-26T14:00:34+00:00\",\"breadcrumb\":{\"@id\":\"https:\/\/onewood.dk\/vare\/8845-laesehule-fladt-tag\/#breadcrumb\"},\"inLanguage\":\"nb-NO\",\"potentialAction\":[{\"@type\":\"ReadAction\",\"target\":[\"https:\/\/onewood.dk\/vare\/8845-laesehule-fladt-tag\/\"]}]},{\"@type\":\"ImageObject\",\"inLanguage\":\"nb-NO\",\"@id\":\"https:\/\/onewood.dk\/vare\/8845-laesehule-fladt-tag\/#primaryimage\",\"url\":\"https:\/\/onewood.dk\/wp-content\/uploads\/2024\/12\/6277-scaled.jpg\",\"contentUrl\":\"https:\/\/onewood.dk\/wp-content\/uploads\/2024\/12\/6277-scaled.jpg\",\"width\":2560,\"height\":1707},{\"@type\":\"BreadcrumbList\",\"@id\":\"https:\/\/onewood.dk\/vare\/8845-laesehule-fladt-tag\/#breadcrumb\",\"itemListElement\":[{\"@type\":\"ListItem\",\"position\":1,\"name\":\"Varer\",\"item\":\"https:\/\/onewood.dk\/shop\/\"},{\"@type\":\"ListItem\",\"position\":2,\"name\":\"Huse \/ Fordybelse\",\"item\":\"https:\/\/onewood.dk\/vare-kategori\/huse-fordybelse\/\"},{\"@type\":\"ListItem\",\"position\":3,\"name\":\"8845 &#8211; L\u00e6sehule &#8211; Fladt tag\"}]},{\"@type\":\"WebSite\",\"@id\":\"https:\/\/onewood.dk\/#website\",\"url\":\"https:\/\/onewood.dk\/\",\"name\":\"One Wood Furniture A\/S\",\"description\":\"\",\"publisher\":{\"@id\":\"https:\/\/onewood.dk\/#organization\"},\"potentialAction\":[{\"@type\":\"SearchAction\",\"target\":{\"@type\":\"EntryPoint\",\"urlTemplate\":\"https:\/\/onewood.dk\/?s={search_term_string}\"},\"query-input\":{\"@type\":\"PropertyValueSpecification\",\"valueRequired\":true,\"valueName\":\"search_term_string\"}}],\"inLanguage\":\"nb-NO\"},{\"@type\":\"Organization\",\"@id\":\"https:\/\/onewood.dk\/#organization\",\"name\":\"One Wood Furniture A\/S\",\"url\":\"https:\/\/onewood.dk\/\",\"logo\":{\"@type\":\"ImageObject\",\"inLanguage\":\"nb-NO\",\"@id\":\"https:\/\/onewood.dk\/#\/schema\/logo\/image\/\",\"url\":\"https:\/\/onewood.dk\/wp-content\/uploads\/2024\/12\/Logo.png\",\"contentUrl\":\"https:\/\/onewood.dk\/wp-content\/uploads\/2024\/12\/Logo.png\",\"width\":180,\"height\":90,\"caption\":\"One Wood Furniture A\/S\"},\"image\":{\"@id\":\"https:\/\/onewood.dk\/#\/schema\/logo\/image\/\"}}]}<\/script>\n<!-- \/ Yoast SEO plugin. -->","yoast_head_json":{"title":"8845 - L\u00e6sehule - Fladt tag | One Wood Furniture A\/S","robots":{"index":"index","follow":"follow","max-snippet":"max-snippet:-1","max-image-preview":"max-image-preview:large","max-video-preview":"max-video-preview:-1"},"canonical":"https:\/\/onewood.dk\/no\/product\/8845-lesehull-flatt-tak\/","og_locale":"nb_NO","og_type":"article","og_title":"8845 - L\u00e6sehule - Fladt tag | One Wood Furniture A\/S","og_description":"L\u00e6sehuler er med til at skabe rum i rummet, der giver tryghed og ro til fordybelse. Ideel til afslapning og hygge. L\u00e6sehulen er udf\u00f8rt i 18mm birkekrydsfiner med klarlak p\u00e5 kanter og laminat p\u00e5 alle flader &#8211; Frit valg mellem vores standard laminatfarver. Filt p\u00e5 inderside i AQSORB farve AQ04 L\u00e6sehulerne leveres usamlet Tilk\u00f8b: 2 [&hellip;]","og_url":"https:\/\/onewood.dk\/no\/product\/8845-lesehull-flatt-tak\/","og_site_name":"One Wood Furniture A\/S","article_modified_time":"2025-02-26T14:00:34+00:00","og_image":[{"width":2560,"height":1707,"url":"https:\/\/onewood.dk\/wp-content\/uploads\/2024\/12\/6277-scaled.jpg","type":"image\/jpeg"}],"twitter_card":"summary_large_image","twitter_misc":{"Ansl. lesetid":"1 minutt"},"schema":{"@context":"https:\/\/schema.org","@graph":[{"@type":"WebPage","@id":"https:\/\/onewood.dk\/vare\/8845-laesehule-fladt-tag\/","url":"https:\/\/onewood.dk\/vare\/8845-laesehule-fladt-tag\/","name":"8845 - L\u00e6sehule - Fladt tag | One Wood Furniture A\/S","isPartOf":{"@id":"https:\/\/onewood.dk\/#website"},"primaryImageOfPage":{"@id":"https:\/\/onewood.dk\/vare\/8845-laesehule-fladt-tag\/#primaryimage"},"image":{"@id":"https:\/\/onewood.dk\/vare\/8845-laesehule-fladt-tag\/#primaryimage"},"thumbnailUrl":"https:\/\/onewood.dk\/wp-content\/uploads\/2024\/12\/6277-scaled.jpg","datePublished":"2024-12-03T11:47:52+00:00","dateModified":"2025-02-26T14:00:34+00:00","breadcrumb":{"@id":"https:\/\/onewood.dk\/vare\/8845-laesehule-fladt-tag\/#breadcrumb"},"inLanguage":"nb-NO","potentialAction":[{"@type":"ReadAction","target":["https:\/\/onewood.dk\/vare\/8845-laesehule-fladt-tag\/"]}]},{"@type":"ImageObject","inLanguage":"nb-NO","@id":"https:\/\/onewood.dk\/vare\/8845-laesehule-fladt-tag\/#primaryimage","url":"https:\/\/onewood.dk\/wp-content\/uploads\/2024\/12\/6277-scaled.jpg","contentUrl":"https:\/\/onewood.dk\/wp-content\/uploads\/2024\/12\/6277-scaled.jpg","width":2560,"height":1707},{"@type":"BreadcrumbList","@id":"https:\/\/onewood.dk\/vare\/8845-laesehule-fladt-tag\/#breadcrumb","itemListElement":[{"@type":"ListItem","position":1,"name":"Varer","item":"https:\/\/onewood.dk\/shop\/"},{"@type":"ListItem","position":2,"name":"Huse \/ Fordybelse","item":"https:\/\/onewood.dk\/vare-kategori\/huse-fordybelse\/"},{"@type":"ListItem","position":3,"name":"8845 &#8211; L\u00e6sehule &#8211; Fladt tag"}]},{"@type":"WebSite","@id":"https:\/\/onewood.dk\/#website","url":"https:\/\/onewood.dk\/","name":"One Wood Furniture A\/S","description":"","publisher":{"@id":"https:\/\/onewood.dk\/#organization"},"potentialAction":[{"@type":"SearchAction","target":{"@type":"EntryPoint","urlTemplate":"https:\/\/onewood.dk\/?s={search_term_string}"},"query-input":{"@type":"PropertyValueSpecification","valueRequired":true,"valueName":"search_term_string"}}],"inLanguage":"nb-NO"},{"@type":"Organization","@id":"https:\/\/onewood.dk\/#organization","name":"One Wood Furniture A\/S","url":"https:\/\/onewood.dk\/","logo":{"@type":"ImageObject","inLanguage":"nb-NO","@id":"https:\/\/onewood.dk\/#\/schema\/logo\/image\/","url":"https:\/\/onewood.dk\/wp-content\/uploads\/2024\/12\/Logo.png","contentUrl":"https:\/\/onewood.dk\/wp-content\/uploads\/2024\/12\/Logo.png","width":180,"height":90,"caption":"One Wood Furniture A\/S"},"image":{"@id":"https:\/\/onewood.dk\/#\/schema\/logo\/image\/"}}]}},"_links":{"self":[{"href":"https:\/\/onewood.dk\/no\/wp-json\/wp\/v2\/product\/1858","targetHints":{"allow":["GET"]}}],"collection":[{"href":"https:\/\/onewood.dk\/no\/wp-json\/wp\/v2\/product"}],"about":[{"href":"https:\/\/onewood.dk\/no\/wp-json\/wp\/v2\/types\/product"}],"wp:featuredmedia":[{"embeddable":true,"href":"https:\/\/onewood.dk\/no\/wp-json\/wp\/v2\/media\/4202"}],"wp:attachment":[{"href":"https:\/\/onewood.dk\/no\/wp-json\/wp\/v2\/media?parent=1858"}],"wp:term":[{"taxonomy":"product_brand","embeddable":true,"href":"https:\/\/onewood.dk\/no\/wp-json\/wp\/v2\/product_brand?post=1858"},{"taxonomy":"product_cat","embeddable":true,"href":"https:\/\/onewood.dk\/no\/wp-json\/wp\/v2\/product_cat?post=1858"},{"taxonomy":"product_tag","embeddable":true,"href":"https:\/\/onewood.dk\/no\/wp-json\/wp\/v2\/product_tag?post=1858"}],"curies":[{"name":"wp","href":"https:\/\/api.w.org\/{rel}","templated":true}]}}