{"id":1948,"date":"2024-12-03T12:48:07","date_gmt":"2024-12-03T11:48:07","guid":{"rendered":"https:\/\/onewood.dkvare\/8112htubsi-kubus-med-siddeniche\/"},"modified":"2025-02-26T14:51:51","modified_gmt":"2025-02-26T13:51:51","slug":"8112htubsi-kubus-med-siddeniche","status":"publish","type":"product","link":"https:\/\/onewood.dk\/no\/product\/8112htubsi-kube-med-sittenisje\/","title":{"rendered":"8112HTUBSI \u2013 Kube med sittenisje"},"content":{"rendered":"<p>15mm hvitpigmentert kryssfiner i bj\u00f8rk<br \/>\nLeveres som standard med laminat p\u00e5 sete, F7927 lys gr\u00e5<br \/>\nDu kan fritt velge mellom One Woods standard laminatfarger.<\/p>\n<p>Med denne praktiske sittenisjen er det ingen grenser for de kreative ideene du kan slippe l\u00f8s. Nisjen er stor nok til at en voksen kan sitte i hvis komfort eller h\u00f8ytlesing er n\u00f8dvendig.<br \/>\nHer er det ogs\u00e5 mulighet for \u00e5 utvikle godt kameratskap og vennskap.<br \/>\nDette m\u00f8blet vil raskt bli institusjonens favorittsted.<br \/>\nOver nisjen er det en innebygd hylle med plass til oppbevaring av b\u00f8ker og spill.<br \/>\nSidenisjen gir ogs\u00e5 rom for ettertanke i rommet.<br \/>\nSidebenken kan leveres med madrass i mange forskjellige farger.<br \/>\nSidebenken leveres sammensatt og krever ingen montering.<br \/>\nSidebenken kan leveres med lyddempende AQSORB p\u00e5 baksiden, som gir ekstra ro til ettertanke eller kreativ tenkning.<\/p>\n<p>3 stk. mobilbokser p\u00e5 hjul<br \/>\n2 stk. d\u00f8rer med glass<\/p>\n<p>Kan leveres i klarlakk, dette m\u00e5 oppgis ved bestilling.<\/p>\n<p><strong>KJ\u00d8PE:<\/strong><\/p>\n<p>8114M2 \u2013 Madrass<\/p>","protected":false},"excerpt":{"rendered":"<p>15 mm hvitpigmentert bj\u00f8rkekryssfiner Leveres som standard med laminat p\u00e5 sete, F7927 lys gr\u00e5 Du kan fritt velge mellom One Woods standard laminatfarger Med denne praktiske sittenisjen er det ingen grenser for hvilke kreative ideer du kan utvikle. Nisjen er stor nok til \u00e5 ha plass til en voksen, om n\u00f8dvendig [\u2026]<\/p>","protected":false},"featured_media":4493,"template":"","meta":[],"product_brand":[],"product_cat":[566],"product_tag":[],"class_list":{"0":"post-1948","1":"product","2":"type-product","3":"status-publish","4":"has-post-thumbnail","6":"product_cat-huse-fordybelse","8":"first","9":"instock","10":"product-type-simple"},"yoast_head":"<!-- This site is optimized with the Yoast SEO plugin v24.4 - https:\/\/yoast.com\/wordpress\/plugins\/seo\/ -->\n<title>8112HTUBSI - Kubus med siddeniche | One Wood Furniture A\/S<\/title>\n<meta name=\"robots\" content=\"index, follow, max-snippet:-1, max-image-preview:large, max-video-preview:-1\" \/>\n<link rel=\"canonical\" href=\"https:\/\/onewood.dk\/no\/product\/8112htubsi-kube-med-sittenisje\/\" \/>\n<meta property=\"og:locale\" content=\"nb_NO\" \/>\n<meta property=\"og:type\" content=\"article\" \/>\n<meta property=\"og:title\" content=\"8112HTUBSI - Kubus med siddeniche | One Wood Furniture A\/S\" \/>\n<meta property=\"og:description\" content=\"15mm hvidpigmenteret birkekrydsfiner Leveres som standard med laminat p\u00e5 s\u00e6de, F7927 lys gr\u00e5 Der kan frit v\u00e6lges mellem One Wood&#8217;s standard laminatfarver Med denne praktiske siddeniche, er der ingen gr\u00e6nser for hvad du kan udfolde af kreative ide\u00e9r. Nichen er stor nok til at der ogs\u00e5 kan sidde en voksen, hvis der er brug for [&hellip;]\" \/>\n<meta property=\"og:url\" content=\"https:\/\/onewood.dk\/no\/product\/8112htubsi-kube-med-sittenisje\/\" \/>\n<meta property=\"og:site_name\" content=\"One Wood Furniture A\/S\" \/>\n<meta property=\"article:modified_time\" content=\"2025-02-26T13:51:51+00:00\" \/>\n<meta property=\"og:image\" content=\"https:\/\/onewood.dk\/wp-content\/uploads\/2024\/12\/6606-scaled.jpg\" \/>\n\t<meta property=\"og:image:width\" content=\"2560\" \/>\n\t<meta property=\"og:image:height\" content=\"1707\" \/>\n\t<meta property=\"og:image:type\" content=\"image\/jpeg\" \/>\n<meta name=\"twitter:card\" content=\"summary_large_image\" \/>\n<meta name=\"twitter:label1\" content=\"Ansl. lesetid\" \/>\n\t<meta name=\"twitter:data1\" content=\"2 minutter\" \/>\n<script type=\"application\/ld+json\" class=\"yoast-schema-graph\">{\"@context\":\"https:\/\/schema.org\",\"@graph\":[{\"@type\":\"WebPage\",\"@id\":\"https:\/\/onewood.dk\/vare\/8112htubsi-kubus-med-siddeniche\/\",\"url\":\"https:\/\/onewood.dk\/vare\/8112htubsi-kubus-med-siddeniche\/\",\"name\":\"8112HTUBSI - Kubus med siddeniche | One Wood Furniture A\/S\",\"isPartOf\":{\"@id\":\"https:\/\/onewood.dk\/#website\"},\"primaryImageOfPage\":{\"@id\":\"https:\/\/onewood.dk\/vare\/8112htubsi-kubus-med-siddeniche\/#primaryimage\"},\"image\":{\"@id\":\"https:\/\/onewood.dk\/vare\/8112htubsi-kubus-med-siddeniche\/#primaryimage\"},\"thumbnailUrl\":\"https:\/\/onewood.dk\/wp-content\/uploads\/2024\/12\/6606-scaled.jpg\",\"datePublished\":\"2024-12-03T11:48:07+00:00\",\"dateModified\":\"2025-02-26T13:51:51+00:00\",\"breadcrumb\":{\"@id\":\"https:\/\/onewood.dk\/vare\/8112htubsi-kubus-med-siddeniche\/#breadcrumb\"},\"inLanguage\":\"nb-NO\",\"potentialAction\":[{\"@type\":\"ReadAction\",\"target\":[\"https:\/\/onewood.dk\/vare\/8112htubsi-kubus-med-siddeniche\/\"]}]},{\"@type\":\"ImageObject\",\"inLanguage\":\"nb-NO\",\"@id\":\"https:\/\/onewood.dk\/vare\/8112htubsi-kubus-med-siddeniche\/#primaryimage\",\"url\":\"https:\/\/onewood.dk\/wp-content\/uploads\/2024\/12\/6606-scaled.jpg\",\"contentUrl\":\"https:\/\/onewood.dk\/wp-content\/uploads\/2024\/12\/6606-scaled.jpg\",\"width\":2560,\"height\":1707},{\"@type\":\"BreadcrumbList\",\"@id\":\"https:\/\/onewood.dk\/vare\/8112htubsi-kubus-med-siddeniche\/#breadcrumb\",\"itemListElement\":[{\"@type\":\"ListItem\",\"position\":1,\"name\":\"Varer\",\"item\":\"https:\/\/onewood.dk\/shop\/\"},{\"@type\":\"ListItem\",\"position\":2,\"name\":\"Huse \/ Fordybelse\",\"item\":\"https:\/\/onewood.dk\/vare-kategori\/huse-fordybelse\/\"},{\"@type\":\"ListItem\",\"position\":3,\"name\":\"8112HTUBSI &#8211; Kubus med siddeniche\"}]},{\"@type\":\"WebSite\",\"@id\":\"https:\/\/onewood.dk\/#website\",\"url\":\"https:\/\/onewood.dk\/\",\"name\":\"One Wood Furniture A\/S\",\"description\":\"\",\"publisher\":{\"@id\":\"https:\/\/onewood.dk\/#organization\"},\"potentialAction\":[{\"@type\":\"SearchAction\",\"target\":{\"@type\":\"EntryPoint\",\"urlTemplate\":\"https:\/\/onewood.dk\/?s={search_term_string}\"},\"query-input\":{\"@type\":\"PropertyValueSpecification\",\"valueRequired\":true,\"valueName\":\"search_term_string\"}}],\"inLanguage\":\"nb-NO\"},{\"@type\":\"Organization\",\"@id\":\"https:\/\/onewood.dk\/#organization\",\"name\":\"One Wood Furniture A\/S\",\"url\":\"https:\/\/onewood.dk\/\",\"logo\":{\"@type\":\"ImageObject\",\"inLanguage\":\"nb-NO\",\"@id\":\"https:\/\/onewood.dk\/#\/schema\/logo\/image\/\",\"url\":\"https:\/\/onewood.dk\/wp-content\/uploads\/2024\/12\/Logo.png\",\"contentUrl\":\"https:\/\/onewood.dk\/wp-content\/uploads\/2024\/12\/Logo.png\",\"width\":180,\"height\":90,\"caption\":\"One Wood Furniture A\/S\"},\"image\":{\"@id\":\"https:\/\/onewood.dk\/#\/schema\/logo\/image\/\"}}]}<\/script>\n<!-- \/ Yoast SEO plugin. -->","yoast_head_json":{"title":"8112HTUBSI - Kubus med siddeniche | One Wood Furniture A\/S","robots":{"index":"index","follow":"follow","max-snippet":"max-snippet:-1","max-image-preview":"max-image-preview:large","max-video-preview":"max-video-preview:-1"},"canonical":"https:\/\/onewood.dk\/no\/product\/8112htubsi-kube-med-sittenisje\/","og_locale":"nb_NO","og_type":"article","og_title":"8112HTUBSI - Kubus med siddeniche | One Wood Furniture A\/S","og_description":"15mm hvidpigmenteret birkekrydsfiner Leveres som standard med laminat p\u00e5 s\u00e6de, F7927 lys gr\u00e5 Der kan frit v\u00e6lges mellem One Wood&#8217;s standard laminatfarver Med denne praktiske siddeniche, er der ingen gr\u00e6nser for hvad du kan udfolde af kreative ide\u00e9r. Nichen er stor nok til at der ogs\u00e5 kan sidde en voksen, hvis der er brug for [&hellip;]","og_url":"https:\/\/onewood.dk\/no\/product\/8112htubsi-kube-med-sittenisje\/","og_site_name":"One Wood Furniture A\/S","article_modified_time":"2025-02-26T13:51:51+00:00","og_image":[{"width":2560,"height":1707,"url":"https:\/\/onewood.dk\/wp-content\/uploads\/2024\/12\/6606-scaled.jpg","type":"image\/jpeg"}],"twitter_card":"summary_large_image","twitter_misc":{"Ansl. lesetid":"2 minutter"},"schema":{"@context":"https:\/\/schema.org","@graph":[{"@type":"WebPage","@id":"https:\/\/onewood.dk\/vare\/8112htubsi-kubus-med-siddeniche\/","url":"https:\/\/onewood.dk\/vare\/8112htubsi-kubus-med-siddeniche\/","name":"8112HTUBSI - Kubus med siddeniche | One Wood Furniture A\/S","isPartOf":{"@id":"https:\/\/onewood.dk\/#website"},"primaryImageOfPage":{"@id":"https:\/\/onewood.dk\/vare\/8112htubsi-kubus-med-siddeniche\/#primaryimage"},"image":{"@id":"https:\/\/onewood.dk\/vare\/8112htubsi-kubus-med-siddeniche\/#primaryimage"},"thumbnailUrl":"https:\/\/onewood.dk\/wp-content\/uploads\/2024\/12\/6606-scaled.jpg","datePublished":"2024-12-03T11:48:07+00:00","dateModified":"2025-02-26T13:51:51+00:00","breadcrumb":{"@id":"https:\/\/onewood.dk\/vare\/8112htubsi-kubus-med-siddeniche\/#breadcrumb"},"inLanguage":"nb-NO","potentialAction":[{"@type":"ReadAction","target":["https:\/\/onewood.dk\/vare\/8112htubsi-kubus-med-siddeniche\/"]}]},{"@type":"ImageObject","inLanguage":"nb-NO","@id":"https:\/\/onewood.dk\/vare\/8112htubsi-kubus-med-siddeniche\/#primaryimage","url":"https:\/\/onewood.dk\/wp-content\/uploads\/2024\/12\/6606-scaled.jpg","contentUrl":"https:\/\/onewood.dk\/wp-content\/uploads\/2024\/12\/6606-scaled.jpg","width":2560,"height":1707},{"@type":"BreadcrumbList","@id":"https:\/\/onewood.dk\/vare\/8112htubsi-kubus-med-siddeniche\/#breadcrumb","itemListElement":[{"@type":"ListItem","position":1,"name":"Varer","item":"https:\/\/onewood.dk\/shop\/"},{"@type":"ListItem","position":2,"name":"Huse \/ Fordybelse","item":"https:\/\/onewood.dk\/vare-kategori\/huse-fordybelse\/"},{"@type":"ListItem","position":3,"name":"8112HTUBSI &#8211; Kubus med siddeniche"}]},{"@type":"WebSite","@id":"https:\/\/onewood.dk\/#website","url":"https:\/\/onewood.dk\/","name":"One Wood Furniture A\/S","description":"","publisher":{"@id":"https:\/\/onewood.dk\/#organization"},"potentialAction":[{"@type":"SearchAction","target":{"@type":"EntryPoint","urlTemplate":"https:\/\/onewood.dk\/?s={search_term_string}"},"query-input":{"@type":"PropertyValueSpecification","valueRequired":true,"valueName":"search_term_string"}}],"inLanguage":"nb-NO"},{"@type":"Organization","@id":"https:\/\/onewood.dk\/#organization","name":"One Wood Furniture A\/S","url":"https:\/\/onewood.dk\/","logo":{"@type":"ImageObject","inLanguage":"nb-NO","@id":"https:\/\/onewood.dk\/#\/schema\/logo\/image\/","url":"https:\/\/onewood.dk\/wp-content\/uploads\/2024\/12\/Logo.png","contentUrl":"https:\/\/onewood.dk\/wp-content\/uploads\/2024\/12\/Logo.png","width":180,"height":90,"caption":"One Wood Furniture A\/S"},"image":{"@id":"https:\/\/onewood.dk\/#\/schema\/logo\/image\/"}}]}},"_links":{"self":[{"href":"https:\/\/onewood.dk\/no\/wp-json\/wp\/v2\/product\/1948","targetHints":{"allow":["GET"]}}],"collection":[{"href":"https:\/\/onewood.dk\/no\/wp-json\/wp\/v2\/product"}],"about":[{"href":"https:\/\/onewood.dk\/no\/wp-json\/wp\/v2\/types\/product"}],"wp:featuredmedia":[{"embeddable":true,"href":"https:\/\/onewood.dk\/no\/wp-json\/wp\/v2\/media\/4493"}],"wp:attachment":[{"href":"https:\/\/onewood.dk\/no\/wp-json\/wp\/v2\/media?parent=1948"}],"wp:term":[{"taxonomy":"product_brand","embeddable":true,"href":"https:\/\/onewood.dk\/no\/wp-json\/wp\/v2\/product_brand?post=1948"},{"taxonomy":"product_cat","embeddable":true,"href":"https:\/\/onewood.dk\/no\/wp-json\/wp\/v2\/product_cat?post=1948"},{"taxonomy":"product_tag","embeddable":true,"href":"https:\/\/onewood.dk\/no\/wp-json\/wp\/v2\/product_tag?post=1948"}],"curies":[{"name":"wp","href":"https:\/\/api.w.org\/{rel}","templated":true}]}}