{"id":1949,"date":"2024-12-03T12:48:07","date_gmt":"2024-12-03T11:48:07","guid":{"rendered":"https:\/\/onewood.dkvare\/8108htsi-kubus-med-siddeniche-2-laager\/"},"modified":"2025-06-26T15:04:30","modified_gmt":"2025-06-26T13:04:30","slug":"8108htsi-kubus-med-siddeniche-2-laager","status":"publish","type":"product","link":"https:\/\/onewood.dk\/no\/product\/8108htsi-kube-med-sittenisje-2-senger\/","title":{"rendered":"8108HTSI \u2013 Kube med sittenisje \u2013 2 d\u00f8rer"},"content":{"rendered":"<p>15mm hvitpigmentert kryssfiner i bj\u00f8rk<br \/>\nLeveres med lys gr\u00e5 laminat F7927 p\u00e5 sete og d\u00f8rer som standard, som fritt kan velges blant One Woods standard laminatfarger.<\/p>\n<p>Med denne praktiske sittenisjen er det ingen grenser for de kreative ideene du kan slippe l\u00f8s. Sittegruppen er stor nok til at en voksen kan sitte i hvis komfort eller h\u00f8ytlesing er n\u00f8dvendig.<br \/>\nHer er det ogs\u00e5 en mulighet til \u00e5 utvikle godt kameratskap og vennskap.<br \/>\nDette m\u00f8blet vil raskt bli institusjonens favorittsted.<br \/>\nOver nisjen er det en innebygd hylle med mulighet for oppbevaring av b\u00f8ker og spill.<br \/>\nSidenisjen gir ogs\u00e5 rom for ettertanke i rommet.<br \/>\nSidebenken kan leveres med madrass i mange forskjellige farger.<br \/>\nSidenisjen leveres montert, den krever ingen montering.<br \/>\nSidebenken kan leveres med lyddempende AQSORB p\u00e5 baksiden, som gir ekstra ro til ettertanke eller kreativ tenkning.<\/p>\n<p>2 stk. 8114GL \u2013 Kubus-boks med pleksiglass<\/p>\n<p>Kan leveres i klarlakk, spesifiser ved bestilling<\/p>\n<p><strong>KJ\u00d8PE:<br \/>\n<\/strong>8114M2 \u2013 Madrass<\/p>","protected":false},"excerpt":{"rendered":"<p>15 mm hvitpigmentert bj\u00f8rkekryssfiner. Leveres med lysegr\u00e5 laminat F7927 p\u00e5 sete og d\u00f8rer som standard, som kan velges fritt fra One Woods standard laminatfarger. Med denne praktiske sittenisjen er det ingen grenser for hvilke kreative ideer du kan utvikle. Sittenisjen er stor nok til \u00e5 romme en voksen, hvis det er [\u2026]<\/p>","protected":false},"featured_media":4497,"template":"","meta":[],"product_brand":[],"product_cat":[566],"product_tag":[],"class_list":{"0":"post-1949","1":"product","2":"type-product","3":"status-publish","4":"has-post-thumbnail","6":"product_cat-huse-fordybelse","8":"first","9":"instock","10":"product-type-simple"},"yoast_head":"<!-- This site is optimized with the Yoast SEO plugin v24.4 - https:\/\/yoast.com\/wordpress\/plugins\/seo\/ -->\n<title>8108HTSI - Kubus med siddeniche - 2 l\u00e5ger | One Wood Furniture A\/S<\/title>\n<meta name=\"robots\" content=\"index, follow, max-snippet:-1, max-image-preview:large, max-video-preview:-1\" \/>\n<link rel=\"canonical\" href=\"https:\/\/onewood.dk\/no\/product\/8108htsi-kube-med-sittenisje-2-senger\/\" \/>\n<meta property=\"og:locale\" content=\"nb_NO\" \/>\n<meta property=\"og:type\" content=\"article\" \/>\n<meta property=\"og:title\" content=\"8108HTSI - Kubus med siddeniche - 2 l\u00e5ger | One Wood Furniture A\/S\" \/>\n<meta property=\"og:description\" content=\"15mm hvidpigmenteret birkekrydsfiner Leveres med lys gr\u00e5 laminat F7927 p\u00e5 s\u00e6de og l\u00e5ger som standard, der kan frit v\u00e6lges mellem One Woods standard laminatfarver. Med denne praktiske siddeniche, er der ingen gr\u00e6nser for hvad du kan udfolde af kreative id\u00e9er. Siddenichen er stor nok til at der ogs\u00e5 kan sidde en voksen, hvis der er [&hellip;]\" \/>\n<meta property=\"og:url\" content=\"https:\/\/onewood.dk\/no\/product\/8108htsi-kube-med-sittenisje-2-senger\/\" \/>\n<meta property=\"og:site_name\" content=\"One Wood Furniture A\/S\" \/>\n<meta property=\"article:modified_time\" content=\"2025-06-26T13:04:30+00:00\" \/>\n<meta property=\"og:image\" content=\"https:\/\/onewood.dk\/wp-content\/uploads\/2024\/12\/6608-scaled.jpg\" \/>\n\t<meta property=\"og:image:width\" content=\"2560\" \/>\n\t<meta property=\"og:image:height\" content=\"1707\" \/>\n\t<meta property=\"og:image:type\" content=\"image\/jpeg\" \/>\n<meta name=\"twitter:card\" content=\"summary_large_image\" \/>\n<meta name=\"twitter:label1\" content=\"Ansl. lesetid\" \/>\n\t<meta name=\"twitter:data1\" content=\"2 minutter\" \/>\n<script type=\"application\/ld+json\" class=\"yoast-schema-graph\">{\"@context\":\"https:\/\/schema.org\",\"@graph\":[{\"@type\":\"WebPage\",\"@id\":\"https:\/\/onewood.dk\/vare\/8108htsi-kubus-med-siddeniche-2-laager\/\",\"url\":\"https:\/\/onewood.dk\/vare\/8108htsi-kubus-med-siddeniche-2-laager\/\",\"name\":\"8108HTSI - Kubus med siddeniche - 2 l\u00e5ger | One Wood Furniture A\/S\",\"isPartOf\":{\"@id\":\"https:\/\/onewood.dk\/#website\"},\"primaryImageOfPage\":{\"@id\":\"https:\/\/onewood.dk\/vare\/8108htsi-kubus-med-siddeniche-2-laager\/#primaryimage\"},\"image\":{\"@id\":\"https:\/\/onewood.dk\/vare\/8108htsi-kubus-med-siddeniche-2-laager\/#primaryimage\"},\"thumbnailUrl\":\"https:\/\/onewood.dk\/wp-content\/uploads\/2024\/12\/6608-scaled.jpg\",\"datePublished\":\"2024-12-03T11:48:07+00:00\",\"dateModified\":\"2025-06-26T13:04:30+00:00\",\"breadcrumb\":{\"@id\":\"https:\/\/onewood.dk\/vare\/8108htsi-kubus-med-siddeniche-2-laager\/#breadcrumb\"},\"inLanguage\":\"nb-NO\",\"potentialAction\":[{\"@type\":\"ReadAction\",\"target\":[\"https:\/\/onewood.dk\/vare\/8108htsi-kubus-med-siddeniche-2-laager\/\"]}]},{\"@type\":\"ImageObject\",\"inLanguage\":\"nb-NO\",\"@id\":\"https:\/\/onewood.dk\/vare\/8108htsi-kubus-med-siddeniche-2-laager\/#primaryimage\",\"url\":\"https:\/\/onewood.dk\/wp-content\/uploads\/2024\/12\/6608-scaled.jpg\",\"contentUrl\":\"https:\/\/onewood.dk\/wp-content\/uploads\/2024\/12\/6608-scaled.jpg\",\"width\":2560,\"height\":1707},{\"@type\":\"BreadcrumbList\",\"@id\":\"https:\/\/onewood.dk\/vare\/8108htsi-kubus-med-siddeniche-2-laager\/#breadcrumb\",\"itemListElement\":[{\"@type\":\"ListItem\",\"position\":1,\"name\":\"Varer\",\"item\":\"https:\/\/onewood.dk\/shop\/\"},{\"@type\":\"ListItem\",\"position\":2,\"name\":\"Huse \/ Fordybelse\",\"item\":\"https:\/\/onewood.dk\/vare-kategori\/huse-fordybelse\/\"},{\"@type\":\"ListItem\",\"position\":3,\"name\":\"8108HTSI &#8211; Kubus med siddeniche &#8211; 2 l\u00e5ger\"}]},{\"@type\":\"WebSite\",\"@id\":\"https:\/\/onewood.dk\/#website\",\"url\":\"https:\/\/onewood.dk\/\",\"name\":\"One Wood Furniture A\/S\",\"description\":\"\",\"publisher\":{\"@id\":\"https:\/\/onewood.dk\/#organization\"},\"potentialAction\":[{\"@type\":\"SearchAction\",\"target\":{\"@type\":\"EntryPoint\",\"urlTemplate\":\"https:\/\/onewood.dk\/?s={search_term_string}\"},\"query-input\":{\"@type\":\"PropertyValueSpecification\",\"valueRequired\":true,\"valueName\":\"search_term_string\"}}],\"inLanguage\":\"nb-NO\"},{\"@type\":\"Organization\",\"@id\":\"https:\/\/onewood.dk\/#organization\",\"name\":\"One Wood Furniture A\/S\",\"url\":\"https:\/\/onewood.dk\/\",\"logo\":{\"@type\":\"ImageObject\",\"inLanguage\":\"nb-NO\",\"@id\":\"https:\/\/onewood.dk\/#\/schema\/logo\/image\/\",\"url\":\"https:\/\/onewood.dk\/wp-content\/uploads\/2024\/12\/Logo.png\",\"contentUrl\":\"https:\/\/onewood.dk\/wp-content\/uploads\/2024\/12\/Logo.png\",\"width\":180,\"height\":90,\"caption\":\"One Wood Furniture A\/S\"},\"image\":{\"@id\":\"https:\/\/onewood.dk\/#\/schema\/logo\/image\/\"}}]}<\/script>\n<!-- \/ Yoast SEO plugin. -->","yoast_head_json":{"title":"8108HTSI - Kubus med siddeniche - 2 l\u00e5ger | One Wood Furniture A\/S","robots":{"index":"index","follow":"follow","max-snippet":"max-snippet:-1","max-image-preview":"max-image-preview:large","max-video-preview":"max-video-preview:-1"},"canonical":"https:\/\/onewood.dk\/no\/product\/8108htsi-kube-med-sittenisje-2-senger\/","og_locale":"nb_NO","og_type":"article","og_title":"8108HTSI - Kubus med siddeniche - 2 l\u00e5ger | One Wood Furniture A\/S","og_description":"15mm hvidpigmenteret birkekrydsfiner Leveres med lys gr\u00e5 laminat F7927 p\u00e5 s\u00e6de og l\u00e5ger som standard, der kan frit v\u00e6lges mellem One Woods standard laminatfarver. Med denne praktiske siddeniche, er der ingen gr\u00e6nser for hvad du kan udfolde af kreative id\u00e9er. Siddenichen er stor nok til at der ogs\u00e5 kan sidde en voksen, hvis der er [&hellip;]","og_url":"https:\/\/onewood.dk\/no\/product\/8108htsi-kube-med-sittenisje-2-senger\/","og_site_name":"One Wood Furniture A\/S","article_modified_time":"2025-06-26T13:04:30+00:00","og_image":[{"width":2560,"height":1707,"url":"https:\/\/onewood.dk\/wp-content\/uploads\/2024\/12\/6608-scaled.jpg","type":"image\/jpeg"}],"twitter_card":"summary_large_image","twitter_misc":{"Ansl. lesetid":"2 minutter"},"schema":{"@context":"https:\/\/schema.org","@graph":[{"@type":"WebPage","@id":"https:\/\/onewood.dk\/vare\/8108htsi-kubus-med-siddeniche-2-laager\/","url":"https:\/\/onewood.dk\/vare\/8108htsi-kubus-med-siddeniche-2-laager\/","name":"8108HTSI - Kubus med siddeniche - 2 l\u00e5ger | One Wood Furniture A\/S","isPartOf":{"@id":"https:\/\/onewood.dk\/#website"},"primaryImageOfPage":{"@id":"https:\/\/onewood.dk\/vare\/8108htsi-kubus-med-siddeniche-2-laager\/#primaryimage"},"image":{"@id":"https:\/\/onewood.dk\/vare\/8108htsi-kubus-med-siddeniche-2-laager\/#primaryimage"},"thumbnailUrl":"https:\/\/onewood.dk\/wp-content\/uploads\/2024\/12\/6608-scaled.jpg","datePublished":"2024-12-03T11:48:07+00:00","dateModified":"2025-06-26T13:04:30+00:00","breadcrumb":{"@id":"https:\/\/onewood.dk\/vare\/8108htsi-kubus-med-siddeniche-2-laager\/#breadcrumb"},"inLanguage":"nb-NO","potentialAction":[{"@type":"ReadAction","target":["https:\/\/onewood.dk\/vare\/8108htsi-kubus-med-siddeniche-2-laager\/"]}]},{"@type":"ImageObject","inLanguage":"nb-NO","@id":"https:\/\/onewood.dk\/vare\/8108htsi-kubus-med-siddeniche-2-laager\/#primaryimage","url":"https:\/\/onewood.dk\/wp-content\/uploads\/2024\/12\/6608-scaled.jpg","contentUrl":"https:\/\/onewood.dk\/wp-content\/uploads\/2024\/12\/6608-scaled.jpg","width":2560,"height":1707},{"@type":"BreadcrumbList","@id":"https:\/\/onewood.dk\/vare\/8108htsi-kubus-med-siddeniche-2-laager\/#breadcrumb","itemListElement":[{"@type":"ListItem","position":1,"name":"Varer","item":"https:\/\/onewood.dk\/shop\/"},{"@type":"ListItem","position":2,"name":"Huse \/ Fordybelse","item":"https:\/\/onewood.dk\/vare-kategori\/huse-fordybelse\/"},{"@type":"ListItem","position":3,"name":"8108HTSI &#8211; Kubus med siddeniche &#8211; 2 l\u00e5ger"}]},{"@type":"WebSite","@id":"https:\/\/onewood.dk\/#website","url":"https:\/\/onewood.dk\/","name":"One Wood Furniture A\/S","description":"","publisher":{"@id":"https:\/\/onewood.dk\/#organization"},"potentialAction":[{"@type":"SearchAction","target":{"@type":"EntryPoint","urlTemplate":"https:\/\/onewood.dk\/?s={search_term_string}"},"query-input":{"@type":"PropertyValueSpecification","valueRequired":true,"valueName":"search_term_string"}}],"inLanguage":"nb-NO"},{"@type":"Organization","@id":"https:\/\/onewood.dk\/#organization","name":"One Wood Furniture A\/S","url":"https:\/\/onewood.dk\/","logo":{"@type":"ImageObject","inLanguage":"nb-NO","@id":"https:\/\/onewood.dk\/#\/schema\/logo\/image\/","url":"https:\/\/onewood.dk\/wp-content\/uploads\/2024\/12\/Logo.png","contentUrl":"https:\/\/onewood.dk\/wp-content\/uploads\/2024\/12\/Logo.png","width":180,"height":90,"caption":"One Wood Furniture A\/S"},"image":{"@id":"https:\/\/onewood.dk\/#\/schema\/logo\/image\/"}}]}},"_links":{"self":[{"href":"https:\/\/onewood.dk\/no\/wp-json\/wp\/v2\/product\/1949","targetHints":{"allow":["GET"]}}],"collection":[{"href":"https:\/\/onewood.dk\/no\/wp-json\/wp\/v2\/product"}],"about":[{"href":"https:\/\/onewood.dk\/no\/wp-json\/wp\/v2\/types\/product"}],"wp:featuredmedia":[{"embeddable":true,"href":"https:\/\/onewood.dk\/no\/wp-json\/wp\/v2\/media\/4497"}],"wp:attachment":[{"href":"https:\/\/onewood.dk\/no\/wp-json\/wp\/v2\/media?parent=1949"}],"wp:term":[{"taxonomy":"product_brand","embeddable":true,"href":"https:\/\/onewood.dk\/no\/wp-json\/wp\/v2\/product_brand?post=1949"},{"taxonomy":"product_cat","embeddable":true,"href":"https:\/\/onewood.dk\/no\/wp-json\/wp\/v2\/product_cat?post=1949"},{"taxonomy":"product_tag","embeddable":true,"href":"https:\/\/onewood.dk\/no\/wp-json\/wp\/v2\/product_tag?post=1949"}],"curies":[{"name":"wp","href":"https:\/\/api.w.org\/{rel}","templated":true}]}}