{"id":1952,"date":"2024-12-03T12:48:07","date_gmt":"2024-12-03T11:48:07","guid":{"rendered":"https:\/\/onewood.dkvare\/8820-kubus-hus-med-bord-baenke\/"},"modified":"2025-02-26T14:54:54","modified_gmt":"2025-02-26T13:54:54","slug":"8820-kubus-hus-med-bord-baenke","status":"publish","type":"product","link":"https:\/\/onewood.dk\/no\/product\/8820-kubehus-med-bord-og-benker\/","title":{"rendered":"8820 \u2013 Kubus hus med bord og benker"},"content":{"rendered":"<p>15mm hvitpigmentert kryssfiner i bj\u00f8rk<br \/>\nLaminat p\u00e5 tak, fritt valg mellom One Woods standard laminatfarger<br \/>\nLaminat p\u00e5 bord og benker, fritt valg mellom One Woods standard laminatfarger<\/p>\n<p>Aktivitetslekehus med tak frest som skifertak, lekehuset egner seg til lek, lesing eller lekser.<br \/>\nHer er det rom for fordypning og konsentrasjon, samt utvikling av kreative evner.<br \/>\nDette m\u00f8blet vil raskt bli institusjonens favorittsted.<br \/>\nHuset leveres montert, det krever ingen montering.<br \/>\nHuset kan leveres med lyddempende AQSORB p\u00e5 bakvegg, som gir ekstra ro til ettertanke eller kreativ tenkning.<br \/>\nHuset kan leveres med tavlelaminat p\u00e5 bakvegg for ekstra kreativitet.<br \/>\nHuset gir ogs\u00e5 mulighet til \u00e5 skape rom i rommet for ettertanke.<\/p>\n<p>Kan leveres i klarlakk, spesifiser ved bestilling<\/p>\n<p><strong>KJ\u00d8PE:<\/strong><br \/>\n8820L \u2013 Laminat tavle p\u00e5 bakveggen<br \/>\n8820A \u2013 AQSORB lydisolasjon p\u00e5 bakvegg<\/p>","protected":false},"excerpt":{"rendered":"<p>15 mm hvitpigmentert bj\u00f8rkekryssfiner Laminat p\u00e5 tak, fritt valg mellom One Woods standard laminatfarger Laminat p\u00e5 bord og benker, fritt valg mellom One Woods standard laminatfarger Aktivitetslekehus med tak frest som skifertak, lekehuset er egnet for spill, lesing eller lekser. Her er det rom for fordypning og konsentrasjon, samt utvikling av kreative evner. Dette [\u2026]<\/p>","protected":false},"featured_media":4528,"template":"","meta":[],"product_brand":[],"product_cat":[566],"product_tag":[],"class_list":{"0":"post-1952","1":"product","2":"type-product","3":"status-publish","4":"has-post-thumbnail","6":"product_cat-huse-fordybelse","8":"first","9":"instock","10":"product-type-simple"},"yoast_head":"<!-- This site is optimized with the Yoast SEO plugin v24.4 - https:\/\/yoast.com\/wordpress\/plugins\/seo\/ -->\n<title>8820 - Kubus hus med bord &amp; b\u00e6nke | One Wood Furniture A\/S<\/title>\n<meta name=\"robots\" content=\"index, follow, max-snippet:-1, max-image-preview:large, max-video-preview:-1\" \/>\n<link rel=\"canonical\" href=\"https:\/\/onewood.dk\/no\/product\/8820-kubehus-med-bord-og-benker\/\" \/>\n<meta property=\"og:locale\" content=\"nb_NO\" \/>\n<meta property=\"og:type\" content=\"article\" \/>\n<meta property=\"og:title\" content=\"8820 - Kubus hus med bord &amp; b\u00e6nke | One Wood Furniture A\/S\" \/>\n<meta property=\"og:description\" content=\"15mm hvidpigmenteret birkekrydsfiner Laminat p\u00e5 tag, frit valg mellem One Woods standard laminatfarver Laminat p\u00e5 bord &amp; b\u00e6nke, frit valg mellem One Woods standard laminatfarver Aktivitets legehus med tag udfr\u00e6set som skiffertag, legehuset er velegnet til spil, l\u00e6sning eller lektiel\u00e6sning. Her er der plads til fordybelsen og koncentration, samt udvikling af de kreative evner. Dette [&hellip;]\" \/>\n<meta property=\"og:url\" content=\"https:\/\/onewood.dk\/no\/product\/8820-kubehus-med-bord-og-benker\/\" \/>\n<meta property=\"og:site_name\" content=\"One Wood Furniture A\/S\" \/>\n<meta property=\"article:modified_time\" content=\"2025-02-26T13:54:54+00:00\" \/>\n<meta property=\"og:image\" content=\"https:\/\/onewood.dk\/wp-content\/uploads\/2024\/12\/6622-scaled.jpg\" \/>\n\t<meta property=\"og:image:width\" content=\"2560\" \/>\n\t<meta property=\"og:image:height\" content=\"1707\" \/>\n\t<meta property=\"og:image:type\" content=\"image\/jpeg\" \/>\n<meta name=\"twitter:card\" content=\"summary_large_image\" \/>\n<meta name=\"twitter:label1\" content=\"Ansl. lesetid\" \/>\n\t<meta name=\"twitter:data1\" content=\"1 minutt\" \/>\n<script type=\"application\/ld+json\" class=\"yoast-schema-graph\">{\"@context\":\"https:\/\/schema.org\",\"@graph\":[{\"@type\":\"WebPage\",\"@id\":\"https:\/\/onewood.dk\/vare\/8820-kubus-hus-med-bord-baenke\/\",\"url\":\"https:\/\/onewood.dk\/vare\/8820-kubus-hus-med-bord-baenke\/\",\"name\":\"8820 - Kubus hus med bord & b\u00e6nke | One Wood Furniture A\/S\",\"isPartOf\":{\"@id\":\"https:\/\/onewood.dk\/#website\"},\"primaryImageOfPage\":{\"@id\":\"https:\/\/onewood.dk\/vare\/8820-kubus-hus-med-bord-baenke\/#primaryimage\"},\"image\":{\"@id\":\"https:\/\/onewood.dk\/vare\/8820-kubus-hus-med-bord-baenke\/#primaryimage\"},\"thumbnailUrl\":\"https:\/\/onewood.dk\/wp-content\/uploads\/2024\/12\/6622-scaled.jpg\",\"datePublished\":\"2024-12-03T11:48:07+00:00\",\"dateModified\":\"2025-02-26T13:54:54+00:00\",\"breadcrumb\":{\"@id\":\"https:\/\/onewood.dk\/vare\/8820-kubus-hus-med-bord-baenke\/#breadcrumb\"},\"inLanguage\":\"nb-NO\",\"potentialAction\":[{\"@type\":\"ReadAction\",\"target\":[\"https:\/\/onewood.dk\/vare\/8820-kubus-hus-med-bord-baenke\/\"]}]},{\"@type\":\"ImageObject\",\"inLanguage\":\"nb-NO\",\"@id\":\"https:\/\/onewood.dk\/vare\/8820-kubus-hus-med-bord-baenke\/#primaryimage\",\"url\":\"https:\/\/onewood.dk\/wp-content\/uploads\/2024\/12\/6622-scaled.jpg\",\"contentUrl\":\"https:\/\/onewood.dk\/wp-content\/uploads\/2024\/12\/6622-scaled.jpg\",\"width\":2560,\"height\":1707},{\"@type\":\"BreadcrumbList\",\"@id\":\"https:\/\/onewood.dk\/vare\/8820-kubus-hus-med-bord-baenke\/#breadcrumb\",\"itemListElement\":[{\"@type\":\"ListItem\",\"position\":1,\"name\":\"Varer\",\"item\":\"https:\/\/onewood.dk\/shop\/\"},{\"@type\":\"ListItem\",\"position\":2,\"name\":\"Huse \/ Fordybelse\",\"item\":\"https:\/\/onewood.dk\/vare-kategori\/huse-fordybelse\/\"},{\"@type\":\"ListItem\",\"position\":3,\"name\":\"8820 &#8211; Kubus hus med bord &#038; b\u00e6nke\"}]},{\"@type\":\"WebSite\",\"@id\":\"https:\/\/onewood.dk\/#website\",\"url\":\"https:\/\/onewood.dk\/\",\"name\":\"One Wood Furniture A\/S\",\"description\":\"\",\"publisher\":{\"@id\":\"https:\/\/onewood.dk\/#organization\"},\"potentialAction\":[{\"@type\":\"SearchAction\",\"target\":{\"@type\":\"EntryPoint\",\"urlTemplate\":\"https:\/\/onewood.dk\/?s={search_term_string}\"},\"query-input\":{\"@type\":\"PropertyValueSpecification\",\"valueRequired\":true,\"valueName\":\"search_term_string\"}}],\"inLanguage\":\"nb-NO\"},{\"@type\":\"Organization\",\"@id\":\"https:\/\/onewood.dk\/#organization\",\"name\":\"One Wood Furniture A\/S\",\"url\":\"https:\/\/onewood.dk\/\",\"logo\":{\"@type\":\"ImageObject\",\"inLanguage\":\"nb-NO\",\"@id\":\"https:\/\/onewood.dk\/#\/schema\/logo\/image\/\",\"url\":\"https:\/\/onewood.dk\/wp-content\/uploads\/2024\/12\/Logo.png\",\"contentUrl\":\"https:\/\/onewood.dk\/wp-content\/uploads\/2024\/12\/Logo.png\",\"width\":180,\"height\":90,\"caption\":\"One Wood Furniture A\/S\"},\"image\":{\"@id\":\"https:\/\/onewood.dk\/#\/schema\/logo\/image\/\"}}]}<\/script>\n<!-- \/ Yoast SEO plugin. -->","yoast_head_json":{"title":"8820 - Kubus hus med bord & b\u00e6nke | One Wood Furniture A\/S","robots":{"index":"index","follow":"follow","max-snippet":"max-snippet:-1","max-image-preview":"max-image-preview:large","max-video-preview":"max-video-preview:-1"},"canonical":"https:\/\/onewood.dk\/no\/product\/8820-kubehus-med-bord-og-benker\/","og_locale":"nb_NO","og_type":"article","og_title":"8820 - Kubus hus med bord & b\u00e6nke | One Wood Furniture A\/S","og_description":"15mm hvidpigmenteret birkekrydsfiner Laminat p\u00e5 tag, frit valg mellem One Woods standard laminatfarver Laminat p\u00e5 bord &amp; b\u00e6nke, frit valg mellem One Woods standard laminatfarver Aktivitets legehus med tag udfr\u00e6set som skiffertag, legehuset er velegnet til spil, l\u00e6sning eller lektiel\u00e6sning. Her er der plads til fordybelsen og koncentration, samt udvikling af de kreative evner. Dette [&hellip;]","og_url":"https:\/\/onewood.dk\/no\/product\/8820-kubehus-med-bord-og-benker\/","og_site_name":"One Wood Furniture A\/S","article_modified_time":"2025-02-26T13:54:54+00:00","og_image":[{"width":2560,"height":1707,"url":"https:\/\/onewood.dk\/wp-content\/uploads\/2024\/12\/6622-scaled.jpg","type":"image\/jpeg"}],"twitter_card":"summary_large_image","twitter_misc":{"Ansl. lesetid":"1 minutt"},"schema":{"@context":"https:\/\/schema.org","@graph":[{"@type":"WebPage","@id":"https:\/\/onewood.dk\/vare\/8820-kubus-hus-med-bord-baenke\/","url":"https:\/\/onewood.dk\/vare\/8820-kubus-hus-med-bord-baenke\/","name":"8820 - Kubus hus med bord & b\u00e6nke | One Wood Furniture A\/S","isPartOf":{"@id":"https:\/\/onewood.dk\/#website"},"primaryImageOfPage":{"@id":"https:\/\/onewood.dk\/vare\/8820-kubus-hus-med-bord-baenke\/#primaryimage"},"image":{"@id":"https:\/\/onewood.dk\/vare\/8820-kubus-hus-med-bord-baenke\/#primaryimage"},"thumbnailUrl":"https:\/\/onewood.dk\/wp-content\/uploads\/2024\/12\/6622-scaled.jpg","datePublished":"2024-12-03T11:48:07+00:00","dateModified":"2025-02-26T13:54:54+00:00","breadcrumb":{"@id":"https:\/\/onewood.dk\/vare\/8820-kubus-hus-med-bord-baenke\/#breadcrumb"},"inLanguage":"nb-NO","potentialAction":[{"@type":"ReadAction","target":["https:\/\/onewood.dk\/vare\/8820-kubus-hus-med-bord-baenke\/"]}]},{"@type":"ImageObject","inLanguage":"nb-NO","@id":"https:\/\/onewood.dk\/vare\/8820-kubus-hus-med-bord-baenke\/#primaryimage","url":"https:\/\/onewood.dk\/wp-content\/uploads\/2024\/12\/6622-scaled.jpg","contentUrl":"https:\/\/onewood.dk\/wp-content\/uploads\/2024\/12\/6622-scaled.jpg","width":2560,"height":1707},{"@type":"BreadcrumbList","@id":"https:\/\/onewood.dk\/vare\/8820-kubus-hus-med-bord-baenke\/#breadcrumb","itemListElement":[{"@type":"ListItem","position":1,"name":"Varer","item":"https:\/\/onewood.dk\/shop\/"},{"@type":"ListItem","position":2,"name":"Huse \/ Fordybelse","item":"https:\/\/onewood.dk\/vare-kategori\/huse-fordybelse\/"},{"@type":"ListItem","position":3,"name":"8820 &#8211; Kubus hus med bord &#038; b\u00e6nke"}]},{"@type":"WebSite","@id":"https:\/\/onewood.dk\/#website","url":"https:\/\/onewood.dk\/","name":"One Wood Furniture A\/S","description":"","publisher":{"@id":"https:\/\/onewood.dk\/#organization"},"potentialAction":[{"@type":"SearchAction","target":{"@type":"EntryPoint","urlTemplate":"https:\/\/onewood.dk\/?s={search_term_string}"},"query-input":{"@type":"PropertyValueSpecification","valueRequired":true,"valueName":"search_term_string"}}],"inLanguage":"nb-NO"},{"@type":"Organization","@id":"https:\/\/onewood.dk\/#organization","name":"One Wood Furniture A\/S","url":"https:\/\/onewood.dk\/","logo":{"@type":"ImageObject","inLanguage":"nb-NO","@id":"https:\/\/onewood.dk\/#\/schema\/logo\/image\/","url":"https:\/\/onewood.dk\/wp-content\/uploads\/2024\/12\/Logo.png","contentUrl":"https:\/\/onewood.dk\/wp-content\/uploads\/2024\/12\/Logo.png","width":180,"height":90,"caption":"One Wood Furniture A\/S"},"image":{"@id":"https:\/\/onewood.dk\/#\/schema\/logo\/image\/"}}]}},"_links":{"self":[{"href":"https:\/\/onewood.dk\/no\/wp-json\/wp\/v2\/product\/1952","targetHints":{"allow":["GET"]}}],"collection":[{"href":"https:\/\/onewood.dk\/no\/wp-json\/wp\/v2\/product"}],"about":[{"href":"https:\/\/onewood.dk\/no\/wp-json\/wp\/v2\/types\/product"}],"wp:featuredmedia":[{"embeddable":true,"href":"https:\/\/onewood.dk\/no\/wp-json\/wp\/v2\/media\/4528"}],"wp:attachment":[{"href":"https:\/\/onewood.dk\/no\/wp-json\/wp\/v2\/media?parent=1952"}],"wp:term":[{"taxonomy":"product_brand","embeddable":true,"href":"https:\/\/onewood.dk\/no\/wp-json\/wp\/v2\/product_brand?post=1952"},{"taxonomy":"product_cat","embeddable":true,"href":"https:\/\/onewood.dk\/no\/wp-json\/wp\/v2\/product_cat?post=1952"},{"taxonomy":"product_tag","embeddable":true,"href":"https:\/\/onewood.dk\/no\/wp-json\/wp\/v2\/product_tag?post=1952"}],"curies":[{"name":"wp","href":"https:\/\/api.w.org\/{rel}","templated":true}]}}