{"id":1973,"date":"2024-12-03T12:48:10","date_gmt":"2024-12-03T11:48:10","guid":{"rendered":"https:\/\/onewood.dkvare\/8521-udendoerskasse-med-hjul\/"},"modified":"2025-02-26T14:15:17","modified_gmt":"2025-02-26T13:15:17","slug":"8521-udendoerskasse-med-hjul","status":"publish","type":"product","link":"https:\/\/onewood.dk\/no\/product\/8521-uteboks-med-hjul\/","title":{"rendered":"8521 \u2013 Uteboks med hjul"},"content":{"rendered":"<p>Utend\u00f8rs multiboks med hjul er en enkel m\u00e5te \u00e5 oppbevare uteleker p\u00e5 som barn lett kan n\u00e5.<\/p>\n<p>Boksen er laget av 15 mm. vanntette kryssfinerplater.<\/p>\n<p>Boksen kan \u00e5pnes \u00f8verst og foran.<\/p>\n<p>Hull i bunnen for vannavl\u00f8p.<\/p>\n<p>Leveres umontert.<\/p>","protected":false},"excerpt":{"rendered":"<p>Utend\u00f8rs multiboks med hjul er en enkel m\u00e5te \u00e5 oppbevare uteleker p\u00e5 som barn lett kan n\u00e5. Boksen er laget av 15 mm. vanntette kryssfinerplater. Boksen kan \u00e5pnes \u00f8verst og foran. Hull i bunnen for vannavl\u00f8p. Leveres umontert.<\/p>","protected":false},"featured_media":4599,"template":"","meta":[],"product_brand":[],"product_cat":[561],"product_tag":[],"class_list":{"0":"post-1973","1":"product","2":"type-product","3":"status-publish","4":"has-post-thumbnail","6":"product_cat-opbevaringskasser","8":"first","9":"instock","10":"product-type-simple"},"yoast_head":"<!-- This site is optimized with the Yoast SEO plugin v24.4 - https:\/\/yoast.com\/wordpress\/plugins\/seo\/ -->\n<title>8521 - Udend\u00f8rskasse med hjul | One Wood Furniture A\/S<\/title>\n<meta name=\"robots\" content=\"index, follow, max-snippet:-1, max-image-preview:large, max-video-preview:-1\" \/>\n<link rel=\"canonical\" href=\"https:\/\/onewood.dk\/no\/product\/8521-uteboks-med-hjul\/\" \/>\n<meta property=\"og:locale\" content=\"nb_NO\" \/>\n<meta property=\"og:type\" content=\"article\" \/>\n<meta property=\"og:title\" content=\"8521 - Udend\u00f8rskasse med hjul | One Wood Furniture A\/S\" \/>\n<meta property=\"og:description\" content=\"Outdoor multibox med hjul er en let m\u00e5de at opbevare de udend\u00f8rs legesager, som b\u00f8rnene let kan n\u00e5. Boxen er udarbejdet i 15 mm. vandfaste krydsfinerplader. Kassen kan \u00e5bnes i top og front. Huller i bund for afl\u00f8b af vand. Leveres usamlet.\" \/>\n<meta property=\"og:url\" content=\"https:\/\/onewood.dk\/no\/product\/8521-uteboks-med-hjul\/\" \/>\n<meta property=\"og:site_name\" content=\"One Wood Furniture A\/S\" \/>\n<meta property=\"article:modified_time\" content=\"2025-02-26T13:15:17+00:00\" \/>\n<meta property=\"og:image\" content=\"https:\/\/onewood.dk\/wp-content\/uploads\/2024\/12\/6748-scaled.jpg\" \/>\n\t<meta property=\"og:image:width\" content=\"2560\" \/>\n\t<meta property=\"og:image:height\" content=\"1707\" \/>\n\t<meta property=\"og:image:type\" content=\"image\/jpeg\" \/>\n<meta name=\"twitter:card\" content=\"summary_large_image\" \/>\n<meta name=\"twitter:label1\" content=\"Ansl. lesetid\" \/>\n\t<meta name=\"twitter:data1\" content=\"1 minutt\" \/>\n<script type=\"application\/ld+json\" class=\"yoast-schema-graph\">{\"@context\":\"https:\/\/schema.org\",\"@graph\":[{\"@type\":\"WebPage\",\"@id\":\"https:\/\/onewood.dk\/vare\/8521-udendoerskasse-med-hjul\/\",\"url\":\"https:\/\/onewood.dk\/vare\/8521-udendoerskasse-med-hjul\/\",\"name\":\"8521 - Udend\u00f8rskasse med hjul | One Wood Furniture A\/S\",\"isPartOf\":{\"@id\":\"https:\/\/onewood.dk\/#website\"},\"primaryImageOfPage\":{\"@id\":\"https:\/\/onewood.dk\/vare\/8521-udendoerskasse-med-hjul\/#primaryimage\"},\"image\":{\"@id\":\"https:\/\/onewood.dk\/vare\/8521-udendoerskasse-med-hjul\/#primaryimage\"},\"thumbnailUrl\":\"https:\/\/onewood.dk\/wp-content\/uploads\/2024\/12\/6748-scaled.jpg\",\"datePublished\":\"2024-12-03T11:48:10+00:00\",\"dateModified\":\"2025-02-26T13:15:17+00:00\",\"breadcrumb\":{\"@id\":\"https:\/\/onewood.dk\/vare\/8521-udendoerskasse-med-hjul\/#breadcrumb\"},\"inLanguage\":\"nb-NO\",\"potentialAction\":[{\"@type\":\"ReadAction\",\"target\":[\"https:\/\/onewood.dk\/vare\/8521-udendoerskasse-med-hjul\/\"]}]},{\"@type\":\"ImageObject\",\"inLanguage\":\"nb-NO\",\"@id\":\"https:\/\/onewood.dk\/vare\/8521-udendoerskasse-med-hjul\/#primaryimage\",\"url\":\"https:\/\/onewood.dk\/wp-content\/uploads\/2024\/12\/6748-scaled.jpg\",\"contentUrl\":\"https:\/\/onewood.dk\/wp-content\/uploads\/2024\/12\/6748-scaled.jpg\",\"width\":2560,\"height\":1707},{\"@type\":\"BreadcrumbList\",\"@id\":\"https:\/\/onewood.dk\/vare\/8521-udendoerskasse-med-hjul\/#breadcrumb\",\"itemListElement\":[{\"@type\":\"ListItem\",\"position\":1,\"name\":\"Varer\",\"item\":\"https:\/\/onewood.dk\/shop\/\"},{\"@type\":\"ListItem\",\"position\":2,\"name\":\"Opbevaringskasser\",\"item\":\"https:\/\/onewood.dk\/vare-kategori\/opbevaringskasser\/\"},{\"@type\":\"ListItem\",\"position\":3,\"name\":\"8521 &#8211; Udend\u00f8rskasse med hjul\"}]},{\"@type\":\"WebSite\",\"@id\":\"https:\/\/onewood.dk\/#website\",\"url\":\"https:\/\/onewood.dk\/\",\"name\":\"One Wood Furniture A\/S\",\"description\":\"\",\"publisher\":{\"@id\":\"https:\/\/onewood.dk\/#organization\"},\"potentialAction\":[{\"@type\":\"SearchAction\",\"target\":{\"@type\":\"EntryPoint\",\"urlTemplate\":\"https:\/\/onewood.dk\/?s={search_term_string}\"},\"query-input\":{\"@type\":\"PropertyValueSpecification\",\"valueRequired\":true,\"valueName\":\"search_term_string\"}}],\"inLanguage\":\"nb-NO\"},{\"@type\":\"Organization\",\"@id\":\"https:\/\/onewood.dk\/#organization\",\"name\":\"One Wood Furniture A\/S\",\"url\":\"https:\/\/onewood.dk\/\",\"logo\":{\"@type\":\"ImageObject\",\"inLanguage\":\"nb-NO\",\"@id\":\"https:\/\/onewood.dk\/#\/schema\/logo\/image\/\",\"url\":\"https:\/\/onewood.dk\/wp-content\/uploads\/2024\/12\/Logo.png\",\"contentUrl\":\"https:\/\/onewood.dk\/wp-content\/uploads\/2024\/12\/Logo.png\",\"width\":180,\"height\":90,\"caption\":\"One Wood Furniture A\/S\"},\"image\":{\"@id\":\"https:\/\/onewood.dk\/#\/schema\/logo\/image\/\"}}]}<\/script>\n<!-- \/ Yoast SEO plugin. -->","yoast_head_json":{"title":"8521 - Udend\u00f8rskasse med hjul | One Wood Furniture A\/S","robots":{"index":"index","follow":"follow","max-snippet":"max-snippet:-1","max-image-preview":"max-image-preview:large","max-video-preview":"max-video-preview:-1"},"canonical":"https:\/\/onewood.dk\/no\/product\/8521-uteboks-med-hjul\/","og_locale":"nb_NO","og_type":"article","og_title":"8521 - Udend\u00f8rskasse med hjul | One Wood Furniture A\/S","og_description":"Outdoor multibox med hjul er en let m\u00e5de at opbevare de udend\u00f8rs legesager, som b\u00f8rnene let kan n\u00e5. Boxen er udarbejdet i 15 mm. vandfaste krydsfinerplader. Kassen kan \u00e5bnes i top og front. Huller i bund for afl\u00f8b af vand. Leveres usamlet.","og_url":"https:\/\/onewood.dk\/no\/product\/8521-uteboks-med-hjul\/","og_site_name":"One Wood Furniture A\/S","article_modified_time":"2025-02-26T13:15:17+00:00","og_image":[{"width":2560,"height":1707,"url":"https:\/\/onewood.dk\/wp-content\/uploads\/2024\/12\/6748-scaled.jpg","type":"image\/jpeg"}],"twitter_card":"summary_large_image","twitter_misc":{"Ansl. lesetid":"1 minutt"},"schema":{"@context":"https:\/\/schema.org","@graph":[{"@type":"WebPage","@id":"https:\/\/onewood.dk\/vare\/8521-udendoerskasse-med-hjul\/","url":"https:\/\/onewood.dk\/vare\/8521-udendoerskasse-med-hjul\/","name":"8521 - Udend\u00f8rskasse med hjul | One Wood Furniture A\/S","isPartOf":{"@id":"https:\/\/onewood.dk\/#website"},"primaryImageOfPage":{"@id":"https:\/\/onewood.dk\/vare\/8521-udendoerskasse-med-hjul\/#primaryimage"},"image":{"@id":"https:\/\/onewood.dk\/vare\/8521-udendoerskasse-med-hjul\/#primaryimage"},"thumbnailUrl":"https:\/\/onewood.dk\/wp-content\/uploads\/2024\/12\/6748-scaled.jpg","datePublished":"2024-12-03T11:48:10+00:00","dateModified":"2025-02-26T13:15:17+00:00","breadcrumb":{"@id":"https:\/\/onewood.dk\/vare\/8521-udendoerskasse-med-hjul\/#breadcrumb"},"inLanguage":"nb-NO","potentialAction":[{"@type":"ReadAction","target":["https:\/\/onewood.dk\/vare\/8521-udendoerskasse-med-hjul\/"]}]},{"@type":"ImageObject","inLanguage":"nb-NO","@id":"https:\/\/onewood.dk\/vare\/8521-udendoerskasse-med-hjul\/#primaryimage","url":"https:\/\/onewood.dk\/wp-content\/uploads\/2024\/12\/6748-scaled.jpg","contentUrl":"https:\/\/onewood.dk\/wp-content\/uploads\/2024\/12\/6748-scaled.jpg","width":2560,"height":1707},{"@type":"BreadcrumbList","@id":"https:\/\/onewood.dk\/vare\/8521-udendoerskasse-med-hjul\/#breadcrumb","itemListElement":[{"@type":"ListItem","position":1,"name":"Varer","item":"https:\/\/onewood.dk\/shop\/"},{"@type":"ListItem","position":2,"name":"Opbevaringskasser","item":"https:\/\/onewood.dk\/vare-kategori\/opbevaringskasser\/"},{"@type":"ListItem","position":3,"name":"8521 &#8211; Udend\u00f8rskasse med hjul"}]},{"@type":"WebSite","@id":"https:\/\/onewood.dk\/#website","url":"https:\/\/onewood.dk\/","name":"One Wood Furniture A\/S","description":"","publisher":{"@id":"https:\/\/onewood.dk\/#organization"},"potentialAction":[{"@type":"SearchAction","target":{"@type":"EntryPoint","urlTemplate":"https:\/\/onewood.dk\/?s={search_term_string}"},"query-input":{"@type":"PropertyValueSpecification","valueRequired":true,"valueName":"search_term_string"}}],"inLanguage":"nb-NO"},{"@type":"Organization","@id":"https:\/\/onewood.dk\/#organization","name":"One Wood Furniture A\/S","url":"https:\/\/onewood.dk\/","logo":{"@type":"ImageObject","inLanguage":"nb-NO","@id":"https:\/\/onewood.dk\/#\/schema\/logo\/image\/","url":"https:\/\/onewood.dk\/wp-content\/uploads\/2024\/12\/Logo.png","contentUrl":"https:\/\/onewood.dk\/wp-content\/uploads\/2024\/12\/Logo.png","width":180,"height":90,"caption":"One Wood Furniture A\/S"},"image":{"@id":"https:\/\/onewood.dk\/#\/schema\/logo\/image\/"}}]}},"_links":{"self":[{"href":"https:\/\/onewood.dk\/no\/wp-json\/wp\/v2\/product\/1973","targetHints":{"allow":["GET"]}}],"collection":[{"href":"https:\/\/onewood.dk\/no\/wp-json\/wp\/v2\/product"}],"about":[{"href":"https:\/\/onewood.dk\/no\/wp-json\/wp\/v2\/types\/product"}],"wp:featuredmedia":[{"embeddable":true,"href":"https:\/\/onewood.dk\/no\/wp-json\/wp\/v2\/media\/4599"}],"wp:attachment":[{"href":"https:\/\/onewood.dk\/no\/wp-json\/wp\/v2\/media?parent=1973"}],"wp:term":[{"taxonomy":"product_brand","embeddable":true,"href":"https:\/\/onewood.dk\/no\/wp-json\/wp\/v2\/product_brand?post=1973"},{"taxonomy":"product_cat","embeddable":true,"href":"https:\/\/onewood.dk\/no\/wp-json\/wp\/v2\/product_cat?post=1973"},{"taxonomy":"product_tag","embeddable":true,"href":"https:\/\/onewood.dk\/no\/wp-json\/wp\/v2\/product_tag?post=1973"}],"curies":[{"name":"wp","href":"https:\/\/api.w.org\/{rel}","templated":true}]}}