{"id":7548,"date":"2025-09-22T14:24:27","date_gmt":"2025-09-22T12:24:27","guid":{"rendered":"https:\/\/onewood.dk\/?post_type=product&#038;p=7548"},"modified":"2025-09-24T08:49:38","modified_gmt":"2025-09-24T06:49:38","slug":"6506sp1-madrasskab-6-madrasser","status":"publish","type":"product","link":"https:\/\/onewood.dk\/no\/product\/6506sp1-madrasskap-6-madrasser\/","title":{"rendered":"6506SP1 \u2013 Madrassskap for 6 madrasser"},"content":{"rendered":"<p>Skap med plass til 6 madrasser og oppbevaring i bunnen med 6 rom<\/p>\n<p>Skap i 19mm sponplate med 2mm ABS kant<\/p>\n<p>D\u00f8r i 19mm sponplate med melamin og 2mm ABS kant<\/p>\n<p>Buet U-h\u00e5ndtak \u2013 CC128<\/p>\n<p>20mm luft mellom topp og d\u00f8rer for ventilasjon<\/p>","protected":false},"excerpt":{"rendered":"<p>Skap med plass til 6 madrasser og med oppbevaring i bunnen med 6 rom. Skap i 19 mm sponplate med 2 mm ABS-kant. D\u00f8r i 19 mm sponplate med melamin og 2 mm ABS-kant. Buet h\u00e5ndtak \u2013 CC128. 20 mm luft mellom topp og d\u00f8rer for ventilasjon.<\/p>","protected":false},"featured_media":7549,"template":"","meta":[],"product_brand":[],"product_cat":[720,723,704],"product_tag":[],"class_list":{"0":"post-7548","1":"product","2":"type-product","3":"status-publish","4":"has-post-thumbnail","6":"product_cat-soverum-spaan-melamin","7":"product_cat-madrasskab-soverum-spaan-melamin","8":"product_cat-spaan-melamin","10":"first","11":"instock","12":"product-type-simple"},"yoast_head":"<!-- This site is optimized with the Yoast SEO plugin v24.4 - https:\/\/yoast.com\/wordpress\/plugins\/seo\/ -->\n<title>6506SP1 - Madrasskab 6 madrasser | One Wood Furniture A\/S<\/title>\n<meta name=\"robots\" content=\"index, follow, max-snippet:-1, max-image-preview:large, max-video-preview:-1\" \/>\n<link rel=\"canonical\" href=\"https:\/\/onewood.dk\/no\/product\/6506sp1-madrasskap-6-madrasser\/\" \/>\n<meta property=\"og:locale\" content=\"nb_NO\" \/>\n<meta property=\"og:type\" content=\"article\" \/>\n<meta property=\"og:title\" content=\"6506SP1 - Madrasskab 6 madrasser | One Wood Furniture A\/S\" \/>\n<meta property=\"og:description\" content=\"Skab med plads til 6 madrasser og med opbevaring i bunden med 6 rum Skab i 19mm sp\u00e5nplade med 2mm ABS kant L\u00e5ge i 19mm sp\u00e5nplade med melamin og 2mm ABS kant Buet b\u00f8jlegreb &#8211; CC128 20mm luft mellem top og l\u00e5ger for udluftning\" \/>\n<meta property=\"og:url\" content=\"https:\/\/onewood.dk\/no\/product\/6506sp1-madrasskap-6-madrasser\/\" \/>\n<meta property=\"og:site_name\" content=\"One Wood Furniture A\/S\" \/>\n<meta property=\"article:modified_time\" content=\"2025-09-24T06:49:38+00:00\" \/>\n<meta property=\"og:image\" content=\"https:\/\/onewood.dk\/wp-content\/uploads\/2025\/09\/Madrasskab-med-opbevaring-forneden.jpg\" \/>\n\t<meta property=\"og:image:width\" content=\"3000\" \/>\n\t<meta property=\"og:image:height\" content=\"2000\" \/>\n\t<meta property=\"og:image:type\" content=\"image\/jpeg\" \/>\n<meta name=\"twitter:card\" content=\"summary_large_image\" \/>\n<meta name=\"twitter:label1\" content=\"Ansl. lesetid\" \/>\n\t<meta name=\"twitter:data1\" content=\"1 minutt\" \/>\n<script type=\"application\/ld+json\" class=\"yoast-schema-graph\">{\"@context\":\"https:\/\/schema.org\",\"@graph\":[{\"@type\":\"WebPage\",\"@id\":\"https:\/\/onewood.dk\/vare\/6506sp1-madrasskab-6-madrasser\/\",\"url\":\"https:\/\/onewood.dk\/vare\/6506sp1-madrasskab-6-madrasser\/\",\"name\":\"6506SP1 - Madrasskab 6 madrasser | One Wood Furniture A\/S\",\"isPartOf\":{\"@id\":\"https:\/\/onewood.dk\/#website\"},\"primaryImageOfPage\":{\"@id\":\"https:\/\/onewood.dk\/vare\/6506sp1-madrasskab-6-madrasser\/#primaryimage\"},\"image\":{\"@id\":\"https:\/\/onewood.dk\/vare\/6506sp1-madrasskab-6-madrasser\/#primaryimage\"},\"thumbnailUrl\":\"https:\/\/onewood.dk\/wp-content\/uploads\/2025\/09\/Madrasskab-med-opbevaring-forneden.jpg\",\"datePublished\":\"2025-09-22T12:24:27+00:00\",\"dateModified\":\"2025-09-24T06:49:38+00:00\",\"breadcrumb\":{\"@id\":\"https:\/\/onewood.dk\/vare\/6506sp1-madrasskab-6-madrasser\/#breadcrumb\"},\"inLanguage\":\"nb-NO\",\"potentialAction\":[{\"@type\":\"ReadAction\",\"target\":[\"https:\/\/onewood.dk\/vare\/6506sp1-madrasskab-6-madrasser\/\"]}]},{\"@type\":\"ImageObject\",\"inLanguage\":\"nb-NO\",\"@id\":\"https:\/\/onewood.dk\/vare\/6506sp1-madrasskab-6-madrasser\/#primaryimage\",\"url\":\"https:\/\/onewood.dk\/wp-content\/uploads\/2025\/09\/Madrasskab-med-opbevaring-forneden.jpg\",\"contentUrl\":\"https:\/\/onewood.dk\/wp-content\/uploads\/2025\/09\/Madrasskab-med-opbevaring-forneden.jpg\",\"width\":3000,\"height\":2000},{\"@type\":\"BreadcrumbList\",\"@id\":\"https:\/\/onewood.dk\/vare\/6506sp1-madrasskab-6-madrasser\/#breadcrumb\",\"itemListElement\":[{\"@type\":\"ListItem\",\"position\":1,\"name\":\"Varer\",\"item\":\"https:\/\/onewood.dk\/shop\/\"},{\"@type\":\"ListItem\",\"position\":2,\"name\":\"Sp\u00e5n melamin\",\"item\":\"https:\/\/onewood.dk\/vare-kategori\/spaan-melamin\/\"},{\"@type\":\"ListItem\",\"position\":3,\"name\":\"Soverum\",\"item\":\"https:\/\/onewood.dk\/vare-kategori\/spaan-melamin\/soverum-spaan-melamin\/\"},{\"@type\":\"ListItem\",\"position\":4,\"name\":\"Madrasskab\",\"item\":\"https:\/\/onewood.dk\/vare-kategori\/spaan-melamin\/soverum-spaan-melamin\/madrasskab-soverum-spaan-melamin\/\"},{\"@type\":\"ListItem\",\"position\":5,\"name\":\"6506SP1 &#8211; Madrasskab 6 madrasser\"}]},{\"@type\":\"WebSite\",\"@id\":\"https:\/\/onewood.dk\/#website\",\"url\":\"https:\/\/onewood.dk\/\",\"name\":\"One Wood Furniture A\/S\",\"description\":\"\",\"publisher\":{\"@id\":\"https:\/\/onewood.dk\/#organization\"},\"potentialAction\":[{\"@type\":\"SearchAction\",\"target\":{\"@type\":\"EntryPoint\",\"urlTemplate\":\"https:\/\/onewood.dk\/?s={search_term_string}\"},\"query-input\":{\"@type\":\"PropertyValueSpecification\",\"valueRequired\":true,\"valueName\":\"search_term_string\"}}],\"inLanguage\":\"nb-NO\"},{\"@type\":\"Organization\",\"@id\":\"https:\/\/onewood.dk\/#organization\",\"name\":\"One Wood Furniture A\/S\",\"url\":\"https:\/\/onewood.dk\/\",\"logo\":{\"@type\":\"ImageObject\",\"inLanguage\":\"nb-NO\",\"@id\":\"https:\/\/onewood.dk\/#\/schema\/logo\/image\/\",\"url\":\"https:\/\/onewood.dk\/wp-content\/uploads\/2024\/12\/Logo.png\",\"contentUrl\":\"https:\/\/onewood.dk\/wp-content\/uploads\/2024\/12\/Logo.png\",\"width\":180,\"height\":90,\"caption\":\"One Wood Furniture A\/S\"},\"image\":{\"@id\":\"https:\/\/onewood.dk\/#\/schema\/logo\/image\/\"}}]}<\/script>\n<!-- \/ Yoast SEO plugin. -->","yoast_head_json":{"title":"6506SP1 - Madrasskab 6 madrasser | One Wood Furniture A\/S","robots":{"index":"index","follow":"follow","max-snippet":"max-snippet:-1","max-image-preview":"max-image-preview:large","max-video-preview":"max-video-preview:-1"},"canonical":"https:\/\/onewood.dk\/no\/product\/6506sp1-madrasskap-6-madrasser\/","og_locale":"nb_NO","og_type":"article","og_title":"6506SP1 - Madrasskab 6 madrasser | One Wood Furniture A\/S","og_description":"Skab med plads til 6 madrasser og med opbevaring i bunden med 6 rum Skab i 19mm sp\u00e5nplade med 2mm ABS kant L\u00e5ge i 19mm sp\u00e5nplade med melamin og 2mm ABS kant Buet b\u00f8jlegreb &#8211; CC128 20mm luft mellem top og l\u00e5ger for udluftning","og_url":"https:\/\/onewood.dk\/no\/product\/6506sp1-madrasskap-6-madrasser\/","og_site_name":"One Wood Furniture A\/S","article_modified_time":"2025-09-24T06:49:38+00:00","og_image":[{"width":3000,"height":2000,"url":"https:\/\/onewood.dk\/wp-content\/uploads\/2025\/09\/Madrasskab-med-opbevaring-forneden.jpg","type":"image\/jpeg"}],"twitter_card":"summary_large_image","twitter_misc":{"Ansl. lesetid":"1 minutt"},"schema":{"@context":"https:\/\/schema.org","@graph":[{"@type":"WebPage","@id":"https:\/\/onewood.dk\/vare\/6506sp1-madrasskab-6-madrasser\/","url":"https:\/\/onewood.dk\/vare\/6506sp1-madrasskab-6-madrasser\/","name":"6506SP1 - Madrasskab 6 madrasser | One Wood Furniture A\/S","isPartOf":{"@id":"https:\/\/onewood.dk\/#website"},"primaryImageOfPage":{"@id":"https:\/\/onewood.dk\/vare\/6506sp1-madrasskab-6-madrasser\/#primaryimage"},"image":{"@id":"https:\/\/onewood.dk\/vare\/6506sp1-madrasskab-6-madrasser\/#primaryimage"},"thumbnailUrl":"https:\/\/onewood.dk\/wp-content\/uploads\/2025\/09\/Madrasskab-med-opbevaring-forneden.jpg","datePublished":"2025-09-22T12:24:27+00:00","dateModified":"2025-09-24T06:49:38+00:00","breadcrumb":{"@id":"https:\/\/onewood.dk\/vare\/6506sp1-madrasskab-6-madrasser\/#breadcrumb"},"inLanguage":"nb-NO","potentialAction":[{"@type":"ReadAction","target":["https:\/\/onewood.dk\/vare\/6506sp1-madrasskab-6-madrasser\/"]}]},{"@type":"ImageObject","inLanguage":"nb-NO","@id":"https:\/\/onewood.dk\/vare\/6506sp1-madrasskab-6-madrasser\/#primaryimage","url":"https:\/\/onewood.dk\/wp-content\/uploads\/2025\/09\/Madrasskab-med-opbevaring-forneden.jpg","contentUrl":"https:\/\/onewood.dk\/wp-content\/uploads\/2025\/09\/Madrasskab-med-opbevaring-forneden.jpg","width":3000,"height":2000},{"@type":"BreadcrumbList","@id":"https:\/\/onewood.dk\/vare\/6506sp1-madrasskab-6-madrasser\/#breadcrumb","itemListElement":[{"@type":"ListItem","position":1,"name":"Varer","item":"https:\/\/onewood.dk\/shop\/"},{"@type":"ListItem","position":2,"name":"Sp\u00e5n melamin","item":"https:\/\/onewood.dk\/vare-kategori\/spaan-melamin\/"},{"@type":"ListItem","position":3,"name":"Soverum","item":"https:\/\/onewood.dk\/vare-kategori\/spaan-melamin\/soverum-spaan-melamin\/"},{"@type":"ListItem","position":4,"name":"Madrasskab","item":"https:\/\/onewood.dk\/vare-kategori\/spaan-melamin\/soverum-spaan-melamin\/madrasskab-soverum-spaan-melamin\/"},{"@type":"ListItem","position":5,"name":"6506SP1 &#8211; Madrasskab 6 madrasser"}]},{"@type":"WebSite","@id":"https:\/\/onewood.dk\/#website","url":"https:\/\/onewood.dk\/","name":"One Wood Furniture A\/S","description":"","publisher":{"@id":"https:\/\/onewood.dk\/#organization"},"potentialAction":[{"@type":"SearchAction","target":{"@type":"EntryPoint","urlTemplate":"https:\/\/onewood.dk\/?s={search_term_string}"},"query-input":{"@type":"PropertyValueSpecification","valueRequired":true,"valueName":"search_term_string"}}],"inLanguage":"nb-NO"},{"@type":"Organization","@id":"https:\/\/onewood.dk\/#organization","name":"One Wood Furniture A\/S","url":"https:\/\/onewood.dk\/","logo":{"@type":"ImageObject","inLanguage":"nb-NO","@id":"https:\/\/onewood.dk\/#\/schema\/logo\/image\/","url":"https:\/\/onewood.dk\/wp-content\/uploads\/2024\/12\/Logo.png","contentUrl":"https:\/\/onewood.dk\/wp-content\/uploads\/2024\/12\/Logo.png","width":180,"height":90,"caption":"One Wood Furniture A\/S"},"image":{"@id":"https:\/\/onewood.dk\/#\/schema\/logo\/image\/"}}]}},"_links":{"self":[{"href":"https:\/\/onewood.dk\/no\/wp-json\/wp\/v2\/product\/7548","targetHints":{"allow":["GET"]}}],"collection":[{"href":"https:\/\/onewood.dk\/no\/wp-json\/wp\/v2\/product"}],"about":[{"href":"https:\/\/onewood.dk\/no\/wp-json\/wp\/v2\/types\/product"}],"wp:featuredmedia":[{"embeddable":true,"href":"https:\/\/onewood.dk\/no\/wp-json\/wp\/v2\/media\/7549"}],"wp:attachment":[{"href":"https:\/\/onewood.dk\/no\/wp-json\/wp\/v2\/media?parent=7548"}],"wp:term":[{"taxonomy":"product_brand","embeddable":true,"href":"https:\/\/onewood.dk\/no\/wp-json\/wp\/v2\/product_brand?post=7548"},{"taxonomy":"product_cat","embeddable":true,"href":"https:\/\/onewood.dk\/no\/wp-json\/wp\/v2\/product_cat?post=7548"},{"taxonomy":"product_tag","embeddable":true,"href":"https:\/\/onewood.dk\/no\/wp-json\/wp\/v2\/product_tag?post=7548"}],"curies":[{"name":"wp","href":"https:\/\/api.w.org\/{rel}","templated":true}]}}