{"id":5180,"date":"2024-12-05T11:44:25","date_gmt":"2024-12-05T10:44:25","guid":{"rendered":"https:\/\/onewood.dk?page_id=5180"},"modified":"2025-01-30T08:40:56","modified_gmt":"2025-01-30T07:40:56","slug":"om","status":"publish","type":"page","link":"https:\/\/onewood.dk\/sv\/om\/","title":{"rendered":"\u00d6m"},"content":{"rendered":"<div data-elementor-type=\"wp-page\" data-elementor-id=\"5180\" class=\"elementor elementor-5180\" data-elementor-post-type=\"page\">\n\t\t\t\t<div class=\"elementor-element elementor-element-9000419 e-flex e-con-boxed e-con e-parent\" data-id=\"9000419\" data-element_type=\"container\" data-settings=\"{&quot;background_background&quot;:&quot;classic&quot;}\">\n\t\t\t\t\t<div class=\"e-con-inner\">\n\t\t\t\t<div class=\"elementor-element elementor-element-0dfa3f5 elementor-widget__width-initial elementor-widget-tablet__width-inherit elementor-widget elementor-widget-heading\" data-id=\"0dfa3f5\" data-element_type=\"widget\" data-widget_type=\"heading.default\">\n\t\t\t\t<div class=\"elementor-widget-container\">\n\t\t\t\t\t<h1 class=\"elementor-heading-title elementor-size-default\">Dansk kvalitet i alla faser<\/h1>\t\t\t\t<\/div>\n\t\t\t\t<\/div>\n\t\t\t\t<div class=\"elementor-element elementor-element-4e1b0e4 elementor-widget elementor-widget-text-editor\" data-id=\"4e1b0e4\" data-element_type=\"widget\" data-widget_type=\"text-editor.default\">\n\t\t\t\t<div class=\"elementor-widget-container\">\n\t\t\t\t\t\t\t\t\t<p>Service, hantverk och h\u00e5llbara m\u00f6bell\u00f6sningar<\/p>\t\t\t\t\t\t\t\t<\/div>\n\t\t\t\t<\/div>\n\t\t\t\t\t<\/div>\n\t\t\t\t<\/div>\n\t\t<div class=\"elementor-element elementor-element-199688e e-flex e-con-boxed e-con e-parent\" data-id=\"199688e\" data-element_type=\"container\">\n\t\t\t\t\t<div class=\"e-con-inner\">\n\t\t\t\t<div class=\"elementor-element elementor-element-b830818 elementor-widget elementor-widget-heading\" data-id=\"b830818\" data-element_type=\"widget\" data-widget_type=\"heading.default\">\n\t\t\t\t<div class=\"elementor-widget-container\">\n\t\t\t\t\t<h2 class=\"elementor-heading-title elementor-size-default\">Om One Wood Furniture<\/h2>\t\t\t\t<\/div>\n\t\t\t\t<\/div>\n\t\t\t\t<div class=\"elementor-element elementor-element-ec78c0e elementor-widget elementor-widget-text-editor\" data-id=\"ec78c0e\" data-element_type=\"widget\" data-widget_type=\"text-editor.default\">\n\t\t\t\t<div class=\"elementor-widget-container\">\n\t\t\t\t\t\t\t\t\t<p>One Wood Furniture producerar danska kvalitetsm\u00f6bler f\u00f6r moderna l\u00e4rmilj\u00f6er p\u00e5 institutioner och skolor i hela Skandinavien och stora delar av Europa. V\u00e5r utg\u00e5ngspunkt \u00e4r dina behov som en samlingspunkt \u2013 och med en pedagogisk profil i v\u00e5rt s\u00e4tt att t\u00e4nka och designa.<\/p>\t\t\t\t\t\t\t\t<\/div>\n\t\t\t\t<\/div>\n\t\t\t\t\t<\/div>\n\t\t\t\t<\/div>\n\t\t<div class=\"elementor-element elementor-element-cdfd65c e-flex e-con-boxed e-con e-parent\" data-id=\"cdfd65c\" data-element_type=\"container\">\n\t\t\t\t\t<div class=\"e-con-inner\">\n\t\t<div class=\"elementor-element elementor-element-223bff1 e-con-full e-flex e-con e-child\" data-id=\"223bff1\" data-element_type=\"container\">\n\t\t\t\t<div class=\"elementor-element elementor-element-b894989 elementor-widget elementor-widget-heading\" data-id=\"b894989\" data-element_type=\"widget\" data-widget_type=\"heading.default\">\n\t\t\t\t<div class=\"elementor-widget-container\">\n\t\t\t\t\t<h2 class=\"elementor-heading-title elementor-size-default\">Bra hantverk i ett danskt f\u00f6retag<\/h2>\t\t\t\t<\/div>\n\t\t\t\t<\/div>\n\t\t\t\t<div class=\"elementor-element elementor-element-6790cdf elementor-widget elementor-widget-text-editor\" data-id=\"6790cdf\" data-element_type=\"widget\" data-widget_type=\"text-editor.default\">\n\t\t\t\t<div class=\"elementor-widget-container\">\n\t\t\t\t\t\t\t\t\t<p>One Wood Furniture \u00e4r ett dansk\u00e4gt f\u00f6retag med huvudkontor p\u00e5 Fyn d\u00e4r b\u00e5de utveckling och produktion sker. H\u00e4r kombinerar vi gott hantverk med ett genomg\u00e5ende fokus p\u00e5 h\u00e5llbarhet, s\u00e4kerhet, kvalitet och h\u00e5llbara l\u00f6sningar som g\u00f6r en positiv skillnad f\u00f6r dig.<\/p>\t\t\t\t\t\t\t\t<\/div>\n\t\t\t\t<\/div>\n\t\t\t\t<\/div>\n\t\t<div class=\"elementor-element elementor-element-f484585 e-con-full e-flex e-con e-child\" data-id=\"f484585\" data-element_type=\"container\" data-settings=\"{&quot;background_background&quot;:&quot;classic&quot;}\">\n\t\t\t\t<\/div>\n\t\t\t\t\t<\/div>\n\t\t\t\t<\/div>\n\t\t<div class=\"elementor-element elementor-element-cf1910a e-flex e-con-boxed e-con e-parent\" data-id=\"cf1910a\" data-element_type=\"container\">\n\t\t\t\t\t<div class=\"e-con-inner\">\n\t\t<div class=\"elementor-element elementor-element-f84a0dc e-con-full e-flex e-con e-child\" data-id=\"f84a0dc\" data-element_type=\"container\" data-settings=\"{&quot;background_background&quot;:&quot;classic&quot;}\">\n\t\t\t\t<\/div>\n\t\t<div class=\"elementor-element elementor-element-fc5427d e-con-full e-flex e-con e-child\" data-id=\"fc5427d\" data-element_type=\"container\">\n\t\t\t\t<div class=\"elementor-element elementor-element-cb3565f elementor-widget elementor-widget-heading\" data-id=\"cb3565f\" data-element_type=\"widget\" data-widget_type=\"heading.default\">\n\t\t\t\t<div class=\"elementor-widget-container\">\n\t\t\t\t\t<h2 class=\"elementor-heading-title elementor-size-default\">Bepr\u00f6vad kvalitet<\/h2>\t\t\t\t<\/div>\n\t\t\t\t<\/div>\n\t\t\t\t<div class=\"elementor-element elementor-element-d640dbc elementor-widget elementor-widget-text-editor\" data-id=\"d640dbc\" data-element_type=\"widget\" data-widget_type=\"text-editor.default\">\n\t\t\t\t<div class=\"elementor-widget-container\">\n\t\t\t\t\t\t\t\t\t<p>F\u00f6r One Wood Furniture \u00e4r det viktigt att leverera v\u00e4l bepr\u00f6vad och h\u00e5llbar kvalitet. Vi vet vilka effekter m\u00f6blerna ska kunna matcha i en hektisk, fartfylld vardag p\u00e5 institutionen\/skolan. D\u00e4rf\u00f6r \u00e4r design och ett elegant uttryck bara en sida av saken. Det andra \u00e4r att m\u00f6blerna har en robust form som kan h\u00e5lla, b\u00e5de prinsar och prinsessor l\u00e5ter fantasin fl\u00f6da.<\/p>\t\t\t\t\t\t\t\t<\/div>\n\t\t\t\t<\/div>\n\t\t\t\t<\/div>\n\t\t\t\t\t<\/div>\n\t\t\t\t<\/div>\n\t\t<div class=\"elementor-element elementor-element-21d3362 e-flex e-con-boxed e-con e-parent\" data-id=\"21d3362\" data-element_type=\"container\" data-settings=\"{&quot;background_background&quot;:&quot;gradient&quot;}\">\n\t\t\t\t\t<div class=\"e-con-inner\">\n\t\t<div class=\"elementor-element elementor-element-e980b26 e-con-full e-flex e-con e-child\" data-id=\"e980b26\" data-element_type=\"container\" data-settings=\"{&quot;background_background&quot;:&quot;classic&quot;}\">\n\t\t\t\t<div class=\"elementor-element elementor-element-fe3daee elementor-widget elementor-widget-heading\" data-id=\"fe3daee\" data-element_type=\"widget\" data-widget_type=\"heading.default\">\n\t\t\t\t<div class=\"elementor-widget-container\">\n\t\t\t\t\t<h2 class=\"elementor-heading-title elementor-size-default\">Vi finns h\u00e4r f\u00f6r dig<\/h2>\t\t\t\t<\/div>\n\t\t\t\t<\/div>\n\t\t\t\t<div class=\"elementor-element elementor-element-54d7af9 elementor-widget elementor-widget-text-editor\" data-id=\"54d7af9\" data-element_type=\"widget\" data-widget_type=\"text-editor.default\">\n\t\t\t\t<div class=\"elementor-widget-container\">\n\t\t\t\t\t\t\t\t\t<p>Hos One Wood Furniture \u00e4r kvalitet ocks\u00e5 en fr\u00e5ga om god service och en konstruktiv dialog d\u00e4r saker och ting f\u00f6ljs upp.<\/p>\t\t\t\t\t\t\t\t<\/div>\n\t\t\t\t<\/div>\n\t\t\t\t<div class=\"elementor-element elementor-element-2bcbeb2 elementor-widget elementor-widget-heading\" data-id=\"2bcbeb2\" data-element_type=\"widget\" data-widget_type=\"heading.default\">\n\t\t\t\t<div class=\"elementor-widget-container\">\n\t\t\t\t\t<h2 class=\"elementor-heading-title elementor-size-default\">V\u00e5ra ambitioner<\/h2>\t\t\t\t<\/div>\n\t\t\t\t<\/div>\n\t\t\t\t<div class=\"elementor-element elementor-element-1987130 elementor-widget elementor-widget-text-editor\" data-id=\"1987130\" data-element_type=\"widget\" data-widget_type=\"text-editor.default\">\n\t\t\t\t<div class=\"elementor-widget-container\">\n\t\t\t\t\t\t\t\t\t<p>Vi har stora ambitioner n\u00e4r det kommer till...:<\/p><ul><li>h\u00f6g kvalitet<\/li><li>h\u00e5llbarhet<\/li><li>h\u00f6g leveranss\u00e4kerhet \u2013 och i tid<\/li><li>flexibilitet och valm\u00f6jligheter f\u00f6r v\u00e5ra kunder<\/li><li>produktens h\u00e5llbarhet<\/li><li>ett brett utbud av multifunktionella m\u00f6bler<\/li><\/ul>\t\t\t\t\t\t\t\t<\/div>\n\t\t\t\t<\/div>\n\t\t\t\t<\/div>\n\t\t<div class=\"elementor-element elementor-element-0dfba8a e-con-full e-flex e-con e-child\" data-id=\"0dfba8a\" data-element_type=\"container\" data-settings=\"{&quot;background_background&quot;:&quot;classic&quot;}\">\n\t\t\t\t<\/div>\n\t\t\t\t\t<\/div>\n\t\t\t\t<\/div>\n\t\t\t\t<\/div>","protected":false},"excerpt":{"rendered":"<p>Dansk kvalitet i alla led Service, hantverk och h\u00e5llbara m\u00f6bell\u00f6sningar Om One Wood Furniture One Wood Furniture producerar danska kvalitetsm\u00f6bler f\u00f6r moderna l\u00e4rmilj\u00f6er p\u00e5 institutioner och skolor i hela Skandinavien och stora delar av Europa. V\u00e5r utg\u00e5ngspunkt \u00e4r dina behov i centrum \u2013 och med en pedagogisk profil i v\u00e5rt s\u00e4tt att t\u00e4nka och utforma [\u2026]<\/p>","protected":false},"author":2,"featured_media":0,"parent":0,"menu_order":0,"comment_status":"closed","ping_status":"closed","template":"","meta":{"footnotes":""},"class_list":["post-5180","page","type-page","status-publish","hentry"],"yoast_head":"<!-- This site is optimized with the Yoast SEO plugin v24.4 - https:\/\/yoast.com\/wordpress\/plugins\/seo\/ -->\n<title>Om | One Wood Furniture A\/S<\/title>\n<meta name=\"description\" content=\"Gennemtestet kvalitet og godt h\u00e5ndv\u00e6rk er centrale elementer, n\u00e5r dansk-ejede OneWood producerer danske kvalitetsm\u00f8bler til moderne l\u00e6ringsmilj\u00f8er i institutioner og skoler i hele Skandinavien.\" \/>\n<meta name=\"robots\" content=\"index, follow, max-snippet:-1, max-image-preview:large, max-video-preview:-1\" \/>\n<link rel=\"canonical\" href=\"https:\/\/onewood.dk\/sv\/om\/\" \/>\n<meta property=\"og:locale\" content=\"sv_SE\" \/>\n<meta property=\"og:type\" content=\"article\" \/>\n<meta property=\"og:title\" content=\"Om | One Wood Furniture A\/S\" \/>\n<meta property=\"og:description\" content=\"Gennemtestet kvalitet og godt h\u00e5ndv\u00e6rk er centrale elementer, n\u00e5r dansk-ejede OneWood producerer danske kvalitetsm\u00f8bler til moderne l\u00e6ringsmilj\u00f8er i institutioner og skoler i hele Skandinavien.\" \/>\n<meta property=\"og:url\" content=\"https:\/\/onewood.dk\/sv\/om\/\" \/>\n<meta property=\"og:site_name\" content=\"One Wood Furniture A\/S\" \/>\n<meta property=\"article:modified_time\" content=\"2025-01-30T07:40:56+00:00\" \/>\n<meta name=\"twitter:card\" content=\"summary_large_image\" \/>\n<meta name=\"twitter:label1\" content=\"Ber\u00e4knad l\u00e4stid\" \/>\n\t<meta name=\"twitter:data1\" content=\"2 minuter\" \/>\n<script type=\"application\/ld+json\" class=\"yoast-schema-graph\">{\"@context\":\"https:\/\/schema.org\",\"@graph\":[{\"@type\":\"WebPage\",\"@id\":\"https:\/\/onewood.dk\/om\/\",\"url\":\"https:\/\/onewood.dk\/om\/\",\"name\":\"Om | One Wood Furniture A\/S\",\"isPartOf\":{\"@id\":\"https:\/\/onewood.dk\/#website\"},\"datePublished\":\"2024-12-05T10:44:25+00:00\",\"dateModified\":\"2025-01-30T07:40:56+00:00\",\"description\":\"Gennemtestet kvalitet og godt h\u00e5ndv\u00e6rk er centrale elementer, n\u00e5r dansk-ejede OneWood producerer danske kvalitetsm\u00f8bler til moderne l\u00e6ringsmilj\u00f8er i institutioner og skoler i hele Skandinavien.\",\"inLanguage\":\"sv-SE\",\"potentialAction\":[{\"@type\":\"ReadAction\",\"target\":[\"https:\/\/onewood.dk\/om\/\"]}]},{\"@type\":\"WebSite\",\"@id\":\"https:\/\/onewood.dk\/#website\",\"url\":\"https:\/\/onewood.dk\/\",\"name\":\"One Wood Furniture A\/S\",\"description\":\"\",\"publisher\":{\"@id\":\"https:\/\/onewood.dk\/#organization\"},\"potentialAction\":[{\"@type\":\"SearchAction\",\"target\":{\"@type\":\"EntryPoint\",\"urlTemplate\":\"https:\/\/onewood.dk\/?s={search_term_string}\"},\"query-input\":{\"@type\":\"PropertyValueSpecification\",\"valueRequired\":true,\"valueName\":\"search_term_string\"}}],\"inLanguage\":\"sv-SE\"},{\"@type\":\"Organization\",\"@id\":\"https:\/\/onewood.dk\/#organization\",\"name\":\"One Wood Furniture A\/S\",\"url\":\"https:\/\/onewood.dk\/\",\"logo\":{\"@type\":\"ImageObject\",\"inLanguage\":\"sv-SE\",\"@id\":\"https:\/\/onewood.dk\/#\/schema\/logo\/image\/\",\"url\":\"https:\/\/onewood.dk\/wp-content\/uploads\/2024\/12\/Logo.png\",\"contentUrl\":\"https:\/\/onewood.dk\/wp-content\/uploads\/2024\/12\/Logo.png\",\"width\":180,\"height\":90,\"caption\":\"One Wood Furniture A\/S\"},\"image\":{\"@id\":\"https:\/\/onewood.dk\/#\/schema\/logo\/image\/\"}}]}<\/script>\n<!-- \/ Yoast SEO plugin. -->","yoast_head_json":{"title":"Om | One Wood Furniture A\/S","description":"Gennemtestet kvalitet og godt h\u00e5ndv\u00e6rk er centrale elementer, n\u00e5r dansk-ejede OneWood producerer danske kvalitetsm\u00f8bler til moderne l\u00e6ringsmilj\u00f8er i institutioner og skoler i hele Skandinavien.","robots":{"index":"index","follow":"follow","max-snippet":"max-snippet:-1","max-image-preview":"max-image-preview:large","max-video-preview":"max-video-preview:-1"},"canonical":"https:\/\/onewood.dk\/sv\/om\/","og_locale":"sv_SE","og_type":"article","og_title":"Om | One Wood Furniture A\/S","og_description":"Gennemtestet kvalitet og godt h\u00e5ndv\u00e6rk er centrale elementer, n\u00e5r dansk-ejede OneWood producerer danske kvalitetsm\u00f8bler til moderne l\u00e6ringsmilj\u00f8er i institutioner og skoler i hele Skandinavien.","og_url":"https:\/\/onewood.dk\/sv\/om\/","og_site_name":"One Wood Furniture A\/S","article_modified_time":"2025-01-30T07:40:56+00:00","twitter_card":"summary_large_image","twitter_misc":{"Ber\u00e4knad l\u00e4stid":"2 minuter"},"schema":{"@context":"https:\/\/schema.org","@graph":[{"@type":"WebPage","@id":"https:\/\/onewood.dk\/om\/","url":"https:\/\/onewood.dk\/om\/","name":"Om | One Wood Furniture A\/S","isPartOf":{"@id":"https:\/\/onewood.dk\/#website"},"datePublished":"2024-12-05T10:44:25+00:00","dateModified":"2025-01-30T07:40:56+00:00","description":"Gennemtestet kvalitet og godt h\u00e5ndv\u00e6rk er centrale elementer, n\u00e5r dansk-ejede OneWood producerer danske kvalitetsm\u00f8bler til moderne l\u00e6ringsmilj\u00f8er i institutioner og skoler i hele Skandinavien.","inLanguage":"sv-SE","potentialAction":[{"@type":"ReadAction","target":["https:\/\/onewood.dk\/om\/"]}]},{"@type":"WebSite","@id":"https:\/\/onewood.dk\/#website","url":"https:\/\/onewood.dk\/","name":"One Wood Furniture A\/S","description":"","publisher":{"@id":"https:\/\/onewood.dk\/#organization"},"potentialAction":[{"@type":"SearchAction","target":{"@type":"EntryPoint","urlTemplate":"https:\/\/onewood.dk\/?s={search_term_string}"},"query-input":{"@type":"PropertyValueSpecification","valueRequired":true,"valueName":"search_term_string"}}],"inLanguage":"sv-SE"},{"@type":"Organization","@id":"https:\/\/onewood.dk\/#organization","name":"One Wood Furniture A\/S","url":"https:\/\/onewood.dk\/","logo":{"@type":"ImageObject","inLanguage":"sv-SE","@id":"https:\/\/onewood.dk\/#\/schema\/logo\/image\/","url":"https:\/\/onewood.dk\/wp-content\/uploads\/2024\/12\/Logo.png","contentUrl":"https:\/\/onewood.dk\/wp-content\/uploads\/2024\/12\/Logo.png","width":180,"height":90,"caption":"One Wood Furniture A\/S"},"image":{"@id":"https:\/\/onewood.dk\/#\/schema\/logo\/image\/"}}]}},"_links":{"self":[{"href":"https:\/\/onewood.dk\/sv\/wp-json\/wp\/v2\/pages\/5180","targetHints":{"allow":["GET"]}}],"collection":[{"href":"https:\/\/onewood.dk\/sv\/wp-json\/wp\/v2\/pages"}],"about":[{"href":"https:\/\/onewood.dk\/sv\/wp-json\/wp\/v2\/types\/page"}],"author":[{"embeddable":true,"href":"https:\/\/onewood.dk\/sv\/wp-json\/wp\/v2\/users\/2"}],"replies":[{"embeddable":true,"href":"https:\/\/onewood.dk\/sv\/wp-json\/wp\/v2\/comments?post=5180"}],"version-history":[{"count":184,"href":"https:\/\/onewood.dk\/sv\/wp-json\/wp\/v2\/pages\/5180\/revisions"}],"predecessor-version":[{"id":6604,"href":"https:\/\/onewood.dk\/sv\/wp-json\/wp\/v2\/pages\/5180\/revisions\/6604"}],"wp:attachment":[{"href":"https:\/\/onewood.dk\/sv\/wp-json\/wp\/v2\/media?parent=5180"}],"curies":[{"name":"wp","href":"https:\/\/api.w.org\/{rel}","templated":true}]}}