{"id":1296,"date":"2024-12-03T12:46:18","date_gmt":"2024-12-03T11:46:18","guid":{"rendered":"https:\/\/onewood.dkvare\/6500-6501-sengetoejs-og-sengeskab\/"},"modified":"2025-02-26T14:45:31","modified_gmt":"2025-02-26T13:45:31","slug":"6500-6501-sengetoejs-og-sengeskab","status":"publish","type":"product","link":"https:\/\/onewood.dk\/sv\/product\/6500-6501-sangklader-och-sangskaap\/","title":{"rendered":"6500\/6501 \u2013 Linne\/s\u00e4ngsk\u00e5p"},"content":{"rendered":"<p><strong>6500<\/strong><br \/>\nV\u00e4ggsk\u00e5p i 18 mm vitpigmenterad bj\u00f6rkplywood f\u00f6r s\u00e4ngkl\u00e4der inkl. 12 fack p\u00e5 353 x 176 x 639 mm.<\/p>\n<p>&nbsp;<\/p>\n<p><strong>6501<\/strong><\/p>\n<p>Undersk\u00e5p i 18mm vitpigmenterad bj\u00f6rkplywood till exempel. madrasser. Kan med f\u00f6rdel kombineras med pinnar f\u00f6r att dela madrasser.<\/p>\n<p>&nbsp;<\/p>\n<p>Sockel m\u00e5ste k\u00f6pas separat under art.nr. 6502.<\/p>","protected":false},"excerpt":{"rendered":"<p>6500 Overskab i 18 mm hvidpigmenteret birkekrydsfiner til senget\u00f8j inkl. 12 rum \u00e1 353 x 176 x 639mm. &nbsp; 6501 Underskab i 18mm hvidpigmenteret birkekrydsfiner til eks. madrasser. Kan med fordel kombineres med stokke, for opdeling af madrasser. &nbsp; Sokkel skal tilk\u00f8bes p\u00e5 varenr. 6502.<\/p>","protected":false},"featured_media":1991,"template":"","meta":[],"product_brand":[],"product_cat":[614,564],"product_tag":[],"class_list":{"0":"post-1296","1":"product","2":"type-product","3":"status-publish","4":"has-post-thumbnail","6":"product_cat-sengetoejsskab","7":"product_cat-soverum","9":"first","10":"instock","11":"product-type-simple"},"yoast_head":"<!-- This site is optimized with the Yoast SEO plugin v24.4 - https:\/\/yoast.com\/wordpress\/plugins\/seo\/ -->\n<title>6500\/6501 - Senget\u00f8js-\/ og sengeskab | One Wood Furniture A\/S<\/title>\n<meta name=\"robots\" content=\"index, follow, max-snippet:-1, max-image-preview:large, max-video-preview:-1\" \/>\n<link rel=\"canonical\" href=\"https:\/\/onewood.dk\/sv\/product\/6500-6501-sangklader-och-sangskaap\/\" \/>\n<meta property=\"og:locale\" content=\"sv_SE\" \/>\n<meta property=\"og:type\" content=\"article\" \/>\n<meta property=\"og:title\" content=\"6500\/6501 - Senget\u00f8js-\/ og sengeskab | One Wood Furniture A\/S\" \/>\n<meta property=\"og:description\" content=\"6500 Overskab i 18 mm hvidpigmenteret birkekrydsfiner til senget\u00f8j inkl. 12 rum \u00e1 353 x 176 x 639mm. &nbsp; 6501 Underskab i 18mm hvidpigmenteret birkekrydsfiner til eks. madrasser. Kan med fordel kombineres med stokke, for opdeling af madrasser. &nbsp; Sokkel skal tilk\u00f8bes p\u00e5 varenr. 6502.\" \/>\n<meta property=\"og:url\" content=\"https:\/\/onewood.dk\/sv\/product\/6500-6501-sangklader-och-sangskaap\/\" \/>\n<meta property=\"og:site_name\" content=\"One Wood Furniture A\/S\" \/>\n<meta property=\"article:modified_time\" content=\"2025-02-26T13:45:31+00:00\" \/>\n<meta property=\"og:image\" content=\"https:\/\/onewood.dk\/wp-content\/uploads\/2024\/12\/3980-scaled.jpg\" \/>\n\t<meta property=\"og:image:width\" content=\"2560\" \/>\n\t<meta property=\"og:image:height\" content=\"1705\" \/>\n\t<meta property=\"og:image:type\" content=\"image\/jpeg\" \/>\n<meta name=\"twitter:card\" content=\"summary_large_image\" \/>\n<meta name=\"twitter:label1\" content=\"Ber\u00e4knad l\u00e4stid\" \/>\n\t<meta name=\"twitter:data1\" content=\"1 minut\" \/>\n<script type=\"application\/ld+json\" class=\"yoast-schema-graph\">{\"@context\":\"https:\/\/schema.org\",\"@graph\":[{\"@type\":\"WebPage\",\"@id\":\"https:\/\/onewood.dk\/vare\/6500-6501-sengetoejs-og-sengeskab\/\",\"url\":\"https:\/\/onewood.dk\/vare\/6500-6501-sengetoejs-og-sengeskab\/\",\"name\":\"6500\/6501 - Senget\u00f8js-\/ og sengeskab | One Wood Furniture A\/S\",\"isPartOf\":{\"@id\":\"https:\/\/onewood.dk\/#website\"},\"primaryImageOfPage\":{\"@id\":\"https:\/\/onewood.dk\/vare\/6500-6501-sengetoejs-og-sengeskab\/#primaryimage\"},\"image\":{\"@id\":\"https:\/\/onewood.dk\/vare\/6500-6501-sengetoejs-og-sengeskab\/#primaryimage\"},\"thumbnailUrl\":\"https:\/\/onewood.dk\/wp-content\/uploads\/2024\/12\/3980-scaled.jpg\",\"datePublished\":\"2024-12-03T11:46:18+00:00\",\"dateModified\":\"2025-02-26T13:45:31+00:00\",\"breadcrumb\":{\"@id\":\"https:\/\/onewood.dk\/vare\/6500-6501-sengetoejs-og-sengeskab\/#breadcrumb\"},\"inLanguage\":\"sv-SE\",\"potentialAction\":[{\"@type\":\"ReadAction\",\"target\":[\"https:\/\/onewood.dk\/vare\/6500-6501-sengetoejs-og-sengeskab\/\"]}]},{\"@type\":\"ImageObject\",\"inLanguage\":\"sv-SE\",\"@id\":\"https:\/\/onewood.dk\/vare\/6500-6501-sengetoejs-og-sengeskab\/#primaryimage\",\"url\":\"https:\/\/onewood.dk\/wp-content\/uploads\/2024\/12\/3980-scaled.jpg\",\"contentUrl\":\"https:\/\/onewood.dk\/wp-content\/uploads\/2024\/12\/3980-scaled.jpg\",\"width\":2560,\"height\":1705},{\"@type\":\"BreadcrumbList\",\"@id\":\"https:\/\/onewood.dk\/vare\/6500-6501-sengetoejs-og-sengeskab\/#breadcrumb\",\"itemListElement\":[{\"@type\":\"ListItem\",\"position\":1,\"name\":\"Varer\",\"item\":\"https:\/\/onewood.dk\/shop\/\"},{\"@type\":\"ListItem\",\"position\":2,\"name\":\"Soverum\",\"item\":\"https:\/\/onewood.dk\/vare-kategori\/soverum\/\"},{\"@type\":\"ListItem\",\"position\":3,\"name\":\"Senget\u00f8jsskab\",\"item\":\"https:\/\/onewood.dk\/vare-kategori\/soverum\/sengetoejsskab\/\"},{\"@type\":\"ListItem\",\"position\":4,\"name\":\"6500\/6501 &#8211; Senget\u00f8js-\/ og sengeskab\"}]},{\"@type\":\"WebSite\",\"@id\":\"https:\/\/onewood.dk\/#website\",\"url\":\"https:\/\/onewood.dk\/\",\"name\":\"One Wood Furniture A\/S\",\"description\":\"\",\"publisher\":{\"@id\":\"https:\/\/onewood.dk\/#organization\"},\"potentialAction\":[{\"@type\":\"SearchAction\",\"target\":{\"@type\":\"EntryPoint\",\"urlTemplate\":\"https:\/\/onewood.dk\/?s={search_term_string}\"},\"query-input\":{\"@type\":\"PropertyValueSpecification\",\"valueRequired\":true,\"valueName\":\"search_term_string\"}}],\"inLanguage\":\"sv-SE\"},{\"@type\":\"Organization\",\"@id\":\"https:\/\/onewood.dk\/#organization\",\"name\":\"One Wood Furniture A\/S\",\"url\":\"https:\/\/onewood.dk\/\",\"logo\":{\"@type\":\"ImageObject\",\"inLanguage\":\"sv-SE\",\"@id\":\"https:\/\/onewood.dk\/#\/schema\/logo\/image\/\",\"url\":\"https:\/\/onewood.dk\/wp-content\/uploads\/2024\/12\/Logo.png\",\"contentUrl\":\"https:\/\/onewood.dk\/wp-content\/uploads\/2024\/12\/Logo.png\",\"width\":180,\"height\":90,\"caption\":\"One Wood Furniture A\/S\"},\"image\":{\"@id\":\"https:\/\/onewood.dk\/#\/schema\/logo\/image\/\"}}]}<\/script>\n<!-- \/ Yoast SEO plugin. -->","yoast_head_json":{"title":"6500\/6501 - Senget\u00f8js-\/ og sengeskab | One Wood Furniture A\/S","robots":{"index":"index","follow":"follow","max-snippet":"max-snippet:-1","max-image-preview":"max-image-preview:large","max-video-preview":"max-video-preview:-1"},"canonical":"https:\/\/onewood.dk\/sv\/product\/6500-6501-sangklader-och-sangskaap\/","og_locale":"sv_SE","og_type":"article","og_title":"6500\/6501 - Senget\u00f8js-\/ og sengeskab | One Wood Furniture A\/S","og_description":"6500 Overskab i 18 mm hvidpigmenteret birkekrydsfiner til senget\u00f8j inkl. 12 rum \u00e1 353 x 176 x 639mm. &nbsp; 6501 Underskab i 18mm hvidpigmenteret birkekrydsfiner til eks. madrasser. Kan med fordel kombineres med stokke, for opdeling af madrasser. &nbsp; Sokkel skal tilk\u00f8bes p\u00e5 varenr. 6502.","og_url":"https:\/\/onewood.dk\/sv\/product\/6500-6501-sangklader-och-sangskaap\/","og_site_name":"One Wood Furniture A\/S","article_modified_time":"2025-02-26T13:45:31+00:00","og_image":[{"width":2560,"height":1705,"url":"https:\/\/onewood.dk\/wp-content\/uploads\/2024\/12\/3980-scaled.jpg","type":"image\/jpeg"}],"twitter_card":"summary_large_image","twitter_misc":{"Ber\u00e4knad l\u00e4stid":"1 minut"},"schema":{"@context":"https:\/\/schema.org","@graph":[{"@type":"WebPage","@id":"https:\/\/onewood.dk\/vare\/6500-6501-sengetoejs-og-sengeskab\/","url":"https:\/\/onewood.dk\/vare\/6500-6501-sengetoejs-og-sengeskab\/","name":"6500\/6501 - Senget\u00f8js-\/ og sengeskab | One Wood Furniture A\/S","isPartOf":{"@id":"https:\/\/onewood.dk\/#website"},"primaryImageOfPage":{"@id":"https:\/\/onewood.dk\/vare\/6500-6501-sengetoejs-og-sengeskab\/#primaryimage"},"image":{"@id":"https:\/\/onewood.dk\/vare\/6500-6501-sengetoejs-og-sengeskab\/#primaryimage"},"thumbnailUrl":"https:\/\/onewood.dk\/wp-content\/uploads\/2024\/12\/3980-scaled.jpg","datePublished":"2024-12-03T11:46:18+00:00","dateModified":"2025-02-26T13:45:31+00:00","breadcrumb":{"@id":"https:\/\/onewood.dk\/vare\/6500-6501-sengetoejs-og-sengeskab\/#breadcrumb"},"inLanguage":"sv-SE","potentialAction":[{"@type":"ReadAction","target":["https:\/\/onewood.dk\/vare\/6500-6501-sengetoejs-og-sengeskab\/"]}]},{"@type":"ImageObject","inLanguage":"sv-SE","@id":"https:\/\/onewood.dk\/vare\/6500-6501-sengetoejs-og-sengeskab\/#primaryimage","url":"https:\/\/onewood.dk\/wp-content\/uploads\/2024\/12\/3980-scaled.jpg","contentUrl":"https:\/\/onewood.dk\/wp-content\/uploads\/2024\/12\/3980-scaled.jpg","width":2560,"height":1705},{"@type":"BreadcrumbList","@id":"https:\/\/onewood.dk\/vare\/6500-6501-sengetoejs-og-sengeskab\/#breadcrumb","itemListElement":[{"@type":"ListItem","position":1,"name":"Varer","item":"https:\/\/onewood.dk\/shop\/"},{"@type":"ListItem","position":2,"name":"Soverum","item":"https:\/\/onewood.dk\/vare-kategori\/soverum\/"},{"@type":"ListItem","position":3,"name":"Senget\u00f8jsskab","item":"https:\/\/onewood.dk\/vare-kategori\/soverum\/sengetoejsskab\/"},{"@type":"ListItem","position":4,"name":"6500\/6501 &#8211; Senget\u00f8js-\/ og sengeskab"}]},{"@type":"WebSite","@id":"https:\/\/onewood.dk\/#website","url":"https:\/\/onewood.dk\/","name":"One Wood Furniture A\/S","description":"","publisher":{"@id":"https:\/\/onewood.dk\/#organization"},"potentialAction":[{"@type":"SearchAction","target":{"@type":"EntryPoint","urlTemplate":"https:\/\/onewood.dk\/?s={search_term_string}"},"query-input":{"@type":"PropertyValueSpecification","valueRequired":true,"valueName":"search_term_string"}}],"inLanguage":"sv-SE"},{"@type":"Organization","@id":"https:\/\/onewood.dk\/#organization","name":"One Wood Furniture A\/S","url":"https:\/\/onewood.dk\/","logo":{"@type":"ImageObject","inLanguage":"sv-SE","@id":"https:\/\/onewood.dk\/#\/schema\/logo\/image\/","url":"https:\/\/onewood.dk\/wp-content\/uploads\/2024\/12\/Logo.png","contentUrl":"https:\/\/onewood.dk\/wp-content\/uploads\/2024\/12\/Logo.png","width":180,"height":90,"caption":"One Wood Furniture A\/S"},"image":{"@id":"https:\/\/onewood.dk\/#\/schema\/logo\/image\/"}}]}},"_links":{"self":[{"href":"https:\/\/onewood.dk\/sv\/wp-json\/wp\/v2\/product\/1296","targetHints":{"allow":["GET"]}}],"collection":[{"href":"https:\/\/onewood.dk\/sv\/wp-json\/wp\/v2\/product"}],"about":[{"href":"https:\/\/onewood.dk\/sv\/wp-json\/wp\/v2\/types\/product"}],"wp:featuredmedia":[{"embeddable":true,"href":"https:\/\/onewood.dk\/sv\/wp-json\/wp\/v2\/media\/1991"}],"wp:attachment":[{"href":"https:\/\/onewood.dk\/sv\/wp-json\/wp\/v2\/media?parent=1296"}],"wp:term":[{"taxonomy":"product_brand","embeddable":true,"href":"https:\/\/onewood.dk\/sv\/wp-json\/wp\/v2\/product_brand?post=1296"},{"taxonomy":"product_cat","embeddable":true,"href":"https:\/\/onewood.dk\/sv\/wp-json\/wp\/v2\/product_cat?post=1296"},{"taxonomy":"product_tag","embeddable":true,"href":"https:\/\/onewood.dk\/sv\/wp-json\/wp\/v2\/product_tag?post=1296"}],"curies":[{"name":"wp","href":"https:\/\/api.w.org\/{rel}","templated":true}]}}