{"id":1310,"date":"2024-12-03T12:46:22","date_gmt":"2024-12-03T11:46:22","guid":{"rendered":"https:\/\/onewood.dkvare\/8520-outdoor-multibox\/"},"modified":"2025-02-26T14:15:01","modified_gmt":"2025-02-26T13:15:01","slug":"8520-outdoor-multibox","status":"publish","type":"product","link":"https:\/\/onewood.dk\/sv\/product\/8520-utomhus-multibox\/","title":{"rendered":"8520 \u2013 Multibox utomhus"},"content":{"rendered":"<p>Multiboxen utomhus med ben \u00e4r ett enkelt s\u00e4tt att f\u00f6rvara utomhusleksaker som barn l\u00e4tt kan n\u00e5.<\/p>\n<p>L\u00e5dan \u00e4r gjord av 15 mm. vattent\u00e4ta plywoodskivor.<\/p>\n<p>L\u00e5dan kan \u00f6ppnas upptill och framtill.<\/p>\n<p>H\u00e5l i botten f\u00f6r vattendr\u00e4nering.<\/p>\n<p>Levereras omonterad.<\/p>","protected":false},"excerpt":{"rendered":"<p>Multiboxen utomhus med ben \u00e4r ett enkelt s\u00e4tt att f\u00f6rvara utomhusleksaker som barn l\u00e4tt kan n\u00e5. L\u00e5dan \u00e4r gjord av 15 mm. vattent\u00e4ta plywoodskivor. L\u00e5dan kan \u00f6ppnas upptill och framtill. H\u00e5l i botten f\u00f6r vattendr\u00e4nering. Levereras omonterad.<\/p>","protected":false},"featured_media":2059,"template":"","meta":[],"product_brand":[],"product_cat":[561],"product_tag":[],"class_list":{"0":"post-1310","1":"product","2":"type-product","3":"status-publish","4":"has-post-thumbnail","6":"product_cat-opbevaringskasser","8":"first","9":"instock","10":"product-type-simple"},"yoast_head":"<!-- This site is optimized with the Yoast SEO plugin v24.4 - https:\/\/yoast.com\/wordpress\/plugins\/seo\/ -->\n<title>8520 - Outdoor multibox | One Wood Furniture A\/S<\/title>\n<meta name=\"robots\" content=\"index, follow, max-snippet:-1, max-image-preview:large, max-video-preview:-1\" \/>\n<link rel=\"canonical\" href=\"https:\/\/onewood.dk\/sv\/product\/8520-utomhus-multibox\/\" \/>\n<meta property=\"og:locale\" content=\"sv_SE\" \/>\n<meta property=\"og:type\" content=\"article\" \/>\n<meta property=\"og:title\" content=\"8520 - Outdoor multibox | One Wood Furniture A\/S\" \/>\n<meta property=\"og:description\" content=\"Outdoor multibox med ben er en let m\u00e5de at opbevare de udend\u00f8rs legesager, som b\u00f8rnene let kan n\u00e5. Boxen er udarbejdet i 15 mm. vandfaste krydsfinerplader. Kassen kan \u00e5bnes i top og front. Huller i bund for afl\u00f8b af vand. Leveres usamlet.\" \/>\n<meta property=\"og:url\" content=\"https:\/\/onewood.dk\/sv\/product\/8520-utomhus-multibox\/\" \/>\n<meta property=\"og:site_name\" content=\"One Wood Furniture A\/S\" \/>\n<meta property=\"article:modified_time\" content=\"2025-02-26T13:15:01+00:00\" \/>\n<meta property=\"og:image\" content=\"https:\/\/onewood.dk\/wp-content\/uploads\/2024\/12\/3592-scaled.jpg\" \/>\n\t<meta property=\"og:image:width\" content=\"2560\" \/>\n\t<meta property=\"og:image:height\" content=\"1699\" \/>\n\t<meta property=\"og:image:type\" content=\"image\/jpeg\" \/>\n<meta name=\"twitter:card\" content=\"summary_large_image\" \/>\n<meta name=\"twitter:label1\" content=\"Ber\u00e4knad l\u00e4stid\" \/>\n\t<meta name=\"twitter:data1\" content=\"1 minut\" \/>\n<script type=\"application\/ld+json\" class=\"yoast-schema-graph\">{\"@context\":\"https:\/\/schema.org\",\"@graph\":[{\"@type\":\"WebPage\",\"@id\":\"https:\/\/onewood.dk\/vare\/8520-outdoor-multibox\/\",\"url\":\"https:\/\/onewood.dk\/vare\/8520-outdoor-multibox\/\",\"name\":\"8520 - Outdoor multibox | One Wood Furniture A\/S\",\"isPartOf\":{\"@id\":\"https:\/\/onewood.dk\/#website\"},\"primaryImageOfPage\":{\"@id\":\"https:\/\/onewood.dk\/vare\/8520-outdoor-multibox\/#primaryimage\"},\"image\":{\"@id\":\"https:\/\/onewood.dk\/vare\/8520-outdoor-multibox\/#primaryimage\"},\"thumbnailUrl\":\"https:\/\/onewood.dk\/wp-content\/uploads\/2024\/12\/3592-scaled.jpg\",\"datePublished\":\"2024-12-03T11:46:22+00:00\",\"dateModified\":\"2025-02-26T13:15:01+00:00\",\"breadcrumb\":{\"@id\":\"https:\/\/onewood.dk\/vare\/8520-outdoor-multibox\/#breadcrumb\"},\"inLanguage\":\"sv-SE\",\"potentialAction\":[{\"@type\":\"ReadAction\",\"target\":[\"https:\/\/onewood.dk\/vare\/8520-outdoor-multibox\/\"]}]},{\"@type\":\"ImageObject\",\"inLanguage\":\"sv-SE\",\"@id\":\"https:\/\/onewood.dk\/vare\/8520-outdoor-multibox\/#primaryimage\",\"url\":\"https:\/\/onewood.dk\/wp-content\/uploads\/2024\/12\/3592-scaled.jpg\",\"contentUrl\":\"https:\/\/onewood.dk\/wp-content\/uploads\/2024\/12\/3592-scaled.jpg\",\"width\":2560,\"height\":1699},{\"@type\":\"BreadcrumbList\",\"@id\":\"https:\/\/onewood.dk\/vare\/8520-outdoor-multibox\/#breadcrumb\",\"itemListElement\":[{\"@type\":\"ListItem\",\"position\":1,\"name\":\"Varer\",\"item\":\"https:\/\/onewood.dk\/shop\/\"},{\"@type\":\"ListItem\",\"position\":2,\"name\":\"Opbevaringskasser\",\"item\":\"https:\/\/onewood.dk\/vare-kategori\/opbevaringskasser\/\"},{\"@type\":\"ListItem\",\"position\":3,\"name\":\"8520 &#8211; Outdoor multibox\"}]},{\"@type\":\"WebSite\",\"@id\":\"https:\/\/onewood.dk\/#website\",\"url\":\"https:\/\/onewood.dk\/\",\"name\":\"One Wood Furniture A\/S\",\"description\":\"\",\"publisher\":{\"@id\":\"https:\/\/onewood.dk\/#organization\"},\"potentialAction\":[{\"@type\":\"SearchAction\",\"target\":{\"@type\":\"EntryPoint\",\"urlTemplate\":\"https:\/\/onewood.dk\/?s={search_term_string}\"},\"query-input\":{\"@type\":\"PropertyValueSpecification\",\"valueRequired\":true,\"valueName\":\"search_term_string\"}}],\"inLanguage\":\"sv-SE\"},{\"@type\":\"Organization\",\"@id\":\"https:\/\/onewood.dk\/#organization\",\"name\":\"One Wood Furniture A\/S\",\"url\":\"https:\/\/onewood.dk\/\",\"logo\":{\"@type\":\"ImageObject\",\"inLanguage\":\"sv-SE\",\"@id\":\"https:\/\/onewood.dk\/#\/schema\/logo\/image\/\",\"url\":\"https:\/\/onewood.dk\/wp-content\/uploads\/2024\/12\/Logo.png\",\"contentUrl\":\"https:\/\/onewood.dk\/wp-content\/uploads\/2024\/12\/Logo.png\",\"width\":180,\"height\":90,\"caption\":\"One Wood Furniture A\/S\"},\"image\":{\"@id\":\"https:\/\/onewood.dk\/#\/schema\/logo\/image\/\"}}]}<\/script>\n<!-- \/ Yoast SEO plugin. -->","yoast_head_json":{"title":"8520 - Outdoor multibox | One Wood Furniture A\/S","robots":{"index":"index","follow":"follow","max-snippet":"max-snippet:-1","max-image-preview":"max-image-preview:large","max-video-preview":"max-video-preview:-1"},"canonical":"https:\/\/onewood.dk\/sv\/product\/8520-utomhus-multibox\/","og_locale":"sv_SE","og_type":"article","og_title":"8520 - Outdoor multibox | One Wood Furniture A\/S","og_description":"Outdoor multibox med ben er en let m\u00e5de at opbevare de udend\u00f8rs legesager, som b\u00f8rnene let kan n\u00e5. Boxen er udarbejdet i 15 mm. vandfaste krydsfinerplader. Kassen kan \u00e5bnes i top og front. Huller i bund for afl\u00f8b af vand. Leveres usamlet.","og_url":"https:\/\/onewood.dk\/sv\/product\/8520-utomhus-multibox\/","og_site_name":"One Wood Furniture A\/S","article_modified_time":"2025-02-26T13:15:01+00:00","og_image":[{"width":2560,"height":1699,"url":"https:\/\/onewood.dk\/wp-content\/uploads\/2024\/12\/3592-scaled.jpg","type":"image\/jpeg"}],"twitter_card":"summary_large_image","twitter_misc":{"Ber\u00e4knad l\u00e4stid":"1 minut"},"schema":{"@context":"https:\/\/schema.org","@graph":[{"@type":"WebPage","@id":"https:\/\/onewood.dk\/vare\/8520-outdoor-multibox\/","url":"https:\/\/onewood.dk\/vare\/8520-outdoor-multibox\/","name":"8520 - Outdoor multibox | One Wood Furniture A\/S","isPartOf":{"@id":"https:\/\/onewood.dk\/#website"},"primaryImageOfPage":{"@id":"https:\/\/onewood.dk\/vare\/8520-outdoor-multibox\/#primaryimage"},"image":{"@id":"https:\/\/onewood.dk\/vare\/8520-outdoor-multibox\/#primaryimage"},"thumbnailUrl":"https:\/\/onewood.dk\/wp-content\/uploads\/2024\/12\/3592-scaled.jpg","datePublished":"2024-12-03T11:46:22+00:00","dateModified":"2025-02-26T13:15:01+00:00","breadcrumb":{"@id":"https:\/\/onewood.dk\/vare\/8520-outdoor-multibox\/#breadcrumb"},"inLanguage":"sv-SE","potentialAction":[{"@type":"ReadAction","target":["https:\/\/onewood.dk\/vare\/8520-outdoor-multibox\/"]}]},{"@type":"ImageObject","inLanguage":"sv-SE","@id":"https:\/\/onewood.dk\/vare\/8520-outdoor-multibox\/#primaryimage","url":"https:\/\/onewood.dk\/wp-content\/uploads\/2024\/12\/3592-scaled.jpg","contentUrl":"https:\/\/onewood.dk\/wp-content\/uploads\/2024\/12\/3592-scaled.jpg","width":2560,"height":1699},{"@type":"BreadcrumbList","@id":"https:\/\/onewood.dk\/vare\/8520-outdoor-multibox\/#breadcrumb","itemListElement":[{"@type":"ListItem","position":1,"name":"Varer","item":"https:\/\/onewood.dk\/shop\/"},{"@type":"ListItem","position":2,"name":"Opbevaringskasser","item":"https:\/\/onewood.dk\/vare-kategori\/opbevaringskasser\/"},{"@type":"ListItem","position":3,"name":"8520 &#8211; Outdoor multibox"}]},{"@type":"WebSite","@id":"https:\/\/onewood.dk\/#website","url":"https:\/\/onewood.dk\/","name":"One Wood Furniture A\/S","description":"","publisher":{"@id":"https:\/\/onewood.dk\/#organization"},"potentialAction":[{"@type":"SearchAction","target":{"@type":"EntryPoint","urlTemplate":"https:\/\/onewood.dk\/?s={search_term_string}"},"query-input":{"@type":"PropertyValueSpecification","valueRequired":true,"valueName":"search_term_string"}}],"inLanguage":"sv-SE"},{"@type":"Organization","@id":"https:\/\/onewood.dk\/#organization","name":"One Wood Furniture A\/S","url":"https:\/\/onewood.dk\/","logo":{"@type":"ImageObject","inLanguage":"sv-SE","@id":"https:\/\/onewood.dk\/#\/schema\/logo\/image\/","url":"https:\/\/onewood.dk\/wp-content\/uploads\/2024\/12\/Logo.png","contentUrl":"https:\/\/onewood.dk\/wp-content\/uploads\/2024\/12\/Logo.png","width":180,"height":90,"caption":"One Wood Furniture A\/S"},"image":{"@id":"https:\/\/onewood.dk\/#\/schema\/logo\/image\/"}}]}},"_links":{"self":[{"href":"https:\/\/onewood.dk\/sv\/wp-json\/wp\/v2\/product\/1310","targetHints":{"allow":["GET"]}}],"collection":[{"href":"https:\/\/onewood.dk\/sv\/wp-json\/wp\/v2\/product"}],"about":[{"href":"https:\/\/onewood.dk\/sv\/wp-json\/wp\/v2\/types\/product"}],"wp:featuredmedia":[{"embeddable":true,"href":"https:\/\/onewood.dk\/sv\/wp-json\/wp\/v2\/media\/2059"}],"wp:attachment":[{"href":"https:\/\/onewood.dk\/sv\/wp-json\/wp\/v2\/media?parent=1310"}],"wp:term":[{"taxonomy":"product_brand","embeddable":true,"href":"https:\/\/onewood.dk\/sv\/wp-json\/wp\/v2\/product_brand?post=1310"},{"taxonomy":"product_cat","embeddable":true,"href":"https:\/\/onewood.dk\/sv\/wp-json\/wp\/v2\/product_cat?post=1310"},{"taxonomy":"product_tag","embeddable":true,"href":"https:\/\/onewood.dk\/sv\/wp-json\/wp\/v2\/product_tag?post=1310"}],"curies":[{"name":"wp","href":"https:\/\/api.w.org\/{rel}","templated":true}]}}