{"id":1333,"date":"2024-12-03T12:46:25","date_gmt":"2024-12-03T11:46:25","guid":{"rendered":"https:\/\/onewood.dkvare\/7360-udklaedningsvogn\/"},"modified":"2025-02-26T13:06:15","modified_gmt":"2025-02-26T12:06:15","slug":"7360-udklaedningsvogn","status":"publish","type":"product","link":"https:\/\/onewood.dk\/sv\/product\/7360-dressing-vagn\/","title":{"rendered":"7360 \u2013 P\u00e5kl\u00e4dningsvagn"},"content":{"rendered":"<p>Barn tycker om rollspel eftersom det g\u00f6r att de kan hitta p\u00e5 olika roller och leka och experimentera med teman som de k\u00e4nner till fr\u00e5n andra m\u00e4nniskor och djur. Rollspel uppst\u00e5r s\u00e4rskilt f\u00f6r att det inbjuder till samh\u00f6righet och ut\u00f6kar sociala f\u00e4rdigheter. Det \u00e4r d\u00e4rf\u00f6r viktigt att skapa r\u00e4tt ramar f\u00f6r detta.<\/p>\n<p>P\u00e5kl\u00e4dningsvagn i 18 mm vitpigmenterad bj\u00f6rkplywood.<\/p>\n<p>Inneh\u00e5ller spegel, hylla, skofack och kl\u00e4dh\u00e4ngare.<\/p>","protected":false},"excerpt":{"rendered":"<p>B\u00f8rn nyder rolleleg, da det giver dem mulighed for at opfinde forskellige roller, og lege og eksperimentere med temaer som de kender fra andre mennesker og dyr. Rolleleg opst\u00e5r is\u00e6r, fordi det indbyder til samv\u00e6r og udvider de sociale f\u00e6rdigheder. Det er derfor vigtigt at skabe de rigtige rammer til dette. Udkl\u00e6dningsvogn i 18 mm [&hellip;]<\/p>","protected":false},"featured_media":2165,"template":"","meta":[],"product_brand":[],"product_cat":[560],"product_tag":[],"class_list":{"0":"post-1333","1":"product","2":"type-product","3":"status-publish","4":"has-post-thumbnail","6":"product_cat-legemoebler","8":"first","9":"instock","10":"product-type-simple"},"yoast_head":"<!-- This site is optimized with the Yoast SEO plugin v24.4 - https:\/\/yoast.com\/wordpress\/plugins\/seo\/ -->\n<title>7360 - Udkl\u00e6dningsvogn | One Wood Furniture A\/S<\/title>\n<meta name=\"robots\" content=\"index, follow, max-snippet:-1, max-image-preview:large, max-video-preview:-1\" \/>\n<link rel=\"canonical\" href=\"https:\/\/onewood.dk\/sv\/product\/7360-dressing-vagn\/\" \/>\n<meta property=\"og:locale\" content=\"sv_SE\" \/>\n<meta property=\"og:type\" content=\"article\" \/>\n<meta property=\"og:title\" content=\"7360 - Udkl\u00e6dningsvogn | One Wood Furniture A\/S\" \/>\n<meta property=\"og:description\" content=\"B\u00f8rn nyder rolleleg, da det giver dem mulighed for at opfinde forskellige roller, og lege og eksperimentere med temaer som de kender fra andre mennesker og dyr. Rolleleg opst\u00e5r is\u00e6r, fordi det indbyder til samv\u00e6r og udvider de sociale f\u00e6rdigheder. Det er derfor vigtigt at skabe de rigtige rammer til dette. Udkl\u00e6dningsvogn i 18 mm [&hellip;]\" \/>\n<meta property=\"og:url\" content=\"https:\/\/onewood.dk\/sv\/product\/7360-dressing-vagn\/\" \/>\n<meta property=\"og:site_name\" content=\"One Wood Furniture A\/S\" \/>\n<meta property=\"article:modified_time\" content=\"2025-02-26T12:06:15+00:00\" \/>\n<meta property=\"og:image\" content=\"https:\/\/onewood.dk\/wp-content\/uploads\/2024\/12\/3551-scaled.jpg\" \/>\n\t<meta property=\"og:image:width\" content=\"2560\" \/>\n\t<meta property=\"og:image:height\" content=\"1707\" \/>\n\t<meta property=\"og:image:type\" content=\"image\/jpeg\" \/>\n<meta name=\"twitter:card\" content=\"summary_large_image\" \/>\n<meta name=\"twitter:label1\" content=\"Ber\u00e4knad l\u00e4stid\" \/>\n\t<meta name=\"twitter:data1\" content=\"1 minut\" \/>\n<script type=\"application\/ld+json\" class=\"yoast-schema-graph\">{\"@context\":\"https:\/\/schema.org\",\"@graph\":[{\"@type\":\"WebPage\",\"@id\":\"https:\/\/onewood.dk\/vare\/7360-udklaedningsvogn\/\",\"url\":\"https:\/\/onewood.dk\/vare\/7360-udklaedningsvogn\/\",\"name\":\"7360 - Udkl\u00e6dningsvogn | One Wood Furniture A\/S\",\"isPartOf\":{\"@id\":\"https:\/\/onewood.dk\/#website\"},\"primaryImageOfPage\":{\"@id\":\"https:\/\/onewood.dk\/vare\/7360-udklaedningsvogn\/#primaryimage\"},\"image\":{\"@id\":\"https:\/\/onewood.dk\/vare\/7360-udklaedningsvogn\/#primaryimage\"},\"thumbnailUrl\":\"https:\/\/onewood.dk\/wp-content\/uploads\/2024\/12\/3551-scaled.jpg\",\"datePublished\":\"2024-12-03T11:46:25+00:00\",\"dateModified\":\"2025-02-26T12:06:15+00:00\",\"breadcrumb\":{\"@id\":\"https:\/\/onewood.dk\/vare\/7360-udklaedningsvogn\/#breadcrumb\"},\"inLanguage\":\"sv-SE\",\"potentialAction\":[{\"@type\":\"ReadAction\",\"target\":[\"https:\/\/onewood.dk\/vare\/7360-udklaedningsvogn\/\"]}]},{\"@type\":\"ImageObject\",\"inLanguage\":\"sv-SE\",\"@id\":\"https:\/\/onewood.dk\/vare\/7360-udklaedningsvogn\/#primaryimage\",\"url\":\"https:\/\/onewood.dk\/wp-content\/uploads\/2024\/12\/3551-scaled.jpg\",\"contentUrl\":\"https:\/\/onewood.dk\/wp-content\/uploads\/2024\/12\/3551-scaled.jpg\",\"width\":2560,\"height\":1707},{\"@type\":\"BreadcrumbList\",\"@id\":\"https:\/\/onewood.dk\/vare\/7360-udklaedningsvogn\/#breadcrumb\",\"itemListElement\":[{\"@type\":\"ListItem\",\"position\":1,\"name\":\"Varer\",\"item\":\"https:\/\/onewood.dk\/shop\/\"},{\"@type\":\"ListItem\",\"position\":2,\"name\":\"Legem\u00f8bler\",\"item\":\"https:\/\/onewood.dk\/vare-kategori\/legemoebler\/\"},{\"@type\":\"ListItem\",\"position\":3,\"name\":\"7360 &#8211; Udkl\u00e6dningsvogn\"}]},{\"@type\":\"WebSite\",\"@id\":\"https:\/\/onewood.dk\/#website\",\"url\":\"https:\/\/onewood.dk\/\",\"name\":\"One Wood Furniture A\/S\",\"description\":\"\",\"publisher\":{\"@id\":\"https:\/\/onewood.dk\/#organization\"},\"potentialAction\":[{\"@type\":\"SearchAction\",\"target\":{\"@type\":\"EntryPoint\",\"urlTemplate\":\"https:\/\/onewood.dk\/?s={search_term_string}\"},\"query-input\":{\"@type\":\"PropertyValueSpecification\",\"valueRequired\":true,\"valueName\":\"search_term_string\"}}],\"inLanguage\":\"sv-SE\"},{\"@type\":\"Organization\",\"@id\":\"https:\/\/onewood.dk\/#organization\",\"name\":\"One Wood Furniture A\/S\",\"url\":\"https:\/\/onewood.dk\/\",\"logo\":{\"@type\":\"ImageObject\",\"inLanguage\":\"sv-SE\",\"@id\":\"https:\/\/onewood.dk\/#\/schema\/logo\/image\/\",\"url\":\"https:\/\/onewood.dk\/wp-content\/uploads\/2024\/12\/Logo.png\",\"contentUrl\":\"https:\/\/onewood.dk\/wp-content\/uploads\/2024\/12\/Logo.png\",\"width\":180,\"height\":90,\"caption\":\"One Wood Furniture A\/S\"},\"image\":{\"@id\":\"https:\/\/onewood.dk\/#\/schema\/logo\/image\/\"}}]}<\/script>\n<!-- \/ Yoast SEO plugin. -->","yoast_head_json":{"title":"7360 - Udkl\u00e6dningsvogn | One Wood Furniture A\/S","robots":{"index":"index","follow":"follow","max-snippet":"max-snippet:-1","max-image-preview":"max-image-preview:large","max-video-preview":"max-video-preview:-1"},"canonical":"https:\/\/onewood.dk\/sv\/product\/7360-dressing-vagn\/","og_locale":"sv_SE","og_type":"article","og_title":"7360 - Udkl\u00e6dningsvogn | One Wood Furniture A\/S","og_description":"B\u00f8rn nyder rolleleg, da det giver dem mulighed for at opfinde forskellige roller, og lege og eksperimentere med temaer som de kender fra andre mennesker og dyr. Rolleleg opst\u00e5r is\u00e6r, fordi det indbyder til samv\u00e6r og udvider de sociale f\u00e6rdigheder. Det er derfor vigtigt at skabe de rigtige rammer til dette. Udkl\u00e6dningsvogn i 18 mm [&hellip;]","og_url":"https:\/\/onewood.dk\/sv\/product\/7360-dressing-vagn\/","og_site_name":"One Wood Furniture A\/S","article_modified_time":"2025-02-26T12:06:15+00:00","og_image":[{"width":2560,"height":1707,"url":"https:\/\/onewood.dk\/wp-content\/uploads\/2024\/12\/3551-scaled.jpg","type":"image\/jpeg"}],"twitter_card":"summary_large_image","twitter_misc":{"Ber\u00e4knad l\u00e4stid":"1 minut"},"schema":{"@context":"https:\/\/schema.org","@graph":[{"@type":"WebPage","@id":"https:\/\/onewood.dk\/vare\/7360-udklaedningsvogn\/","url":"https:\/\/onewood.dk\/vare\/7360-udklaedningsvogn\/","name":"7360 - Udkl\u00e6dningsvogn | One Wood Furniture A\/S","isPartOf":{"@id":"https:\/\/onewood.dk\/#website"},"primaryImageOfPage":{"@id":"https:\/\/onewood.dk\/vare\/7360-udklaedningsvogn\/#primaryimage"},"image":{"@id":"https:\/\/onewood.dk\/vare\/7360-udklaedningsvogn\/#primaryimage"},"thumbnailUrl":"https:\/\/onewood.dk\/wp-content\/uploads\/2024\/12\/3551-scaled.jpg","datePublished":"2024-12-03T11:46:25+00:00","dateModified":"2025-02-26T12:06:15+00:00","breadcrumb":{"@id":"https:\/\/onewood.dk\/vare\/7360-udklaedningsvogn\/#breadcrumb"},"inLanguage":"sv-SE","potentialAction":[{"@type":"ReadAction","target":["https:\/\/onewood.dk\/vare\/7360-udklaedningsvogn\/"]}]},{"@type":"ImageObject","inLanguage":"sv-SE","@id":"https:\/\/onewood.dk\/vare\/7360-udklaedningsvogn\/#primaryimage","url":"https:\/\/onewood.dk\/wp-content\/uploads\/2024\/12\/3551-scaled.jpg","contentUrl":"https:\/\/onewood.dk\/wp-content\/uploads\/2024\/12\/3551-scaled.jpg","width":2560,"height":1707},{"@type":"BreadcrumbList","@id":"https:\/\/onewood.dk\/vare\/7360-udklaedningsvogn\/#breadcrumb","itemListElement":[{"@type":"ListItem","position":1,"name":"Varer","item":"https:\/\/onewood.dk\/shop\/"},{"@type":"ListItem","position":2,"name":"Legem\u00f8bler","item":"https:\/\/onewood.dk\/vare-kategori\/legemoebler\/"},{"@type":"ListItem","position":3,"name":"7360 &#8211; Udkl\u00e6dningsvogn"}]},{"@type":"WebSite","@id":"https:\/\/onewood.dk\/#website","url":"https:\/\/onewood.dk\/","name":"One Wood Furniture A\/S","description":"","publisher":{"@id":"https:\/\/onewood.dk\/#organization"},"potentialAction":[{"@type":"SearchAction","target":{"@type":"EntryPoint","urlTemplate":"https:\/\/onewood.dk\/?s={search_term_string}"},"query-input":{"@type":"PropertyValueSpecification","valueRequired":true,"valueName":"search_term_string"}}],"inLanguage":"sv-SE"},{"@type":"Organization","@id":"https:\/\/onewood.dk\/#organization","name":"One Wood Furniture A\/S","url":"https:\/\/onewood.dk\/","logo":{"@type":"ImageObject","inLanguage":"sv-SE","@id":"https:\/\/onewood.dk\/#\/schema\/logo\/image\/","url":"https:\/\/onewood.dk\/wp-content\/uploads\/2024\/12\/Logo.png","contentUrl":"https:\/\/onewood.dk\/wp-content\/uploads\/2024\/12\/Logo.png","width":180,"height":90,"caption":"One Wood Furniture A\/S"},"image":{"@id":"https:\/\/onewood.dk\/#\/schema\/logo\/image\/"}}]}},"_links":{"self":[{"href":"https:\/\/onewood.dk\/sv\/wp-json\/wp\/v2\/product\/1333","targetHints":{"allow":["GET"]}}],"collection":[{"href":"https:\/\/onewood.dk\/sv\/wp-json\/wp\/v2\/product"}],"about":[{"href":"https:\/\/onewood.dk\/sv\/wp-json\/wp\/v2\/types\/product"}],"wp:featuredmedia":[{"embeddable":true,"href":"https:\/\/onewood.dk\/sv\/wp-json\/wp\/v2\/media\/2165"}],"wp:attachment":[{"href":"https:\/\/onewood.dk\/sv\/wp-json\/wp\/v2\/media?parent=1333"}],"wp:term":[{"taxonomy":"product_brand","embeddable":true,"href":"https:\/\/onewood.dk\/sv\/wp-json\/wp\/v2\/product_brand?post=1333"},{"taxonomy":"product_cat","embeddable":true,"href":"https:\/\/onewood.dk\/sv\/wp-json\/wp\/v2\/product_cat?post=1333"},{"taxonomy":"product_tag","embeddable":true,"href":"https:\/\/onewood.dk\/sv\/wp-json\/wp\/v2\/product_tag?post=1333"}],"curies":[{"name":"wp","href":"https:\/\/api.w.org\/{rel}","templated":true}]}}