{"id":1338,"date":"2024-12-03T12:46:25","date_gmt":"2024-12-03T11:46:25","guid":{"rendered":"https:\/\/onewood.dkvare\/8850s-rektangel-med-laminat\/"},"modified":"2025-02-26T11:45:47","modified_gmt":"2025-02-26T10:45:47","slug":"8850s-rektangel-med-laminat","status":"publish","type":"product","link":"https:\/\/onewood.dk\/sv\/product\/8850s-rektangel-med-laminat\/","title":{"rendered":"8850S \u2013 Rektangel med laminat"},"content":{"rendered":"<p>One Wood scensortiment ger barn m\u00f6jlighet att uttrycka sig genom f\u00f6rest\u00e4llningar. Scensortimentet inbjuder \u00e4ven till rollspel och umg\u00e4nge, vilket utvecklar deras sociala kompetens. Det \u00e4r d\u00e4rf\u00f6r viktigt att skapa r\u00e4tt ramar f\u00f6r detta.<\/p>\n<p>&nbsp;<\/p>\n<p>Scenbox i 15mm vitpigmenterad bj\u00f6rkplywood med slitstarkt svart laminat ovanp\u00e5.<\/p>","protected":false},"excerpt":{"rendered":"<p>One Wood scenserie ger barn m\u00f6jlighet att uttrycka sig genom framtr\u00e4danden. Scenserien inbjuder ocks\u00e5 till rollspel och umg\u00e4nge, vilket utvecklar deras sociala f\u00e4rdigheter. Det \u00e4r d\u00e4rf\u00f6r viktigt att skapa r\u00e4tt ram f\u00f6r detta. Scenl\u00e5da i 15 mm vitpigmenterad bj\u00f6rkplywood med slitstark svart laminat ovanp\u00e5.<\/p>","protected":false},"featured_media":2187,"template":"","meta":[],"product_brand":[],"product_cat":[583,560],"product_tag":[],"class_list":{"0":"post-1338","1":"product","2":"type-product","3":"status-publish","4":"has-post-thumbnail","6":"product_cat-scenesortiment","7":"product_cat-legemoebler","9":"first","10":"instock","11":"product-type-simple"},"yoast_head":"<!-- This site is optimized with the Yoast SEO plugin v24.4 - https:\/\/yoast.com\/wordpress\/plugins\/seo\/ -->\n<title>8850S - Rektangel med laminat | One Wood Furniture A\/S<\/title>\n<meta name=\"robots\" content=\"index, follow, max-snippet:-1, max-image-preview:large, max-video-preview:-1\" \/>\n<link rel=\"canonical\" href=\"https:\/\/onewood.dk\/sv\/product\/8850s-rektangel-med-laminat\/\" \/>\n<meta property=\"og:locale\" content=\"sv_SE\" \/>\n<meta property=\"og:type\" content=\"article\" \/>\n<meta property=\"og:title\" content=\"8850S - Rektangel med laminat | One Wood Furniture A\/S\" \/>\n<meta property=\"og:description\" content=\"One Wood scenesortiment giver b\u00f8rnene mulighed for at udfolde sig gennem optr\u00e6dener. Scenesortimentet indbyder samtidig ogs\u00e5 til rolleleg og samv\u00e6r, hvilket udvikler deres sociale f\u00e6rdigheder. Det er derfor vigtigt at skabe de rigtige rammer til dette. &nbsp; Scenekasse i 15mm hvidpigmenteret birkekrydsfiner med slidst\u00e6rk sort laminat p\u00e5 toppen.\" \/>\n<meta property=\"og:url\" content=\"https:\/\/onewood.dk\/sv\/product\/8850s-rektangel-med-laminat\/\" \/>\n<meta property=\"og:site_name\" content=\"One Wood Furniture A\/S\" \/>\n<meta property=\"article:modified_time\" content=\"2025-02-26T10:45:47+00:00\" \/>\n<meta property=\"og:image\" content=\"https:\/\/onewood.dk\/wp-content\/uploads\/2024\/12\/3559-scaled.jpg\" \/>\n\t<meta property=\"og:image:width\" content=\"2560\" \/>\n\t<meta property=\"og:image:height\" content=\"1707\" \/>\n\t<meta property=\"og:image:type\" content=\"image\/jpeg\" \/>\n<meta name=\"twitter:card\" content=\"summary_large_image\" \/>\n<meta name=\"twitter:label1\" content=\"Ber\u00e4knad l\u00e4stid\" \/>\n\t<meta name=\"twitter:data1\" content=\"1 minut\" \/>\n<script type=\"application\/ld+json\" class=\"yoast-schema-graph\">{\"@context\":\"https:\/\/schema.org\",\"@graph\":[{\"@type\":\"WebPage\",\"@id\":\"https:\/\/onewood.dk\/vare\/8850s-rektangel-med-laminat\/\",\"url\":\"https:\/\/onewood.dk\/vare\/8850s-rektangel-med-laminat\/\",\"name\":\"8850S - Rektangel med laminat | One Wood Furniture A\/S\",\"isPartOf\":{\"@id\":\"https:\/\/onewood.dk\/#website\"},\"primaryImageOfPage\":{\"@id\":\"https:\/\/onewood.dk\/vare\/8850s-rektangel-med-laminat\/#primaryimage\"},\"image\":{\"@id\":\"https:\/\/onewood.dk\/vare\/8850s-rektangel-med-laminat\/#primaryimage\"},\"thumbnailUrl\":\"https:\/\/onewood.dk\/wp-content\/uploads\/2024\/12\/3559-scaled.jpg\",\"datePublished\":\"2024-12-03T11:46:25+00:00\",\"dateModified\":\"2025-02-26T10:45:47+00:00\",\"breadcrumb\":{\"@id\":\"https:\/\/onewood.dk\/vare\/8850s-rektangel-med-laminat\/#breadcrumb\"},\"inLanguage\":\"sv-SE\",\"potentialAction\":[{\"@type\":\"ReadAction\",\"target\":[\"https:\/\/onewood.dk\/vare\/8850s-rektangel-med-laminat\/\"]}]},{\"@type\":\"ImageObject\",\"inLanguage\":\"sv-SE\",\"@id\":\"https:\/\/onewood.dk\/vare\/8850s-rektangel-med-laminat\/#primaryimage\",\"url\":\"https:\/\/onewood.dk\/wp-content\/uploads\/2024\/12\/3559-scaled.jpg\",\"contentUrl\":\"https:\/\/onewood.dk\/wp-content\/uploads\/2024\/12\/3559-scaled.jpg\",\"width\":2560,\"height\":1707},{\"@type\":\"BreadcrumbList\",\"@id\":\"https:\/\/onewood.dk\/vare\/8850s-rektangel-med-laminat\/#breadcrumb\",\"itemListElement\":[{\"@type\":\"ListItem\",\"position\":1,\"name\":\"Varer\",\"item\":\"https:\/\/onewood.dk\/shop\/\"},{\"@type\":\"ListItem\",\"position\":2,\"name\":\"Legem\u00f8bler\",\"item\":\"https:\/\/onewood.dk\/vare-kategori\/legemoebler\/\"},{\"@type\":\"ListItem\",\"position\":3,\"name\":\"Scenesortiment\",\"item\":\"https:\/\/onewood.dk\/vare-kategori\/legemoebler\/scenesortiment\/\"},{\"@type\":\"ListItem\",\"position\":4,\"name\":\"8850S &#8211; Rektangel med laminat\"}]},{\"@type\":\"WebSite\",\"@id\":\"https:\/\/onewood.dk\/#website\",\"url\":\"https:\/\/onewood.dk\/\",\"name\":\"One Wood Furniture A\/S\",\"description\":\"\",\"publisher\":{\"@id\":\"https:\/\/onewood.dk\/#organization\"},\"potentialAction\":[{\"@type\":\"SearchAction\",\"target\":{\"@type\":\"EntryPoint\",\"urlTemplate\":\"https:\/\/onewood.dk\/?s={search_term_string}\"},\"query-input\":{\"@type\":\"PropertyValueSpecification\",\"valueRequired\":true,\"valueName\":\"search_term_string\"}}],\"inLanguage\":\"sv-SE\"},{\"@type\":\"Organization\",\"@id\":\"https:\/\/onewood.dk\/#organization\",\"name\":\"One Wood Furniture A\/S\",\"url\":\"https:\/\/onewood.dk\/\",\"logo\":{\"@type\":\"ImageObject\",\"inLanguage\":\"sv-SE\",\"@id\":\"https:\/\/onewood.dk\/#\/schema\/logo\/image\/\",\"url\":\"https:\/\/onewood.dk\/wp-content\/uploads\/2024\/12\/Logo.png\",\"contentUrl\":\"https:\/\/onewood.dk\/wp-content\/uploads\/2024\/12\/Logo.png\",\"width\":180,\"height\":90,\"caption\":\"One Wood Furniture A\/S\"},\"image\":{\"@id\":\"https:\/\/onewood.dk\/#\/schema\/logo\/image\/\"}}]}<\/script>\n<!-- \/ Yoast SEO plugin. -->","yoast_head_json":{"title":"8850S - Rektangel med laminat | One Wood Furniture A\/S","robots":{"index":"index","follow":"follow","max-snippet":"max-snippet:-1","max-image-preview":"max-image-preview:large","max-video-preview":"max-video-preview:-1"},"canonical":"https:\/\/onewood.dk\/sv\/product\/8850s-rektangel-med-laminat\/","og_locale":"sv_SE","og_type":"article","og_title":"8850S - Rektangel med laminat | One Wood Furniture A\/S","og_description":"One Wood scenesortiment giver b\u00f8rnene mulighed for at udfolde sig gennem optr\u00e6dener. Scenesortimentet indbyder samtidig ogs\u00e5 til rolleleg og samv\u00e6r, hvilket udvikler deres sociale f\u00e6rdigheder. Det er derfor vigtigt at skabe de rigtige rammer til dette. &nbsp; Scenekasse i 15mm hvidpigmenteret birkekrydsfiner med slidst\u00e6rk sort laminat p\u00e5 toppen.","og_url":"https:\/\/onewood.dk\/sv\/product\/8850s-rektangel-med-laminat\/","og_site_name":"One Wood Furniture A\/S","article_modified_time":"2025-02-26T10:45:47+00:00","og_image":[{"width":2560,"height":1707,"url":"https:\/\/onewood.dk\/wp-content\/uploads\/2024\/12\/3559-scaled.jpg","type":"image\/jpeg"}],"twitter_card":"summary_large_image","twitter_misc":{"Ber\u00e4knad l\u00e4stid":"1 minut"},"schema":{"@context":"https:\/\/schema.org","@graph":[{"@type":"WebPage","@id":"https:\/\/onewood.dk\/vare\/8850s-rektangel-med-laminat\/","url":"https:\/\/onewood.dk\/vare\/8850s-rektangel-med-laminat\/","name":"8850S - Rektangel med laminat | One Wood Furniture A\/S","isPartOf":{"@id":"https:\/\/onewood.dk\/#website"},"primaryImageOfPage":{"@id":"https:\/\/onewood.dk\/vare\/8850s-rektangel-med-laminat\/#primaryimage"},"image":{"@id":"https:\/\/onewood.dk\/vare\/8850s-rektangel-med-laminat\/#primaryimage"},"thumbnailUrl":"https:\/\/onewood.dk\/wp-content\/uploads\/2024\/12\/3559-scaled.jpg","datePublished":"2024-12-03T11:46:25+00:00","dateModified":"2025-02-26T10:45:47+00:00","breadcrumb":{"@id":"https:\/\/onewood.dk\/vare\/8850s-rektangel-med-laminat\/#breadcrumb"},"inLanguage":"sv-SE","potentialAction":[{"@type":"ReadAction","target":["https:\/\/onewood.dk\/vare\/8850s-rektangel-med-laminat\/"]}]},{"@type":"ImageObject","inLanguage":"sv-SE","@id":"https:\/\/onewood.dk\/vare\/8850s-rektangel-med-laminat\/#primaryimage","url":"https:\/\/onewood.dk\/wp-content\/uploads\/2024\/12\/3559-scaled.jpg","contentUrl":"https:\/\/onewood.dk\/wp-content\/uploads\/2024\/12\/3559-scaled.jpg","width":2560,"height":1707},{"@type":"BreadcrumbList","@id":"https:\/\/onewood.dk\/vare\/8850s-rektangel-med-laminat\/#breadcrumb","itemListElement":[{"@type":"ListItem","position":1,"name":"Varer","item":"https:\/\/onewood.dk\/shop\/"},{"@type":"ListItem","position":2,"name":"Legem\u00f8bler","item":"https:\/\/onewood.dk\/vare-kategori\/legemoebler\/"},{"@type":"ListItem","position":3,"name":"Scenesortiment","item":"https:\/\/onewood.dk\/vare-kategori\/legemoebler\/scenesortiment\/"},{"@type":"ListItem","position":4,"name":"8850S &#8211; Rektangel med laminat"}]},{"@type":"WebSite","@id":"https:\/\/onewood.dk\/#website","url":"https:\/\/onewood.dk\/","name":"One Wood Furniture A\/S","description":"","publisher":{"@id":"https:\/\/onewood.dk\/#organization"},"potentialAction":[{"@type":"SearchAction","target":{"@type":"EntryPoint","urlTemplate":"https:\/\/onewood.dk\/?s={search_term_string}"},"query-input":{"@type":"PropertyValueSpecification","valueRequired":true,"valueName":"search_term_string"}}],"inLanguage":"sv-SE"},{"@type":"Organization","@id":"https:\/\/onewood.dk\/#organization","name":"One Wood Furniture A\/S","url":"https:\/\/onewood.dk\/","logo":{"@type":"ImageObject","inLanguage":"sv-SE","@id":"https:\/\/onewood.dk\/#\/schema\/logo\/image\/","url":"https:\/\/onewood.dk\/wp-content\/uploads\/2024\/12\/Logo.png","contentUrl":"https:\/\/onewood.dk\/wp-content\/uploads\/2024\/12\/Logo.png","width":180,"height":90,"caption":"One Wood Furniture A\/S"},"image":{"@id":"https:\/\/onewood.dk\/#\/schema\/logo\/image\/"}}]}},"_links":{"self":[{"href":"https:\/\/onewood.dk\/sv\/wp-json\/wp\/v2\/product\/1338","targetHints":{"allow":["GET"]}}],"collection":[{"href":"https:\/\/onewood.dk\/sv\/wp-json\/wp\/v2\/product"}],"about":[{"href":"https:\/\/onewood.dk\/sv\/wp-json\/wp\/v2\/types\/product"}],"wp:featuredmedia":[{"embeddable":true,"href":"https:\/\/onewood.dk\/sv\/wp-json\/wp\/v2\/media\/2187"}],"wp:attachment":[{"href":"https:\/\/onewood.dk\/sv\/wp-json\/wp\/v2\/media?parent=1338"}],"wp:term":[{"taxonomy":"product_brand","embeddable":true,"href":"https:\/\/onewood.dk\/sv\/wp-json\/wp\/v2\/product_brand?post=1338"},{"taxonomy":"product_cat","embeddable":true,"href":"https:\/\/onewood.dk\/sv\/wp-json\/wp\/v2\/product_cat?post=1338"},{"taxonomy":"product_tag","embeddable":true,"href":"https:\/\/onewood.dk\/sv\/wp-json\/wp\/v2\/product_tag?post=1338"}],"curies":[{"name":"wp","href":"https:\/\/api.w.org\/{rel}","templated":true}]}}