{"id":1362,"date":"2024-12-03T12:46:29","date_gmt":"2024-12-03T11:46:29","guid":{"rendered":"https:\/\/onewood.dkvare\/6112-one-wood-mobilreol-6-rum\/"},"modified":"2025-02-10T14:22:35","modified_gmt":"2025-02-10T13:22:35","slug":"6112-one-wood-mobilreol-6-rum","status":"publish","type":"product","link":"https:\/\/onewood.dk\/sv\/product\/6112-en-mobil-hylla-i-tra-6-fack\/","title":{"rendered":"6112 \u2013 One Wood mobil hyllplan 6 fack"},"content":{"rendered":"<p>Mobilt hyllsystem med 6 fack i 18 mm vitpigmenterad bj\u00f6rkplywood med ljusgr\u00e5 laminat p\u00e5 topppanelen.<\/p>","protected":false},"excerpt":{"rendered":"<p class=\"bodytext\">One Wood mobilhylla \u00e4r en del av One Woods stora sortiment av h\u00f6gkvalitativa hyllor - vi erbjuder ett brett urval av hyllor f\u00f6r olika funktioner och med olika laminatf\u00e4rger p\u00e5 toppplattan. Finns med 4, 6, 9 och 12 fack.<\/p>\n<p class=\"bodytext\">\n<p>Hyllan levereras som standard med hjul och exkl. f\u00f6rvaringsl\u00e5dor \u2013 se tillbeh\u00f6r.<\/p>\n<p>&nbsp;<\/p>\n<p><strong>Tillbeh\u00f6r:<\/strong><\/p>\n<p><strong>6155<\/strong> Stor f\u00f6rvaringsl\u00e5da 380mm x 440mm x 261mm<\/p>","protected":false},"featured_media":2361,"template":"","meta":[],"product_brand":[],"product_cat":[728,557,578],"product_tag":[],"class_list":{"0":"post-1362","1":"product","2":"type-product","3":"status-publish","4":"has-post-thumbnail","6":"product_cat-one-wood-mobilreol-one-wood-mobilreol","7":"product_cat-reoler","8":"product_cat-one-wood-mobilreol","10":"first","11":"instock","12":"product-type-simple"},"yoast_head":"<!-- This site is optimized with the Yoast SEO plugin v24.4 - https:\/\/yoast.com\/wordpress\/plugins\/seo\/ -->\n<title>6112 - One Wood mobilreol 6 rum | One Wood Furniture A\/S<\/title>\n<meta name=\"robots\" content=\"index, follow, max-snippet:-1, max-image-preview:large, max-video-preview:-1\" \/>\n<link rel=\"canonical\" href=\"https:\/\/onewood.dk\/sv\/product\/6112-en-mobil-hylla-i-tra-6-fack\/\" \/>\n<meta property=\"og:locale\" content=\"sv_SE\" \/>\n<meta property=\"og:type\" content=\"article\" \/>\n<meta property=\"og:title\" content=\"6112 - One Wood mobilreol 6 rum | One Wood Furniture A\/S\" \/>\n<meta property=\"og:description\" content=\"One Wood mobilreol er en del af One Woods store sortiment af reoler i god kvalitet - vi tilbyder et bredt udvalg af reoler til forskellige funktioner og med forskellige laminatfarver p\u00e5 toppladen. Kan f\u00e5s med 4, 6, 9 og 12 rum.  Reolen leveres som standard med hjul og ekskl. opbevaringskasser - se tilbeh\u00f8r.  &nbsp;  Tilbeh\u00f8r:  6155 Stor opbevaringskasse 380mm x 440mm x 261mm\" \/>\n<meta property=\"og:url\" content=\"https:\/\/onewood.dk\/sv\/product\/6112-en-mobil-hylla-i-tra-6-fack\/\" \/>\n<meta property=\"og:site_name\" content=\"One Wood Furniture A\/S\" \/>\n<meta property=\"article:modified_time\" content=\"2025-02-10T13:22:35+00:00\" \/>\n<meta property=\"og:image\" content=\"https:\/\/onewood.dk\/wp-content\/uploads\/2024\/12\/4091.jpg\" \/>\n\t<meta property=\"og:image:width\" content=\"1600\" \/>\n\t<meta property=\"og:image:height\" content=\"1065\" \/>\n\t<meta property=\"og:image:type\" content=\"image\/jpeg\" \/>\n<meta name=\"twitter:card\" content=\"summary_large_image\" \/>\n<meta name=\"twitter:label1\" content=\"Ber\u00e4knad l\u00e4stid\" \/>\n\t<meta name=\"twitter:data1\" content=\"1 minut\" \/>\n<script type=\"application\/ld+json\" class=\"yoast-schema-graph\">{\"@context\":\"https:\/\/schema.org\",\"@graph\":[{\"@type\":\"WebPage\",\"@id\":\"https:\/\/onewood.dk\/vare\/6112-one-wood-mobilreol-6-rum\/\",\"url\":\"https:\/\/onewood.dk\/vare\/6112-one-wood-mobilreol-6-rum\/\",\"name\":\"6112 - One Wood mobilreol 6 rum | One Wood Furniture A\/S\",\"isPartOf\":{\"@id\":\"https:\/\/onewood.dk\/#website\"},\"primaryImageOfPage\":{\"@id\":\"https:\/\/onewood.dk\/vare\/6112-one-wood-mobilreol-6-rum\/#primaryimage\"},\"image\":{\"@id\":\"https:\/\/onewood.dk\/vare\/6112-one-wood-mobilreol-6-rum\/#primaryimage\"},\"thumbnailUrl\":\"https:\/\/onewood.dk\/wp-content\/uploads\/2024\/12\/4091.jpg\",\"datePublished\":\"2024-12-03T11:46:29+00:00\",\"dateModified\":\"2025-02-10T13:22:35+00:00\",\"breadcrumb\":{\"@id\":\"https:\/\/onewood.dk\/vare\/6112-one-wood-mobilreol-6-rum\/#breadcrumb\"},\"inLanguage\":\"sv-SE\",\"potentialAction\":[{\"@type\":\"ReadAction\",\"target\":[\"https:\/\/onewood.dk\/vare\/6112-one-wood-mobilreol-6-rum\/\"]}]},{\"@type\":\"ImageObject\",\"inLanguage\":\"sv-SE\",\"@id\":\"https:\/\/onewood.dk\/vare\/6112-one-wood-mobilreol-6-rum\/#primaryimage\",\"url\":\"https:\/\/onewood.dk\/wp-content\/uploads\/2024\/12\/4091.jpg\",\"contentUrl\":\"https:\/\/onewood.dk\/wp-content\/uploads\/2024\/12\/4091.jpg\",\"width\":1600,\"height\":1065},{\"@type\":\"BreadcrumbList\",\"@id\":\"https:\/\/onewood.dk\/vare\/6112-one-wood-mobilreol-6-rum\/#breadcrumb\",\"itemListElement\":[{\"@type\":\"ListItem\",\"position\":1,\"name\":\"Varer\",\"item\":\"https:\/\/onewood.dk\/shop\/\"},{\"@type\":\"ListItem\",\"position\":2,\"name\":\"Reoler\",\"item\":\"https:\/\/onewood.dk\/vare-kategori\/reoler\/\"},{\"@type\":\"ListItem\",\"position\":3,\"name\":\"One Wood mobilreol\",\"item\":\"https:\/\/onewood.dk\/vare-kategori\/reoler\/one-wood-mobilreol\/\"},{\"@type\":\"ListItem\",\"position\":4,\"name\":\"One Wood Mobilreol\",\"item\":\"https:\/\/onewood.dk\/vare-kategori\/reoler\/one-wood-mobilreol\/one-wood-mobilreol-one-wood-mobilreol\/\"},{\"@type\":\"ListItem\",\"position\":5,\"name\":\"6112 &#8211; One Wood mobilreol 6 rum\"}]},{\"@type\":\"WebSite\",\"@id\":\"https:\/\/onewood.dk\/#website\",\"url\":\"https:\/\/onewood.dk\/\",\"name\":\"One Wood Furniture A\/S\",\"description\":\"\",\"publisher\":{\"@id\":\"https:\/\/onewood.dk\/#organization\"},\"potentialAction\":[{\"@type\":\"SearchAction\",\"target\":{\"@type\":\"EntryPoint\",\"urlTemplate\":\"https:\/\/onewood.dk\/?s={search_term_string}\"},\"query-input\":{\"@type\":\"PropertyValueSpecification\",\"valueRequired\":true,\"valueName\":\"search_term_string\"}}],\"inLanguage\":\"sv-SE\"},{\"@type\":\"Organization\",\"@id\":\"https:\/\/onewood.dk\/#organization\",\"name\":\"One Wood Furniture A\/S\",\"url\":\"https:\/\/onewood.dk\/\",\"logo\":{\"@type\":\"ImageObject\",\"inLanguage\":\"sv-SE\",\"@id\":\"https:\/\/onewood.dk\/#\/schema\/logo\/image\/\",\"url\":\"https:\/\/onewood.dk\/wp-content\/uploads\/2024\/12\/Logo.png\",\"contentUrl\":\"https:\/\/onewood.dk\/wp-content\/uploads\/2024\/12\/Logo.png\",\"width\":180,\"height\":90,\"caption\":\"One Wood Furniture A\/S\"},\"image\":{\"@id\":\"https:\/\/onewood.dk\/#\/schema\/logo\/image\/\"}}]}<\/script>\n<!-- \/ Yoast SEO plugin. -->","yoast_head_json":{"title":"6112 - One Wood mobilreol 6 rum | One Wood Furniture A\/S","robots":{"index":"index","follow":"follow","max-snippet":"max-snippet:-1","max-image-preview":"max-image-preview:large","max-video-preview":"max-video-preview:-1"},"canonical":"https:\/\/onewood.dk\/sv\/product\/6112-en-mobil-hylla-i-tra-6-fack\/","og_locale":"sv_SE","og_type":"article","og_title":"6112 - One Wood mobilreol 6 rum | One Wood Furniture A\/S","og_description":"One Wood mobilreol er en del af One Woods store sortiment af reoler i god kvalitet - vi tilbyder et bredt udvalg af reoler til forskellige funktioner og med forskellige laminatfarver p\u00e5 toppladen. Kan f\u00e5s med 4, 6, 9 og 12 rum.  Reolen leveres som standard med hjul og ekskl. opbevaringskasser - se tilbeh\u00f8r.  &nbsp;  Tilbeh\u00f8r:  6155 Stor opbevaringskasse 380mm x 440mm x 261mm","og_url":"https:\/\/onewood.dk\/sv\/product\/6112-en-mobil-hylla-i-tra-6-fack\/","og_site_name":"One Wood Furniture A\/S","article_modified_time":"2025-02-10T13:22:35+00:00","og_image":[{"width":1600,"height":1065,"url":"https:\/\/onewood.dk\/wp-content\/uploads\/2024\/12\/4091.jpg","type":"image\/jpeg"}],"twitter_card":"summary_large_image","twitter_misc":{"Ber\u00e4knad l\u00e4stid":"1 minut"},"schema":{"@context":"https:\/\/schema.org","@graph":[{"@type":"WebPage","@id":"https:\/\/onewood.dk\/vare\/6112-one-wood-mobilreol-6-rum\/","url":"https:\/\/onewood.dk\/vare\/6112-one-wood-mobilreol-6-rum\/","name":"6112 - One Wood mobilreol 6 rum | One Wood Furniture A\/S","isPartOf":{"@id":"https:\/\/onewood.dk\/#website"},"primaryImageOfPage":{"@id":"https:\/\/onewood.dk\/vare\/6112-one-wood-mobilreol-6-rum\/#primaryimage"},"image":{"@id":"https:\/\/onewood.dk\/vare\/6112-one-wood-mobilreol-6-rum\/#primaryimage"},"thumbnailUrl":"https:\/\/onewood.dk\/wp-content\/uploads\/2024\/12\/4091.jpg","datePublished":"2024-12-03T11:46:29+00:00","dateModified":"2025-02-10T13:22:35+00:00","breadcrumb":{"@id":"https:\/\/onewood.dk\/vare\/6112-one-wood-mobilreol-6-rum\/#breadcrumb"},"inLanguage":"sv-SE","potentialAction":[{"@type":"ReadAction","target":["https:\/\/onewood.dk\/vare\/6112-one-wood-mobilreol-6-rum\/"]}]},{"@type":"ImageObject","inLanguage":"sv-SE","@id":"https:\/\/onewood.dk\/vare\/6112-one-wood-mobilreol-6-rum\/#primaryimage","url":"https:\/\/onewood.dk\/wp-content\/uploads\/2024\/12\/4091.jpg","contentUrl":"https:\/\/onewood.dk\/wp-content\/uploads\/2024\/12\/4091.jpg","width":1600,"height":1065},{"@type":"BreadcrumbList","@id":"https:\/\/onewood.dk\/vare\/6112-one-wood-mobilreol-6-rum\/#breadcrumb","itemListElement":[{"@type":"ListItem","position":1,"name":"Varer","item":"https:\/\/onewood.dk\/shop\/"},{"@type":"ListItem","position":2,"name":"Reoler","item":"https:\/\/onewood.dk\/vare-kategori\/reoler\/"},{"@type":"ListItem","position":3,"name":"One Wood mobilreol","item":"https:\/\/onewood.dk\/vare-kategori\/reoler\/one-wood-mobilreol\/"},{"@type":"ListItem","position":4,"name":"One Wood Mobilreol","item":"https:\/\/onewood.dk\/vare-kategori\/reoler\/one-wood-mobilreol\/one-wood-mobilreol-one-wood-mobilreol\/"},{"@type":"ListItem","position":5,"name":"6112 &#8211; One Wood mobilreol 6 rum"}]},{"@type":"WebSite","@id":"https:\/\/onewood.dk\/#website","url":"https:\/\/onewood.dk\/","name":"One Wood Furniture A\/S","description":"","publisher":{"@id":"https:\/\/onewood.dk\/#organization"},"potentialAction":[{"@type":"SearchAction","target":{"@type":"EntryPoint","urlTemplate":"https:\/\/onewood.dk\/?s={search_term_string}"},"query-input":{"@type":"PropertyValueSpecification","valueRequired":true,"valueName":"search_term_string"}}],"inLanguage":"sv-SE"},{"@type":"Organization","@id":"https:\/\/onewood.dk\/#organization","name":"One Wood Furniture A\/S","url":"https:\/\/onewood.dk\/","logo":{"@type":"ImageObject","inLanguage":"sv-SE","@id":"https:\/\/onewood.dk\/#\/schema\/logo\/image\/","url":"https:\/\/onewood.dk\/wp-content\/uploads\/2024\/12\/Logo.png","contentUrl":"https:\/\/onewood.dk\/wp-content\/uploads\/2024\/12\/Logo.png","width":180,"height":90,"caption":"One Wood Furniture A\/S"},"image":{"@id":"https:\/\/onewood.dk\/#\/schema\/logo\/image\/"}}]}},"_links":{"self":[{"href":"https:\/\/onewood.dk\/sv\/wp-json\/wp\/v2\/product\/1362","targetHints":{"allow":["GET"]}}],"collection":[{"href":"https:\/\/onewood.dk\/sv\/wp-json\/wp\/v2\/product"}],"about":[{"href":"https:\/\/onewood.dk\/sv\/wp-json\/wp\/v2\/types\/product"}],"wp:featuredmedia":[{"embeddable":true,"href":"https:\/\/onewood.dk\/sv\/wp-json\/wp\/v2\/media\/2361"}],"wp:attachment":[{"href":"https:\/\/onewood.dk\/sv\/wp-json\/wp\/v2\/media?parent=1362"}],"wp:term":[{"taxonomy":"product_brand","embeddable":true,"href":"https:\/\/onewood.dk\/sv\/wp-json\/wp\/v2\/product_brand?post=1362"},{"taxonomy":"product_cat","embeddable":true,"href":"https:\/\/onewood.dk\/sv\/wp-json\/wp\/v2\/product_cat?post=1362"},{"taxonomy":"product_tag","embeddable":true,"href":"https:\/\/onewood.dk\/sv\/wp-json\/wp\/v2\/product_tag?post=1362"}],"curies":[{"name":"wp","href":"https:\/\/api.w.org\/{rel}","templated":true}]}}