{"id":1376,"date":"2024-12-03T12:46:32","date_gmt":"2024-12-03T11:46:32","guid":{"rendered":"https:\/\/onewood.dkvare\/7877-laage-til-troldegarderobe-med-laminat\/"},"modified":"2025-02-06T14:46:02","modified_gmt":"2025-02-06T13:46:02","slug":"7877-laage-til-troldegarderobe-med-laminat","status":"publish","type":"product","link":"https:\/\/onewood.dk\/sv\/product\/7877-dorr-till-trollgarderob-med-laminat\/","title":{"rendered":"7877 \u2013 Troll garderobsd\u00f6rr med laminat"},"content":{"rendered":"<p>D\u00f6rr i 15 mm vitpigmenterad bj\u00f6rkplywood med laminat finns i alla One Wood standardf\u00e4rger.<\/p>\n<p>D\u00f6rrfronter kan \u00e4ven levereras lackerade i olika f\u00e4rger.<\/p>\n<p>&nbsp;<\/p>\n<p>Luckan kan med f\u00f6rdel kombineras med en tavelram eller ett urtag f\u00f6r en tavelram, vilket g\u00f6r det l\u00e4ttare f\u00f6r barn och f\u00f6r\u00e4ldrar att identifiera sin egen garderob.<\/p>\n<p>&nbsp;<\/p>\n<p>Alla d\u00f6rrar levereras med mjukst\u00e4ngning som standard.<\/p>\n<p>&nbsp;<\/p>\n<p>Kontakta g\u00e4rna f\u00f6r pris och info.<\/p>","protected":false},"excerpt":{"rendered":"<p>D\u00f6rr i 15 mm vitpigmenterad bj\u00f6rkplywood med laminat finns i alla One Woods standardf\u00e4rger. D\u00f6rrfronter kan \u00e4ven levereras lackerade i de olika f\u00e4rgerna. D\u00f6rren kan med f\u00f6rdel kombineras med en tavelram eller en ursk\u00e4rning f\u00f6r en tavelram, s\u00e5 det blir l\u00e4ttare f\u00f6r barn och f\u00f6r\u00e4ldrar att identifiera sin egen garderob. Alla d\u00f6rrar levereras med mjukst\u00e4ngning som standard. [\u2026]<\/p>","protected":false},"featured_media":2436,"template":"","meta":[],"product_brand":[],"product_cat":[555,570,601],"product_tag":[],"class_list":{"0":"post-1376","1":"product","2":"type-product","3":"status-publish","4":"has-post-thumbnail","6":"product_cat-garderober-tilbehoer","7":"product_cat-troldegarderobe","8":"product_cat-tilbehoer-troldegarderobe","10":"first","11":"instock","12":"product-type-simple"},"yoast_head":"<!-- This site is optimized with the Yoast SEO plugin v24.4 - https:\/\/yoast.com\/wordpress\/plugins\/seo\/ -->\n<title>7877 - L\u00e5ge til troldegarderobe med laminat | One Wood Furniture A\/S<\/title>\n<meta name=\"robots\" content=\"index, follow, max-snippet:-1, max-image-preview:large, max-video-preview:-1\" \/>\n<link rel=\"canonical\" href=\"https:\/\/onewood.dk\/sv\/product\/7877-dorr-till-trollgarderob-med-laminat\/\" \/>\n<meta property=\"og:locale\" content=\"sv_SE\" \/>\n<meta property=\"og:type\" content=\"article\" \/>\n<meta property=\"og:title\" content=\"7877 - L\u00e5ge til troldegarderobe med laminat | One Wood Furniture A\/S\" \/>\n<meta property=\"og:description\" content=\"L\u00e5ge i i 15 mm hvidpigmenteret birkekrydsfiner med laminat leveres i alle\u00a0One Woods\u00a0standardfarver. L\u00e5gefronter kan ogs\u00e5 leveres lakeret i de forskellige farver. &nbsp; L\u00e5gen kan med fordel kombineres med en billedramme eller udfr\u00e6sning til billederamme, s\u00e5 det er nemmere for barn og for\u00e6ldre at identificere egen garderobe. &nbsp; Alle l\u00e5ger leveres med soft-luk som standard. [&hellip;]\" \/>\n<meta property=\"og:url\" content=\"https:\/\/onewood.dk\/sv\/product\/7877-dorr-till-trollgarderob-med-laminat\/\" \/>\n<meta property=\"og:site_name\" content=\"One Wood Furniture A\/S\" \/>\n<meta property=\"article:modified_time\" content=\"2025-02-06T13:46:02+00:00\" \/>\n<meta property=\"og:image\" content=\"https:\/\/onewood.dk\/wp-content\/uploads\/2024\/12\/5928-scaled.jpg\" \/>\n\t<meta property=\"og:image:width\" content=\"2560\" \/>\n\t<meta property=\"og:image:height\" content=\"1707\" \/>\n\t<meta property=\"og:image:type\" content=\"image\/jpeg\" \/>\n<meta name=\"twitter:card\" content=\"summary_large_image\" \/>\n<meta name=\"twitter:label1\" content=\"Ber\u00e4knad l\u00e4stid\" \/>\n\t<meta name=\"twitter:data1\" content=\"1 minut\" \/>\n<script type=\"application\/ld+json\" class=\"yoast-schema-graph\">{\"@context\":\"https:\/\/schema.org\",\"@graph\":[{\"@type\":\"WebPage\",\"@id\":\"https:\/\/onewood.dk\/vare\/7877-laage-til-troldegarderobe-med-laminat\/\",\"url\":\"https:\/\/onewood.dk\/vare\/7877-laage-til-troldegarderobe-med-laminat\/\",\"name\":\"7877 - L\u00e5ge til troldegarderobe med laminat | One Wood Furniture A\/S\",\"isPartOf\":{\"@id\":\"https:\/\/onewood.dk\/#website\"},\"primaryImageOfPage\":{\"@id\":\"https:\/\/onewood.dk\/vare\/7877-laage-til-troldegarderobe-med-laminat\/#primaryimage\"},\"image\":{\"@id\":\"https:\/\/onewood.dk\/vare\/7877-laage-til-troldegarderobe-med-laminat\/#primaryimage\"},\"thumbnailUrl\":\"https:\/\/onewood.dk\/wp-content\/uploads\/2024\/12\/5928-scaled.jpg\",\"datePublished\":\"2024-12-03T11:46:32+00:00\",\"dateModified\":\"2025-02-06T13:46:02+00:00\",\"breadcrumb\":{\"@id\":\"https:\/\/onewood.dk\/vare\/7877-laage-til-troldegarderobe-med-laminat\/#breadcrumb\"},\"inLanguage\":\"sv-SE\",\"potentialAction\":[{\"@type\":\"ReadAction\",\"target\":[\"https:\/\/onewood.dk\/vare\/7877-laage-til-troldegarderobe-med-laminat\/\"]}]},{\"@type\":\"ImageObject\",\"inLanguage\":\"sv-SE\",\"@id\":\"https:\/\/onewood.dk\/vare\/7877-laage-til-troldegarderobe-med-laminat\/#primaryimage\",\"url\":\"https:\/\/onewood.dk\/wp-content\/uploads\/2024\/12\/5928-scaled.jpg\",\"contentUrl\":\"https:\/\/onewood.dk\/wp-content\/uploads\/2024\/12\/5928-scaled.jpg\",\"width\":2560,\"height\":1707},{\"@type\":\"BreadcrumbList\",\"@id\":\"https:\/\/onewood.dk\/vare\/7877-laage-til-troldegarderobe-med-laminat\/#breadcrumb\",\"itemListElement\":[{\"@type\":\"ListItem\",\"position\":1,\"name\":\"Varer\",\"item\":\"https:\/\/onewood.dk\/shop\/\"},{\"@type\":\"ListItem\",\"position\":2,\"name\":\"Garderober &amp; tilbeh\u00f8r\",\"item\":\"https:\/\/onewood.dk\/vare-kategori\/garderober-tilbehoer\/\"},{\"@type\":\"ListItem\",\"position\":3,\"name\":\"Troldegarderobe\",\"item\":\"https:\/\/onewood.dk\/vare-kategori\/garderober-tilbehoer\/troldegarderobe\/\"},{\"@type\":\"ListItem\",\"position\":4,\"name\":\"Tilbeh\u00f8r\",\"item\":\"https:\/\/onewood.dk\/vare-kategori\/garderober-tilbehoer\/troldegarderobe\/tilbehoer-troldegarderobe\/\"},{\"@type\":\"ListItem\",\"position\":5,\"name\":\"7877 &#8211; L\u00e5ge til troldegarderobe med laminat\"}]},{\"@type\":\"WebSite\",\"@id\":\"https:\/\/onewood.dk\/#website\",\"url\":\"https:\/\/onewood.dk\/\",\"name\":\"One Wood Furniture A\/S\",\"description\":\"\",\"publisher\":{\"@id\":\"https:\/\/onewood.dk\/#organization\"},\"potentialAction\":[{\"@type\":\"SearchAction\",\"target\":{\"@type\":\"EntryPoint\",\"urlTemplate\":\"https:\/\/onewood.dk\/?s={search_term_string}\"},\"query-input\":{\"@type\":\"PropertyValueSpecification\",\"valueRequired\":true,\"valueName\":\"search_term_string\"}}],\"inLanguage\":\"sv-SE\"},{\"@type\":\"Organization\",\"@id\":\"https:\/\/onewood.dk\/#organization\",\"name\":\"One Wood Furniture A\/S\",\"url\":\"https:\/\/onewood.dk\/\",\"logo\":{\"@type\":\"ImageObject\",\"inLanguage\":\"sv-SE\",\"@id\":\"https:\/\/onewood.dk\/#\/schema\/logo\/image\/\",\"url\":\"https:\/\/onewood.dk\/wp-content\/uploads\/2024\/12\/Logo.png\",\"contentUrl\":\"https:\/\/onewood.dk\/wp-content\/uploads\/2024\/12\/Logo.png\",\"width\":180,\"height\":90,\"caption\":\"One Wood Furniture A\/S\"},\"image\":{\"@id\":\"https:\/\/onewood.dk\/#\/schema\/logo\/image\/\"}}]}<\/script>\n<!-- \/ Yoast SEO plugin. -->","yoast_head_json":{"title":"7877 - L\u00e5ge til troldegarderobe med laminat | One Wood Furniture A\/S","robots":{"index":"index","follow":"follow","max-snippet":"max-snippet:-1","max-image-preview":"max-image-preview:large","max-video-preview":"max-video-preview:-1"},"canonical":"https:\/\/onewood.dk\/sv\/product\/7877-dorr-till-trollgarderob-med-laminat\/","og_locale":"sv_SE","og_type":"article","og_title":"7877 - L\u00e5ge til troldegarderobe med laminat | One Wood Furniture A\/S","og_description":"L\u00e5ge i i 15 mm hvidpigmenteret birkekrydsfiner med laminat leveres i alle\u00a0One Woods\u00a0standardfarver. L\u00e5gefronter kan ogs\u00e5 leveres lakeret i de forskellige farver. &nbsp; L\u00e5gen kan med fordel kombineres med en billedramme eller udfr\u00e6sning til billederamme, s\u00e5 det er nemmere for barn og for\u00e6ldre at identificere egen garderobe. &nbsp; Alle l\u00e5ger leveres med soft-luk som standard. [&hellip;]","og_url":"https:\/\/onewood.dk\/sv\/product\/7877-dorr-till-trollgarderob-med-laminat\/","og_site_name":"One Wood Furniture A\/S","article_modified_time":"2025-02-06T13:46:02+00:00","og_image":[{"width":2560,"height":1707,"url":"https:\/\/onewood.dk\/wp-content\/uploads\/2024\/12\/5928-scaled.jpg","type":"image\/jpeg"}],"twitter_card":"summary_large_image","twitter_misc":{"Ber\u00e4knad l\u00e4stid":"1 minut"},"schema":{"@context":"https:\/\/schema.org","@graph":[{"@type":"WebPage","@id":"https:\/\/onewood.dk\/vare\/7877-laage-til-troldegarderobe-med-laminat\/","url":"https:\/\/onewood.dk\/vare\/7877-laage-til-troldegarderobe-med-laminat\/","name":"7877 - L\u00e5ge til troldegarderobe med laminat | One Wood Furniture A\/S","isPartOf":{"@id":"https:\/\/onewood.dk\/#website"},"primaryImageOfPage":{"@id":"https:\/\/onewood.dk\/vare\/7877-laage-til-troldegarderobe-med-laminat\/#primaryimage"},"image":{"@id":"https:\/\/onewood.dk\/vare\/7877-laage-til-troldegarderobe-med-laminat\/#primaryimage"},"thumbnailUrl":"https:\/\/onewood.dk\/wp-content\/uploads\/2024\/12\/5928-scaled.jpg","datePublished":"2024-12-03T11:46:32+00:00","dateModified":"2025-02-06T13:46:02+00:00","breadcrumb":{"@id":"https:\/\/onewood.dk\/vare\/7877-laage-til-troldegarderobe-med-laminat\/#breadcrumb"},"inLanguage":"sv-SE","potentialAction":[{"@type":"ReadAction","target":["https:\/\/onewood.dk\/vare\/7877-laage-til-troldegarderobe-med-laminat\/"]}]},{"@type":"ImageObject","inLanguage":"sv-SE","@id":"https:\/\/onewood.dk\/vare\/7877-laage-til-troldegarderobe-med-laminat\/#primaryimage","url":"https:\/\/onewood.dk\/wp-content\/uploads\/2024\/12\/5928-scaled.jpg","contentUrl":"https:\/\/onewood.dk\/wp-content\/uploads\/2024\/12\/5928-scaled.jpg","width":2560,"height":1707},{"@type":"BreadcrumbList","@id":"https:\/\/onewood.dk\/vare\/7877-laage-til-troldegarderobe-med-laminat\/#breadcrumb","itemListElement":[{"@type":"ListItem","position":1,"name":"Varer","item":"https:\/\/onewood.dk\/shop\/"},{"@type":"ListItem","position":2,"name":"Garderober &amp; tilbeh\u00f8r","item":"https:\/\/onewood.dk\/vare-kategori\/garderober-tilbehoer\/"},{"@type":"ListItem","position":3,"name":"Troldegarderobe","item":"https:\/\/onewood.dk\/vare-kategori\/garderober-tilbehoer\/troldegarderobe\/"},{"@type":"ListItem","position":4,"name":"Tilbeh\u00f8r","item":"https:\/\/onewood.dk\/vare-kategori\/garderober-tilbehoer\/troldegarderobe\/tilbehoer-troldegarderobe\/"},{"@type":"ListItem","position":5,"name":"7877 &#8211; L\u00e5ge til troldegarderobe med laminat"}]},{"@type":"WebSite","@id":"https:\/\/onewood.dk\/#website","url":"https:\/\/onewood.dk\/","name":"One Wood Furniture A\/S","description":"","publisher":{"@id":"https:\/\/onewood.dk\/#organization"},"potentialAction":[{"@type":"SearchAction","target":{"@type":"EntryPoint","urlTemplate":"https:\/\/onewood.dk\/?s={search_term_string}"},"query-input":{"@type":"PropertyValueSpecification","valueRequired":true,"valueName":"search_term_string"}}],"inLanguage":"sv-SE"},{"@type":"Organization","@id":"https:\/\/onewood.dk\/#organization","name":"One Wood Furniture A\/S","url":"https:\/\/onewood.dk\/","logo":{"@type":"ImageObject","inLanguage":"sv-SE","@id":"https:\/\/onewood.dk\/#\/schema\/logo\/image\/","url":"https:\/\/onewood.dk\/wp-content\/uploads\/2024\/12\/Logo.png","contentUrl":"https:\/\/onewood.dk\/wp-content\/uploads\/2024\/12\/Logo.png","width":180,"height":90,"caption":"One Wood Furniture A\/S"},"image":{"@id":"https:\/\/onewood.dk\/#\/schema\/logo\/image\/"}}]}},"_links":{"self":[{"href":"https:\/\/onewood.dk\/sv\/wp-json\/wp\/v2\/product\/1376","targetHints":{"allow":["GET"]}}],"collection":[{"href":"https:\/\/onewood.dk\/sv\/wp-json\/wp\/v2\/product"}],"about":[{"href":"https:\/\/onewood.dk\/sv\/wp-json\/wp\/v2\/types\/product"}],"wp:featuredmedia":[{"embeddable":true,"href":"https:\/\/onewood.dk\/sv\/wp-json\/wp\/v2\/media\/2436"}],"wp:attachment":[{"href":"https:\/\/onewood.dk\/sv\/wp-json\/wp\/v2\/media?parent=1376"}],"wp:term":[{"taxonomy":"product_brand","embeddable":true,"href":"https:\/\/onewood.dk\/sv\/wp-json\/wp\/v2\/product_brand?post=1376"},{"taxonomy":"product_cat","embeddable":true,"href":"https:\/\/onewood.dk\/sv\/wp-json\/wp\/v2\/product_cat?post=1376"},{"taxonomy":"product_tag","embeddable":true,"href":"https:\/\/onewood.dk\/sv\/wp-json\/wp\/v2\/product_tag?post=1376"}],"curies":[{"name":"wp","href":"https:\/\/api.w.org\/{rel}","templated":true}]}}