{"id":1444,"date":"2024-12-03T12:46:44","date_gmt":"2024-12-03T11:46:44","guid":{"rendered":"https:\/\/onewood.dkvare\/8452-miljoestation\/"},"modified":"2025-02-24T14:32:49","modified_gmt":"2025-02-24T13:32:49","slug":"8452-miljoestation","status":"publish","type":"product","link":"https:\/\/onewood.dk\/sv\/product\/8452-miljostation\/","title":{"rendered":"8452 \u2013 Milj\u00f6station"},"content":{"rendered":"<p>Avfallsstationen \u00e4r en bra och enkel l\u00f6sning f\u00f6r att sortera diverse avfall vilket g\u00f6r att barn vill bidra till saneringen d\u00e5 det ocks\u00e5 blir en lek f\u00f6r dem. Barn l\u00e4r sig i st\u00f6rre utstr\u00e4ckning hur man sorterar avfall r\u00e4tt.<\/p>\n<p>&nbsp;<\/p>\n<p>Sk\u00e5pet \u00e4r tillverkat av 18mm bj\u00f6rkplywood med h\u00f6gtryckslaminat i fyra olika f\u00e4rger.<\/p>","protected":false},"excerpt":{"rendered":"<p>Avfallsstationen \u00e4r en bra och enkel l\u00f6sning f\u00f6r att sortera diverse avfall, vilket g\u00f6r att barn vill bidra till st\u00e4dningen, eftersom det ocks\u00e5 blir en lek f\u00f6r dem. Barn l\u00e4r sig i st\u00f6rre utstr\u00e4ckning hur man sorterar avfall korrekt. Sk\u00e5pet \u00e4r tillverkat av 18 mm bj\u00f6rkplywood med h\u00f6gtryckslaminat i fyra olika f\u00e4rger.<\/p>","protected":false},"featured_media":2707,"template":"","meta":[],"product_brand":[],"product_cat":[616,556],"product_tag":[],"class_list":{"0":"post-1444","1":"product","2":"type-product","3":"status-publish","4":"has-post-thumbnail","6":"product_cat-miljoestation","7":"product_cat-skabe","9":"first","10":"instock","11":"product-type-simple"},"yoast_head":"<!-- This site is optimized with the Yoast SEO plugin v24.4 - https:\/\/yoast.com\/wordpress\/plugins\/seo\/ -->\n<title>8452 - Milj\u00f8station | One Wood Furniture A\/S<\/title>\n<meta name=\"robots\" content=\"index, follow, max-snippet:-1, max-image-preview:large, max-video-preview:-1\" \/>\n<link rel=\"canonical\" href=\"https:\/\/onewood.dk\/sv\/product\/8452-miljostation\/\" \/>\n<meta property=\"og:locale\" content=\"sv_SE\" \/>\n<meta property=\"og:type\" content=\"article\" \/>\n<meta property=\"og:title\" content=\"8452 - Milj\u00f8station | One Wood Furniture A\/S\" \/>\n<meta property=\"og:description\" content=\"Milj\u00f8stationen er en god og nem l\u00f8sning til sortering af diverse affald, der giver b\u00f8rnene lyst til at bidrage med oprydningen, da det samtidig bliver en leg for dem. B\u00f8rn l\u00e6rer i h\u00f8jere grad, hvordan man sorterer affald korrekt. &nbsp; Skabet er udarbejdet i 18mm birkekrydsfiner med h\u00f8jtrykslaminat i fire forskellige farver.\" \/>\n<meta property=\"og:url\" content=\"https:\/\/onewood.dk\/sv\/product\/8452-miljostation\/\" \/>\n<meta property=\"og:site_name\" content=\"One Wood Furniture A\/S\" \/>\n<meta property=\"article:modified_time\" content=\"2025-02-24T13:32:49+00:00\" \/>\n<meta property=\"og:image\" content=\"https:\/\/onewood.dk\/wp-content\/uploads\/2024\/12\/4001-scaled.jpg\" \/>\n\t<meta property=\"og:image:width\" content=\"2560\" \/>\n\t<meta property=\"og:image:height\" content=\"1707\" \/>\n\t<meta property=\"og:image:type\" content=\"image\/jpeg\" \/>\n<meta name=\"twitter:card\" content=\"summary_large_image\" \/>\n<meta name=\"twitter:label1\" content=\"Ber\u00e4knad l\u00e4stid\" \/>\n\t<meta name=\"twitter:data1\" content=\"1 minut\" \/>\n<script type=\"application\/ld+json\" class=\"yoast-schema-graph\">{\"@context\":\"https:\/\/schema.org\",\"@graph\":[{\"@type\":\"WebPage\",\"@id\":\"https:\/\/onewood.dk\/vare\/8452-miljoestation\/\",\"url\":\"https:\/\/onewood.dk\/vare\/8452-miljoestation\/\",\"name\":\"8452 - Milj\u00f8station | One Wood Furniture A\/S\",\"isPartOf\":{\"@id\":\"https:\/\/onewood.dk\/#website\"},\"primaryImageOfPage\":{\"@id\":\"https:\/\/onewood.dk\/vare\/8452-miljoestation\/#primaryimage\"},\"image\":{\"@id\":\"https:\/\/onewood.dk\/vare\/8452-miljoestation\/#primaryimage\"},\"thumbnailUrl\":\"https:\/\/onewood.dk\/wp-content\/uploads\/2024\/12\/4001-scaled.jpg\",\"datePublished\":\"2024-12-03T11:46:44+00:00\",\"dateModified\":\"2025-02-24T13:32:49+00:00\",\"breadcrumb\":{\"@id\":\"https:\/\/onewood.dk\/vare\/8452-miljoestation\/#breadcrumb\"},\"inLanguage\":\"sv-SE\",\"potentialAction\":[{\"@type\":\"ReadAction\",\"target\":[\"https:\/\/onewood.dk\/vare\/8452-miljoestation\/\"]}]},{\"@type\":\"ImageObject\",\"inLanguage\":\"sv-SE\",\"@id\":\"https:\/\/onewood.dk\/vare\/8452-miljoestation\/#primaryimage\",\"url\":\"https:\/\/onewood.dk\/wp-content\/uploads\/2024\/12\/4001-scaled.jpg\",\"contentUrl\":\"https:\/\/onewood.dk\/wp-content\/uploads\/2024\/12\/4001-scaled.jpg\",\"width\":2560,\"height\":1707},{\"@type\":\"BreadcrumbList\",\"@id\":\"https:\/\/onewood.dk\/vare\/8452-miljoestation\/#breadcrumb\",\"itemListElement\":[{\"@type\":\"ListItem\",\"position\":1,\"name\":\"Varer\",\"item\":\"https:\/\/onewood.dk\/shop\/\"},{\"@type\":\"ListItem\",\"position\":2,\"name\":\"Skabe\",\"item\":\"https:\/\/onewood.dk\/vare-kategori\/skabe\/\"},{\"@type\":\"ListItem\",\"position\":3,\"name\":\"Milj\u00f8station\",\"item\":\"https:\/\/onewood.dk\/vare-kategori\/skabe\/miljoestation\/\"},{\"@type\":\"ListItem\",\"position\":4,\"name\":\"8452 &#8211; Milj\u00f8station\"}]},{\"@type\":\"WebSite\",\"@id\":\"https:\/\/onewood.dk\/#website\",\"url\":\"https:\/\/onewood.dk\/\",\"name\":\"One Wood Furniture A\/S\",\"description\":\"\",\"publisher\":{\"@id\":\"https:\/\/onewood.dk\/#organization\"},\"potentialAction\":[{\"@type\":\"SearchAction\",\"target\":{\"@type\":\"EntryPoint\",\"urlTemplate\":\"https:\/\/onewood.dk\/?s={search_term_string}\"},\"query-input\":{\"@type\":\"PropertyValueSpecification\",\"valueRequired\":true,\"valueName\":\"search_term_string\"}}],\"inLanguage\":\"sv-SE\"},{\"@type\":\"Organization\",\"@id\":\"https:\/\/onewood.dk\/#organization\",\"name\":\"One Wood Furniture A\/S\",\"url\":\"https:\/\/onewood.dk\/\",\"logo\":{\"@type\":\"ImageObject\",\"inLanguage\":\"sv-SE\",\"@id\":\"https:\/\/onewood.dk\/#\/schema\/logo\/image\/\",\"url\":\"https:\/\/onewood.dk\/wp-content\/uploads\/2024\/12\/Logo.png\",\"contentUrl\":\"https:\/\/onewood.dk\/wp-content\/uploads\/2024\/12\/Logo.png\",\"width\":180,\"height\":90,\"caption\":\"One Wood Furniture A\/S\"},\"image\":{\"@id\":\"https:\/\/onewood.dk\/#\/schema\/logo\/image\/\"}}]}<\/script>\n<!-- \/ Yoast SEO plugin. -->","yoast_head_json":{"title":"8452 - Milj\u00f8station | One Wood Furniture A\/S","robots":{"index":"index","follow":"follow","max-snippet":"max-snippet:-1","max-image-preview":"max-image-preview:large","max-video-preview":"max-video-preview:-1"},"canonical":"https:\/\/onewood.dk\/sv\/product\/8452-miljostation\/","og_locale":"sv_SE","og_type":"article","og_title":"8452 - Milj\u00f8station | One Wood Furniture A\/S","og_description":"Milj\u00f8stationen er en god og nem l\u00f8sning til sortering af diverse affald, der giver b\u00f8rnene lyst til at bidrage med oprydningen, da det samtidig bliver en leg for dem. B\u00f8rn l\u00e6rer i h\u00f8jere grad, hvordan man sorterer affald korrekt. &nbsp; Skabet er udarbejdet i 18mm birkekrydsfiner med h\u00f8jtrykslaminat i fire forskellige farver.","og_url":"https:\/\/onewood.dk\/sv\/product\/8452-miljostation\/","og_site_name":"One Wood Furniture A\/S","article_modified_time":"2025-02-24T13:32:49+00:00","og_image":[{"width":2560,"height":1707,"url":"https:\/\/onewood.dk\/wp-content\/uploads\/2024\/12\/4001-scaled.jpg","type":"image\/jpeg"}],"twitter_card":"summary_large_image","twitter_misc":{"Ber\u00e4knad l\u00e4stid":"1 minut"},"schema":{"@context":"https:\/\/schema.org","@graph":[{"@type":"WebPage","@id":"https:\/\/onewood.dk\/vare\/8452-miljoestation\/","url":"https:\/\/onewood.dk\/vare\/8452-miljoestation\/","name":"8452 - Milj\u00f8station | One Wood Furniture A\/S","isPartOf":{"@id":"https:\/\/onewood.dk\/#website"},"primaryImageOfPage":{"@id":"https:\/\/onewood.dk\/vare\/8452-miljoestation\/#primaryimage"},"image":{"@id":"https:\/\/onewood.dk\/vare\/8452-miljoestation\/#primaryimage"},"thumbnailUrl":"https:\/\/onewood.dk\/wp-content\/uploads\/2024\/12\/4001-scaled.jpg","datePublished":"2024-12-03T11:46:44+00:00","dateModified":"2025-02-24T13:32:49+00:00","breadcrumb":{"@id":"https:\/\/onewood.dk\/vare\/8452-miljoestation\/#breadcrumb"},"inLanguage":"sv-SE","potentialAction":[{"@type":"ReadAction","target":["https:\/\/onewood.dk\/vare\/8452-miljoestation\/"]}]},{"@type":"ImageObject","inLanguage":"sv-SE","@id":"https:\/\/onewood.dk\/vare\/8452-miljoestation\/#primaryimage","url":"https:\/\/onewood.dk\/wp-content\/uploads\/2024\/12\/4001-scaled.jpg","contentUrl":"https:\/\/onewood.dk\/wp-content\/uploads\/2024\/12\/4001-scaled.jpg","width":2560,"height":1707},{"@type":"BreadcrumbList","@id":"https:\/\/onewood.dk\/vare\/8452-miljoestation\/#breadcrumb","itemListElement":[{"@type":"ListItem","position":1,"name":"Varer","item":"https:\/\/onewood.dk\/shop\/"},{"@type":"ListItem","position":2,"name":"Skabe","item":"https:\/\/onewood.dk\/vare-kategori\/skabe\/"},{"@type":"ListItem","position":3,"name":"Milj\u00f8station","item":"https:\/\/onewood.dk\/vare-kategori\/skabe\/miljoestation\/"},{"@type":"ListItem","position":4,"name":"8452 &#8211; Milj\u00f8station"}]},{"@type":"WebSite","@id":"https:\/\/onewood.dk\/#website","url":"https:\/\/onewood.dk\/","name":"One Wood Furniture A\/S","description":"","publisher":{"@id":"https:\/\/onewood.dk\/#organization"},"potentialAction":[{"@type":"SearchAction","target":{"@type":"EntryPoint","urlTemplate":"https:\/\/onewood.dk\/?s={search_term_string}"},"query-input":{"@type":"PropertyValueSpecification","valueRequired":true,"valueName":"search_term_string"}}],"inLanguage":"sv-SE"},{"@type":"Organization","@id":"https:\/\/onewood.dk\/#organization","name":"One Wood Furniture A\/S","url":"https:\/\/onewood.dk\/","logo":{"@type":"ImageObject","inLanguage":"sv-SE","@id":"https:\/\/onewood.dk\/#\/schema\/logo\/image\/","url":"https:\/\/onewood.dk\/wp-content\/uploads\/2024\/12\/Logo.png","contentUrl":"https:\/\/onewood.dk\/wp-content\/uploads\/2024\/12\/Logo.png","width":180,"height":90,"caption":"One Wood Furniture A\/S"},"image":{"@id":"https:\/\/onewood.dk\/#\/schema\/logo\/image\/"}}]}},"_links":{"self":[{"href":"https:\/\/onewood.dk\/sv\/wp-json\/wp\/v2\/product\/1444","targetHints":{"allow":["GET"]}}],"collection":[{"href":"https:\/\/onewood.dk\/sv\/wp-json\/wp\/v2\/product"}],"about":[{"href":"https:\/\/onewood.dk\/sv\/wp-json\/wp\/v2\/types\/product"}],"wp:featuredmedia":[{"embeddable":true,"href":"https:\/\/onewood.dk\/sv\/wp-json\/wp\/v2\/media\/2707"}],"wp:attachment":[{"href":"https:\/\/onewood.dk\/sv\/wp-json\/wp\/v2\/media?parent=1444"}],"wp:term":[{"taxonomy":"product_brand","embeddable":true,"href":"https:\/\/onewood.dk\/sv\/wp-json\/wp\/v2\/product_brand?post=1444"},{"taxonomy":"product_cat","embeddable":true,"href":"https:\/\/onewood.dk\/sv\/wp-json\/wp\/v2\/product_cat?post=1444"},{"taxonomy":"product_tag","embeddable":true,"href":"https:\/\/onewood.dk\/sv\/wp-json\/wp\/v2\/product_tag?post=1444"}],"curies":[{"name":"wp","href":"https:\/\/api.w.org\/{rel}","templated":true}]}}