{"id":1489,"date":"2024-12-03T12:46:55","date_gmt":"2024-12-03T11:46:55","guid":{"rendered":"https:\/\/onewood.dkvare\/8423b-vaeghaengt-garderobebaenk-med-skorist-3-sekt\/"},"modified":"2025-02-04T11:17:14","modified_gmt":"2025-02-04T10:17:14","slug":"8423b-vaeghaengt-garderobebaenk-med-skorist-3-sekt","status":"publish","type":"product","link":"https:\/\/onewood.dk\/sv\/product\/8423b-vagghangd-garderobsbank-med-3-laador\/","title":{"rendered":"8423B \u2013 V\u00e4ggh\u00e4ngd garderobsb\u00e4nk med skost\u00e4ll, 3 fack"},"content":{"rendered":"<p>V\u00e4ggh\u00e4ngd garderobsb\u00e4nk, 3 sektioner. i vitpigmenterad 18mm bj\u00f6rkplywood.<\/p>\n<p>Garderobsb\u00e4nken inneh\u00e5ller som standard: avsnitt:<\/p>\n<ul>\n<li>1 fotst\u00f6d<\/li>\n<li>Levereras med ljusgr\u00e5tt laminat som standard, men kan levereras i alla One Wood standardf\u00e4rger.<\/li>\n<\/ul>\n<p>Kan kombineras med en v\u00e4gggarderob.<\/p>\n<p>Ett bra s\u00e4tt att f\u00f6rvara skor fr\u00e5n golvet.<\/p>","protected":false},"excerpt":{"rendered":"<p>Variabel intern. M\u00e5tt i varje rum: 250\/300mm.<\/p>","protected":false},"featured_media":2881,"template":"","meta":[],"product_brand":[],"product_cat":[555,605,569],"product_tag":[],"class_list":{"0":"post-1489","1":"product","2":"type-product","3":"status-publish","4":"has-post-thumbnail","6":"product_cat-garderober-tilbehoer","7":"product_cat-vaeghaengt-garderobebaenk","8":"product_cat-vaeghaengt-garderobe","10":"first","11":"instock","12":"product-type-simple"},"yoast_head":"<!-- This site is optimized with the Yoast SEO plugin v24.4 - https:\/\/yoast.com\/wordpress\/plugins\/seo\/ -->\n<title>8423B - V\u00e6gh\u00e6ngt garderobeb\u00e6nk med skorist 3 sekt | One Wood Furniture A\/S<\/title>\n<meta name=\"robots\" content=\"index, follow, max-snippet:-1, max-image-preview:large, max-video-preview:-1\" \/>\n<link rel=\"canonical\" href=\"https:\/\/onewood.dk\/sv\/product\/8423b-vagghangd-garderobsbank-med-3-laador\/\" \/>\n<meta property=\"og:locale\" content=\"sv_SE\" \/>\n<meta property=\"og:type\" content=\"article\" \/>\n<meta property=\"og:title\" content=\"8423B - V\u00e6gh\u00e6ngt garderobeb\u00e6nk med skorist 3 sekt | One Wood Furniture A\/S\" \/>\n<meta property=\"og:description\" content=\"Variabel indv. m\u00e5l i hvert rum: 250\/300mm.\" \/>\n<meta property=\"og:url\" content=\"https:\/\/onewood.dk\/sv\/product\/8423b-vagghangd-garderobsbank-med-3-laador\/\" \/>\n<meta property=\"og:site_name\" content=\"One Wood Furniture A\/S\" \/>\n<meta property=\"article:modified_time\" content=\"2025-02-04T10:17:14+00:00\" \/>\n<meta property=\"og:image\" content=\"https:\/\/onewood.dk\/wp-content\/uploads\/2024\/12\/3438-scaled.jpg\" \/>\n\t<meta property=\"og:image:width\" content=\"2560\" \/>\n\t<meta property=\"og:image:height\" content=\"1707\" \/>\n\t<meta property=\"og:image:type\" content=\"image\/jpeg\" \/>\n<meta name=\"twitter:card\" content=\"summary_large_image\" \/>\n<meta name=\"twitter:label1\" content=\"Ber\u00e4knad l\u00e4stid\" \/>\n\t<meta name=\"twitter:data1\" content=\"1 minut\" \/>\n<script type=\"application\/ld+json\" class=\"yoast-schema-graph\">{\"@context\":\"https:\/\/schema.org\",\"@graph\":[{\"@type\":\"WebPage\",\"@id\":\"https:\/\/onewood.dk\/vare\/8423b-vaeghaengt-garderobebaenk-med-skorist-3-sekt\/\",\"url\":\"https:\/\/onewood.dk\/vare\/8423b-vaeghaengt-garderobebaenk-med-skorist-3-sekt\/\",\"name\":\"8423B - V\u00e6gh\u00e6ngt garderobeb\u00e6nk med skorist 3 sekt | One Wood Furniture A\/S\",\"isPartOf\":{\"@id\":\"https:\/\/onewood.dk\/#website\"},\"primaryImageOfPage\":{\"@id\":\"https:\/\/onewood.dk\/vare\/8423b-vaeghaengt-garderobebaenk-med-skorist-3-sekt\/#primaryimage\"},\"image\":{\"@id\":\"https:\/\/onewood.dk\/vare\/8423b-vaeghaengt-garderobebaenk-med-skorist-3-sekt\/#primaryimage\"},\"thumbnailUrl\":\"https:\/\/onewood.dk\/wp-content\/uploads\/2024\/12\/3438-scaled.jpg\",\"datePublished\":\"2024-12-03T11:46:55+00:00\",\"dateModified\":\"2025-02-04T10:17:14+00:00\",\"breadcrumb\":{\"@id\":\"https:\/\/onewood.dk\/vare\/8423b-vaeghaengt-garderobebaenk-med-skorist-3-sekt\/#breadcrumb\"},\"inLanguage\":\"sv-SE\",\"potentialAction\":[{\"@type\":\"ReadAction\",\"target\":[\"https:\/\/onewood.dk\/vare\/8423b-vaeghaengt-garderobebaenk-med-skorist-3-sekt\/\"]}]},{\"@type\":\"ImageObject\",\"inLanguage\":\"sv-SE\",\"@id\":\"https:\/\/onewood.dk\/vare\/8423b-vaeghaengt-garderobebaenk-med-skorist-3-sekt\/#primaryimage\",\"url\":\"https:\/\/onewood.dk\/wp-content\/uploads\/2024\/12\/3438-scaled.jpg\",\"contentUrl\":\"https:\/\/onewood.dk\/wp-content\/uploads\/2024\/12\/3438-scaled.jpg\",\"width\":2560,\"height\":1707},{\"@type\":\"BreadcrumbList\",\"@id\":\"https:\/\/onewood.dk\/vare\/8423b-vaeghaengt-garderobebaenk-med-skorist-3-sekt\/#breadcrumb\",\"itemListElement\":[{\"@type\":\"ListItem\",\"position\":1,\"name\":\"Varer\",\"item\":\"https:\/\/onewood.dk\/shop\/\"},{\"@type\":\"ListItem\",\"position\":2,\"name\":\"Garderober &amp; tilbeh\u00f8r\",\"item\":\"https:\/\/onewood.dk\/vare-kategori\/garderober-tilbehoer\/\"},{\"@type\":\"ListItem\",\"position\":3,\"name\":\"V\u00e6gh\u00e6ngt garderobe\",\"item\":\"https:\/\/onewood.dk\/vare-kategori\/garderober-tilbehoer\/vaeghaengt-garderobe\/\"},{\"@type\":\"ListItem\",\"position\":4,\"name\":\"V\u00e6gh\u00e6ngt garderobeb\u00e6nk\",\"item\":\"https:\/\/onewood.dk\/vare-kategori\/garderober-tilbehoer\/vaeghaengt-garderobe\/vaeghaengt-garderobebaenk\/\"},{\"@type\":\"ListItem\",\"position\":5,\"name\":\"8423B &#8211; V\u00e6gh\u00e6ngt garderobeb\u00e6nk med skorist 3 sekt\"}]},{\"@type\":\"WebSite\",\"@id\":\"https:\/\/onewood.dk\/#website\",\"url\":\"https:\/\/onewood.dk\/\",\"name\":\"One Wood Furniture A\/S\",\"description\":\"\",\"publisher\":{\"@id\":\"https:\/\/onewood.dk\/#organization\"},\"potentialAction\":[{\"@type\":\"SearchAction\",\"target\":{\"@type\":\"EntryPoint\",\"urlTemplate\":\"https:\/\/onewood.dk\/?s={search_term_string}\"},\"query-input\":{\"@type\":\"PropertyValueSpecification\",\"valueRequired\":true,\"valueName\":\"search_term_string\"}}],\"inLanguage\":\"sv-SE\"},{\"@type\":\"Organization\",\"@id\":\"https:\/\/onewood.dk\/#organization\",\"name\":\"One Wood Furniture A\/S\",\"url\":\"https:\/\/onewood.dk\/\",\"logo\":{\"@type\":\"ImageObject\",\"inLanguage\":\"sv-SE\",\"@id\":\"https:\/\/onewood.dk\/#\/schema\/logo\/image\/\",\"url\":\"https:\/\/onewood.dk\/wp-content\/uploads\/2024\/12\/Logo.png\",\"contentUrl\":\"https:\/\/onewood.dk\/wp-content\/uploads\/2024\/12\/Logo.png\",\"width\":180,\"height\":90,\"caption\":\"One Wood Furniture A\/S\"},\"image\":{\"@id\":\"https:\/\/onewood.dk\/#\/schema\/logo\/image\/\"}}]}<\/script>\n<!-- \/ Yoast SEO plugin. -->","yoast_head_json":{"title":"8423B - V\u00e6gh\u00e6ngt garderobeb\u00e6nk med skorist 3 sekt | One Wood Furniture A\/S","robots":{"index":"index","follow":"follow","max-snippet":"max-snippet:-1","max-image-preview":"max-image-preview:large","max-video-preview":"max-video-preview:-1"},"canonical":"https:\/\/onewood.dk\/sv\/product\/8423b-vagghangd-garderobsbank-med-3-laador\/","og_locale":"sv_SE","og_type":"article","og_title":"8423B - V\u00e6gh\u00e6ngt garderobeb\u00e6nk med skorist 3 sekt | One Wood Furniture A\/S","og_description":"Variabel indv. m\u00e5l i hvert rum: 250\/300mm.","og_url":"https:\/\/onewood.dk\/sv\/product\/8423b-vagghangd-garderobsbank-med-3-laador\/","og_site_name":"One Wood Furniture A\/S","article_modified_time":"2025-02-04T10:17:14+00:00","og_image":[{"width":2560,"height":1707,"url":"https:\/\/onewood.dk\/wp-content\/uploads\/2024\/12\/3438-scaled.jpg","type":"image\/jpeg"}],"twitter_card":"summary_large_image","twitter_misc":{"Ber\u00e4knad l\u00e4stid":"1 minut"},"schema":{"@context":"https:\/\/schema.org","@graph":[{"@type":"WebPage","@id":"https:\/\/onewood.dk\/vare\/8423b-vaeghaengt-garderobebaenk-med-skorist-3-sekt\/","url":"https:\/\/onewood.dk\/vare\/8423b-vaeghaengt-garderobebaenk-med-skorist-3-sekt\/","name":"8423B - V\u00e6gh\u00e6ngt garderobeb\u00e6nk med skorist 3 sekt | One Wood Furniture A\/S","isPartOf":{"@id":"https:\/\/onewood.dk\/#website"},"primaryImageOfPage":{"@id":"https:\/\/onewood.dk\/vare\/8423b-vaeghaengt-garderobebaenk-med-skorist-3-sekt\/#primaryimage"},"image":{"@id":"https:\/\/onewood.dk\/vare\/8423b-vaeghaengt-garderobebaenk-med-skorist-3-sekt\/#primaryimage"},"thumbnailUrl":"https:\/\/onewood.dk\/wp-content\/uploads\/2024\/12\/3438-scaled.jpg","datePublished":"2024-12-03T11:46:55+00:00","dateModified":"2025-02-04T10:17:14+00:00","breadcrumb":{"@id":"https:\/\/onewood.dk\/vare\/8423b-vaeghaengt-garderobebaenk-med-skorist-3-sekt\/#breadcrumb"},"inLanguage":"sv-SE","potentialAction":[{"@type":"ReadAction","target":["https:\/\/onewood.dk\/vare\/8423b-vaeghaengt-garderobebaenk-med-skorist-3-sekt\/"]}]},{"@type":"ImageObject","inLanguage":"sv-SE","@id":"https:\/\/onewood.dk\/vare\/8423b-vaeghaengt-garderobebaenk-med-skorist-3-sekt\/#primaryimage","url":"https:\/\/onewood.dk\/wp-content\/uploads\/2024\/12\/3438-scaled.jpg","contentUrl":"https:\/\/onewood.dk\/wp-content\/uploads\/2024\/12\/3438-scaled.jpg","width":2560,"height":1707},{"@type":"BreadcrumbList","@id":"https:\/\/onewood.dk\/vare\/8423b-vaeghaengt-garderobebaenk-med-skorist-3-sekt\/#breadcrumb","itemListElement":[{"@type":"ListItem","position":1,"name":"Varer","item":"https:\/\/onewood.dk\/shop\/"},{"@type":"ListItem","position":2,"name":"Garderober &amp; tilbeh\u00f8r","item":"https:\/\/onewood.dk\/vare-kategori\/garderober-tilbehoer\/"},{"@type":"ListItem","position":3,"name":"V\u00e6gh\u00e6ngt garderobe","item":"https:\/\/onewood.dk\/vare-kategori\/garderober-tilbehoer\/vaeghaengt-garderobe\/"},{"@type":"ListItem","position":4,"name":"V\u00e6gh\u00e6ngt garderobeb\u00e6nk","item":"https:\/\/onewood.dk\/vare-kategori\/garderober-tilbehoer\/vaeghaengt-garderobe\/vaeghaengt-garderobebaenk\/"},{"@type":"ListItem","position":5,"name":"8423B &#8211; V\u00e6gh\u00e6ngt garderobeb\u00e6nk med skorist 3 sekt"}]},{"@type":"WebSite","@id":"https:\/\/onewood.dk\/#website","url":"https:\/\/onewood.dk\/","name":"One Wood Furniture A\/S","description":"","publisher":{"@id":"https:\/\/onewood.dk\/#organization"},"potentialAction":[{"@type":"SearchAction","target":{"@type":"EntryPoint","urlTemplate":"https:\/\/onewood.dk\/?s={search_term_string}"},"query-input":{"@type":"PropertyValueSpecification","valueRequired":true,"valueName":"search_term_string"}}],"inLanguage":"sv-SE"},{"@type":"Organization","@id":"https:\/\/onewood.dk\/#organization","name":"One Wood Furniture A\/S","url":"https:\/\/onewood.dk\/","logo":{"@type":"ImageObject","inLanguage":"sv-SE","@id":"https:\/\/onewood.dk\/#\/schema\/logo\/image\/","url":"https:\/\/onewood.dk\/wp-content\/uploads\/2024\/12\/Logo.png","contentUrl":"https:\/\/onewood.dk\/wp-content\/uploads\/2024\/12\/Logo.png","width":180,"height":90,"caption":"One Wood Furniture A\/S"},"image":{"@id":"https:\/\/onewood.dk\/#\/schema\/logo\/image\/"}}]}},"_links":{"self":[{"href":"https:\/\/onewood.dk\/sv\/wp-json\/wp\/v2\/product\/1489","targetHints":{"allow":["GET"]}}],"collection":[{"href":"https:\/\/onewood.dk\/sv\/wp-json\/wp\/v2\/product"}],"about":[{"href":"https:\/\/onewood.dk\/sv\/wp-json\/wp\/v2\/types\/product"}],"wp:featuredmedia":[{"embeddable":true,"href":"https:\/\/onewood.dk\/sv\/wp-json\/wp\/v2\/media\/2881"}],"wp:attachment":[{"href":"https:\/\/onewood.dk\/sv\/wp-json\/wp\/v2\/media?parent=1489"}],"wp:term":[{"taxonomy":"product_brand","embeddable":true,"href":"https:\/\/onewood.dk\/sv\/wp-json\/wp\/v2\/product_brand?post=1489"},{"taxonomy":"product_cat","embeddable":true,"href":"https:\/\/onewood.dk\/sv\/wp-json\/wp\/v2\/product_cat?post=1489"},{"taxonomy":"product_tag","embeddable":true,"href":"https:\/\/onewood.dk\/sv\/wp-json\/wp\/v2\/product_tag?post=1489"}],"curies":[{"name":"wp","href":"https:\/\/api.w.org\/{rel}","templated":true}]}}