{"id":1530,"date":"2024-12-03T12:47:01","date_gmt":"2024-12-03T11:47:01","guid":{"rendered":"https:\/\/onewood.dkvare\/7670m-laage-til-one-wood-mega\/"},"modified":"2024-12-03T13:18:54","modified_gmt":"2024-12-03T12:18:54","slug":"7670m-laage-til-one-wood-mega","status":"publish","type":"product","link":"https:\/\/onewood.dk\/sv\/product\/7670m-laas-for-en-tra-mega\/","title":{"rendered":"7670M \u2013 D\u00f6rr f\u00f6r One Wood Mega"},"content":{"rendered":"<p>D\u00f6rr i 15 mm. vitpigmenterad bj\u00f6rkplywood.<\/p>\n<p>&nbsp;<\/p>\n<p>Luckan kan med f\u00f6rdel kombineras med en tavelram eller ett urtag f\u00f6r en tavelram, vilket g\u00f6r det l\u00e4ttare f\u00f6r barn och f\u00f6r\u00e4ldrar att identifiera sin egen garderob.<\/p>\n<p>&nbsp;<\/p>\n<p>Alla d\u00f6rrar levereras med soft-close som standard.<\/p>","protected":false},"excerpt":{"rendered":"<p>D\u00f6rr i 15 mm vitpigmenterad bj\u00f6rkplywood. D\u00f6rren kan med f\u00f6rdel kombineras med en tavelram eller ett urtag f\u00f6r tavelram, s\u00e5 att det blir l\u00e4ttare f\u00f6r barn och f\u00f6r\u00e4ldrar att identifiera sin egen garderob. Alla d\u00f6rrar har mjukst\u00e4ngning som standard.<\/p>","protected":false},"featured_media":3030,"template":"","meta":[],"product_brand":[],"product_cat":[555,603,573],"product_tag":[],"class_list":{"0":"post-1530","1":"product","2":"type-product","3":"status-publish","4":"has-post-thumbnail","6":"product_cat-garderober-tilbehoer","7":"product_cat-tilbehoer-one-wood-mega","8":"product_cat-one-wood-mega","10":"first","11":"instock","12":"product-type-simple"},"yoast_head":"<!-- This site is optimized with the Yoast SEO plugin v24.4 - https:\/\/yoast.com\/wordpress\/plugins\/seo\/ -->\n<title>7670M - L\u00e5ge til One Wood Mega | One Wood Furniture A\/S<\/title>\n<meta name=\"robots\" content=\"index, follow, max-snippet:-1, max-image-preview:large, max-video-preview:-1\" \/>\n<link rel=\"canonical\" href=\"https:\/\/onewood.dk\/sv\/product\/7670m-laas-for-en-tra-mega\/\" \/>\n<meta property=\"og:locale\" content=\"sv_SE\" \/>\n<meta property=\"og:type\" content=\"article\" \/>\n<meta property=\"og:title\" content=\"7670M - L\u00e5ge til One Wood Mega | One Wood Furniture A\/S\" \/>\n<meta property=\"og:description\" content=\"L&aring;ge i 15 mm. hvidpigmenteret birkekrydsfiner. &nbsp; L&aring;gen kan med fordel kombineres med en billedramme eller udfr&aelig;sning til billederamme, s&aring; det er nemmere for barn og for&aelig;ldre at identificere egen garderobe. &nbsp; Alle l&aring;ger leveres med soft-luk som standard.\" \/>\n<meta property=\"og:url\" content=\"https:\/\/onewood.dk\/sv\/product\/7670m-laas-for-en-tra-mega\/\" \/>\n<meta property=\"og:site_name\" content=\"One Wood Furniture A\/S\" \/>\n<meta property=\"article:modified_time\" content=\"2024-12-03T12:18:54+00:00\" \/>\n<meta property=\"og:image\" content=\"https:\/\/onewood.dk\/wp-content\/uploads\/2024\/12\/3314-scaled.jpg\" \/>\n\t<meta property=\"og:image:width\" content=\"2560\" \/>\n\t<meta property=\"og:image:height\" content=\"1707\" \/>\n\t<meta property=\"og:image:type\" content=\"image\/jpeg\" \/>\n<meta name=\"twitter:card\" content=\"summary_large_image\" \/>\n<script type=\"application\/ld+json\" class=\"yoast-schema-graph\">{\"@context\":\"https:\/\/schema.org\",\"@graph\":[{\"@type\":\"WebPage\",\"@id\":\"https:\/\/onewood.dk\/vare\/7670m-laage-til-one-wood-mega\/\",\"url\":\"https:\/\/onewood.dk\/vare\/7670m-laage-til-one-wood-mega\/\",\"name\":\"7670M - L\u00e5ge til One Wood Mega | One Wood Furniture A\/S\",\"isPartOf\":{\"@id\":\"https:\/\/onewood.dk\/#website\"},\"primaryImageOfPage\":{\"@id\":\"https:\/\/onewood.dk\/vare\/7670m-laage-til-one-wood-mega\/#primaryimage\"},\"image\":{\"@id\":\"https:\/\/onewood.dk\/vare\/7670m-laage-til-one-wood-mega\/#primaryimage\"},\"thumbnailUrl\":\"https:\/\/onewood.dk\/wp-content\/uploads\/2024\/12\/3314-scaled.jpg\",\"datePublished\":\"2024-12-03T11:47:01+00:00\",\"dateModified\":\"2024-12-03T12:18:54+00:00\",\"breadcrumb\":{\"@id\":\"https:\/\/onewood.dk\/vare\/7670m-laage-til-one-wood-mega\/#breadcrumb\"},\"inLanguage\":\"sv-SE\",\"potentialAction\":[{\"@type\":\"ReadAction\",\"target\":[\"https:\/\/onewood.dk\/vare\/7670m-laage-til-one-wood-mega\/\"]}]},{\"@type\":\"ImageObject\",\"inLanguage\":\"sv-SE\",\"@id\":\"https:\/\/onewood.dk\/vare\/7670m-laage-til-one-wood-mega\/#primaryimage\",\"url\":\"https:\/\/onewood.dk\/wp-content\/uploads\/2024\/12\/3314-scaled.jpg\",\"contentUrl\":\"https:\/\/onewood.dk\/wp-content\/uploads\/2024\/12\/3314-scaled.jpg\",\"width\":2560,\"height\":1707},{\"@type\":\"BreadcrumbList\",\"@id\":\"https:\/\/onewood.dk\/vare\/7670m-laage-til-one-wood-mega\/#breadcrumb\",\"itemListElement\":[{\"@type\":\"ListItem\",\"position\":1,\"name\":\"Varer\",\"item\":\"https:\/\/onewood.dk\/shop\/\"},{\"@type\":\"ListItem\",\"position\":2,\"name\":\"Garderober &amp; tilbeh\u00f8r\",\"item\":\"https:\/\/onewood.dk\/vare-kategori\/garderober-tilbehoer\/\"},{\"@type\":\"ListItem\",\"position\":3,\"name\":\"One Wood Mega\",\"item\":\"https:\/\/onewood.dk\/vare-kategori\/garderober-tilbehoer\/one-wood-mega\/\"},{\"@type\":\"ListItem\",\"position\":4,\"name\":\"Tilbeh\u00f8r\",\"item\":\"https:\/\/onewood.dk\/vare-kategori\/garderober-tilbehoer\/one-wood-mega\/tilbehoer-one-wood-mega\/\"},{\"@type\":\"ListItem\",\"position\":5,\"name\":\"7670M &#8211; L\u00e5ge til One Wood Mega\"}]},{\"@type\":\"WebSite\",\"@id\":\"https:\/\/onewood.dk\/#website\",\"url\":\"https:\/\/onewood.dk\/\",\"name\":\"One Wood Furniture A\/S\",\"description\":\"\",\"publisher\":{\"@id\":\"https:\/\/onewood.dk\/#organization\"},\"potentialAction\":[{\"@type\":\"SearchAction\",\"target\":{\"@type\":\"EntryPoint\",\"urlTemplate\":\"https:\/\/onewood.dk\/?s={search_term_string}\"},\"query-input\":{\"@type\":\"PropertyValueSpecification\",\"valueRequired\":true,\"valueName\":\"search_term_string\"}}],\"inLanguage\":\"sv-SE\"},{\"@type\":\"Organization\",\"@id\":\"https:\/\/onewood.dk\/#organization\",\"name\":\"One Wood Furniture A\/S\",\"url\":\"https:\/\/onewood.dk\/\",\"logo\":{\"@type\":\"ImageObject\",\"inLanguage\":\"sv-SE\",\"@id\":\"https:\/\/onewood.dk\/#\/schema\/logo\/image\/\",\"url\":\"https:\/\/onewood.dk\/wp-content\/uploads\/2024\/12\/Logo.png\",\"contentUrl\":\"https:\/\/onewood.dk\/wp-content\/uploads\/2024\/12\/Logo.png\",\"width\":180,\"height\":90,\"caption\":\"One Wood Furniture A\/S\"},\"image\":{\"@id\":\"https:\/\/onewood.dk\/#\/schema\/logo\/image\/\"}}]}<\/script>\n<!-- \/ Yoast SEO plugin. -->","yoast_head_json":{"title":"7670M - L\u00e5ge til One Wood Mega | One Wood Furniture A\/S","robots":{"index":"index","follow":"follow","max-snippet":"max-snippet:-1","max-image-preview":"max-image-preview:large","max-video-preview":"max-video-preview:-1"},"canonical":"https:\/\/onewood.dk\/sv\/product\/7670m-laas-for-en-tra-mega\/","og_locale":"sv_SE","og_type":"article","og_title":"7670M - L\u00e5ge til One Wood Mega | One Wood Furniture A\/S","og_description":"L&aring;ge i 15 mm. hvidpigmenteret birkekrydsfiner. &nbsp; L&aring;gen kan med fordel kombineres med en billedramme eller udfr&aelig;sning til billederamme, s&aring; det er nemmere for barn og for&aelig;ldre at identificere egen garderobe. &nbsp; Alle l&aring;ger leveres med soft-luk som standard.","og_url":"https:\/\/onewood.dk\/sv\/product\/7670m-laas-for-en-tra-mega\/","og_site_name":"One Wood Furniture A\/S","article_modified_time":"2024-12-03T12:18:54+00:00","og_image":[{"width":2560,"height":1707,"url":"https:\/\/onewood.dk\/wp-content\/uploads\/2024\/12\/3314-scaled.jpg","type":"image\/jpeg"}],"twitter_card":"summary_large_image","schema":{"@context":"https:\/\/schema.org","@graph":[{"@type":"WebPage","@id":"https:\/\/onewood.dk\/vare\/7670m-laage-til-one-wood-mega\/","url":"https:\/\/onewood.dk\/vare\/7670m-laage-til-one-wood-mega\/","name":"7670M - L\u00e5ge til One Wood Mega | One Wood Furniture A\/S","isPartOf":{"@id":"https:\/\/onewood.dk\/#website"},"primaryImageOfPage":{"@id":"https:\/\/onewood.dk\/vare\/7670m-laage-til-one-wood-mega\/#primaryimage"},"image":{"@id":"https:\/\/onewood.dk\/vare\/7670m-laage-til-one-wood-mega\/#primaryimage"},"thumbnailUrl":"https:\/\/onewood.dk\/wp-content\/uploads\/2024\/12\/3314-scaled.jpg","datePublished":"2024-12-03T11:47:01+00:00","dateModified":"2024-12-03T12:18:54+00:00","breadcrumb":{"@id":"https:\/\/onewood.dk\/vare\/7670m-laage-til-one-wood-mega\/#breadcrumb"},"inLanguage":"sv-SE","potentialAction":[{"@type":"ReadAction","target":["https:\/\/onewood.dk\/vare\/7670m-laage-til-one-wood-mega\/"]}]},{"@type":"ImageObject","inLanguage":"sv-SE","@id":"https:\/\/onewood.dk\/vare\/7670m-laage-til-one-wood-mega\/#primaryimage","url":"https:\/\/onewood.dk\/wp-content\/uploads\/2024\/12\/3314-scaled.jpg","contentUrl":"https:\/\/onewood.dk\/wp-content\/uploads\/2024\/12\/3314-scaled.jpg","width":2560,"height":1707},{"@type":"BreadcrumbList","@id":"https:\/\/onewood.dk\/vare\/7670m-laage-til-one-wood-mega\/#breadcrumb","itemListElement":[{"@type":"ListItem","position":1,"name":"Varer","item":"https:\/\/onewood.dk\/shop\/"},{"@type":"ListItem","position":2,"name":"Garderober &amp; tilbeh\u00f8r","item":"https:\/\/onewood.dk\/vare-kategori\/garderober-tilbehoer\/"},{"@type":"ListItem","position":3,"name":"One Wood Mega","item":"https:\/\/onewood.dk\/vare-kategori\/garderober-tilbehoer\/one-wood-mega\/"},{"@type":"ListItem","position":4,"name":"Tilbeh\u00f8r","item":"https:\/\/onewood.dk\/vare-kategori\/garderober-tilbehoer\/one-wood-mega\/tilbehoer-one-wood-mega\/"},{"@type":"ListItem","position":5,"name":"7670M &#8211; L\u00e5ge til One Wood Mega"}]},{"@type":"WebSite","@id":"https:\/\/onewood.dk\/#website","url":"https:\/\/onewood.dk\/","name":"One Wood Furniture A\/S","description":"","publisher":{"@id":"https:\/\/onewood.dk\/#organization"},"potentialAction":[{"@type":"SearchAction","target":{"@type":"EntryPoint","urlTemplate":"https:\/\/onewood.dk\/?s={search_term_string}"},"query-input":{"@type":"PropertyValueSpecification","valueRequired":true,"valueName":"search_term_string"}}],"inLanguage":"sv-SE"},{"@type":"Organization","@id":"https:\/\/onewood.dk\/#organization","name":"One Wood Furniture A\/S","url":"https:\/\/onewood.dk\/","logo":{"@type":"ImageObject","inLanguage":"sv-SE","@id":"https:\/\/onewood.dk\/#\/schema\/logo\/image\/","url":"https:\/\/onewood.dk\/wp-content\/uploads\/2024\/12\/Logo.png","contentUrl":"https:\/\/onewood.dk\/wp-content\/uploads\/2024\/12\/Logo.png","width":180,"height":90,"caption":"One Wood Furniture A\/S"},"image":{"@id":"https:\/\/onewood.dk\/#\/schema\/logo\/image\/"}}]}},"_links":{"self":[{"href":"https:\/\/onewood.dk\/sv\/wp-json\/wp\/v2\/product\/1530","targetHints":{"allow":["GET"]}}],"collection":[{"href":"https:\/\/onewood.dk\/sv\/wp-json\/wp\/v2\/product"}],"about":[{"href":"https:\/\/onewood.dk\/sv\/wp-json\/wp\/v2\/types\/product"}],"wp:featuredmedia":[{"embeddable":true,"href":"https:\/\/onewood.dk\/sv\/wp-json\/wp\/v2\/media\/3030"}],"wp:attachment":[{"href":"https:\/\/onewood.dk\/sv\/wp-json\/wp\/v2\/media?parent=1530"}],"wp:term":[{"taxonomy":"product_brand","embeddable":true,"href":"https:\/\/onewood.dk\/sv\/wp-json\/wp\/v2\/product_brand?post=1530"},{"taxonomy":"product_cat","embeddable":true,"href":"https:\/\/onewood.dk\/sv\/wp-json\/wp\/v2\/product_cat?post=1530"},{"taxonomy":"product_tag","embeddable":true,"href":"https:\/\/onewood.dk\/sv\/wp-json\/wp\/v2\/product_tag?post=1530"}],"curies":[{"name":"wp","href":"https:\/\/api.w.org\/{rel}","templated":true}]}}