{"id":1542,"date":"2024-12-03T12:47:01","date_gmt":"2024-12-03T11:47:01","guid":{"rendered":"https:\/\/onewood.dkvare\/6105-funky-legereol-6-rum\/"},"modified":"2025-02-10T14:46:47","modified_gmt":"2025-02-10T13:46:47","slug":"6105-funky-legereol-6-rum","status":"publish","type":"product","link":"https:\/\/onewood.dk\/sv\/product\/6105-funky-lekrum-6-fack\/","title":{"rendered":"6105 \u2013 Funky lekrum 6 fack"},"content":{"rendered":"<p>Mobil Funky lekhylla med 6 fack i 18 mm vitpigmenterad bj\u00f6rkplywood kan enkelt f\u00e4llas ut f\u00f6r att bli lekbord, soffbord mm.<\/p>\n<p>Hyllan \u00e4r en utm\u00e4rkt l\u00f6sning f\u00f6r att snabbt skapa en yta med bra spelh\u00f6jd, d\u00e5 den g\u00e5r snabbt att ta ut, bordsskivan \u00e4r l\u00e4tt att f\u00e4lla ut och ger en stor spelyta.<\/p>\n<p>Levereras som standard med ljusgr\u00e5 laminat p\u00e5 toppplatta.<\/p>","protected":false},"excerpt":{"rendered":"<p><strong>Bordsskiva inl\u00e4mnad<\/strong><\/p>\n<p><strong>M\u00e5l: <\/strong>H\u00f6jd: 525mm. Bredd: 1227mm. Djup: 450 mm.<\/p>\n<p><strong>Bordsskiva utslagen<\/strong><\/p>\n<p><strong>M\u00e5l: <\/strong>H\u00f6jd: 507mm. Bredd: 1227mm. Djup: 900 mm.<\/p>\n<p>&nbsp;<\/p>\n<p>Hyllan levereras exkl. f\u00f6rvaringsl\u00e5dor \u2013 se tillbeh\u00f6r.<\/p>","protected":false},"featured_media":3071,"template":"","meta":[],"product_brand":[],"product_cat":[729,557,581],"product_tag":[],"class_list":{"0":"post-1542","1":"product","2":"type-product","3":"status-publish","4":"has-post-thumbnail","6":"product_cat-funky-reol","7":"product_cat-reoler","8":"product_cat-funky","10":"first","11":"instock","12":"product-type-simple"},"yoast_head":"<!-- This site is optimized with the Yoast SEO plugin v24.4 - https:\/\/yoast.com\/wordpress\/plugins\/seo\/ -->\n<title>6105 - Funky legereol 6 rum | One Wood Furniture A\/S<\/title>\n<meta name=\"robots\" content=\"index, follow, max-snippet:-1, max-image-preview:large, max-video-preview:-1\" \/>\n<link rel=\"canonical\" href=\"https:\/\/onewood.dk\/sv\/product\/6105-funky-lekrum-6-fack\/\" \/>\n<meta property=\"og:locale\" content=\"sv_SE\" \/>\n<meta property=\"og:type\" content=\"article\" \/>\n<meta property=\"og:title\" content=\"6105 - Funky legereol 6 rum | One Wood Furniture A\/S\" \/>\n<meta property=\"og:description\" content=\"Bordplade sl\u00e5et ind  M\u00e5l: H\u00f8jde:525mm. Bredde:1227mm. Dybde:450mm.  Bordplade sl\u00e5et ud  M\u00e5l: H\u00f8jde:507mm. Bredde:1227mm. Dybde:900mm.  &nbsp;  Reolen leveres ekskl. opbevaringskasser - se tilbeh\u00f8r.\" \/>\n<meta property=\"og:url\" content=\"https:\/\/onewood.dk\/sv\/product\/6105-funky-lekrum-6-fack\/\" \/>\n<meta property=\"og:site_name\" content=\"One Wood Furniture A\/S\" \/>\n<meta property=\"article:modified_time\" content=\"2025-02-10T13:46:47+00:00\" \/>\n<meta property=\"og:image\" content=\"https:\/\/onewood.dk\/wp-content\/uploads\/2024\/12\/4142.jpg\" \/>\n\t<meta property=\"og:image:width\" content=\"1600\" \/>\n\t<meta property=\"og:image:height\" content=\"1065\" \/>\n\t<meta property=\"og:image:type\" content=\"image\/jpeg\" \/>\n<meta name=\"twitter:card\" content=\"summary_large_image\" \/>\n<meta name=\"twitter:label1\" content=\"Ber\u00e4knad l\u00e4stid\" \/>\n\t<meta name=\"twitter:data1\" content=\"1 minut\" \/>\n<script type=\"application\/ld+json\" class=\"yoast-schema-graph\">{\"@context\":\"https:\/\/schema.org\",\"@graph\":[{\"@type\":\"WebPage\",\"@id\":\"https:\/\/onewood.dk\/vare\/6105-funky-legereol-6-rum\/\",\"url\":\"https:\/\/onewood.dk\/vare\/6105-funky-legereol-6-rum\/\",\"name\":\"6105 - Funky legereol 6 rum | One Wood Furniture A\/S\",\"isPartOf\":{\"@id\":\"https:\/\/onewood.dk\/#website\"},\"primaryImageOfPage\":{\"@id\":\"https:\/\/onewood.dk\/vare\/6105-funky-legereol-6-rum\/#primaryimage\"},\"image\":{\"@id\":\"https:\/\/onewood.dk\/vare\/6105-funky-legereol-6-rum\/#primaryimage\"},\"thumbnailUrl\":\"https:\/\/onewood.dk\/wp-content\/uploads\/2024\/12\/4142.jpg\",\"datePublished\":\"2024-12-03T11:47:01+00:00\",\"dateModified\":\"2025-02-10T13:46:47+00:00\",\"breadcrumb\":{\"@id\":\"https:\/\/onewood.dk\/vare\/6105-funky-legereol-6-rum\/#breadcrumb\"},\"inLanguage\":\"sv-SE\",\"potentialAction\":[{\"@type\":\"ReadAction\",\"target\":[\"https:\/\/onewood.dk\/vare\/6105-funky-legereol-6-rum\/\"]}]},{\"@type\":\"ImageObject\",\"inLanguage\":\"sv-SE\",\"@id\":\"https:\/\/onewood.dk\/vare\/6105-funky-legereol-6-rum\/#primaryimage\",\"url\":\"https:\/\/onewood.dk\/wp-content\/uploads\/2024\/12\/4142.jpg\",\"contentUrl\":\"https:\/\/onewood.dk\/wp-content\/uploads\/2024\/12\/4142.jpg\",\"width\":1600,\"height\":1065},{\"@type\":\"BreadcrumbList\",\"@id\":\"https:\/\/onewood.dk\/vare\/6105-funky-legereol-6-rum\/#breadcrumb\",\"itemListElement\":[{\"@type\":\"ListItem\",\"position\":1,\"name\":\"Varer\",\"item\":\"https:\/\/onewood.dk\/shop\/\"},{\"@type\":\"ListItem\",\"position\":2,\"name\":\"Reoler\",\"item\":\"https:\/\/onewood.dk\/vare-kategori\/reoler\/\"},{\"@type\":\"ListItem\",\"position\":3,\"name\":\"Funky\",\"item\":\"https:\/\/onewood.dk\/vare-kategori\/reoler\/funky\/\"},{\"@type\":\"ListItem\",\"position\":4,\"name\":\"Funky reol\",\"item\":\"https:\/\/onewood.dk\/vare-kategori\/reoler\/funky\/funky-reol\/\"},{\"@type\":\"ListItem\",\"position\":5,\"name\":\"6105 &#8211; Funky legereol 6 rum\"}]},{\"@type\":\"WebSite\",\"@id\":\"https:\/\/onewood.dk\/#website\",\"url\":\"https:\/\/onewood.dk\/\",\"name\":\"One Wood Furniture A\/S\",\"description\":\"\",\"publisher\":{\"@id\":\"https:\/\/onewood.dk\/#organization\"},\"potentialAction\":[{\"@type\":\"SearchAction\",\"target\":{\"@type\":\"EntryPoint\",\"urlTemplate\":\"https:\/\/onewood.dk\/?s={search_term_string}\"},\"query-input\":{\"@type\":\"PropertyValueSpecification\",\"valueRequired\":true,\"valueName\":\"search_term_string\"}}],\"inLanguage\":\"sv-SE\"},{\"@type\":\"Organization\",\"@id\":\"https:\/\/onewood.dk\/#organization\",\"name\":\"One Wood Furniture A\/S\",\"url\":\"https:\/\/onewood.dk\/\",\"logo\":{\"@type\":\"ImageObject\",\"inLanguage\":\"sv-SE\",\"@id\":\"https:\/\/onewood.dk\/#\/schema\/logo\/image\/\",\"url\":\"https:\/\/onewood.dk\/wp-content\/uploads\/2024\/12\/Logo.png\",\"contentUrl\":\"https:\/\/onewood.dk\/wp-content\/uploads\/2024\/12\/Logo.png\",\"width\":180,\"height\":90,\"caption\":\"One Wood Furniture A\/S\"},\"image\":{\"@id\":\"https:\/\/onewood.dk\/#\/schema\/logo\/image\/\"}}]}<\/script>\n<!-- \/ Yoast SEO plugin. -->","yoast_head_json":{"title":"6105 - Funky legereol 6 rum | One Wood Furniture A\/S","robots":{"index":"index","follow":"follow","max-snippet":"max-snippet:-1","max-image-preview":"max-image-preview:large","max-video-preview":"max-video-preview:-1"},"canonical":"https:\/\/onewood.dk\/sv\/product\/6105-funky-lekrum-6-fack\/","og_locale":"sv_SE","og_type":"article","og_title":"6105 - Funky legereol 6 rum | One Wood Furniture A\/S","og_description":"Bordplade sl\u00e5et ind  M\u00e5l: H\u00f8jde:525mm. Bredde:1227mm. Dybde:450mm.  Bordplade sl\u00e5et ud  M\u00e5l: H\u00f8jde:507mm. Bredde:1227mm. Dybde:900mm.  &nbsp;  Reolen leveres ekskl. opbevaringskasser - se tilbeh\u00f8r.","og_url":"https:\/\/onewood.dk\/sv\/product\/6105-funky-lekrum-6-fack\/","og_site_name":"One Wood Furniture A\/S","article_modified_time":"2025-02-10T13:46:47+00:00","og_image":[{"width":1600,"height":1065,"url":"https:\/\/onewood.dk\/wp-content\/uploads\/2024\/12\/4142.jpg","type":"image\/jpeg"}],"twitter_card":"summary_large_image","twitter_misc":{"Ber\u00e4knad l\u00e4stid":"1 minut"},"schema":{"@context":"https:\/\/schema.org","@graph":[{"@type":"WebPage","@id":"https:\/\/onewood.dk\/vare\/6105-funky-legereol-6-rum\/","url":"https:\/\/onewood.dk\/vare\/6105-funky-legereol-6-rum\/","name":"6105 - Funky legereol 6 rum | One Wood Furniture A\/S","isPartOf":{"@id":"https:\/\/onewood.dk\/#website"},"primaryImageOfPage":{"@id":"https:\/\/onewood.dk\/vare\/6105-funky-legereol-6-rum\/#primaryimage"},"image":{"@id":"https:\/\/onewood.dk\/vare\/6105-funky-legereol-6-rum\/#primaryimage"},"thumbnailUrl":"https:\/\/onewood.dk\/wp-content\/uploads\/2024\/12\/4142.jpg","datePublished":"2024-12-03T11:47:01+00:00","dateModified":"2025-02-10T13:46:47+00:00","breadcrumb":{"@id":"https:\/\/onewood.dk\/vare\/6105-funky-legereol-6-rum\/#breadcrumb"},"inLanguage":"sv-SE","potentialAction":[{"@type":"ReadAction","target":["https:\/\/onewood.dk\/vare\/6105-funky-legereol-6-rum\/"]}]},{"@type":"ImageObject","inLanguage":"sv-SE","@id":"https:\/\/onewood.dk\/vare\/6105-funky-legereol-6-rum\/#primaryimage","url":"https:\/\/onewood.dk\/wp-content\/uploads\/2024\/12\/4142.jpg","contentUrl":"https:\/\/onewood.dk\/wp-content\/uploads\/2024\/12\/4142.jpg","width":1600,"height":1065},{"@type":"BreadcrumbList","@id":"https:\/\/onewood.dk\/vare\/6105-funky-legereol-6-rum\/#breadcrumb","itemListElement":[{"@type":"ListItem","position":1,"name":"Varer","item":"https:\/\/onewood.dk\/shop\/"},{"@type":"ListItem","position":2,"name":"Reoler","item":"https:\/\/onewood.dk\/vare-kategori\/reoler\/"},{"@type":"ListItem","position":3,"name":"Funky","item":"https:\/\/onewood.dk\/vare-kategori\/reoler\/funky\/"},{"@type":"ListItem","position":4,"name":"Funky reol","item":"https:\/\/onewood.dk\/vare-kategori\/reoler\/funky\/funky-reol\/"},{"@type":"ListItem","position":5,"name":"6105 &#8211; Funky legereol 6 rum"}]},{"@type":"WebSite","@id":"https:\/\/onewood.dk\/#website","url":"https:\/\/onewood.dk\/","name":"One Wood Furniture A\/S","description":"","publisher":{"@id":"https:\/\/onewood.dk\/#organization"},"potentialAction":[{"@type":"SearchAction","target":{"@type":"EntryPoint","urlTemplate":"https:\/\/onewood.dk\/?s={search_term_string}"},"query-input":{"@type":"PropertyValueSpecification","valueRequired":true,"valueName":"search_term_string"}}],"inLanguage":"sv-SE"},{"@type":"Organization","@id":"https:\/\/onewood.dk\/#organization","name":"One Wood Furniture A\/S","url":"https:\/\/onewood.dk\/","logo":{"@type":"ImageObject","inLanguage":"sv-SE","@id":"https:\/\/onewood.dk\/#\/schema\/logo\/image\/","url":"https:\/\/onewood.dk\/wp-content\/uploads\/2024\/12\/Logo.png","contentUrl":"https:\/\/onewood.dk\/wp-content\/uploads\/2024\/12\/Logo.png","width":180,"height":90,"caption":"One Wood Furniture A\/S"},"image":{"@id":"https:\/\/onewood.dk\/#\/schema\/logo\/image\/"}}]}},"_links":{"self":[{"href":"https:\/\/onewood.dk\/sv\/wp-json\/wp\/v2\/product\/1542","targetHints":{"allow":["GET"]}}],"collection":[{"href":"https:\/\/onewood.dk\/sv\/wp-json\/wp\/v2\/product"}],"about":[{"href":"https:\/\/onewood.dk\/sv\/wp-json\/wp\/v2\/types\/product"}],"wp:featuredmedia":[{"embeddable":true,"href":"https:\/\/onewood.dk\/sv\/wp-json\/wp\/v2\/media\/3071"}],"wp:attachment":[{"href":"https:\/\/onewood.dk\/sv\/wp-json\/wp\/v2\/media?parent=1542"}],"wp:term":[{"taxonomy":"product_brand","embeddable":true,"href":"https:\/\/onewood.dk\/sv\/wp-json\/wp\/v2\/product_brand?post=1542"},{"taxonomy":"product_cat","embeddable":true,"href":"https:\/\/onewood.dk\/sv\/wp-json\/wp\/v2\/product_cat?post=1542"},{"taxonomy":"product_tag","embeddable":true,"href":"https:\/\/onewood.dk\/sv\/wp-json\/wp\/v2\/product_tag?post=1542"}],"curies":[{"name":"wp","href":"https:\/\/api.w.org\/{rel}","templated":true}]}}