{"id":1629,"date":"2024-12-03T12:47:18","date_gmt":"2024-12-03T11:47:18","guid":{"rendered":"https:\/\/onewood.dkvare\/uv-print-til-kubus-reol\/"},"modified":"2024-12-03T13:39:02","modified_gmt":"2024-12-03T12:39:02","slug":"uv-print-til-kubus-reol","status":"publish","type":"product","link":"https:\/\/onewood.dk\/sv\/product\/uv-tryck-for-kubhylla\/","title":{"rendered":"UV-tryck f\u00f6r Kubus hyllor"},"content":{"rendered":"<p>UV-tryck f\u00f6r f\u00f6rvaringsl\u00e5dor och d\u00f6rrar till Kubus.<\/p>\n<p>Motiven illustrerar elementen vatten, mark och luft med djuren och naturen omkring dem.<\/p>\n<p>&nbsp;<\/p>\n<p>UV Print kan best\u00e4llas f\u00f6r f\u00f6ljande artikelnummer:<\/p>\n<ul>\n<li>8114 F\u00f6rvaringsl\u00e5da f\u00f6r 18mm Kubus hylla<\/li>\n<li>8115 D\u00f6rr f\u00f6r 18mm Kubus hylla\n<ul>\n<li>D\u00f6rrar \u00e4r v\u00e4nsterh\u00e4ngda p\u00e5 tryck PN1+PN4+PN7<\/li>\n<li>D\u00f6rrar \u00e4r h\u00f6gerh\u00e4ngda p\u00e5 tryck PN2+PN3+PN5+PN6+PN8+PN9<\/li>\n<\/ul>\n<\/li>\n<\/ul>","protected":false},"excerpt":{"rendered":"<p>Urvalet av tryck f\u00f6r m\u00f6bler skapar unika l\u00f6sningar och ger liv till lekrummet. Illustrationerna har ett pedagogiskt f\u00f6rh\u00e5llningss\u00e4tt, d\u00e4r l\u00e4rande och utforskande \u00e4r av st\u00f6rsta vikt. <br \/>Den h\u00f6ga detaljniv\u00e5n i illustrationerna g\u00f6r det sp\u00e4nnande f\u00f6r barn att utforska produkterna och hitta egenheter och egenskaper hos de enskilda motiven. <br \/>Det hj\u00e4lper till att stimulera deras fantasi att skapa sina egna spel som involverar motiv och produkter.<\/p>\n<p>&nbsp;<\/p>\n<p>Motiven utg\u00e5r fr\u00e5n nordisk natur och bekanta inslag fr\u00e5n den. Barnen f\u00e5r m\u00f6jlighet att utforska vilka djur och v\u00e4xter som h\u00f6r till vatten, mark respektive luft och hur naturen ser ut under de olika \u00e5rstiderna. Det \u00e4r roligt f\u00f6r barn att utforska och unders\u00f6ka de individuella egenskaperna, f\u00e4rgerna och formerna och f\u00e5 m\u00f6jlighet att m\u00f6ta och k\u00e4nna igen samma djur och milj\u00f6er ute i naturen.<\/p>\n<p>Den \u00e4r l\u00e4ttillg\u00e4nglig f\u00f6r barn n\u00e4r den integreras i m\u00f6blerna. Det blir en naturlig del av deras vardag och en naturlig lust att unders\u00f6ka saker n\u00e4rmare uppst\u00e5r n\u00e4r de p\u00e5 detta s\u00e4tt konfronteras med motiven.<\/p>\n<p>&nbsp;<\/p>\n<p>Trycket \u00e4r helt unikt och gjort av en lokal konstn\u00e4r fr\u00e5n \u00c6r\u00f8. Konstn\u00e4ren designade den speciellt f\u00f6r One Woods m\u00f6bler.<\/p>","protected":false},"featured_media":3384,"template":"","meta":[],"product_brand":[],"product_cat":[636,634,559],"product_tag":[],"class_list":{"0":"post-1629","1":"product","2":"type-product","3":"status-publish","4":"has-post-thumbnail","6":"product_cat-kubus-reoler","7":"product_cat-print","8":"product_cat-oevrigt","10":"first","11":"instock","12":"product-type-simple"},"yoast_head":"<!-- This site is optimized with the Yoast SEO plugin v24.4 - https:\/\/yoast.com\/wordpress\/plugins\/seo\/ -->\n<title>UV print til Kubus reol | One Wood Furniture A\/S<\/title>\n<meta name=\"robots\" content=\"index, follow, max-snippet:-1, max-image-preview:large, max-video-preview:-1\" \/>\n<link rel=\"canonical\" href=\"https:\/\/onewood.dk\/sv\/product\/uv-tryck-for-kubhylla\/\" \/>\n<meta property=\"og:locale\" content=\"sv_SE\" \/>\n<meta property=\"og:type\" content=\"article\" \/>\n<meta property=\"og:title\" content=\"UV print til Kubus reol | One Wood Furniture A\/S\" \/>\n<meta property=\"og:description\" content=\"Med udvalget af print til m&oslash;bler skabes der unikke l&oslash;sninger, og giver liv i legerummet. Illustrationerne har en p&aelig;dagogisk indgangsvinkel, hvor l&aelig;ring og eksploration er i h&oslash;js&aelig;de. Den h&oslash;je detaljegrad ved illustrationerne, g&oslash;r det sp&aelig;ndende for b&oslash;rnene at udforske produkterne og finde s&aelig;rheder og kendetegn ved de enkelte motiver. Det er med til at stimulere deres fantasi til at skabe egne lege der involverer motiverne og produkterne. &nbsp; Motiverne tager udgangspunkt i den nordiske&nbsp; natur og kendte elementer herfra. B&oslash;rnene har mulighed for at udforske hvilke dyr og planter der h&oslash;rer til henholdsvis vand, land og luft og hvordan naturen tager sig ud ved de forskellige &aring;rstider. Det er sjovt for b&oslash;rnene at udforske og unders&oslash;ge de enkelte kendetegn, farver og former og have muligheden for at m&oslash;de og genkende de samme dyr og omgivelser ude i naturen.Det er nemt tilg&aelig;ngeligt for b&oslash;rnene, n&aring;r det er integreret i m&oslash;blerne. Det bliver en naturlig del af deres hverdag og der opst&aring;r en naturlig lyst til at unders&oslash;ge tingene n&aelig;rmere, n&aring;r de p&aring; den m&aring;de bliver sat over for motiverne. &nbsp; Printet er helt unikt og lavet af en lokal kunstner fra &AElig;r&oslash;. Kunstneren har tegnet det specielt til One Woods m&oslash;bler.\" \/>\n<meta property=\"og:url\" content=\"https:\/\/onewood.dk\/sv\/product\/uv-tryck-for-kubhylla\/\" \/>\n<meta property=\"og:site_name\" content=\"One Wood Furniture A\/S\" \/>\n<meta property=\"article:modified_time\" content=\"2024-12-03T12:39:02+00:00\" \/>\n<meta property=\"og:image\" content=\"https:\/\/onewood.dk\/wp-content\/uploads\/2024\/12\/3119.jpg\" \/>\n\t<meta property=\"og:image:width\" content=\"900\" \/>\n\t<meta property=\"og:image:height\" content=\"599\" \/>\n\t<meta property=\"og:image:type\" content=\"image\/jpeg\" \/>\n<meta name=\"twitter:card\" content=\"summary_large_image\" \/>\n<script type=\"application\/ld+json\" class=\"yoast-schema-graph\">{\"@context\":\"https:\/\/schema.org\",\"@graph\":[{\"@type\":\"WebPage\",\"@id\":\"https:\/\/onewood.dk\/vare\/uv-print-til-kubus-reol\/\",\"url\":\"https:\/\/onewood.dk\/vare\/uv-print-til-kubus-reol\/\",\"name\":\"UV print til Kubus reol | One Wood Furniture A\/S\",\"isPartOf\":{\"@id\":\"https:\/\/onewood.dk\/#website\"},\"primaryImageOfPage\":{\"@id\":\"https:\/\/onewood.dk\/vare\/uv-print-til-kubus-reol\/#primaryimage\"},\"image\":{\"@id\":\"https:\/\/onewood.dk\/vare\/uv-print-til-kubus-reol\/#primaryimage\"},\"thumbnailUrl\":\"https:\/\/onewood.dk\/wp-content\/uploads\/2024\/12\/3119.jpg\",\"datePublished\":\"2024-12-03T11:47:18+00:00\",\"dateModified\":\"2024-12-03T12:39:02+00:00\",\"breadcrumb\":{\"@id\":\"https:\/\/onewood.dk\/vare\/uv-print-til-kubus-reol\/#breadcrumb\"},\"inLanguage\":\"sv-SE\",\"potentialAction\":[{\"@type\":\"ReadAction\",\"target\":[\"https:\/\/onewood.dk\/vare\/uv-print-til-kubus-reol\/\"]}]},{\"@type\":\"ImageObject\",\"inLanguage\":\"sv-SE\",\"@id\":\"https:\/\/onewood.dk\/vare\/uv-print-til-kubus-reol\/#primaryimage\",\"url\":\"https:\/\/onewood.dk\/wp-content\/uploads\/2024\/12\/3119.jpg\",\"contentUrl\":\"https:\/\/onewood.dk\/wp-content\/uploads\/2024\/12\/3119.jpg\",\"width\":900,\"height\":599},{\"@type\":\"BreadcrumbList\",\"@id\":\"https:\/\/onewood.dk\/vare\/uv-print-til-kubus-reol\/#breadcrumb\",\"itemListElement\":[{\"@type\":\"ListItem\",\"position\":1,\"name\":\"Varer\",\"item\":\"https:\/\/onewood.dk\/shop\/\"},{\"@type\":\"ListItem\",\"position\":2,\"name\":\"\u00d8vrigt\",\"item\":\"https:\/\/onewood.dk\/vare-kategori\/oevrigt\/\"},{\"@type\":\"ListItem\",\"position\":3,\"name\":\"Print\",\"item\":\"https:\/\/onewood.dk\/vare-kategori\/oevrigt\/print\/\"},{\"@type\":\"ListItem\",\"position\":4,\"name\":\"Kubus reoler\",\"item\":\"https:\/\/onewood.dk\/vare-kategori\/oevrigt\/print\/kubus-reoler\/\"},{\"@type\":\"ListItem\",\"position\":5,\"name\":\"UV print til Kubus reol\"}]},{\"@type\":\"WebSite\",\"@id\":\"https:\/\/onewood.dk\/#website\",\"url\":\"https:\/\/onewood.dk\/\",\"name\":\"One Wood Furniture A\/S\",\"description\":\"\",\"publisher\":{\"@id\":\"https:\/\/onewood.dk\/#organization\"},\"potentialAction\":[{\"@type\":\"SearchAction\",\"target\":{\"@type\":\"EntryPoint\",\"urlTemplate\":\"https:\/\/onewood.dk\/?s={search_term_string}\"},\"query-input\":{\"@type\":\"PropertyValueSpecification\",\"valueRequired\":true,\"valueName\":\"search_term_string\"}}],\"inLanguage\":\"sv-SE\"},{\"@type\":\"Organization\",\"@id\":\"https:\/\/onewood.dk\/#organization\",\"name\":\"One Wood Furniture A\/S\",\"url\":\"https:\/\/onewood.dk\/\",\"logo\":{\"@type\":\"ImageObject\",\"inLanguage\":\"sv-SE\",\"@id\":\"https:\/\/onewood.dk\/#\/schema\/logo\/image\/\",\"url\":\"https:\/\/onewood.dk\/wp-content\/uploads\/2024\/12\/Logo.png\",\"contentUrl\":\"https:\/\/onewood.dk\/wp-content\/uploads\/2024\/12\/Logo.png\",\"width\":180,\"height\":90,\"caption\":\"One Wood Furniture A\/S\"},\"image\":{\"@id\":\"https:\/\/onewood.dk\/#\/schema\/logo\/image\/\"}}]}<\/script>\n<!-- \/ Yoast SEO plugin. -->","yoast_head_json":{"title":"UV print til Kubus reol | One Wood Furniture A\/S","robots":{"index":"index","follow":"follow","max-snippet":"max-snippet:-1","max-image-preview":"max-image-preview:large","max-video-preview":"max-video-preview:-1"},"canonical":"https:\/\/onewood.dk\/sv\/product\/uv-tryck-for-kubhylla\/","og_locale":"sv_SE","og_type":"article","og_title":"UV print til Kubus reol | One Wood Furniture A\/S","og_description":"Med udvalget af print til m&oslash;bler skabes der unikke l&oslash;sninger, og giver liv i legerummet. Illustrationerne har en p&aelig;dagogisk indgangsvinkel, hvor l&aelig;ring og eksploration er i h&oslash;js&aelig;de. Den h&oslash;je detaljegrad ved illustrationerne, g&oslash;r det sp&aelig;ndende for b&oslash;rnene at udforske produkterne og finde s&aelig;rheder og kendetegn ved de enkelte motiver. Det er med til at stimulere deres fantasi til at skabe egne lege der involverer motiverne og produkterne. &nbsp; Motiverne tager udgangspunkt i den nordiske&nbsp; natur og kendte elementer herfra. B&oslash;rnene har mulighed for at udforske hvilke dyr og planter der h&oslash;rer til henholdsvis vand, land og luft og hvordan naturen tager sig ud ved de forskellige &aring;rstider. Det er sjovt for b&oslash;rnene at udforske og unders&oslash;ge de enkelte kendetegn, farver og former og have muligheden for at m&oslash;de og genkende de samme dyr og omgivelser ude i naturen.Det er nemt tilg&aelig;ngeligt for b&oslash;rnene, n&aring;r det er integreret i m&oslash;blerne. Det bliver en naturlig del af deres hverdag og der opst&aring;r en naturlig lyst til at unders&oslash;ge tingene n&aelig;rmere, n&aring;r de p&aring; den m&aring;de bliver sat over for motiverne. &nbsp; Printet er helt unikt og lavet af en lokal kunstner fra &AElig;r&oslash;. Kunstneren har tegnet det specielt til One Woods m&oslash;bler.","og_url":"https:\/\/onewood.dk\/sv\/product\/uv-tryck-for-kubhylla\/","og_site_name":"One Wood Furniture A\/S","article_modified_time":"2024-12-03T12:39:02+00:00","og_image":[{"width":900,"height":599,"url":"https:\/\/onewood.dk\/wp-content\/uploads\/2024\/12\/3119.jpg","type":"image\/jpeg"}],"twitter_card":"summary_large_image","schema":{"@context":"https:\/\/schema.org","@graph":[{"@type":"WebPage","@id":"https:\/\/onewood.dk\/vare\/uv-print-til-kubus-reol\/","url":"https:\/\/onewood.dk\/vare\/uv-print-til-kubus-reol\/","name":"UV print til Kubus reol | One Wood Furniture A\/S","isPartOf":{"@id":"https:\/\/onewood.dk\/#website"},"primaryImageOfPage":{"@id":"https:\/\/onewood.dk\/vare\/uv-print-til-kubus-reol\/#primaryimage"},"image":{"@id":"https:\/\/onewood.dk\/vare\/uv-print-til-kubus-reol\/#primaryimage"},"thumbnailUrl":"https:\/\/onewood.dk\/wp-content\/uploads\/2024\/12\/3119.jpg","datePublished":"2024-12-03T11:47:18+00:00","dateModified":"2024-12-03T12:39:02+00:00","breadcrumb":{"@id":"https:\/\/onewood.dk\/vare\/uv-print-til-kubus-reol\/#breadcrumb"},"inLanguage":"sv-SE","potentialAction":[{"@type":"ReadAction","target":["https:\/\/onewood.dk\/vare\/uv-print-til-kubus-reol\/"]}]},{"@type":"ImageObject","inLanguage":"sv-SE","@id":"https:\/\/onewood.dk\/vare\/uv-print-til-kubus-reol\/#primaryimage","url":"https:\/\/onewood.dk\/wp-content\/uploads\/2024\/12\/3119.jpg","contentUrl":"https:\/\/onewood.dk\/wp-content\/uploads\/2024\/12\/3119.jpg","width":900,"height":599},{"@type":"BreadcrumbList","@id":"https:\/\/onewood.dk\/vare\/uv-print-til-kubus-reol\/#breadcrumb","itemListElement":[{"@type":"ListItem","position":1,"name":"Varer","item":"https:\/\/onewood.dk\/shop\/"},{"@type":"ListItem","position":2,"name":"\u00d8vrigt","item":"https:\/\/onewood.dk\/vare-kategori\/oevrigt\/"},{"@type":"ListItem","position":3,"name":"Print","item":"https:\/\/onewood.dk\/vare-kategori\/oevrigt\/print\/"},{"@type":"ListItem","position":4,"name":"Kubus reoler","item":"https:\/\/onewood.dk\/vare-kategori\/oevrigt\/print\/kubus-reoler\/"},{"@type":"ListItem","position":5,"name":"UV print til Kubus reol"}]},{"@type":"WebSite","@id":"https:\/\/onewood.dk\/#website","url":"https:\/\/onewood.dk\/","name":"One Wood Furniture A\/S","description":"","publisher":{"@id":"https:\/\/onewood.dk\/#organization"},"potentialAction":[{"@type":"SearchAction","target":{"@type":"EntryPoint","urlTemplate":"https:\/\/onewood.dk\/?s={search_term_string}"},"query-input":{"@type":"PropertyValueSpecification","valueRequired":true,"valueName":"search_term_string"}}],"inLanguage":"sv-SE"},{"@type":"Organization","@id":"https:\/\/onewood.dk\/#organization","name":"One Wood Furniture A\/S","url":"https:\/\/onewood.dk\/","logo":{"@type":"ImageObject","inLanguage":"sv-SE","@id":"https:\/\/onewood.dk\/#\/schema\/logo\/image\/","url":"https:\/\/onewood.dk\/wp-content\/uploads\/2024\/12\/Logo.png","contentUrl":"https:\/\/onewood.dk\/wp-content\/uploads\/2024\/12\/Logo.png","width":180,"height":90,"caption":"One Wood Furniture A\/S"},"image":{"@id":"https:\/\/onewood.dk\/#\/schema\/logo\/image\/"}}]}},"_links":{"self":[{"href":"https:\/\/onewood.dk\/sv\/wp-json\/wp\/v2\/product\/1629","targetHints":{"allow":["GET"]}}],"collection":[{"href":"https:\/\/onewood.dk\/sv\/wp-json\/wp\/v2\/product"}],"about":[{"href":"https:\/\/onewood.dk\/sv\/wp-json\/wp\/v2\/types\/product"}],"wp:featuredmedia":[{"embeddable":true,"href":"https:\/\/onewood.dk\/sv\/wp-json\/wp\/v2\/media\/3384"}],"wp:attachment":[{"href":"https:\/\/onewood.dk\/sv\/wp-json\/wp\/v2\/media?parent=1629"}],"wp:term":[{"taxonomy":"product_brand","embeddable":true,"href":"https:\/\/onewood.dk\/sv\/wp-json\/wp\/v2\/product_brand?post=1629"},{"taxonomy":"product_cat","embeddable":true,"href":"https:\/\/onewood.dk\/sv\/wp-json\/wp\/v2\/product_cat?post=1629"},{"taxonomy":"product_tag","embeddable":true,"href":"https:\/\/onewood.dk\/sv\/wp-json\/wp\/v2\/product_tag?post=1629"}],"curies":[{"name":"wp","href":"https:\/\/api.w.org\/{rel}","templated":true}]}}