{"id":1698,"date":"2024-12-03T12:47:28","date_gmt":"2024-12-03T11:47:28","guid":{"rendered":"https:\/\/onewood.dkvare\/1316-stor-skuffe\/"},"modified":"2025-02-24T13:50:38","modified_gmt":"2025-02-24T12:50:38","slug":"1316-stor-skuffe","status":"publish","type":"product","link":"https:\/\/onewood.dk\/sv\/product\/1316-stor-laada\/","title":{"rendered":"1316 \u2013 Stor l\u00e5da"},"content":{"rendered":"<p>Stor l\u00e5da i 15mm vitpigmenterad bj\u00f6rkplywood<\/p>\n<p>Fr\u00e4st handtag<\/p>\n<p>\u00d6nskar du en l\u00e5da med laminat p\u00e5 framsidan, best\u00e4ll art.nr. 1316L, som kan v\u00e4ljas bland alla One Woods standardf\u00e4rger<\/p>\n<p>&nbsp;<\/p>\n<p>Det \u00e4r viktigt att ange vilket rumsnr. du vill ha l\u00e5dan monterad<\/p>","protected":false},"excerpt":{"rendered":"<p>Stor skuffe i 15mm hvidpigmenteret birkekrydsfiner Udfr\u00e6set h\u00e5ndtag \u00d8nskes skuffe med laminat p\u00e5 front bestilles varenr. 1316L, der kan v\u00e6lges mellem alle One Woods standard farver &nbsp; Vigtigt at oplyse i hvilket rum nr. man \u00f8nsker skuffen monteret<\/p>","protected":false},"featured_media":3668,"template":"","meta":[],"product_brand":[],"product_cat":[653,557,651],"product_tag":[],"class_list":{"0":"post-1698","1":"product","2":"type-product","3":"status-publish","4":"has-post-thumbnail","6":"product_cat-freja-indretning-krydsfiner","7":"product_cat-reoler","8":"product_cat-freja","10":"first","11":"instock","12":"product-type-simple"},"yoast_head":"<!-- This site is optimized with the Yoast SEO plugin v24.4 - https:\/\/yoast.com\/wordpress\/plugins\/seo\/ -->\n<title>1316 - Stor skuffe | One Wood Furniture A\/S<\/title>\n<meta name=\"robots\" content=\"index, follow, max-snippet:-1, max-image-preview:large, max-video-preview:-1\" \/>\n<link rel=\"canonical\" href=\"https:\/\/onewood.dk\/sv\/product\/1316-stor-laada\/\" \/>\n<meta property=\"og:locale\" content=\"sv_SE\" \/>\n<meta property=\"og:type\" content=\"article\" \/>\n<meta property=\"og:title\" content=\"1316 - Stor skuffe | One Wood Furniture A\/S\" \/>\n<meta property=\"og:description\" content=\"Stor skuffe i 15mm hvidpigmenteret birkekrydsfiner Udfr\u00e6set h\u00e5ndtag \u00d8nskes skuffe med laminat p\u00e5 front bestilles varenr. 1316L, der kan v\u00e6lges mellem alle One Woods standard farver &nbsp; Vigtigt at oplyse i hvilket rum nr. man \u00f8nsker skuffen monteret\" \/>\n<meta property=\"og:url\" content=\"https:\/\/onewood.dk\/sv\/product\/1316-stor-laada\/\" \/>\n<meta property=\"og:site_name\" content=\"One Wood Furniture A\/S\" \/>\n<meta property=\"article:modified_time\" content=\"2025-02-24T12:50:38+00:00\" \/>\n<meta property=\"og:image\" content=\"https:\/\/onewood.dk\/wp-content\/uploads\/2024\/12\/5005-scaled.jpg\" \/>\n\t<meta property=\"og:image:width\" content=\"2560\" \/>\n\t<meta property=\"og:image:height\" content=\"1707\" \/>\n\t<meta property=\"og:image:type\" content=\"image\/jpeg\" \/>\n<meta name=\"twitter:card\" content=\"summary_large_image\" \/>\n<meta name=\"twitter:label1\" content=\"Ber\u00e4knad l\u00e4stid\" \/>\n\t<meta name=\"twitter:data1\" content=\"1 minut\" \/>\n<script type=\"application\/ld+json\" class=\"yoast-schema-graph\">{\"@context\":\"https:\/\/schema.org\",\"@graph\":[{\"@type\":\"WebPage\",\"@id\":\"https:\/\/onewood.dk\/vare\/1316-stor-skuffe\/\",\"url\":\"https:\/\/onewood.dk\/vare\/1316-stor-skuffe\/\",\"name\":\"1316 - Stor skuffe | One Wood Furniture A\/S\",\"isPartOf\":{\"@id\":\"https:\/\/onewood.dk\/#website\"},\"primaryImageOfPage\":{\"@id\":\"https:\/\/onewood.dk\/vare\/1316-stor-skuffe\/#primaryimage\"},\"image\":{\"@id\":\"https:\/\/onewood.dk\/vare\/1316-stor-skuffe\/#primaryimage\"},\"thumbnailUrl\":\"https:\/\/onewood.dk\/wp-content\/uploads\/2024\/12\/5005-scaled.jpg\",\"datePublished\":\"2024-12-03T11:47:28+00:00\",\"dateModified\":\"2025-02-24T12:50:38+00:00\",\"breadcrumb\":{\"@id\":\"https:\/\/onewood.dk\/vare\/1316-stor-skuffe\/#breadcrumb\"},\"inLanguage\":\"sv-SE\",\"potentialAction\":[{\"@type\":\"ReadAction\",\"target\":[\"https:\/\/onewood.dk\/vare\/1316-stor-skuffe\/\"]}]},{\"@type\":\"ImageObject\",\"inLanguage\":\"sv-SE\",\"@id\":\"https:\/\/onewood.dk\/vare\/1316-stor-skuffe\/#primaryimage\",\"url\":\"https:\/\/onewood.dk\/wp-content\/uploads\/2024\/12\/5005-scaled.jpg\",\"contentUrl\":\"https:\/\/onewood.dk\/wp-content\/uploads\/2024\/12\/5005-scaled.jpg\",\"width\":2560,\"height\":1707},{\"@type\":\"BreadcrumbList\",\"@id\":\"https:\/\/onewood.dk\/vare\/1316-stor-skuffe\/#breadcrumb\",\"itemListElement\":[{\"@type\":\"ListItem\",\"position\":1,\"name\":\"Varer\",\"item\":\"https:\/\/onewood.dk\/shop\/\"},{\"@type\":\"ListItem\",\"position\":2,\"name\":\"Reoler\",\"item\":\"https:\/\/onewood.dk\/vare-kategori\/reoler\/\"},{\"@type\":\"ListItem\",\"position\":3,\"name\":\"Freja\",\"item\":\"https:\/\/onewood.dk\/vare-kategori\/reoler\/freja\/\"},{\"@type\":\"ListItem\",\"position\":4,\"name\":\"Freja indretning krydsfiner\",\"item\":\"https:\/\/onewood.dk\/vare-kategori\/reoler\/freja\/freja-indretning-krydsfiner\/\"},{\"@type\":\"ListItem\",\"position\":5,\"name\":\"1316 &#8211; Stor skuffe\"}]},{\"@type\":\"WebSite\",\"@id\":\"https:\/\/onewood.dk\/#website\",\"url\":\"https:\/\/onewood.dk\/\",\"name\":\"One Wood Furniture A\/S\",\"description\":\"\",\"publisher\":{\"@id\":\"https:\/\/onewood.dk\/#organization\"},\"potentialAction\":[{\"@type\":\"SearchAction\",\"target\":{\"@type\":\"EntryPoint\",\"urlTemplate\":\"https:\/\/onewood.dk\/?s={search_term_string}\"},\"query-input\":{\"@type\":\"PropertyValueSpecification\",\"valueRequired\":true,\"valueName\":\"search_term_string\"}}],\"inLanguage\":\"sv-SE\"},{\"@type\":\"Organization\",\"@id\":\"https:\/\/onewood.dk\/#organization\",\"name\":\"One Wood Furniture A\/S\",\"url\":\"https:\/\/onewood.dk\/\",\"logo\":{\"@type\":\"ImageObject\",\"inLanguage\":\"sv-SE\",\"@id\":\"https:\/\/onewood.dk\/#\/schema\/logo\/image\/\",\"url\":\"https:\/\/onewood.dk\/wp-content\/uploads\/2024\/12\/Logo.png\",\"contentUrl\":\"https:\/\/onewood.dk\/wp-content\/uploads\/2024\/12\/Logo.png\",\"width\":180,\"height\":90,\"caption\":\"One Wood Furniture A\/S\"},\"image\":{\"@id\":\"https:\/\/onewood.dk\/#\/schema\/logo\/image\/\"}}]}<\/script>\n<!-- \/ Yoast SEO plugin. -->","yoast_head_json":{"title":"1316 - Stor skuffe | One Wood Furniture A\/S","robots":{"index":"index","follow":"follow","max-snippet":"max-snippet:-1","max-image-preview":"max-image-preview:large","max-video-preview":"max-video-preview:-1"},"canonical":"https:\/\/onewood.dk\/sv\/product\/1316-stor-laada\/","og_locale":"sv_SE","og_type":"article","og_title":"1316 - Stor skuffe | One Wood Furniture A\/S","og_description":"Stor skuffe i 15mm hvidpigmenteret birkekrydsfiner Udfr\u00e6set h\u00e5ndtag \u00d8nskes skuffe med laminat p\u00e5 front bestilles varenr. 1316L, der kan v\u00e6lges mellem alle One Woods standard farver &nbsp; Vigtigt at oplyse i hvilket rum nr. man \u00f8nsker skuffen monteret","og_url":"https:\/\/onewood.dk\/sv\/product\/1316-stor-laada\/","og_site_name":"One Wood Furniture A\/S","article_modified_time":"2025-02-24T12:50:38+00:00","og_image":[{"width":2560,"height":1707,"url":"https:\/\/onewood.dk\/wp-content\/uploads\/2024\/12\/5005-scaled.jpg","type":"image\/jpeg"}],"twitter_card":"summary_large_image","twitter_misc":{"Ber\u00e4knad l\u00e4stid":"1 minut"},"schema":{"@context":"https:\/\/schema.org","@graph":[{"@type":"WebPage","@id":"https:\/\/onewood.dk\/vare\/1316-stor-skuffe\/","url":"https:\/\/onewood.dk\/vare\/1316-stor-skuffe\/","name":"1316 - Stor skuffe | One Wood Furniture A\/S","isPartOf":{"@id":"https:\/\/onewood.dk\/#website"},"primaryImageOfPage":{"@id":"https:\/\/onewood.dk\/vare\/1316-stor-skuffe\/#primaryimage"},"image":{"@id":"https:\/\/onewood.dk\/vare\/1316-stor-skuffe\/#primaryimage"},"thumbnailUrl":"https:\/\/onewood.dk\/wp-content\/uploads\/2024\/12\/5005-scaled.jpg","datePublished":"2024-12-03T11:47:28+00:00","dateModified":"2025-02-24T12:50:38+00:00","breadcrumb":{"@id":"https:\/\/onewood.dk\/vare\/1316-stor-skuffe\/#breadcrumb"},"inLanguage":"sv-SE","potentialAction":[{"@type":"ReadAction","target":["https:\/\/onewood.dk\/vare\/1316-stor-skuffe\/"]}]},{"@type":"ImageObject","inLanguage":"sv-SE","@id":"https:\/\/onewood.dk\/vare\/1316-stor-skuffe\/#primaryimage","url":"https:\/\/onewood.dk\/wp-content\/uploads\/2024\/12\/5005-scaled.jpg","contentUrl":"https:\/\/onewood.dk\/wp-content\/uploads\/2024\/12\/5005-scaled.jpg","width":2560,"height":1707},{"@type":"BreadcrumbList","@id":"https:\/\/onewood.dk\/vare\/1316-stor-skuffe\/#breadcrumb","itemListElement":[{"@type":"ListItem","position":1,"name":"Varer","item":"https:\/\/onewood.dk\/shop\/"},{"@type":"ListItem","position":2,"name":"Reoler","item":"https:\/\/onewood.dk\/vare-kategori\/reoler\/"},{"@type":"ListItem","position":3,"name":"Freja","item":"https:\/\/onewood.dk\/vare-kategori\/reoler\/freja\/"},{"@type":"ListItem","position":4,"name":"Freja indretning krydsfiner","item":"https:\/\/onewood.dk\/vare-kategori\/reoler\/freja\/freja-indretning-krydsfiner\/"},{"@type":"ListItem","position":5,"name":"1316 &#8211; Stor skuffe"}]},{"@type":"WebSite","@id":"https:\/\/onewood.dk\/#website","url":"https:\/\/onewood.dk\/","name":"One Wood Furniture A\/S","description":"","publisher":{"@id":"https:\/\/onewood.dk\/#organization"},"potentialAction":[{"@type":"SearchAction","target":{"@type":"EntryPoint","urlTemplate":"https:\/\/onewood.dk\/?s={search_term_string}"},"query-input":{"@type":"PropertyValueSpecification","valueRequired":true,"valueName":"search_term_string"}}],"inLanguage":"sv-SE"},{"@type":"Organization","@id":"https:\/\/onewood.dk\/#organization","name":"One Wood Furniture A\/S","url":"https:\/\/onewood.dk\/","logo":{"@type":"ImageObject","inLanguage":"sv-SE","@id":"https:\/\/onewood.dk\/#\/schema\/logo\/image\/","url":"https:\/\/onewood.dk\/wp-content\/uploads\/2024\/12\/Logo.png","contentUrl":"https:\/\/onewood.dk\/wp-content\/uploads\/2024\/12\/Logo.png","width":180,"height":90,"caption":"One Wood Furniture A\/S"},"image":{"@id":"https:\/\/onewood.dk\/#\/schema\/logo\/image\/"}}]}},"_links":{"self":[{"href":"https:\/\/onewood.dk\/sv\/wp-json\/wp\/v2\/product\/1698","targetHints":{"allow":["GET"]}}],"collection":[{"href":"https:\/\/onewood.dk\/sv\/wp-json\/wp\/v2\/product"}],"about":[{"href":"https:\/\/onewood.dk\/sv\/wp-json\/wp\/v2\/types\/product"}],"wp:featuredmedia":[{"embeddable":true,"href":"https:\/\/onewood.dk\/sv\/wp-json\/wp\/v2\/media\/3668"}],"wp:attachment":[{"href":"https:\/\/onewood.dk\/sv\/wp-json\/wp\/v2\/media?parent=1698"}],"wp:term":[{"taxonomy":"product_brand","embeddable":true,"href":"https:\/\/onewood.dk\/sv\/wp-json\/wp\/v2\/product_brand?post=1698"},{"taxonomy":"product_cat","embeddable":true,"href":"https:\/\/onewood.dk\/sv\/wp-json\/wp\/v2\/product_cat?post=1698"},{"taxonomy":"product_tag","embeddable":true,"href":"https:\/\/onewood.dk\/sv\/wp-json\/wp\/v2\/product_tag?post=1698"}],"curies":[{"name":"wp","href":"https:\/\/api.w.org\/{rel}","templated":true}]}}