{"id":1727,"date":"2024-12-03T12:47:32","date_gmt":"2024-12-03T11:47:32","guid":{"rendered":"https:\/\/onewood.dkvare\/1324-laminat-paa-topplade\/"},"modified":"2025-02-24T14:01:33","modified_gmt":"2025-02-24T13:01:33","slug":"1324-laminat-paa-topplade","status":"publish","type":"product","link":"https:\/\/onewood.dk\/sv\/product\/1324-laminat-paa-toppplatta\/","title":{"rendered":"1324 \u2013 Laminat p\u00e5 toppplatta"},"content":{"rendered":"<p>Alla Freja-hyllor kan mot en extra kostnad levereras med laminat p\u00e5 topppanelen i alla One Woods standardf\u00e4rger.<\/p>\n<p>Detta g\u00f6r st\u00e4llningen extremt h\u00e5llbar och \u00f6kar hyllans livsl\u00e4ngd.<\/p>","protected":false},"excerpt":{"rendered":"<p>Alla Freja-hyllor kan mot en extra kostnad levereras med laminat p\u00e5 topppanelen i alla One Woods standardf\u00e4rger. Detta g\u00f6r st\u00e4llningen extremt h\u00e5llbar och \u00f6kar hyllans livsl\u00e4ngd.<\/p>","protected":false},"featured_media":3761,"template":"","meta":[],"product_brand":[],"product_cat":[557,653,651],"product_tag":[],"class_list":{"0":"post-1727","1":"product","2":"type-product","3":"status-publish","4":"has-post-thumbnail","6":"product_cat-reoler","7":"product_cat-freja-indretning-krydsfiner","8":"product_cat-freja","10":"first","11":"instock","12":"product-type-simple"},"yoast_head":"<!-- This site is optimized with the Yoast SEO plugin v24.4 - https:\/\/yoast.com\/wordpress\/plugins\/seo\/ -->\n<title>1324 - Laminat p\u00e5 topplade | One Wood Furniture A\/S<\/title>\n<meta name=\"robots\" content=\"index, follow, max-snippet:-1, max-image-preview:large, max-video-preview:-1\" \/>\n<link rel=\"canonical\" href=\"https:\/\/onewood.dk\/sv\/product\/1324-laminat-paa-toppplatta\/\" \/>\n<meta property=\"og:locale\" content=\"sv_SE\" \/>\n<meta property=\"og:type\" content=\"article\" \/>\n<meta property=\"og:title\" content=\"1324 - Laminat p\u00e5 topplade | One Wood Furniture A\/S\" \/>\n<meta property=\"og:description\" content=\"Alle Freja reoler kan mod pristill\u00e6g leveres med laminat p\u00e5 topplade i alle One Woods standardfarver. Dette g\u00f8r reolen yderst slidst\u00e6rk og \u00f8ger levetiden p\u00e5 reolen.\" \/>\n<meta property=\"og:url\" content=\"https:\/\/onewood.dk\/sv\/product\/1324-laminat-paa-toppplatta\/\" \/>\n<meta property=\"og:site_name\" content=\"One Wood Furniture A\/S\" \/>\n<meta property=\"article:modified_time\" content=\"2025-02-24T13:01:33+00:00\" \/>\n<meta property=\"og:image\" content=\"https:\/\/onewood.dk\/wp-content\/uploads\/2024\/12\/5032-scaled.jpg\" \/>\n\t<meta property=\"og:image:width\" content=\"2560\" \/>\n\t<meta property=\"og:image:height\" content=\"1707\" \/>\n\t<meta property=\"og:image:type\" content=\"image\/jpeg\" \/>\n<meta name=\"twitter:card\" content=\"summary_large_image\" \/>\n<meta name=\"twitter:label1\" content=\"Ber\u00e4knad l\u00e4stid\" \/>\n\t<meta name=\"twitter:data1\" content=\"1 minut\" \/>\n<script type=\"application\/ld+json\" class=\"yoast-schema-graph\">{\"@context\":\"https:\/\/schema.org\",\"@graph\":[{\"@type\":\"WebPage\",\"@id\":\"https:\/\/onewood.dk\/vare\/1324-laminat-paa-topplade\/\",\"url\":\"https:\/\/onewood.dk\/vare\/1324-laminat-paa-topplade\/\",\"name\":\"1324 - Laminat p\u00e5 topplade | One Wood Furniture A\/S\",\"isPartOf\":{\"@id\":\"https:\/\/onewood.dk\/#website\"},\"primaryImageOfPage\":{\"@id\":\"https:\/\/onewood.dk\/vare\/1324-laminat-paa-topplade\/#primaryimage\"},\"image\":{\"@id\":\"https:\/\/onewood.dk\/vare\/1324-laminat-paa-topplade\/#primaryimage\"},\"thumbnailUrl\":\"https:\/\/onewood.dk\/wp-content\/uploads\/2024\/12\/5032-scaled.jpg\",\"datePublished\":\"2024-12-03T11:47:32+00:00\",\"dateModified\":\"2025-02-24T13:01:33+00:00\",\"breadcrumb\":{\"@id\":\"https:\/\/onewood.dk\/vare\/1324-laminat-paa-topplade\/#breadcrumb\"},\"inLanguage\":\"sv-SE\",\"potentialAction\":[{\"@type\":\"ReadAction\",\"target\":[\"https:\/\/onewood.dk\/vare\/1324-laminat-paa-topplade\/\"]}]},{\"@type\":\"ImageObject\",\"inLanguage\":\"sv-SE\",\"@id\":\"https:\/\/onewood.dk\/vare\/1324-laminat-paa-topplade\/#primaryimage\",\"url\":\"https:\/\/onewood.dk\/wp-content\/uploads\/2024\/12\/5032-scaled.jpg\",\"contentUrl\":\"https:\/\/onewood.dk\/wp-content\/uploads\/2024\/12\/5032-scaled.jpg\",\"width\":2560,\"height\":1707},{\"@type\":\"BreadcrumbList\",\"@id\":\"https:\/\/onewood.dk\/vare\/1324-laminat-paa-topplade\/#breadcrumb\",\"itemListElement\":[{\"@type\":\"ListItem\",\"position\":1,\"name\":\"Varer\",\"item\":\"https:\/\/onewood.dk\/shop\/\"},{\"@type\":\"ListItem\",\"position\":2,\"name\":\"Reoler\",\"item\":\"https:\/\/onewood.dk\/vare-kategori\/reoler\/\"},{\"@type\":\"ListItem\",\"position\":3,\"name\":\"Freja\",\"item\":\"https:\/\/onewood.dk\/vare-kategori\/reoler\/freja\/\"},{\"@type\":\"ListItem\",\"position\":4,\"name\":\"Freja indretning krydsfiner\",\"item\":\"https:\/\/onewood.dk\/vare-kategori\/reoler\/freja\/freja-indretning-krydsfiner\/\"},{\"@type\":\"ListItem\",\"position\":5,\"name\":\"1324 &#8211; Laminat p\u00e5 topplade\"}]},{\"@type\":\"WebSite\",\"@id\":\"https:\/\/onewood.dk\/#website\",\"url\":\"https:\/\/onewood.dk\/\",\"name\":\"One Wood Furniture A\/S\",\"description\":\"\",\"publisher\":{\"@id\":\"https:\/\/onewood.dk\/#organization\"},\"potentialAction\":[{\"@type\":\"SearchAction\",\"target\":{\"@type\":\"EntryPoint\",\"urlTemplate\":\"https:\/\/onewood.dk\/?s={search_term_string}\"},\"query-input\":{\"@type\":\"PropertyValueSpecification\",\"valueRequired\":true,\"valueName\":\"search_term_string\"}}],\"inLanguage\":\"sv-SE\"},{\"@type\":\"Organization\",\"@id\":\"https:\/\/onewood.dk\/#organization\",\"name\":\"One Wood Furniture A\/S\",\"url\":\"https:\/\/onewood.dk\/\",\"logo\":{\"@type\":\"ImageObject\",\"inLanguage\":\"sv-SE\",\"@id\":\"https:\/\/onewood.dk\/#\/schema\/logo\/image\/\",\"url\":\"https:\/\/onewood.dk\/wp-content\/uploads\/2024\/12\/Logo.png\",\"contentUrl\":\"https:\/\/onewood.dk\/wp-content\/uploads\/2024\/12\/Logo.png\",\"width\":180,\"height\":90,\"caption\":\"One Wood Furniture A\/S\"},\"image\":{\"@id\":\"https:\/\/onewood.dk\/#\/schema\/logo\/image\/\"}}]}<\/script>\n<!-- \/ Yoast SEO plugin. -->","yoast_head_json":{"title":"1324 - Laminat p\u00e5 topplade | One Wood Furniture A\/S","robots":{"index":"index","follow":"follow","max-snippet":"max-snippet:-1","max-image-preview":"max-image-preview:large","max-video-preview":"max-video-preview:-1"},"canonical":"https:\/\/onewood.dk\/sv\/product\/1324-laminat-paa-toppplatta\/","og_locale":"sv_SE","og_type":"article","og_title":"1324 - Laminat p\u00e5 topplade | One Wood Furniture A\/S","og_description":"Alle Freja reoler kan mod pristill\u00e6g leveres med laminat p\u00e5 topplade i alle One Woods standardfarver. Dette g\u00f8r reolen yderst slidst\u00e6rk og \u00f8ger levetiden p\u00e5 reolen.","og_url":"https:\/\/onewood.dk\/sv\/product\/1324-laminat-paa-toppplatta\/","og_site_name":"One Wood Furniture A\/S","article_modified_time":"2025-02-24T13:01:33+00:00","og_image":[{"width":2560,"height":1707,"url":"https:\/\/onewood.dk\/wp-content\/uploads\/2024\/12\/5032-scaled.jpg","type":"image\/jpeg"}],"twitter_card":"summary_large_image","twitter_misc":{"Ber\u00e4knad l\u00e4stid":"1 minut"},"schema":{"@context":"https:\/\/schema.org","@graph":[{"@type":"WebPage","@id":"https:\/\/onewood.dk\/vare\/1324-laminat-paa-topplade\/","url":"https:\/\/onewood.dk\/vare\/1324-laminat-paa-topplade\/","name":"1324 - Laminat p\u00e5 topplade | One Wood Furniture A\/S","isPartOf":{"@id":"https:\/\/onewood.dk\/#website"},"primaryImageOfPage":{"@id":"https:\/\/onewood.dk\/vare\/1324-laminat-paa-topplade\/#primaryimage"},"image":{"@id":"https:\/\/onewood.dk\/vare\/1324-laminat-paa-topplade\/#primaryimage"},"thumbnailUrl":"https:\/\/onewood.dk\/wp-content\/uploads\/2024\/12\/5032-scaled.jpg","datePublished":"2024-12-03T11:47:32+00:00","dateModified":"2025-02-24T13:01:33+00:00","breadcrumb":{"@id":"https:\/\/onewood.dk\/vare\/1324-laminat-paa-topplade\/#breadcrumb"},"inLanguage":"sv-SE","potentialAction":[{"@type":"ReadAction","target":["https:\/\/onewood.dk\/vare\/1324-laminat-paa-topplade\/"]}]},{"@type":"ImageObject","inLanguage":"sv-SE","@id":"https:\/\/onewood.dk\/vare\/1324-laminat-paa-topplade\/#primaryimage","url":"https:\/\/onewood.dk\/wp-content\/uploads\/2024\/12\/5032-scaled.jpg","contentUrl":"https:\/\/onewood.dk\/wp-content\/uploads\/2024\/12\/5032-scaled.jpg","width":2560,"height":1707},{"@type":"BreadcrumbList","@id":"https:\/\/onewood.dk\/vare\/1324-laminat-paa-topplade\/#breadcrumb","itemListElement":[{"@type":"ListItem","position":1,"name":"Varer","item":"https:\/\/onewood.dk\/shop\/"},{"@type":"ListItem","position":2,"name":"Reoler","item":"https:\/\/onewood.dk\/vare-kategori\/reoler\/"},{"@type":"ListItem","position":3,"name":"Freja","item":"https:\/\/onewood.dk\/vare-kategori\/reoler\/freja\/"},{"@type":"ListItem","position":4,"name":"Freja indretning krydsfiner","item":"https:\/\/onewood.dk\/vare-kategori\/reoler\/freja\/freja-indretning-krydsfiner\/"},{"@type":"ListItem","position":5,"name":"1324 &#8211; Laminat p\u00e5 topplade"}]},{"@type":"WebSite","@id":"https:\/\/onewood.dk\/#website","url":"https:\/\/onewood.dk\/","name":"One Wood Furniture A\/S","description":"","publisher":{"@id":"https:\/\/onewood.dk\/#organization"},"potentialAction":[{"@type":"SearchAction","target":{"@type":"EntryPoint","urlTemplate":"https:\/\/onewood.dk\/?s={search_term_string}"},"query-input":{"@type":"PropertyValueSpecification","valueRequired":true,"valueName":"search_term_string"}}],"inLanguage":"sv-SE"},{"@type":"Organization","@id":"https:\/\/onewood.dk\/#organization","name":"One Wood Furniture A\/S","url":"https:\/\/onewood.dk\/","logo":{"@type":"ImageObject","inLanguage":"sv-SE","@id":"https:\/\/onewood.dk\/#\/schema\/logo\/image\/","url":"https:\/\/onewood.dk\/wp-content\/uploads\/2024\/12\/Logo.png","contentUrl":"https:\/\/onewood.dk\/wp-content\/uploads\/2024\/12\/Logo.png","width":180,"height":90,"caption":"One Wood Furniture A\/S"},"image":{"@id":"https:\/\/onewood.dk\/#\/schema\/logo\/image\/"}}]}},"_links":{"self":[{"href":"https:\/\/onewood.dk\/sv\/wp-json\/wp\/v2\/product\/1727","targetHints":{"allow":["GET"]}}],"collection":[{"href":"https:\/\/onewood.dk\/sv\/wp-json\/wp\/v2\/product"}],"about":[{"href":"https:\/\/onewood.dk\/sv\/wp-json\/wp\/v2\/types\/product"}],"wp:featuredmedia":[{"embeddable":true,"href":"https:\/\/onewood.dk\/sv\/wp-json\/wp\/v2\/media\/3761"}],"wp:attachment":[{"href":"https:\/\/onewood.dk\/sv\/wp-json\/wp\/v2\/media?parent=1727"}],"wp:term":[{"taxonomy":"product_brand","embeddable":true,"href":"https:\/\/onewood.dk\/sv\/wp-json\/wp\/v2\/product_brand?post=1727"},{"taxonomy":"product_cat","embeddable":true,"href":"https:\/\/onewood.dk\/sv\/wp-json\/wp\/v2\/product_cat?post=1727"},{"taxonomy":"product_tag","embeddable":true,"href":"https:\/\/onewood.dk\/sv\/wp-json\/wp\/v2\/product_tag?post=1727"}],"curies":[{"name":"wp","href":"https:\/\/api.w.org\/{rel}","templated":true}]}}