{"id":1772,"date":"2024-12-03T12:47:41","date_gmt":"2024-12-03T11:47:41","guid":{"rendered":"https:\/\/onewood.dkvare\/96016-1600x800mm-laminat\/"},"modified":"2025-02-25T10:22:42","modified_gmt":"2025-02-25T09:22:42","slug":"96016-1600x800mm-laminat","status":"publish","type":"product","link":"https:\/\/onewood.dk\/sv\/product\/96016-1600x800mm-laminat\/","title":{"rendered":"96016 \u2013 1600x800mm \u2013 Laminat"},"content":{"rendered":"<p>Lutbord med laminat<\/p>\n<p>Tippbord med 4 hjul med bromsar<\/p>\n<p>Tiltbordet kommer med en 25 mm MDF-bordsskiva med slitstarkt laminat.<\/p>\n<p>Basen \u00e4r gjord av st\u00e5l som \u00e4r pulverlackerat. Kan levereras i flera f\u00e4rger p\u00e5 kundf\u00f6rfr\u00e5gan.<\/p>\n<p>Bordet \u00e4r mycket platsbesparande och funktionellt. Bordet g\u00f6r det mycket enkelt att ordna sittplatser f\u00f6r middagar, m\u00f6ten och undervisning. Tack vare den l\u00e4ttanv\u00e4nda spetsfunktionen tar bordet v\u00e4ldigt lite plats n\u00e4r det inte anv\u00e4nds.<\/p>","protected":false},"excerpt":{"rendered":"<p>Tiltbord med laminat Tiltbord med 4 hjul med broms Tiltbordet levereras med en 25 mm MDF-bordsskiva med slitstarkt laminat. Underredet \u00e4r tillverkat av st\u00e5l som \u00e4r pulverlackerat. Kan levereras i flera f\u00e4rger efter kundens \u00f6nskem\u00e5l. Bordet \u00e4r mycket platsbesparande och funktionellt. Bordet g\u00f6r det mycket enkelt att arrangera sittplatser f\u00f6r middagar, m\u00f6ten och undervisning. Tack vare [\u2026]<\/p>","protected":false},"featured_media":4651,"template":"","meta":[],"product_brand":[],"product_cat":[659,558],"product_tag":[],"class_list":{"0":"post-1772","1":"product","2":"type-product","3":"status-publish","4":"has-post-thumbnail","6":"product_cat-tipbord","7":"product_cat-borde-baenke-taburetter","9":"first","10":"instock","11":"product-type-simple"},"yoast_head":"<!-- This site is optimized with the Yoast SEO plugin v24.4 - https:\/\/yoast.com\/wordpress\/plugins\/seo\/ -->\n<title>96016 - 1600x800mm - Laminat | One Wood Furniture A\/S<\/title>\n<meta name=\"robots\" content=\"index, follow, max-snippet:-1, max-image-preview:large, max-video-preview:-1\" \/>\n<link rel=\"canonical\" href=\"https:\/\/onewood.dk\/sv\/product\/96016-1600x800mm-laminat\/\" \/>\n<meta property=\"og:locale\" content=\"sv_SE\" \/>\n<meta property=\"og:type\" content=\"article\" \/>\n<meta property=\"og:title\" content=\"96016 - 1600x800mm - Laminat | One Wood Furniture A\/S\" \/>\n<meta property=\"og:description\" content=\"Tipbord med laminat Tipbord med 4 hjul med bremse Tipbordet leveres med 25mm MDF bordplade med slidst\u00e6rkt laminat. Understel er fremstillet i st\u00e5l, som er pulverlakeret. Kan leveres i flere farver efter kunde \u00f8nske. Bordet er meget pladsbesparende og funktionelt. Bordet g\u00f8r det meget nemt at arrangere pladser til spisning, m\u00f8der og undervisning. P\u00e5 grund [&hellip;]\" \/>\n<meta property=\"og:url\" content=\"https:\/\/onewood.dk\/sv\/product\/96016-1600x800mm-laminat\/\" \/>\n<meta property=\"og:site_name\" content=\"One Wood Furniture A\/S\" \/>\n<meta property=\"article:modified_time\" content=\"2025-02-25T09:22:42+00:00\" \/>\n<meta property=\"og:image\" content=\"https:\/\/onewood.dk\/wp-content\/uploads\/2024\/12\/5083.png\" \/>\n\t<meta property=\"og:image:width\" content=\"441\" \/>\n\t<meta property=\"og:image:height\" content=\"407\" \/>\n\t<meta property=\"og:image:type\" content=\"image\/png\" \/>\n<meta name=\"twitter:card\" content=\"summary_large_image\" \/>\n<meta name=\"twitter:label1\" content=\"Ber\u00e4knad l\u00e4stid\" \/>\n\t<meta name=\"twitter:data1\" content=\"1 minut\" \/>\n<script type=\"application\/ld+json\" class=\"yoast-schema-graph\">{\"@context\":\"https:\/\/schema.org\",\"@graph\":[{\"@type\":\"WebPage\",\"@id\":\"https:\/\/onewood.dk\/vare\/96016-1600x800mm-laminat\/\",\"url\":\"https:\/\/onewood.dk\/vare\/96016-1600x800mm-laminat\/\",\"name\":\"96016 - 1600x800mm - Laminat | One Wood Furniture A\/S\",\"isPartOf\":{\"@id\":\"https:\/\/onewood.dk\/#website\"},\"primaryImageOfPage\":{\"@id\":\"https:\/\/onewood.dk\/vare\/96016-1600x800mm-laminat\/#primaryimage\"},\"image\":{\"@id\":\"https:\/\/onewood.dk\/vare\/96016-1600x800mm-laminat\/#primaryimage\"},\"thumbnailUrl\":\"https:\/\/onewood.dk\/wp-content\/uploads\/2024\/12\/5083.png\",\"datePublished\":\"2024-12-03T11:47:41+00:00\",\"dateModified\":\"2025-02-25T09:22:42+00:00\",\"breadcrumb\":{\"@id\":\"https:\/\/onewood.dk\/vare\/96016-1600x800mm-laminat\/#breadcrumb\"},\"inLanguage\":\"sv-SE\",\"potentialAction\":[{\"@type\":\"ReadAction\",\"target\":[\"https:\/\/onewood.dk\/vare\/96016-1600x800mm-laminat\/\"]}]},{\"@type\":\"ImageObject\",\"inLanguage\":\"sv-SE\",\"@id\":\"https:\/\/onewood.dk\/vare\/96016-1600x800mm-laminat\/#primaryimage\",\"url\":\"https:\/\/onewood.dk\/wp-content\/uploads\/2024\/12\/5083.png\",\"contentUrl\":\"https:\/\/onewood.dk\/wp-content\/uploads\/2024\/12\/5083.png\",\"width\":441,\"height\":407},{\"@type\":\"BreadcrumbList\",\"@id\":\"https:\/\/onewood.dk\/vare\/96016-1600x800mm-laminat\/#breadcrumb\",\"itemListElement\":[{\"@type\":\"ListItem\",\"position\":1,\"name\":\"Varer\",\"item\":\"https:\/\/onewood.dk\/shop\/\"},{\"@type\":\"ListItem\",\"position\":2,\"name\":\"Borde, b\u00e6nke &amp; taburetter\",\"item\":\"https:\/\/onewood.dk\/vare-kategori\/borde-baenke-taburetter\/\"},{\"@type\":\"ListItem\",\"position\":3,\"name\":\"Tipbord\",\"item\":\"https:\/\/onewood.dk\/vare-kategori\/borde-baenke-taburetter\/tipbord\/\"},{\"@type\":\"ListItem\",\"position\":4,\"name\":\"96016 &#8211; 1600x800mm &#8211; Laminat\"}]},{\"@type\":\"WebSite\",\"@id\":\"https:\/\/onewood.dk\/#website\",\"url\":\"https:\/\/onewood.dk\/\",\"name\":\"One Wood Furniture A\/S\",\"description\":\"\",\"publisher\":{\"@id\":\"https:\/\/onewood.dk\/#organization\"},\"potentialAction\":[{\"@type\":\"SearchAction\",\"target\":{\"@type\":\"EntryPoint\",\"urlTemplate\":\"https:\/\/onewood.dk\/?s={search_term_string}\"},\"query-input\":{\"@type\":\"PropertyValueSpecification\",\"valueRequired\":true,\"valueName\":\"search_term_string\"}}],\"inLanguage\":\"sv-SE\"},{\"@type\":\"Organization\",\"@id\":\"https:\/\/onewood.dk\/#organization\",\"name\":\"One Wood Furniture A\/S\",\"url\":\"https:\/\/onewood.dk\/\",\"logo\":{\"@type\":\"ImageObject\",\"inLanguage\":\"sv-SE\",\"@id\":\"https:\/\/onewood.dk\/#\/schema\/logo\/image\/\",\"url\":\"https:\/\/onewood.dk\/wp-content\/uploads\/2024\/12\/Logo.png\",\"contentUrl\":\"https:\/\/onewood.dk\/wp-content\/uploads\/2024\/12\/Logo.png\",\"width\":180,\"height\":90,\"caption\":\"One Wood Furniture A\/S\"},\"image\":{\"@id\":\"https:\/\/onewood.dk\/#\/schema\/logo\/image\/\"}}]}<\/script>\n<!-- \/ Yoast SEO plugin. -->","yoast_head_json":{"title":"96016 - 1600x800mm - Laminat | One Wood Furniture A\/S","robots":{"index":"index","follow":"follow","max-snippet":"max-snippet:-1","max-image-preview":"max-image-preview:large","max-video-preview":"max-video-preview:-1"},"canonical":"https:\/\/onewood.dk\/sv\/product\/96016-1600x800mm-laminat\/","og_locale":"sv_SE","og_type":"article","og_title":"96016 - 1600x800mm - Laminat | One Wood Furniture A\/S","og_description":"Tipbord med laminat Tipbord med 4 hjul med bremse Tipbordet leveres med 25mm MDF bordplade med slidst\u00e6rkt laminat. Understel er fremstillet i st\u00e5l, som er pulverlakeret. Kan leveres i flere farver efter kunde \u00f8nske. Bordet er meget pladsbesparende og funktionelt. Bordet g\u00f8r det meget nemt at arrangere pladser til spisning, m\u00f8der og undervisning. P\u00e5 grund [&hellip;]","og_url":"https:\/\/onewood.dk\/sv\/product\/96016-1600x800mm-laminat\/","og_site_name":"One Wood Furniture A\/S","article_modified_time":"2025-02-25T09:22:42+00:00","og_image":[{"width":441,"height":407,"url":"https:\/\/onewood.dk\/wp-content\/uploads\/2024\/12\/5083.png","type":"image\/png"}],"twitter_card":"summary_large_image","twitter_misc":{"Ber\u00e4knad l\u00e4stid":"1 minut"},"schema":{"@context":"https:\/\/schema.org","@graph":[{"@type":"WebPage","@id":"https:\/\/onewood.dk\/vare\/96016-1600x800mm-laminat\/","url":"https:\/\/onewood.dk\/vare\/96016-1600x800mm-laminat\/","name":"96016 - 1600x800mm - Laminat | One Wood Furniture A\/S","isPartOf":{"@id":"https:\/\/onewood.dk\/#website"},"primaryImageOfPage":{"@id":"https:\/\/onewood.dk\/vare\/96016-1600x800mm-laminat\/#primaryimage"},"image":{"@id":"https:\/\/onewood.dk\/vare\/96016-1600x800mm-laminat\/#primaryimage"},"thumbnailUrl":"https:\/\/onewood.dk\/wp-content\/uploads\/2024\/12\/5083.png","datePublished":"2024-12-03T11:47:41+00:00","dateModified":"2025-02-25T09:22:42+00:00","breadcrumb":{"@id":"https:\/\/onewood.dk\/vare\/96016-1600x800mm-laminat\/#breadcrumb"},"inLanguage":"sv-SE","potentialAction":[{"@type":"ReadAction","target":["https:\/\/onewood.dk\/vare\/96016-1600x800mm-laminat\/"]}]},{"@type":"ImageObject","inLanguage":"sv-SE","@id":"https:\/\/onewood.dk\/vare\/96016-1600x800mm-laminat\/#primaryimage","url":"https:\/\/onewood.dk\/wp-content\/uploads\/2024\/12\/5083.png","contentUrl":"https:\/\/onewood.dk\/wp-content\/uploads\/2024\/12\/5083.png","width":441,"height":407},{"@type":"BreadcrumbList","@id":"https:\/\/onewood.dk\/vare\/96016-1600x800mm-laminat\/#breadcrumb","itemListElement":[{"@type":"ListItem","position":1,"name":"Varer","item":"https:\/\/onewood.dk\/shop\/"},{"@type":"ListItem","position":2,"name":"Borde, b\u00e6nke &amp; taburetter","item":"https:\/\/onewood.dk\/vare-kategori\/borde-baenke-taburetter\/"},{"@type":"ListItem","position":3,"name":"Tipbord","item":"https:\/\/onewood.dk\/vare-kategori\/borde-baenke-taburetter\/tipbord\/"},{"@type":"ListItem","position":4,"name":"96016 &#8211; 1600x800mm &#8211; Laminat"}]},{"@type":"WebSite","@id":"https:\/\/onewood.dk\/#website","url":"https:\/\/onewood.dk\/","name":"One Wood Furniture A\/S","description":"","publisher":{"@id":"https:\/\/onewood.dk\/#organization"},"potentialAction":[{"@type":"SearchAction","target":{"@type":"EntryPoint","urlTemplate":"https:\/\/onewood.dk\/?s={search_term_string}"},"query-input":{"@type":"PropertyValueSpecification","valueRequired":true,"valueName":"search_term_string"}}],"inLanguage":"sv-SE"},{"@type":"Organization","@id":"https:\/\/onewood.dk\/#organization","name":"One Wood Furniture A\/S","url":"https:\/\/onewood.dk\/","logo":{"@type":"ImageObject","inLanguage":"sv-SE","@id":"https:\/\/onewood.dk\/#\/schema\/logo\/image\/","url":"https:\/\/onewood.dk\/wp-content\/uploads\/2024\/12\/Logo.png","contentUrl":"https:\/\/onewood.dk\/wp-content\/uploads\/2024\/12\/Logo.png","width":180,"height":90,"caption":"One Wood Furniture A\/S"},"image":{"@id":"https:\/\/onewood.dk\/#\/schema\/logo\/image\/"}}]}},"_links":{"self":[{"href":"https:\/\/onewood.dk\/sv\/wp-json\/wp\/v2\/product\/1772","targetHints":{"allow":["GET"]}}],"collection":[{"href":"https:\/\/onewood.dk\/sv\/wp-json\/wp\/v2\/product"}],"about":[{"href":"https:\/\/onewood.dk\/sv\/wp-json\/wp\/v2\/types\/product"}],"wp:featuredmedia":[{"embeddable":true,"href":"https:\/\/onewood.dk\/sv\/wp-json\/wp\/v2\/media\/4651"}],"wp:attachment":[{"href":"https:\/\/onewood.dk\/sv\/wp-json\/wp\/v2\/media?parent=1772"}],"wp:term":[{"taxonomy":"product_brand","embeddable":true,"href":"https:\/\/onewood.dk\/sv\/wp-json\/wp\/v2\/product_brand?post=1772"},{"taxonomy":"product_cat","embeddable":true,"href":"https:\/\/onewood.dk\/sv\/wp-json\/wp\/v2\/product_cat?post=1772"},{"taxonomy":"product_tag","embeddable":true,"href":"https:\/\/onewood.dk\/sv\/wp-json\/wp\/v2\/product_tag?post=1772"}],"curies":[{"name":"wp","href":"https:\/\/api.w.org\/{rel}","templated":true}]}}