{"id":1801,"date":"2024-12-03T12:47:44","date_gmt":"2024-12-03T11:47:44","guid":{"rendered":"https:\/\/onewood.dkvare\/8106hts-kubus-reol-6-rum-hoej-paa-sokkel\/"},"modified":"2025-02-10T12:59:27","modified_gmt":"2025-02-10T11:59:27","slug":"8106hts-kubus-reol-6-rum-hoej-paa-sokkel","status":"publish","type":"product","link":"https:\/\/onewood.dk\/sv\/product\/8106hts-kubhylla-6-fack-hogt-upp-paa-piedestal\/","title":{"rendered":"8106HTS \u2013 Kubus hylla 6 fack h\u00f6gt p\u00e5 basen"},"content":{"rendered":"<p>Kubus hyllplan, 6 fack h\u00f6ga, i 15 mm vitpigmenterad bj\u00f6rkplywood.<\/p>\n<p>V\u00e5r popul\u00e4raste hyllenhet, d\u00e5 det \u00e4r en smart och enkel hyllserie som m\u00f6ter de flestas behov av flexibel och funktionell f\u00f6rvaring. De m\u00e5nga modellerna och anpassningsm\u00f6jligheterna g\u00f6r det enkelt att s\u00e4tta ihop efter dina \u00f6nskem\u00e5l.<\/p>\n<p>Om du vill att hyllan ska vara v\u00e4ggh\u00e4ngd s\u00e5 levereras den utan underrede.<\/p>","protected":false},"excerpt":{"rendered":"<p>Kubus hyllplan, 6 fack h\u00f6ga, i 15 mm vitpigmenterad bj\u00f6rkplywood. V\u00e5r popul\u00e4raste hyllenhet, d\u00e5 det \u00e4r en smart och enkel hyllserie som m\u00f6ter de flestas behov av flexibel och funktionell f\u00f6rvaring. De m\u00e5nga modellerna och anpassningsm\u00f6jligheterna g\u00f6r det enkelt att s\u00e4tta ihop efter dina \u00f6nskem\u00e5l. Vill du att hyllan ska vara v\u00e4ggh\u00e4ngd s\u00e5 levereras den utan underrede.<\/p>","protected":false},"featured_media":4006,"template":"","meta":[],"product_brand":[],"product_cat":[606,557,662],"product_tag":[],"class_list":{"0":"post-1801","1":"product","2":"type-product","3":"status-publish","4":"has-post-thumbnail","6":"product_cat-kubus","7":"product_cat-reoler","8":"product_cat-kubus-15mm-paa-sokkel","10":"first","11":"instock","12":"product-type-simple"},"yoast_head":"<!-- This site is optimized with the Yoast SEO plugin v24.4 - https:\/\/yoast.com\/wordpress\/plugins\/seo\/ -->\n<title>8106HTS - Kubus reol 6 rum h\u00f8j p\u00e5 sokkel | One Wood Furniture A\/S<\/title>\n<meta name=\"robots\" content=\"index, follow, max-snippet:-1, max-image-preview:large, max-video-preview:-1\" \/>\n<link rel=\"canonical\" href=\"https:\/\/onewood.dk\/sv\/product\/8106hts-kubhylla-6-fack-hogt-upp-paa-piedestal\/\" \/>\n<meta property=\"og:locale\" content=\"sv_SE\" \/>\n<meta property=\"og:type\" content=\"article\" \/>\n<meta property=\"og:title\" content=\"8106HTS - Kubus reol 6 rum h\u00f8j p\u00e5 sokkel | One Wood Furniture A\/S\" \/>\n<meta property=\"og:description\" content=\"Kubus reol 6 rum h\u00f8j i 15mm hvidpigmenteret birkekrydsfiner. Vores mest popul\u00e6re reol, da det er en smart og enkel reolserie, der opfylder de flestes behov for fleksibel og funktionel opbevaring. De mange modeller og tilpasningsmuligheder, g\u00f8r det let at sammens\u00e6tte efter eget \u00f8nske. \u00d8nskes reolen v\u00e6gh\u00e6ngt, leveres den uden sokkel\" \/>\n<meta property=\"og:url\" content=\"https:\/\/onewood.dk\/sv\/product\/8106hts-kubhylla-6-fack-hogt-upp-paa-piedestal\/\" \/>\n<meta property=\"og:site_name\" content=\"One Wood Furniture A\/S\" \/>\n<meta property=\"article:modified_time\" content=\"2025-02-10T11:59:27+00:00\" \/>\n<meta property=\"og:image\" content=\"https:\/\/onewood.dk\/wp-content\/uploads\/2024\/12\/6551-scaled.jpg\" \/>\n\t<meta property=\"og:image:width\" content=\"2560\" \/>\n\t<meta property=\"og:image:height\" content=\"1707\" \/>\n\t<meta property=\"og:image:type\" content=\"image\/jpeg\" \/>\n<meta name=\"twitter:card\" content=\"summary_large_image\" \/>\n<meta name=\"twitter:label1\" content=\"Ber\u00e4knad l\u00e4stid\" \/>\n\t<meta name=\"twitter:data1\" content=\"1 minut\" \/>\n<script type=\"application\/ld+json\" class=\"yoast-schema-graph\">{\"@context\":\"https:\/\/schema.org\",\"@graph\":[{\"@type\":\"WebPage\",\"@id\":\"https:\/\/onewood.dk\/vare\/8106hts-kubus-reol-6-rum-hoej-paa-sokkel\/\",\"url\":\"https:\/\/onewood.dk\/vare\/8106hts-kubus-reol-6-rum-hoej-paa-sokkel\/\",\"name\":\"8106HTS - Kubus reol 6 rum h\u00f8j p\u00e5 sokkel | One Wood Furniture A\/S\",\"isPartOf\":{\"@id\":\"https:\/\/onewood.dk\/#website\"},\"primaryImageOfPage\":{\"@id\":\"https:\/\/onewood.dk\/vare\/8106hts-kubus-reol-6-rum-hoej-paa-sokkel\/#primaryimage\"},\"image\":{\"@id\":\"https:\/\/onewood.dk\/vare\/8106hts-kubus-reol-6-rum-hoej-paa-sokkel\/#primaryimage\"},\"thumbnailUrl\":\"https:\/\/onewood.dk\/wp-content\/uploads\/2024\/12\/6551-scaled.jpg\",\"datePublished\":\"2024-12-03T11:47:44+00:00\",\"dateModified\":\"2025-02-10T11:59:27+00:00\",\"breadcrumb\":{\"@id\":\"https:\/\/onewood.dk\/vare\/8106hts-kubus-reol-6-rum-hoej-paa-sokkel\/#breadcrumb\"},\"inLanguage\":\"sv-SE\",\"potentialAction\":[{\"@type\":\"ReadAction\",\"target\":[\"https:\/\/onewood.dk\/vare\/8106hts-kubus-reol-6-rum-hoej-paa-sokkel\/\"]}]},{\"@type\":\"ImageObject\",\"inLanguage\":\"sv-SE\",\"@id\":\"https:\/\/onewood.dk\/vare\/8106hts-kubus-reol-6-rum-hoej-paa-sokkel\/#primaryimage\",\"url\":\"https:\/\/onewood.dk\/wp-content\/uploads\/2024\/12\/6551-scaled.jpg\",\"contentUrl\":\"https:\/\/onewood.dk\/wp-content\/uploads\/2024\/12\/6551-scaled.jpg\",\"width\":2560,\"height\":1707},{\"@type\":\"BreadcrumbList\",\"@id\":\"https:\/\/onewood.dk\/vare\/8106hts-kubus-reol-6-rum-hoej-paa-sokkel\/#breadcrumb\",\"itemListElement\":[{\"@type\":\"ListItem\",\"position\":1,\"name\":\"Varer\",\"item\":\"https:\/\/onewood.dk\/shop\/\"},{\"@type\":\"ListItem\",\"position\":2,\"name\":\"Reoler\",\"item\":\"https:\/\/onewood.dk\/vare-kategori\/reoler\/\"},{\"@type\":\"ListItem\",\"position\":3,\"name\":\"Kubus\",\"item\":\"https:\/\/onewood.dk\/vare-kategori\/reoler\/kubus\/\"},{\"@type\":\"ListItem\",\"position\":4,\"name\":\"Kubus 15mm p\u00e5 sokkel\",\"item\":\"https:\/\/onewood.dk\/vare-kategori\/reoler\/kubus\/kubus-15mm-paa-sokkel\/\"},{\"@type\":\"ListItem\",\"position\":5,\"name\":\"8106HTS &#8211; Kubus reol 6 rum h\u00f8j p\u00e5 sokkel\"}]},{\"@type\":\"WebSite\",\"@id\":\"https:\/\/onewood.dk\/#website\",\"url\":\"https:\/\/onewood.dk\/\",\"name\":\"One Wood Furniture A\/S\",\"description\":\"\",\"publisher\":{\"@id\":\"https:\/\/onewood.dk\/#organization\"},\"potentialAction\":[{\"@type\":\"SearchAction\",\"target\":{\"@type\":\"EntryPoint\",\"urlTemplate\":\"https:\/\/onewood.dk\/?s={search_term_string}\"},\"query-input\":{\"@type\":\"PropertyValueSpecification\",\"valueRequired\":true,\"valueName\":\"search_term_string\"}}],\"inLanguage\":\"sv-SE\"},{\"@type\":\"Organization\",\"@id\":\"https:\/\/onewood.dk\/#organization\",\"name\":\"One Wood Furniture A\/S\",\"url\":\"https:\/\/onewood.dk\/\",\"logo\":{\"@type\":\"ImageObject\",\"inLanguage\":\"sv-SE\",\"@id\":\"https:\/\/onewood.dk\/#\/schema\/logo\/image\/\",\"url\":\"https:\/\/onewood.dk\/wp-content\/uploads\/2024\/12\/Logo.png\",\"contentUrl\":\"https:\/\/onewood.dk\/wp-content\/uploads\/2024\/12\/Logo.png\",\"width\":180,\"height\":90,\"caption\":\"One Wood Furniture A\/S\"},\"image\":{\"@id\":\"https:\/\/onewood.dk\/#\/schema\/logo\/image\/\"}}]}<\/script>\n<!-- \/ Yoast SEO plugin. -->","yoast_head_json":{"title":"8106HTS - Kubus reol 6 rum h\u00f8j p\u00e5 sokkel | One Wood Furniture A\/S","robots":{"index":"index","follow":"follow","max-snippet":"max-snippet:-1","max-image-preview":"max-image-preview:large","max-video-preview":"max-video-preview:-1"},"canonical":"https:\/\/onewood.dk\/sv\/product\/8106hts-kubhylla-6-fack-hogt-upp-paa-piedestal\/","og_locale":"sv_SE","og_type":"article","og_title":"8106HTS - Kubus reol 6 rum h\u00f8j p\u00e5 sokkel | One Wood Furniture A\/S","og_description":"Kubus reol 6 rum h\u00f8j i 15mm hvidpigmenteret birkekrydsfiner. Vores mest popul\u00e6re reol, da det er en smart og enkel reolserie, der opfylder de flestes behov for fleksibel og funktionel opbevaring. De mange modeller og tilpasningsmuligheder, g\u00f8r det let at sammens\u00e6tte efter eget \u00f8nske. \u00d8nskes reolen v\u00e6gh\u00e6ngt, leveres den uden sokkel","og_url":"https:\/\/onewood.dk\/sv\/product\/8106hts-kubhylla-6-fack-hogt-upp-paa-piedestal\/","og_site_name":"One Wood Furniture A\/S","article_modified_time":"2025-02-10T11:59:27+00:00","og_image":[{"width":2560,"height":1707,"url":"https:\/\/onewood.dk\/wp-content\/uploads\/2024\/12\/6551-scaled.jpg","type":"image\/jpeg"}],"twitter_card":"summary_large_image","twitter_misc":{"Ber\u00e4knad l\u00e4stid":"1 minut"},"schema":{"@context":"https:\/\/schema.org","@graph":[{"@type":"WebPage","@id":"https:\/\/onewood.dk\/vare\/8106hts-kubus-reol-6-rum-hoej-paa-sokkel\/","url":"https:\/\/onewood.dk\/vare\/8106hts-kubus-reol-6-rum-hoej-paa-sokkel\/","name":"8106HTS - Kubus reol 6 rum h\u00f8j p\u00e5 sokkel | One Wood Furniture A\/S","isPartOf":{"@id":"https:\/\/onewood.dk\/#website"},"primaryImageOfPage":{"@id":"https:\/\/onewood.dk\/vare\/8106hts-kubus-reol-6-rum-hoej-paa-sokkel\/#primaryimage"},"image":{"@id":"https:\/\/onewood.dk\/vare\/8106hts-kubus-reol-6-rum-hoej-paa-sokkel\/#primaryimage"},"thumbnailUrl":"https:\/\/onewood.dk\/wp-content\/uploads\/2024\/12\/6551-scaled.jpg","datePublished":"2024-12-03T11:47:44+00:00","dateModified":"2025-02-10T11:59:27+00:00","breadcrumb":{"@id":"https:\/\/onewood.dk\/vare\/8106hts-kubus-reol-6-rum-hoej-paa-sokkel\/#breadcrumb"},"inLanguage":"sv-SE","potentialAction":[{"@type":"ReadAction","target":["https:\/\/onewood.dk\/vare\/8106hts-kubus-reol-6-rum-hoej-paa-sokkel\/"]}]},{"@type":"ImageObject","inLanguage":"sv-SE","@id":"https:\/\/onewood.dk\/vare\/8106hts-kubus-reol-6-rum-hoej-paa-sokkel\/#primaryimage","url":"https:\/\/onewood.dk\/wp-content\/uploads\/2024\/12\/6551-scaled.jpg","contentUrl":"https:\/\/onewood.dk\/wp-content\/uploads\/2024\/12\/6551-scaled.jpg","width":2560,"height":1707},{"@type":"BreadcrumbList","@id":"https:\/\/onewood.dk\/vare\/8106hts-kubus-reol-6-rum-hoej-paa-sokkel\/#breadcrumb","itemListElement":[{"@type":"ListItem","position":1,"name":"Varer","item":"https:\/\/onewood.dk\/shop\/"},{"@type":"ListItem","position":2,"name":"Reoler","item":"https:\/\/onewood.dk\/vare-kategori\/reoler\/"},{"@type":"ListItem","position":3,"name":"Kubus","item":"https:\/\/onewood.dk\/vare-kategori\/reoler\/kubus\/"},{"@type":"ListItem","position":4,"name":"Kubus 15mm p\u00e5 sokkel","item":"https:\/\/onewood.dk\/vare-kategori\/reoler\/kubus\/kubus-15mm-paa-sokkel\/"},{"@type":"ListItem","position":5,"name":"8106HTS &#8211; Kubus reol 6 rum h\u00f8j p\u00e5 sokkel"}]},{"@type":"WebSite","@id":"https:\/\/onewood.dk\/#website","url":"https:\/\/onewood.dk\/","name":"One Wood Furniture A\/S","description":"","publisher":{"@id":"https:\/\/onewood.dk\/#organization"},"potentialAction":[{"@type":"SearchAction","target":{"@type":"EntryPoint","urlTemplate":"https:\/\/onewood.dk\/?s={search_term_string}"},"query-input":{"@type":"PropertyValueSpecification","valueRequired":true,"valueName":"search_term_string"}}],"inLanguage":"sv-SE"},{"@type":"Organization","@id":"https:\/\/onewood.dk\/#organization","name":"One Wood Furniture A\/S","url":"https:\/\/onewood.dk\/","logo":{"@type":"ImageObject","inLanguage":"sv-SE","@id":"https:\/\/onewood.dk\/#\/schema\/logo\/image\/","url":"https:\/\/onewood.dk\/wp-content\/uploads\/2024\/12\/Logo.png","contentUrl":"https:\/\/onewood.dk\/wp-content\/uploads\/2024\/12\/Logo.png","width":180,"height":90,"caption":"One Wood Furniture A\/S"},"image":{"@id":"https:\/\/onewood.dk\/#\/schema\/logo\/image\/"}}]}},"_links":{"self":[{"href":"https:\/\/onewood.dk\/sv\/wp-json\/wp\/v2\/product\/1801","targetHints":{"allow":["GET"]}}],"collection":[{"href":"https:\/\/onewood.dk\/sv\/wp-json\/wp\/v2\/product"}],"about":[{"href":"https:\/\/onewood.dk\/sv\/wp-json\/wp\/v2\/types\/product"}],"wp:featuredmedia":[{"embeddable":true,"href":"https:\/\/onewood.dk\/sv\/wp-json\/wp\/v2\/media\/4006"}],"wp:attachment":[{"href":"https:\/\/onewood.dk\/sv\/wp-json\/wp\/v2\/media?parent=1801"}],"wp:term":[{"taxonomy":"product_brand","embeddable":true,"href":"https:\/\/onewood.dk\/sv\/wp-json\/wp\/v2\/product_brand?post=1801"},{"taxonomy":"product_cat","embeddable":true,"href":"https:\/\/onewood.dk\/sv\/wp-json\/wp\/v2\/product_cat?post=1801"},{"taxonomy":"product_tag","embeddable":true,"href":"https:\/\/onewood.dk\/sv\/wp-json\/wp\/v2\/product_tag?post=1801"}],"curies":[{"name":"wp","href":"https:\/\/api.w.org\/{rel}","templated":true}]}}