{"id":1817,"date":"2024-12-03T12:47:46","date_gmt":"2024-12-03T11:47:46","guid":{"rendered":"https:\/\/onewood.dkvare\/s8112-sif-12-rums-uden-kasser\/"},"modified":"2025-02-24T14:17:16","modified_gmt":"2025-02-24T13:17:16","slug":"s8112-sif-12-rums-uden-kasser","status":"publish","type":"product","link":"https:\/\/onewood.dk\/sv\/product\/s8112-sif-12-fack-utan-laador\/","title":{"rendered":"S8112 \u2013 Sif 12 fack \u2013 utan l\u00e5dor"},"content":{"rendered":"<p><strong>Plastboxar k\u00f6ps separat.<\/strong><\/p>\n<p>Mobil hylla, 12 fack, i 15 mm vitpigmenterad bj\u00f6rkplywood.<\/p>\n<p>Om du vill ha hyllan i klarlack ska detta anges vid best\u00e4llning.<\/p>\n<p>Mycket popul\u00e4ra hyllor, d\u00e5 det \u00e4r en smart och enkel hyllserie som m\u00f6ter de flestas behov av flexibel och funktionell f\u00f6rvaring. De m\u00e5nga modellerna g\u00f6r det enkelt att s\u00e4tta ihop efter dina \u00f6nskem\u00e5l.<\/p>\n<ul>\n<li>Levereras med kraftiga l\u00e5sbara hjul och 15 mm bakpanel.<\/li>\n<li>Vill du att hyllan ska vara v\u00e4ggh\u00e4ngd levereras den utan hjul och med upph\u00e4ngningsskena.<\/li>\n<li>Om plastl\u00e5dor \u00f6nskas i vissa rum \u2013 v\u00e4nligen ange rumsnummer \u2013 och modell p\u00e5 l\u00e5dorna.<\/li>\n<li>Vill du ha laminat p\u00e5 alla synliga ytor, kontakta One Wood.<\/li>\n<\/ul>","protected":false},"excerpt":{"rendered":"<p><strong>Antal Gratnells l\u00e5dor per rum<\/strong><\/p>\n<ul>\n<li>4 st. F1 Gratnells l\u00e5dor \u2013 sm\u00e5<\/li>\n<li>2 st. F2 Gratnells l\u00e5dor \u2013 medium<\/li>\n<li>1 st. F3 Gratnells l\u00e5dor \u2013 stora<\/li>\n<\/ul>","protected":false},"featured_media":4059,"template":"","meta":[],"product_brand":[],"product_cat":[664,557,663],"product_tag":[],"class_list":{"0":"post-1817","1":"product","2":"type-product","3":"status-publish","4":"has-post-thumbnail","6":"product_cat-sif-15mm-krydsfiner-uden-kasse","7":"product_cat-reoler","8":"product_cat-sif","10":"first","11":"instock","12":"product-type-simple"},"yoast_head":"<!-- This site is optimized with the Yoast SEO plugin v24.4 - https:\/\/yoast.com\/wordpress\/plugins\/seo\/ -->\n<title>S8112 - Sif 12 rums - uden kasser | One Wood Furniture A\/S<\/title>\n<meta name=\"robots\" content=\"index, follow, max-snippet:-1, max-image-preview:large, max-video-preview:-1\" \/>\n<link rel=\"canonical\" href=\"https:\/\/onewood.dk\/sv\/product\/s8112-sif-12-fack-utan-laador\/\" \/>\n<meta property=\"og:locale\" content=\"sv_SE\" \/>\n<meta property=\"og:type\" content=\"article\" \/>\n<meta property=\"og:title\" content=\"S8112 - Sif 12 rums - uden kasser | One Wood Furniture A\/S\" \/>\n<meta property=\"og:description\" content=\"Antal Gratnells kasser pr. rum   4 stk. F1 Gratnells kasser - lille  2 stk. F2 Gratnells kasser - mellem  1 stk. F3 Gratnells kasser - stor\" \/>\n<meta property=\"og:url\" content=\"https:\/\/onewood.dk\/sv\/product\/s8112-sif-12-fack-utan-laador\/\" \/>\n<meta property=\"og:site_name\" content=\"One Wood Furniture A\/S\" \/>\n<meta property=\"article:modified_time\" content=\"2025-02-24T13:17:16+00:00\" \/>\n<meta property=\"og:image\" content=\"https:\/\/onewood.dk\/wp-content\/uploads\/2024\/12\/5529-scaled.jpg\" \/>\n\t<meta property=\"og:image:width\" content=\"2560\" \/>\n\t<meta property=\"og:image:height\" content=\"1707\" \/>\n\t<meta property=\"og:image:type\" content=\"image\/jpeg\" \/>\n<meta name=\"twitter:card\" content=\"summary_large_image\" \/>\n<meta name=\"twitter:label1\" content=\"Ber\u00e4knad l\u00e4stid\" \/>\n\t<meta name=\"twitter:data1\" content=\"1 minut\" \/>\n<script type=\"application\/ld+json\" class=\"yoast-schema-graph\">{\"@context\":\"https:\/\/schema.org\",\"@graph\":[{\"@type\":\"WebPage\",\"@id\":\"https:\/\/onewood.dk\/vare\/s8112-sif-12-rums-uden-kasser\/\",\"url\":\"https:\/\/onewood.dk\/vare\/s8112-sif-12-rums-uden-kasser\/\",\"name\":\"S8112 - Sif 12 rums - uden kasser | One Wood Furniture A\/S\",\"isPartOf\":{\"@id\":\"https:\/\/onewood.dk\/#website\"},\"primaryImageOfPage\":{\"@id\":\"https:\/\/onewood.dk\/vare\/s8112-sif-12-rums-uden-kasser\/#primaryimage\"},\"image\":{\"@id\":\"https:\/\/onewood.dk\/vare\/s8112-sif-12-rums-uden-kasser\/#primaryimage\"},\"thumbnailUrl\":\"https:\/\/onewood.dk\/wp-content\/uploads\/2024\/12\/5529-scaled.jpg\",\"datePublished\":\"2024-12-03T11:47:46+00:00\",\"dateModified\":\"2025-02-24T13:17:16+00:00\",\"breadcrumb\":{\"@id\":\"https:\/\/onewood.dk\/vare\/s8112-sif-12-rums-uden-kasser\/#breadcrumb\"},\"inLanguage\":\"sv-SE\",\"potentialAction\":[{\"@type\":\"ReadAction\",\"target\":[\"https:\/\/onewood.dk\/vare\/s8112-sif-12-rums-uden-kasser\/\"]}]},{\"@type\":\"ImageObject\",\"inLanguage\":\"sv-SE\",\"@id\":\"https:\/\/onewood.dk\/vare\/s8112-sif-12-rums-uden-kasser\/#primaryimage\",\"url\":\"https:\/\/onewood.dk\/wp-content\/uploads\/2024\/12\/5529-scaled.jpg\",\"contentUrl\":\"https:\/\/onewood.dk\/wp-content\/uploads\/2024\/12\/5529-scaled.jpg\",\"width\":2560,\"height\":1707},{\"@type\":\"BreadcrumbList\",\"@id\":\"https:\/\/onewood.dk\/vare\/s8112-sif-12-rums-uden-kasser\/#breadcrumb\",\"itemListElement\":[{\"@type\":\"ListItem\",\"position\":1,\"name\":\"Varer\",\"item\":\"https:\/\/onewood.dk\/shop\/\"},{\"@type\":\"ListItem\",\"position\":2,\"name\":\"Reoler\",\"item\":\"https:\/\/onewood.dk\/vare-kategori\/reoler\/\"},{\"@type\":\"ListItem\",\"position\":3,\"name\":\"Sif\",\"item\":\"https:\/\/onewood.dk\/vare-kategori\/reoler\/sif\/\"},{\"@type\":\"ListItem\",\"position\":4,\"name\":\"Sif 15mm krydsfiner - uden kasse\",\"item\":\"https:\/\/onewood.dk\/vare-kategori\/reoler\/sif\/sif-15mm-krydsfiner-uden-kasse\/\"},{\"@type\":\"ListItem\",\"position\":5,\"name\":\"S8112 &#8211; Sif 12 rums &#8211; uden kasser\"}]},{\"@type\":\"WebSite\",\"@id\":\"https:\/\/onewood.dk\/#website\",\"url\":\"https:\/\/onewood.dk\/\",\"name\":\"One Wood Furniture A\/S\",\"description\":\"\",\"publisher\":{\"@id\":\"https:\/\/onewood.dk\/#organization\"},\"potentialAction\":[{\"@type\":\"SearchAction\",\"target\":{\"@type\":\"EntryPoint\",\"urlTemplate\":\"https:\/\/onewood.dk\/?s={search_term_string}\"},\"query-input\":{\"@type\":\"PropertyValueSpecification\",\"valueRequired\":true,\"valueName\":\"search_term_string\"}}],\"inLanguage\":\"sv-SE\"},{\"@type\":\"Organization\",\"@id\":\"https:\/\/onewood.dk\/#organization\",\"name\":\"One Wood Furniture A\/S\",\"url\":\"https:\/\/onewood.dk\/\",\"logo\":{\"@type\":\"ImageObject\",\"inLanguage\":\"sv-SE\",\"@id\":\"https:\/\/onewood.dk\/#\/schema\/logo\/image\/\",\"url\":\"https:\/\/onewood.dk\/wp-content\/uploads\/2024\/12\/Logo.png\",\"contentUrl\":\"https:\/\/onewood.dk\/wp-content\/uploads\/2024\/12\/Logo.png\",\"width\":180,\"height\":90,\"caption\":\"One Wood Furniture A\/S\"},\"image\":{\"@id\":\"https:\/\/onewood.dk\/#\/schema\/logo\/image\/\"}}]}<\/script>\n<!-- \/ Yoast SEO plugin. -->","yoast_head_json":{"title":"S8112 - Sif 12 rums - uden kasser | One Wood Furniture A\/S","robots":{"index":"index","follow":"follow","max-snippet":"max-snippet:-1","max-image-preview":"max-image-preview:large","max-video-preview":"max-video-preview:-1"},"canonical":"https:\/\/onewood.dk\/sv\/product\/s8112-sif-12-fack-utan-laador\/","og_locale":"sv_SE","og_type":"article","og_title":"S8112 - Sif 12 rums - uden kasser | One Wood Furniture A\/S","og_description":"Antal Gratnells kasser pr. rum   4 stk. F1 Gratnells kasser - lille  2 stk. F2 Gratnells kasser - mellem  1 stk. F3 Gratnells kasser - stor","og_url":"https:\/\/onewood.dk\/sv\/product\/s8112-sif-12-fack-utan-laador\/","og_site_name":"One Wood Furniture A\/S","article_modified_time":"2025-02-24T13:17:16+00:00","og_image":[{"width":2560,"height":1707,"url":"https:\/\/onewood.dk\/wp-content\/uploads\/2024\/12\/5529-scaled.jpg","type":"image\/jpeg"}],"twitter_card":"summary_large_image","twitter_misc":{"Ber\u00e4knad l\u00e4stid":"1 minut"},"schema":{"@context":"https:\/\/schema.org","@graph":[{"@type":"WebPage","@id":"https:\/\/onewood.dk\/vare\/s8112-sif-12-rums-uden-kasser\/","url":"https:\/\/onewood.dk\/vare\/s8112-sif-12-rums-uden-kasser\/","name":"S8112 - Sif 12 rums - uden kasser | One Wood Furniture A\/S","isPartOf":{"@id":"https:\/\/onewood.dk\/#website"},"primaryImageOfPage":{"@id":"https:\/\/onewood.dk\/vare\/s8112-sif-12-rums-uden-kasser\/#primaryimage"},"image":{"@id":"https:\/\/onewood.dk\/vare\/s8112-sif-12-rums-uden-kasser\/#primaryimage"},"thumbnailUrl":"https:\/\/onewood.dk\/wp-content\/uploads\/2024\/12\/5529-scaled.jpg","datePublished":"2024-12-03T11:47:46+00:00","dateModified":"2025-02-24T13:17:16+00:00","breadcrumb":{"@id":"https:\/\/onewood.dk\/vare\/s8112-sif-12-rums-uden-kasser\/#breadcrumb"},"inLanguage":"sv-SE","potentialAction":[{"@type":"ReadAction","target":["https:\/\/onewood.dk\/vare\/s8112-sif-12-rums-uden-kasser\/"]}]},{"@type":"ImageObject","inLanguage":"sv-SE","@id":"https:\/\/onewood.dk\/vare\/s8112-sif-12-rums-uden-kasser\/#primaryimage","url":"https:\/\/onewood.dk\/wp-content\/uploads\/2024\/12\/5529-scaled.jpg","contentUrl":"https:\/\/onewood.dk\/wp-content\/uploads\/2024\/12\/5529-scaled.jpg","width":2560,"height":1707},{"@type":"BreadcrumbList","@id":"https:\/\/onewood.dk\/vare\/s8112-sif-12-rums-uden-kasser\/#breadcrumb","itemListElement":[{"@type":"ListItem","position":1,"name":"Varer","item":"https:\/\/onewood.dk\/shop\/"},{"@type":"ListItem","position":2,"name":"Reoler","item":"https:\/\/onewood.dk\/vare-kategori\/reoler\/"},{"@type":"ListItem","position":3,"name":"Sif","item":"https:\/\/onewood.dk\/vare-kategori\/reoler\/sif\/"},{"@type":"ListItem","position":4,"name":"Sif 15mm krydsfiner - uden kasse","item":"https:\/\/onewood.dk\/vare-kategori\/reoler\/sif\/sif-15mm-krydsfiner-uden-kasse\/"},{"@type":"ListItem","position":5,"name":"S8112 &#8211; Sif 12 rums &#8211; uden kasser"}]},{"@type":"WebSite","@id":"https:\/\/onewood.dk\/#website","url":"https:\/\/onewood.dk\/","name":"One Wood Furniture A\/S","description":"","publisher":{"@id":"https:\/\/onewood.dk\/#organization"},"potentialAction":[{"@type":"SearchAction","target":{"@type":"EntryPoint","urlTemplate":"https:\/\/onewood.dk\/?s={search_term_string}"},"query-input":{"@type":"PropertyValueSpecification","valueRequired":true,"valueName":"search_term_string"}}],"inLanguage":"sv-SE"},{"@type":"Organization","@id":"https:\/\/onewood.dk\/#organization","name":"One Wood Furniture A\/S","url":"https:\/\/onewood.dk\/","logo":{"@type":"ImageObject","inLanguage":"sv-SE","@id":"https:\/\/onewood.dk\/#\/schema\/logo\/image\/","url":"https:\/\/onewood.dk\/wp-content\/uploads\/2024\/12\/Logo.png","contentUrl":"https:\/\/onewood.dk\/wp-content\/uploads\/2024\/12\/Logo.png","width":180,"height":90,"caption":"One Wood Furniture A\/S"},"image":{"@id":"https:\/\/onewood.dk\/#\/schema\/logo\/image\/"}}]}},"_links":{"self":[{"href":"https:\/\/onewood.dk\/sv\/wp-json\/wp\/v2\/product\/1817","targetHints":{"allow":["GET"]}}],"collection":[{"href":"https:\/\/onewood.dk\/sv\/wp-json\/wp\/v2\/product"}],"about":[{"href":"https:\/\/onewood.dk\/sv\/wp-json\/wp\/v2\/types\/product"}],"wp:featuredmedia":[{"embeddable":true,"href":"https:\/\/onewood.dk\/sv\/wp-json\/wp\/v2\/media\/4059"}],"wp:attachment":[{"href":"https:\/\/onewood.dk\/sv\/wp-json\/wp\/v2\/media?parent=1817"}],"wp:term":[{"taxonomy":"product_brand","embeddable":true,"href":"https:\/\/onewood.dk\/sv\/wp-json\/wp\/v2\/product_brand?post=1817"},{"taxonomy":"product_cat","embeddable":true,"href":"https:\/\/onewood.dk\/sv\/wp-json\/wp\/v2\/product_cat?post=1817"},{"taxonomy":"product_tag","embeddable":true,"href":"https:\/\/onewood.dk\/sv\/wp-json\/wp\/v2\/product_tag?post=1817"}],"curies":[{"name":"wp","href":"https:\/\/api.w.org\/{rel}","templated":true}]}}