{"id":1850,"date":"2024-12-03T12:47:52","date_gmt":"2024-12-03T11:47:52","guid":{"rendered":"https:\/\/onewood.dkvare\/9039ind-indskudsborde-800x1000-1200-linoleum-h730-690mm\/"},"modified":"2025-06-26T13:58:46","modified_gmt":"2025-06-26T11:58:46","slug":"9039ind-indskudsborde-800x1000-1200-linoleum-h730-690mm","status":"publish","type":"product","link":"https:\/\/onewood.dk\/sv\/product\/9039ind-hackningsbord-800x1000-1200-linoleum-h730-690mm\/","title":{"rendered":"9039IND \u2013 H\u00e4ckningsbord 800\u00d71000\/1200 \u2013 Linoleum \u2013 H:730\/690mm"},"content":{"rendered":"<p>Bord i 18mm vitpigmenterad bj\u00f6rkplywood med linoleum.<\/p>\n<p>Hjul p\u00e5 alla ben.<\/p>\n<p>Borden kan kombineras i One Woods olika standardf\u00e4rger och skapar p\u00e5 s\u00e5 s\u00e4tt sp\u00e4nnande och f\u00e4rgstarka mat- och lekmilj\u00f6er.<\/p>\n<p>L\u00e4ngd: 1200mm Bredd: 800mm H\u00f6jd: 730mm, inkl. hjul<\/p>\n<p>L\u00e4ngd: 1000mm Bredd: 800mm H\u00f6jd: 690mm, inkl. hjul<\/p>","protected":false},"excerpt":{"rendered":"<p>Bord i 18 mm vitpigmenterad bj\u00f6rkplywood med linoleum. Hjul p\u00e5 alla ben. Borden kan kombineras i One Woods olika standardf\u00e4rger och skapar d\u00e4rmed sp\u00e4nnande och f\u00e4rgglada mat- och lekmilj\u00f6er. L\u00e4ngd: 1200 mm Bredd: 800 mm H\u00f6jd: 730 mm, inkl. hjul L\u00e4ngd: 1000 mm Bredd: 800 mm H\u00f6jd: 690 mm, inkl. hjul<\/p>","protected":false},"featured_media":4175,"template":"","meta":[],"product_brand":[],"product_cat":[661,558],"product_tag":[],"class_list":{"0":"post-1850","1":"product","2":"type-product","3":"status-publish","4":"has-post-thumbnail","6":"product_cat-indskudsbord","7":"product_cat-borde-baenke-taburetter","9":"first","10":"instock","11":"product-type-simple"},"yoast_head":"<!-- This site is optimized with the Yoast SEO plugin v24.4 - https:\/\/yoast.com\/wordpress\/plugins\/seo\/ -->\n<title>9039IND - Indskudsborde 800x1000\/1200 - Linoleum - H:730\/690mm | One Wood Furniture A\/S<\/title>\n<meta name=\"robots\" content=\"index, follow, max-snippet:-1, max-image-preview:large, max-video-preview:-1\" \/>\n<link rel=\"canonical\" href=\"https:\/\/onewood.dk\/sv\/product\/9039ind-hackningsbord-800x1000-1200-linoleum-h730-690mm\/\" \/>\n<meta property=\"og:locale\" content=\"sv_SE\" \/>\n<meta property=\"og:type\" content=\"article\" \/>\n<meta property=\"og:title\" content=\"9039IND - Indskudsborde 800x1000\/1200 - Linoleum - H:730\/690mm | One Wood Furniture A\/S\" \/>\n<meta property=\"og:description\" content=\"Borde i 18mm hvidpigmenteret birkekrydsfiner med linoleum. Hjul p\u00e5 alle ben. Bordene kan kombineres i One Woods forskellige standardfarver og dermed skabe sp\u00e6ndende og farverige spise- og legemilj\u00f8er. L\u00e6ngde: 1200mm Bredde: 800mm H\u00f8jde: 730mm, inkl. hjul L\u00e6ngde: 1000mm Bredde: 800mm H\u00f8jde: 690mm, inkl. hjul\" \/>\n<meta property=\"og:url\" content=\"https:\/\/onewood.dk\/sv\/product\/9039ind-hackningsbord-800x1000-1200-linoleum-h730-690mm\/\" \/>\n<meta property=\"og:site_name\" content=\"One Wood Furniture A\/S\" \/>\n<meta property=\"article:modified_time\" content=\"2025-06-26T11:58:46+00:00\" \/>\n<meta property=\"og:image\" content=\"https:\/\/onewood.dk\/wp-content\/uploads\/2024\/12\/5831-scaled.jpg\" \/>\n\t<meta property=\"og:image:width\" content=\"2560\" \/>\n\t<meta property=\"og:image:height\" content=\"1707\" \/>\n\t<meta property=\"og:image:type\" content=\"image\/jpeg\" \/>\n<meta name=\"twitter:card\" content=\"summary_large_image\" \/>\n<meta name=\"twitter:label1\" content=\"Ber\u00e4knad l\u00e4stid\" \/>\n\t<meta name=\"twitter:data1\" content=\"1 minut\" \/>\n<script type=\"application\/ld+json\" class=\"yoast-schema-graph\">{\"@context\":\"https:\/\/schema.org\",\"@graph\":[{\"@type\":\"WebPage\",\"@id\":\"https:\/\/onewood.dk\/vare\/9039ind-indskudsborde-800x1000-1200-linoleum-h730-690mm\/\",\"url\":\"https:\/\/onewood.dk\/vare\/9039ind-indskudsborde-800x1000-1200-linoleum-h730-690mm\/\",\"name\":\"9039IND - Indskudsborde 800x1000\/1200 - Linoleum - H:730\/690mm | One Wood Furniture A\/S\",\"isPartOf\":{\"@id\":\"https:\/\/onewood.dk\/#website\"},\"primaryImageOfPage\":{\"@id\":\"https:\/\/onewood.dk\/vare\/9039ind-indskudsborde-800x1000-1200-linoleum-h730-690mm\/#primaryimage\"},\"image\":{\"@id\":\"https:\/\/onewood.dk\/vare\/9039ind-indskudsborde-800x1000-1200-linoleum-h730-690mm\/#primaryimage\"},\"thumbnailUrl\":\"https:\/\/onewood.dk\/wp-content\/uploads\/2024\/12\/5831-scaled.jpg\",\"datePublished\":\"2024-12-03T11:47:52+00:00\",\"dateModified\":\"2025-06-26T11:58:46+00:00\",\"breadcrumb\":{\"@id\":\"https:\/\/onewood.dk\/vare\/9039ind-indskudsborde-800x1000-1200-linoleum-h730-690mm\/#breadcrumb\"},\"inLanguage\":\"sv-SE\",\"potentialAction\":[{\"@type\":\"ReadAction\",\"target\":[\"https:\/\/onewood.dk\/vare\/9039ind-indskudsborde-800x1000-1200-linoleum-h730-690mm\/\"]}]},{\"@type\":\"ImageObject\",\"inLanguage\":\"sv-SE\",\"@id\":\"https:\/\/onewood.dk\/vare\/9039ind-indskudsborde-800x1000-1200-linoleum-h730-690mm\/#primaryimage\",\"url\":\"https:\/\/onewood.dk\/wp-content\/uploads\/2024\/12\/5831-scaled.jpg\",\"contentUrl\":\"https:\/\/onewood.dk\/wp-content\/uploads\/2024\/12\/5831-scaled.jpg\",\"width\":2560,\"height\":1707},{\"@type\":\"BreadcrumbList\",\"@id\":\"https:\/\/onewood.dk\/vare\/9039ind-indskudsborde-800x1000-1200-linoleum-h730-690mm\/#breadcrumb\",\"itemListElement\":[{\"@type\":\"ListItem\",\"position\":1,\"name\":\"Varer\",\"item\":\"https:\/\/onewood.dk\/shop\/\"},{\"@type\":\"ListItem\",\"position\":2,\"name\":\"Borde, b\u00e6nke &amp; taburetter\",\"item\":\"https:\/\/onewood.dk\/vare-kategori\/borde-baenke-taburetter\/\"},{\"@type\":\"ListItem\",\"position\":3,\"name\":\"Indskudsbord\",\"item\":\"https:\/\/onewood.dk\/vare-kategori\/borde-baenke-taburetter\/indskudsbord\/\"},{\"@type\":\"ListItem\",\"position\":4,\"name\":\"9039IND &#8211; Indskudsborde 800&#215;1000\/1200 &#8211; Linoleum &#8211; H:730\/690mm\"}]},{\"@type\":\"WebSite\",\"@id\":\"https:\/\/onewood.dk\/#website\",\"url\":\"https:\/\/onewood.dk\/\",\"name\":\"One Wood Furniture A\/S\",\"description\":\"\",\"publisher\":{\"@id\":\"https:\/\/onewood.dk\/#organization\"},\"potentialAction\":[{\"@type\":\"SearchAction\",\"target\":{\"@type\":\"EntryPoint\",\"urlTemplate\":\"https:\/\/onewood.dk\/?s={search_term_string}\"},\"query-input\":{\"@type\":\"PropertyValueSpecification\",\"valueRequired\":true,\"valueName\":\"search_term_string\"}}],\"inLanguage\":\"sv-SE\"},{\"@type\":\"Organization\",\"@id\":\"https:\/\/onewood.dk\/#organization\",\"name\":\"One Wood Furniture A\/S\",\"url\":\"https:\/\/onewood.dk\/\",\"logo\":{\"@type\":\"ImageObject\",\"inLanguage\":\"sv-SE\",\"@id\":\"https:\/\/onewood.dk\/#\/schema\/logo\/image\/\",\"url\":\"https:\/\/onewood.dk\/wp-content\/uploads\/2024\/12\/Logo.png\",\"contentUrl\":\"https:\/\/onewood.dk\/wp-content\/uploads\/2024\/12\/Logo.png\",\"width\":180,\"height\":90,\"caption\":\"One Wood Furniture A\/S\"},\"image\":{\"@id\":\"https:\/\/onewood.dk\/#\/schema\/logo\/image\/\"}}]}<\/script>\n<!-- \/ Yoast SEO plugin. -->","yoast_head_json":{"title":"9039IND - Indskudsborde 800x1000\/1200 - Linoleum - H:730\/690mm | One Wood Furniture A\/S","robots":{"index":"index","follow":"follow","max-snippet":"max-snippet:-1","max-image-preview":"max-image-preview:large","max-video-preview":"max-video-preview:-1"},"canonical":"https:\/\/onewood.dk\/sv\/product\/9039ind-hackningsbord-800x1000-1200-linoleum-h730-690mm\/","og_locale":"sv_SE","og_type":"article","og_title":"9039IND - Indskudsborde 800x1000\/1200 - Linoleum - H:730\/690mm | One Wood Furniture A\/S","og_description":"Borde i 18mm hvidpigmenteret birkekrydsfiner med linoleum. Hjul p\u00e5 alle ben. Bordene kan kombineres i One Woods forskellige standardfarver og dermed skabe sp\u00e6ndende og farverige spise- og legemilj\u00f8er. L\u00e6ngde: 1200mm Bredde: 800mm H\u00f8jde: 730mm, inkl. hjul L\u00e6ngde: 1000mm Bredde: 800mm H\u00f8jde: 690mm, inkl. hjul","og_url":"https:\/\/onewood.dk\/sv\/product\/9039ind-hackningsbord-800x1000-1200-linoleum-h730-690mm\/","og_site_name":"One Wood Furniture A\/S","article_modified_time":"2025-06-26T11:58:46+00:00","og_image":[{"width":2560,"height":1707,"url":"https:\/\/onewood.dk\/wp-content\/uploads\/2024\/12\/5831-scaled.jpg","type":"image\/jpeg"}],"twitter_card":"summary_large_image","twitter_misc":{"Ber\u00e4knad l\u00e4stid":"1 minut"},"schema":{"@context":"https:\/\/schema.org","@graph":[{"@type":"WebPage","@id":"https:\/\/onewood.dk\/vare\/9039ind-indskudsborde-800x1000-1200-linoleum-h730-690mm\/","url":"https:\/\/onewood.dk\/vare\/9039ind-indskudsborde-800x1000-1200-linoleum-h730-690mm\/","name":"9039IND - Indskudsborde 800x1000\/1200 - Linoleum - H:730\/690mm | One Wood Furniture A\/S","isPartOf":{"@id":"https:\/\/onewood.dk\/#website"},"primaryImageOfPage":{"@id":"https:\/\/onewood.dk\/vare\/9039ind-indskudsborde-800x1000-1200-linoleum-h730-690mm\/#primaryimage"},"image":{"@id":"https:\/\/onewood.dk\/vare\/9039ind-indskudsborde-800x1000-1200-linoleum-h730-690mm\/#primaryimage"},"thumbnailUrl":"https:\/\/onewood.dk\/wp-content\/uploads\/2024\/12\/5831-scaled.jpg","datePublished":"2024-12-03T11:47:52+00:00","dateModified":"2025-06-26T11:58:46+00:00","breadcrumb":{"@id":"https:\/\/onewood.dk\/vare\/9039ind-indskudsborde-800x1000-1200-linoleum-h730-690mm\/#breadcrumb"},"inLanguage":"sv-SE","potentialAction":[{"@type":"ReadAction","target":["https:\/\/onewood.dk\/vare\/9039ind-indskudsborde-800x1000-1200-linoleum-h730-690mm\/"]}]},{"@type":"ImageObject","inLanguage":"sv-SE","@id":"https:\/\/onewood.dk\/vare\/9039ind-indskudsborde-800x1000-1200-linoleum-h730-690mm\/#primaryimage","url":"https:\/\/onewood.dk\/wp-content\/uploads\/2024\/12\/5831-scaled.jpg","contentUrl":"https:\/\/onewood.dk\/wp-content\/uploads\/2024\/12\/5831-scaled.jpg","width":2560,"height":1707},{"@type":"BreadcrumbList","@id":"https:\/\/onewood.dk\/vare\/9039ind-indskudsborde-800x1000-1200-linoleum-h730-690mm\/#breadcrumb","itemListElement":[{"@type":"ListItem","position":1,"name":"Varer","item":"https:\/\/onewood.dk\/shop\/"},{"@type":"ListItem","position":2,"name":"Borde, b\u00e6nke &amp; taburetter","item":"https:\/\/onewood.dk\/vare-kategori\/borde-baenke-taburetter\/"},{"@type":"ListItem","position":3,"name":"Indskudsbord","item":"https:\/\/onewood.dk\/vare-kategori\/borde-baenke-taburetter\/indskudsbord\/"},{"@type":"ListItem","position":4,"name":"9039IND &#8211; Indskudsborde 800&#215;1000\/1200 &#8211; Linoleum &#8211; H:730\/690mm"}]},{"@type":"WebSite","@id":"https:\/\/onewood.dk\/#website","url":"https:\/\/onewood.dk\/","name":"One Wood Furniture A\/S","description":"","publisher":{"@id":"https:\/\/onewood.dk\/#organization"},"potentialAction":[{"@type":"SearchAction","target":{"@type":"EntryPoint","urlTemplate":"https:\/\/onewood.dk\/?s={search_term_string}"},"query-input":{"@type":"PropertyValueSpecification","valueRequired":true,"valueName":"search_term_string"}}],"inLanguage":"sv-SE"},{"@type":"Organization","@id":"https:\/\/onewood.dk\/#organization","name":"One Wood Furniture A\/S","url":"https:\/\/onewood.dk\/","logo":{"@type":"ImageObject","inLanguage":"sv-SE","@id":"https:\/\/onewood.dk\/#\/schema\/logo\/image\/","url":"https:\/\/onewood.dk\/wp-content\/uploads\/2024\/12\/Logo.png","contentUrl":"https:\/\/onewood.dk\/wp-content\/uploads\/2024\/12\/Logo.png","width":180,"height":90,"caption":"One Wood Furniture A\/S"},"image":{"@id":"https:\/\/onewood.dk\/#\/schema\/logo\/image\/"}}]}},"_links":{"self":[{"href":"https:\/\/onewood.dk\/sv\/wp-json\/wp\/v2\/product\/1850","targetHints":{"allow":["GET"]}}],"collection":[{"href":"https:\/\/onewood.dk\/sv\/wp-json\/wp\/v2\/product"}],"about":[{"href":"https:\/\/onewood.dk\/sv\/wp-json\/wp\/v2\/types\/product"}],"wp:featuredmedia":[{"embeddable":true,"href":"https:\/\/onewood.dk\/sv\/wp-json\/wp\/v2\/media\/4175"}],"wp:attachment":[{"href":"https:\/\/onewood.dk\/sv\/wp-json\/wp\/v2\/media?parent=1850"}],"wp:term":[{"taxonomy":"product_brand","embeddable":true,"href":"https:\/\/onewood.dk\/sv\/wp-json\/wp\/v2\/product_brand?post=1850"},{"taxonomy":"product_cat","embeddable":true,"href":"https:\/\/onewood.dk\/sv\/wp-json\/wp\/v2\/product_cat?post=1850"},{"taxonomy":"product_tag","embeddable":true,"href":"https:\/\/onewood.dk\/sv\/wp-json\/wp\/v2\/product_tag?post=1850"}],"curies":[{"name":"wp","href":"https:\/\/api.w.org\/{rel}","templated":true}]}}