{"id":1857,"date":"2024-12-03T12:47:52","date_gmt":"2024-12-03T11:47:52","guid":{"rendered":"https:\/\/onewood.dkvare\/8102tk-legekoekken-2-rum\/"},"modified":"2025-02-26T12:38:00","modified_gmt":"2025-02-26T11:38:00","slug":"8102tk-legekoekken-2-rum","status":"publish","type":"product","link":"https:\/\/onewood.dk\/sv\/product\/8102tk-lekkok-2-rum\/","title":{"rendered":"8102TK \u2013 Lek\u00f6k \u2013 2 rum"},"content":{"rendered":"<p>Barn tycker om rollspel och det g\u00f6r att de kan imitera vardagsaktiviteter. Rollspel uppst\u00e5r s\u00e4rskilt f\u00f6r att det inbjuder till samh\u00f6righet och ut\u00f6kar sociala f\u00e4rdigheter. Det \u00e4r d\u00e4rf\u00f6r viktigt att skapa r\u00e4tt ramar f\u00f6r detta.<\/p>\n<p>Lekk\u00f6k med 2 kokplattor med motsvarande vred. En plastbalja anv\u00e4nds f\u00f6r att tv\u00e4tta och sj\u00e4lvklart finns det \u00e4ven en kran s\u00e5 att den efterliknar ett vanligt k\u00f6k s\u00e5 mycket som m\u00f6jligt. Det finns 2 luckor, varav en \u00e4r gjord av plexiglas f\u00f6r att fungera som ugn.<\/p>\n<p>Lekk\u00f6k i 15mm bj\u00f6rkplywood i klarlack, ljusgr\u00e5 laminat ovanp\u00e5. Den \u00e4r f\u00f6rsedd med l\u00e5sbara hjul.<\/p>","protected":false},"excerpt":{"rendered":"<p>Barn tycker om att rollspela, och det ger dem m\u00f6jlighet att imitera vardagliga aktiviteter. Rollspel f\u00f6rekommer s\u00e4rskilt eftersom det inbjuder till gemenskap och ut\u00f6kar sociala f\u00e4rdigheter. Det \u00e4r d\u00e4rf\u00f6r viktigt att skapa r\u00e4tt ramar f\u00f6r detta. Lekk\u00f6k med 2 kokplattor med tillh\u00f6rande vred. Plastbalja fungerar som handfat och naturligtvis finns det ocks\u00e5 en [\u2026]<\/p>","protected":false},"featured_media":4199,"template":"","meta":[],"product_brand":[],"product_cat":[670,560],"product_tag":[],"class_list":{"0":"post-1857","1":"product","2":"type-product","3":"status-publish","4":"has-post-thumbnail","6":"product_cat-legekoekkener","7":"product_cat-legemoebler","9":"first","10":"instock","11":"product-type-simple"},"yoast_head":"<!-- This site is optimized with the Yoast SEO plugin v24.4 - https:\/\/yoast.com\/wordpress\/plugins\/seo\/ -->\n<title>8102TK - Legek\u00f8kken - 2 rum | One Wood Furniture A\/S<\/title>\n<meta name=\"robots\" content=\"index, follow, max-snippet:-1, max-image-preview:large, max-video-preview:-1\" \/>\n<link rel=\"canonical\" href=\"https:\/\/onewood.dk\/sv\/product\/8102tk-lekkok-2-rum\/\" \/>\n<meta property=\"og:locale\" content=\"sv_SE\" \/>\n<meta property=\"og:type\" content=\"article\" \/>\n<meta property=\"og:title\" content=\"8102TK - Legek\u00f8kken - 2 rum | One Wood Furniture A\/S\" \/>\n<meta property=\"og:description\" content=\"B\u00f8rn nyder rolleleg, og det giver dem mulighed for at imiterer hverdagens aktiviteter. Rolleleg opst\u00e5r is\u00e6r, fordi det indbyder til samv\u00e6r og udvider de sociale f\u00e6rdigheder. Det er derfor vigtigt at skabe de rigtige rammer til dette. Legek\u00f8kken med 2 kogeplader med tilh\u00f8rende drejeknapper. Plastbalje udg\u00f8r det for vask og der er selvf\u00f8lgelig ogs\u00e5 et [&hellip;]\" \/>\n<meta property=\"og:url\" content=\"https:\/\/onewood.dk\/sv\/product\/8102tk-lekkok-2-rum\/\" \/>\n<meta property=\"og:site_name\" content=\"One Wood Furniture A\/S\" \/>\n<meta property=\"article:modified_time\" content=\"2025-02-26T11:38:00+00:00\" \/>\n<meta property=\"og:image\" content=\"https:\/\/onewood.dk\/wp-content\/uploads\/2024\/12\/6037-scaled.jpg\" \/>\n\t<meta property=\"og:image:width\" content=\"2560\" \/>\n\t<meta property=\"og:image:height\" content=\"1707\" \/>\n\t<meta property=\"og:image:type\" content=\"image\/jpeg\" \/>\n<meta name=\"twitter:card\" content=\"summary_large_image\" \/>\n<meta name=\"twitter:label1\" content=\"Ber\u00e4knad l\u00e4stid\" \/>\n\t<meta name=\"twitter:data1\" content=\"1 minut\" \/>\n<script type=\"application\/ld+json\" class=\"yoast-schema-graph\">{\"@context\":\"https:\/\/schema.org\",\"@graph\":[{\"@type\":\"WebPage\",\"@id\":\"https:\/\/onewood.dk\/vare\/8102tk-legekoekken-2-rum\/\",\"url\":\"https:\/\/onewood.dk\/vare\/8102tk-legekoekken-2-rum\/\",\"name\":\"8102TK - Legek\u00f8kken - 2 rum | One Wood Furniture A\/S\",\"isPartOf\":{\"@id\":\"https:\/\/onewood.dk\/#website\"},\"primaryImageOfPage\":{\"@id\":\"https:\/\/onewood.dk\/vare\/8102tk-legekoekken-2-rum\/#primaryimage\"},\"image\":{\"@id\":\"https:\/\/onewood.dk\/vare\/8102tk-legekoekken-2-rum\/#primaryimage\"},\"thumbnailUrl\":\"https:\/\/onewood.dk\/wp-content\/uploads\/2024\/12\/6037-scaled.jpg\",\"datePublished\":\"2024-12-03T11:47:52+00:00\",\"dateModified\":\"2025-02-26T11:38:00+00:00\",\"breadcrumb\":{\"@id\":\"https:\/\/onewood.dk\/vare\/8102tk-legekoekken-2-rum\/#breadcrumb\"},\"inLanguage\":\"sv-SE\",\"potentialAction\":[{\"@type\":\"ReadAction\",\"target\":[\"https:\/\/onewood.dk\/vare\/8102tk-legekoekken-2-rum\/\"]}]},{\"@type\":\"ImageObject\",\"inLanguage\":\"sv-SE\",\"@id\":\"https:\/\/onewood.dk\/vare\/8102tk-legekoekken-2-rum\/#primaryimage\",\"url\":\"https:\/\/onewood.dk\/wp-content\/uploads\/2024\/12\/6037-scaled.jpg\",\"contentUrl\":\"https:\/\/onewood.dk\/wp-content\/uploads\/2024\/12\/6037-scaled.jpg\",\"width\":2560,\"height\":1707},{\"@type\":\"BreadcrumbList\",\"@id\":\"https:\/\/onewood.dk\/vare\/8102tk-legekoekken-2-rum\/#breadcrumb\",\"itemListElement\":[{\"@type\":\"ListItem\",\"position\":1,\"name\":\"Varer\",\"item\":\"https:\/\/onewood.dk\/shop\/\"},{\"@type\":\"ListItem\",\"position\":2,\"name\":\"Legem\u00f8bler\",\"item\":\"https:\/\/onewood.dk\/vare-kategori\/legemoebler\/\"},{\"@type\":\"ListItem\",\"position\":3,\"name\":\"Legek\u00f8kkener\",\"item\":\"https:\/\/onewood.dk\/vare-kategori\/legemoebler\/legekoekkener\/\"},{\"@type\":\"ListItem\",\"position\":4,\"name\":\"8102TK &#8211; Legek\u00f8kken &#8211; 2 rum\"}]},{\"@type\":\"WebSite\",\"@id\":\"https:\/\/onewood.dk\/#website\",\"url\":\"https:\/\/onewood.dk\/\",\"name\":\"One Wood Furniture A\/S\",\"description\":\"\",\"publisher\":{\"@id\":\"https:\/\/onewood.dk\/#organization\"},\"potentialAction\":[{\"@type\":\"SearchAction\",\"target\":{\"@type\":\"EntryPoint\",\"urlTemplate\":\"https:\/\/onewood.dk\/?s={search_term_string}\"},\"query-input\":{\"@type\":\"PropertyValueSpecification\",\"valueRequired\":true,\"valueName\":\"search_term_string\"}}],\"inLanguage\":\"sv-SE\"},{\"@type\":\"Organization\",\"@id\":\"https:\/\/onewood.dk\/#organization\",\"name\":\"One Wood Furniture A\/S\",\"url\":\"https:\/\/onewood.dk\/\",\"logo\":{\"@type\":\"ImageObject\",\"inLanguage\":\"sv-SE\",\"@id\":\"https:\/\/onewood.dk\/#\/schema\/logo\/image\/\",\"url\":\"https:\/\/onewood.dk\/wp-content\/uploads\/2024\/12\/Logo.png\",\"contentUrl\":\"https:\/\/onewood.dk\/wp-content\/uploads\/2024\/12\/Logo.png\",\"width\":180,\"height\":90,\"caption\":\"One Wood Furniture A\/S\"},\"image\":{\"@id\":\"https:\/\/onewood.dk\/#\/schema\/logo\/image\/\"}}]}<\/script>\n<!-- \/ Yoast SEO plugin. -->","yoast_head_json":{"title":"8102TK - Legek\u00f8kken - 2 rum | One Wood Furniture A\/S","robots":{"index":"index","follow":"follow","max-snippet":"max-snippet:-1","max-image-preview":"max-image-preview:large","max-video-preview":"max-video-preview:-1"},"canonical":"https:\/\/onewood.dk\/sv\/product\/8102tk-lekkok-2-rum\/","og_locale":"sv_SE","og_type":"article","og_title":"8102TK - Legek\u00f8kken - 2 rum | One Wood Furniture A\/S","og_description":"B\u00f8rn nyder rolleleg, og det giver dem mulighed for at imiterer hverdagens aktiviteter. Rolleleg opst\u00e5r is\u00e6r, fordi det indbyder til samv\u00e6r og udvider de sociale f\u00e6rdigheder. Det er derfor vigtigt at skabe de rigtige rammer til dette. Legek\u00f8kken med 2 kogeplader med tilh\u00f8rende drejeknapper. Plastbalje udg\u00f8r det for vask og der er selvf\u00f8lgelig ogs\u00e5 et [&hellip;]","og_url":"https:\/\/onewood.dk\/sv\/product\/8102tk-lekkok-2-rum\/","og_site_name":"One Wood Furniture A\/S","article_modified_time":"2025-02-26T11:38:00+00:00","og_image":[{"width":2560,"height":1707,"url":"https:\/\/onewood.dk\/wp-content\/uploads\/2024\/12\/6037-scaled.jpg","type":"image\/jpeg"}],"twitter_card":"summary_large_image","twitter_misc":{"Ber\u00e4knad l\u00e4stid":"1 minut"},"schema":{"@context":"https:\/\/schema.org","@graph":[{"@type":"WebPage","@id":"https:\/\/onewood.dk\/vare\/8102tk-legekoekken-2-rum\/","url":"https:\/\/onewood.dk\/vare\/8102tk-legekoekken-2-rum\/","name":"8102TK - Legek\u00f8kken - 2 rum | One Wood Furniture A\/S","isPartOf":{"@id":"https:\/\/onewood.dk\/#website"},"primaryImageOfPage":{"@id":"https:\/\/onewood.dk\/vare\/8102tk-legekoekken-2-rum\/#primaryimage"},"image":{"@id":"https:\/\/onewood.dk\/vare\/8102tk-legekoekken-2-rum\/#primaryimage"},"thumbnailUrl":"https:\/\/onewood.dk\/wp-content\/uploads\/2024\/12\/6037-scaled.jpg","datePublished":"2024-12-03T11:47:52+00:00","dateModified":"2025-02-26T11:38:00+00:00","breadcrumb":{"@id":"https:\/\/onewood.dk\/vare\/8102tk-legekoekken-2-rum\/#breadcrumb"},"inLanguage":"sv-SE","potentialAction":[{"@type":"ReadAction","target":["https:\/\/onewood.dk\/vare\/8102tk-legekoekken-2-rum\/"]}]},{"@type":"ImageObject","inLanguage":"sv-SE","@id":"https:\/\/onewood.dk\/vare\/8102tk-legekoekken-2-rum\/#primaryimage","url":"https:\/\/onewood.dk\/wp-content\/uploads\/2024\/12\/6037-scaled.jpg","contentUrl":"https:\/\/onewood.dk\/wp-content\/uploads\/2024\/12\/6037-scaled.jpg","width":2560,"height":1707},{"@type":"BreadcrumbList","@id":"https:\/\/onewood.dk\/vare\/8102tk-legekoekken-2-rum\/#breadcrumb","itemListElement":[{"@type":"ListItem","position":1,"name":"Varer","item":"https:\/\/onewood.dk\/shop\/"},{"@type":"ListItem","position":2,"name":"Legem\u00f8bler","item":"https:\/\/onewood.dk\/vare-kategori\/legemoebler\/"},{"@type":"ListItem","position":3,"name":"Legek\u00f8kkener","item":"https:\/\/onewood.dk\/vare-kategori\/legemoebler\/legekoekkener\/"},{"@type":"ListItem","position":4,"name":"8102TK &#8211; Legek\u00f8kken &#8211; 2 rum"}]},{"@type":"WebSite","@id":"https:\/\/onewood.dk\/#website","url":"https:\/\/onewood.dk\/","name":"One Wood Furniture A\/S","description":"","publisher":{"@id":"https:\/\/onewood.dk\/#organization"},"potentialAction":[{"@type":"SearchAction","target":{"@type":"EntryPoint","urlTemplate":"https:\/\/onewood.dk\/?s={search_term_string}"},"query-input":{"@type":"PropertyValueSpecification","valueRequired":true,"valueName":"search_term_string"}}],"inLanguage":"sv-SE"},{"@type":"Organization","@id":"https:\/\/onewood.dk\/#organization","name":"One Wood Furniture A\/S","url":"https:\/\/onewood.dk\/","logo":{"@type":"ImageObject","inLanguage":"sv-SE","@id":"https:\/\/onewood.dk\/#\/schema\/logo\/image\/","url":"https:\/\/onewood.dk\/wp-content\/uploads\/2024\/12\/Logo.png","contentUrl":"https:\/\/onewood.dk\/wp-content\/uploads\/2024\/12\/Logo.png","width":180,"height":90,"caption":"One Wood Furniture A\/S"},"image":{"@id":"https:\/\/onewood.dk\/#\/schema\/logo\/image\/"}}]}},"_links":{"self":[{"href":"https:\/\/onewood.dk\/sv\/wp-json\/wp\/v2\/product\/1857","targetHints":{"allow":["GET"]}}],"collection":[{"href":"https:\/\/onewood.dk\/sv\/wp-json\/wp\/v2\/product"}],"about":[{"href":"https:\/\/onewood.dk\/sv\/wp-json\/wp\/v2\/types\/product"}],"wp:featuredmedia":[{"embeddable":true,"href":"https:\/\/onewood.dk\/sv\/wp-json\/wp\/v2\/media\/4199"}],"wp:attachment":[{"href":"https:\/\/onewood.dk\/sv\/wp-json\/wp\/v2\/media?parent=1857"}],"wp:term":[{"taxonomy":"product_brand","embeddable":true,"href":"https:\/\/onewood.dk\/sv\/wp-json\/wp\/v2\/product_brand?post=1857"},{"taxonomy":"product_cat","embeddable":true,"href":"https:\/\/onewood.dk\/sv\/wp-json\/wp\/v2\/product_cat?post=1857"},{"taxonomy":"product_tag","embeddable":true,"href":"https:\/\/onewood.dk\/sv\/wp-json\/wp\/v2\/product_tag?post=1857"}],"curies":[{"name":"wp","href":"https:\/\/api.w.org\/{rel}","templated":true}]}}