{"id":1861,"date":"2024-12-03T12:47:52","date_gmt":"2024-12-03T11:47:52","guid":{"rendered":"https:\/\/onewood.dkvare\/7872s-troldegarderobe-m-skuffe-2-sekt\/"},"modified":"2025-03-26T13:35:34","modified_gmt":"2025-03-26T12:35:34","slug":"7872s-troldegarderobe-m-skuffe-2-sekt","status":"publish","type":"product","link":"https:\/\/onewood.dk\/sv\/product\/7872s-trollgarderob-med-2-laador\/","title":{"rendered":"7872S \u2013 Trollgarderob m\/l\u00e5da \u2013 2 sekt."},"content":{"rendered":"<p>Trollgarderob med b\u00e4nk och 2 l\u00e5dor, sekt. i 15 mm. vitpigmenterad bj\u00f6rkplywood.<\/p>\n<p>Garderoben inneh\u00e5ller som standard pr avsnitt:<\/p>\n<ul>\n<li>1 fotst\u00f6d<\/li>\n<li>1 sockh\u00e5llare<\/li>\n<li>1 vridkrok med 3 krokar<\/li>\n<li>1 rum h\u00f6gst upp<\/li>\n<li>1 L\u00e5da under b\u00e4nken (laminat p\u00e5 framsidan m\u00e5ste k\u00f6pas separat, art.nr 8650L)<\/li>\n<li>Bj\u00f6rkb\u00e4nk (laminat ovanp\u00e5 m\u00e5ste k\u00f6pas separat)<\/li>\n<\/ul>","protected":false},"excerpt":{"rendered":"<p>Trollgarderob med b\u00e4nk och l\u00e5da 2 sekt. i 15 mm. vitpigmenterad bj\u00f6rkplywood. Garderoben inneh\u00e5ller som standard per sektion: 1 fotskena 1 napph\u00e5llare 1 vridkrok med 3 krokar 1 fack upptill 1 L\u00e5da under b\u00e4nken (laminat p\u00e5 framsidan m\u00e5ste k\u00f6pas separat, art.nr 8650L) Bj\u00f6rkb\u00e4nk (laminat p\u00e5 ovansidan m\u00e5ste k\u00f6pas separat)<\/p>","protected":false},"featured_media":4212,"template":"","meta":[],"product_brand":[],"product_cat":[555,671],"product_tag":[],"class_list":{"0":"post-1861","1":"product","2":"type-product","3":"status-publish","4":"has-post-thumbnail","6":"product_cat-garderober-tilbehoer","7":"product_cat-troldegarderobe-med-skuffe","9":"first","10":"instock","11":"product-type-simple"},"yoast_head":"<!-- This site is optimized with the Yoast SEO plugin v24.4 - https:\/\/yoast.com\/wordpress\/plugins\/seo\/ -->\n<title>7872S - Troldegarderobe m\/skuffe - 2 sekt. | One Wood Furniture A\/S<\/title>\n<meta name=\"robots\" content=\"index, follow, max-snippet:-1, max-image-preview:large, max-video-preview:-1\" \/>\n<link rel=\"canonical\" href=\"https:\/\/onewood.dk\/sv\/product\/7872s-trollgarderob-med-2-laador\/\" \/>\n<meta property=\"og:locale\" content=\"sv_SE\" \/>\n<meta property=\"og:type\" content=\"article\" \/>\n<meta property=\"og:title\" content=\"7872S - Troldegarderobe m\/skuffe - 2 sekt. | One Wood Furniture A\/S\" \/>\n<meta property=\"og:description\" content=\"Troldegarderobe med b\u00e6nk og skuffe 2 sekt. i 15 mm. hvidpigmenteret birkekrydsfiner. Garderoben indeholder som standard pr. sektion: 1 fodrist 1 sutskoholder 1 drejekrog med 3 kroge 1 rum i toppen 1 Skuffe under b\u00e6nk (laminat p\u00e5 front skal tilk\u00f8bes, varenr. 8650L) Birkeb\u00e6nk (laminat p\u00e5 toppen skal tilk\u00f8bes)\" \/>\n<meta property=\"og:url\" content=\"https:\/\/onewood.dk\/sv\/product\/7872s-trollgarderob-med-2-laador\/\" \/>\n<meta property=\"og:site_name\" content=\"One Wood Furniture A\/S\" \/>\n<meta property=\"article:modified_time\" content=\"2025-03-26T12:35:34+00:00\" \/>\n<meta property=\"og:image\" content=\"https:\/\/onewood.dk\/wp-content\/uploads\/2024\/12\/6058-scaled.jpg\" \/>\n\t<meta property=\"og:image:width\" content=\"2560\" \/>\n\t<meta property=\"og:image:height\" content=\"1707\" \/>\n\t<meta property=\"og:image:type\" content=\"image\/jpeg\" \/>\n<meta name=\"twitter:card\" content=\"summary_large_image\" \/>\n<meta name=\"twitter:label1\" content=\"Ber\u00e4knad l\u00e4stid\" \/>\n\t<meta name=\"twitter:data1\" content=\"1 minut\" \/>\n<script type=\"application\/ld+json\" class=\"yoast-schema-graph\">{\"@context\":\"https:\/\/schema.org\",\"@graph\":[{\"@type\":\"WebPage\",\"@id\":\"https:\/\/onewood.dk\/vare\/7872s-troldegarderobe-m-skuffe-2-sekt\/\",\"url\":\"https:\/\/onewood.dk\/vare\/7872s-troldegarderobe-m-skuffe-2-sekt\/\",\"name\":\"7872S - Troldegarderobe m\/skuffe - 2 sekt. | One Wood Furniture A\/S\",\"isPartOf\":{\"@id\":\"https:\/\/onewood.dk\/#website\"},\"primaryImageOfPage\":{\"@id\":\"https:\/\/onewood.dk\/vare\/7872s-troldegarderobe-m-skuffe-2-sekt\/#primaryimage\"},\"image\":{\"@id\":\"https:\/\/onewood.dk\/vare\/7872s-troldegarderobe-m-skuffe-2-sekt\/#primaryimage\"},\"thumbnailUrl\":\"https:\/\/onewood.dk\/wp-content\/uploads\/2024\/12\/6058-scaled.jpg\",\"datePublished\":\"2024-12-03T11:47:52+00:00\",\"dateModified\":\"2025-03-26T12:35:34+00:00\",\"breadcrumb\":{\"@id\":\"https:\/\/onewood.dk\/vare\/7872s-troldegarderobe-m-skuffe-2-sekt\/#breadcrumb\"},\"inLanguage\":\"sv-SE\",\"potentialAction\":[{\"@type\":\"ReadAction\",\"target\":[\"https:\/\/onewood.dk\/vare\/7872s-troldegarderobe-m-skuffe-2-sekt\/\"]}]},{\"@type\":\"ImageObject\",\"inLanguage\":\"sv-SE\",\"@id\":\"https:\/\/onewood.dk\/vare\/7872s-troldegarderobe-m-skuffe-2-sekt\/#primaryimage\",\"url\":\"https:\/\/onewood.dk\/wp-content\/uploads\/2024\/12\/6058-scaled.jpg\",\"contentUrl\":\"https:\/\/onewood.dk\/wp-content\/uploads\/2024\/12\/6058-scaled.jpg\",\"width\":2560,\"height\":1707},{\"@type\":\"BreadcrumbList\",\"@id\":\"https:\/\/onewood.dk\/vare\/7872s-troldegarderobe-m-skuffe-2-sekt\/#breadcrumb\",\"itemListElement\":[{\"@type\":\"ListItem\",\"position\":1,\"name\":\"Varer\",\"item\":\"https:\/\/onewood.dk\/shop\/\"},{\"@type\":\"ListItem\",\"position\":2,\"name\":\"Garderober &amp; tilbeh\u00f8r\",\"item\":\"https:\/\/onewood.dk\/vare-kategori\/garderober-tilbehoer\/\"},{\"@type\":\"ListItem\",\"position\":3,\"name\":\"Troldegarderobe med skuffe\",\"item\":\"https:\/\/onewood.dk\/vare-kategori\/garderober-tilbehoer\/troldegarderobe-med-skuffe\/\"},{\"@type\":\"ListItem\",\"position\":4,\"name\":\"7872S &#8211; Troldegarderobe m\/skuffe &#8211; 2 sekt.\"}]},{\"@type\":\"WebSite\",\"@id\":\"https:\/\/onewood.dk\/#website\",\"url\":\"https:\/\/onewood.dk\/\",\"name\":\"One Wood Furniture A\/S\",\"description\":\"\",\"publisher\":{\"@id\":\"https:\/\/onewood.dk\/#organization\"},\"potentialAction\":[{\"@type\":\"SearchAction\",\"target\":{\"@type\":\"EntryPoint\",\"urlTemplate\":\"https:\/\/onewood.dk\/?s={search_term_string}\"},\"query-input\":{\"@type\":\"PropertyValueSpecification\",\"valueRequired\":true,\"valueName\":\"search_term_string\"}}],\"inLanguage\":\"sv-SE\"},{\"@type\":\"Organization\",\"@id\":\"https:\/\/onewood.dk\/#organization\",\"name\":\"One Wood Furniture A\/S\",\"url\":\"https:\/\/onewood.dk\/\",\"logo\":{\"@type\":\"ImageObject\",\"inLanguage\":\"sv-SE\",\"@id\":\"https:\/\/onewood.dk\/#\/schema\/logo\/image\/\",\"url\":\"https:\/\/onewood.dk\/wp-content\/uploads\/2024\/12\/Logo.png\",\"contentUrl\":\"https:\/\/onewood.dk\/wp-content\/uploads\/2024\/12\/Logo.png\",\"width\":180,\"height\":90,\"caption\":\"One Wood Furniture A\/S\"},\"image\":{\"@id\":\"https:\/\/onewood.dk\/#\/schema\/logo\/image\/\"}}]}<\/script>\n<!-- \/ Yoast SEO plugin. -->","yoast_head_json":{"title":"7872S - Troldegarderobe m\/skuffe - 2 sekt. | One Wood Furniture A\/S","robots":{"index":"index","follow":"follow","max-snippet":"max-snippet:-1","max-image-preview":"max-image-preview:large","max-video-preview":"max-video-preview:-1"},"canonical":"https:\/\/onewood.dk\/sv\/product\/7872s-trollgarderob-med-2-laador\/","og_locale":"sv_SE","og_type":"article","og_title":"7872S - Troldegarderobe m\/skuffe - 2 sekt. | One Wood Furniture A\/S","og_description":"Troldegarderobe med b\u00e6nk og skuffe 2 sekt. i 15 mm. hvidpigmenteret birkekrydsfiner. Garderoben indeholder som standard pr. sektion: 1 fodrist 1 sutskoholder 1 drejekrog med 3 kroge 1 rum i toppen 1 Skuffe under b\u00e6nk (laminat p\u00e5 front skal tilk\u00f8bes, varenr. 8650L) Birkeb\u00e6nk (laminat p\u00e5 toppen skal tilk\u00f8bes)","og_url":"https:\/\/onewood.dk\/sv\/product\/7872s-trollgarderob-med-2-laador\/","og_site_name":"One Wood Furniture A\/S","article_modified_time":"2025-03-26T12:35:34+00:00","og_image":[{"width":2560,"height":1707,"url":"https:\/\/onewood.dk\/wp-content\/uploads\/2024\/12\/6058-scaled.jpg","type":"image\/jpeg"}],"twitter_card":"summary_large_image","twitter_misc":{"Ber\u00e4knad l\u00e4stid":"1 minut"},"schema":{"@context":"https:\/\/schema.org","@graph":[{"@type":"WebPage","@id":"https:\/\/onewood.dk\/vare\/7872s-troldegarderobe-m-skuffe-2-sekt\/","url":"https:\/\/onewood.dk\/vare\/7872s-troldegarderobe-m-skuffe-2-sekt\/","name":"7872S - Troldegarderobe m\/skuffe - 2 sekt. | One Wood Furniture A\/S","isPartOf":{"@id":"https:\/\/onewood.dk\/#website"},"primaryImageOfPage":{"@id":"https:\/\/onewood.dk\/vare\/7872s-troldegarderobe-m-skuffe-2-sekt\/#primaryimage"},"image":{"@id":"https:\/\/onewood.dk\/vare\/7872s-troldegarderobe-m-skuffe-2-sekt\/#primaryimage"},"thumbnailUrl":"https:\/\/onewood.dk\/wp-content\/uploads\/2024\/12\/6058-scaled.jpg","datePublished":"2024-12-03T11:47:52+00:00","dateModified":"2025-03-26T12:35:34+00:00","breadcrumb":{"@id":"https:\/\/onewood.dk\/vare\/7872s-troldegarderobe-m-skuffe-2-sekt\/#breadcrumb"},"inLanguage":"sv-SE","potentialAction":[{"@type":"ReadAction","target":["https:\/\/onewood.dk\/vare\/7872s-troldegarderobe-m-skuffe-2-sekt\/"]}]},{"@type":"ImageObject","inLanguage":"sv-SE","@id":"https:\/\/onewood.dk\/vare\/7872s-troldegarderobe-m-skuffe-2-sekt\/#primaryimage","url":"https:\/\/onewood.dk\/wp-content\/uploads\/2024\/12\/6058-scaled.jpg","contentUrl":"https:\/\/onewood.dk\/wp-content\/uploads\/2024\/12\/6058-scaled.jpg","width":2560,"height":1707},{"@type":"BreadcrumbList","@id":"https:\/\/onewood.dk\/vare\/7872s-troldegarderobe-m-skuffe-2-sekt\/#breadcrumb","itemListElement":[{"@type":"ListItem","position":1,"name":"Varer","item":"https:\/\/onewood.dk\/shop\/"},{"@type":"ListItem","position":2,"name":"Garderober &amp; tilbeh\u00f8r","item":"https:\/\/onewood.dk\/vare-kategori\/garderober-tilbehoer\/"},{"@type":"ListItem","position":3,"name":"Troldegarderobe med skuffe","item":"https:\/\/onewood.dk\/vare-kategori\/garderober-tilbehoer\/troldegarderobe-med-skuffe\/"},{"@type":"ListItem","position":4,"name":"7872S &#8211; Troldegarderobe m\/skuffe &#8211; 2 sekt."}]},{"@type":"WebSite","@id":"https:\/\/onewood.dk\/#website","url":"https:\/\/onewood.dk\/","name":"One Wood Furniture A\/S","description":"","publisher":{"@id":"https:\/\/onewood.dk\/#organization"},"potentialAction":[{"@type":"SearchAction","target":{"@type":"EntryPoint","urlTemplate":"https:\/\/onewood.dk\/?s={search_term_string}"},"query-input":{"@type":"PropertyValueSpecification","valueRequired":true,"valueName":"search_term_string"}}],"inLanguage":"sv-SE"},{"@type":"Organization","@id":"https:\/\/onewood.dk\/#organization","name":"One Wood Furniture A\/S","url":"https:\/\/onewood.dk\/","logo":{"@type":"ImageObject","inLanguage":"sv-SE","@id":"https:\/\/onewood.dk\/#\/schema\/logo\/image\/","url":"https:\/\/onewood.dk\/wp-content\/uploads\/2024\/12\/Logo.png","contentUrl":"https:\/\/onewood.dk\/wp-content\/uploads\/2024\/12\/Logo.png","width":180,"height":90,"caption":"One Wood Furniture A\/S"},"image":{"@id":"https:\/\/onewood.dk\/#\/schema\/logo\/image\/"}}]}},"_links":{"self":[{"href":"https:\/\/onewood.dk\/sv\/wp-json\/wp\/v2\/product\/1861","targetHints":{"allow":["GET"]}}],"collection":[{"href":"https:\/\/onewood.dk\/sv\/wp-json\/wp\/v2\/product"}],"about":[{"href":"https:\/\/onewood.dk\/sv\/wp-json\/wp\/v2\/types\/product"}],"wp:featuredmedia":[{"embeddable":true,"href":"https:\/\/onewood.dk\/sv\/wp-json\/wp\/v2\/media\/4212"}],"wp:attachment":[{"href":"https:\/\/onewood.dk\/sv\/wp-json\/wp\/v2\/media?parent=1861"}],"wp:term":[{"taxonomy":"product_brand","embeddable":true,"href":"https:\/\/onewood.dk\/sv\/wp-json\/wp\/v2\/product_brand?post=1861"},{"taxonomy":"product_cat","embeddable":true,"href":"https:\/\/onewood.dk\/sv\/wp-json\/wp\/v2\/product_cat?post=1861"},{"taxonomy":"product_tag","embeddable":true,"href":"https:\/\/onewood.dk\/sv\/wp-json\/wp\/v2\/product_tag?post=1861"}],"curies":[{"name":"wp","href":"https:\/\/api.w.org\/{rel}","templated":true}]}}